{"id":73373,"date":"2021-06-16T12:36:14","date_gmt":"2021-06-16T12:36:14","guid":{"rendered":"https:\/\/compareplanodesaude.com.br\/unimed-rio\/?page_id=73373"},"modified":"2022-07-15T15:31:17","modified_gmt":"2022-07-15T15:31:17","slug":"contato","status":"publish","type":"page","link":"https:\/\/compareplanodesaude.com.br\/unimed-rio\/contato\/","title":{"rendered":"Contato Unimed Rio"},"content":{"rendered":"\t\t<div data-elementor-type=\"wp-page\" data-elementor-id=\"73373\" class=\"elementor elementor-73373\" data-elementor-post-type=\"page\">\n\t\t\t\t\t\t<section class=\"elementor-section elementor-top-section elementor-element elementor-element-719e006a elementor-section-boxed elementor-section-height-default elementor-section-height-default\" data-id=\"719e006a\" data-element_type=\"section\" data-settings=\"{&quot;background_background&quot;:&quot;classic&quot;}\">\n\t\t\t\t\t\t\t<div class=\"elementor-background-overlay\"><\/div>\n\t\t\t\t\t\t\t<div class=\"elementor-container elementor-column-gap-default\">\n\t\t\t\t\t<div class=\"elementor-column elementor-col-50 elementor-top-column elementor-element elementor-element-457ec29a\" data-id=\"457ec29a\" data-element_type=\"column\">\n\t\t\t<div class=\"elementor-widget-wrap elementor-element-populated\">\n\t\t\t\t\t\t<div class=\"elementor-element elementor-element-5be8e50e elementor-widget elementor-widget-heading\" data-id=\"5be8e50e\" data-element_type=\"widget\" data-widget_type=\"heading.default\">\n\t\t\t\t<div class=\"elementor-widget-container\">\n\t\t\t\t\t<h1 class=\"elementor-heading-title elementor-size-default\">Contato <\/h1>\t\t\t\t<\/div>\n\t\t\t\t<\/div>\n\t\t\t\t<div class=\"elementor-element elementor-element-3c125fd8 elementor-widget elementor-widget-text-editor\" data-id=\"3c125fd8\" data-element_type=\"widget\" data-widget_type=\"text-editor.default\">\n\t\t\t\t<div class=\"elementor-widget-container\">\n\t\t\t\t\t\t\t\t\t<p>Escolha o melhor canal de comunica\u00e7\u00e3o para que possamos iniciar a sua consultoria especializada.<\/p>\t\t\t\t\t\t\t\t<\/div>\n\t\t\t\t<\/div>\n\t\t\t\t<div class=\"elementor-element elementor-element-5dd41285 elementor-widget-divider--view-line elementor-widget elementor-widget-divider\" data-id=\"5dd41285\" data-element_type=\"widget\" data-widget_type=\"divider.default\">\n\t\t\t\t<div class=\"elementor-widget-container\">\n\t\t\t\t\t\t\t<div class=\"elementor-divider\">\n\t\t\t<span class=\"elementor-divider-separator\">\n\t\t\t\t\t\t<\/span>\n\t\t<\/div>\n\t\t\t\t\t\t<\/div>\n\t\t\t\t<\/div>\n\t\t\t\t<div class=\"elementor-element elementor-element-21916566 elementor-widget elementor-widget-text-editor\" data-id=\"21916566\" data-element_type=\"widget\" data-widget_type=\"text-editor.default\">\n\t\t\t\t<div class=\"elementor-widget-container\">\n\t\t\t\t\t\t\t\t\tFale com um de nossos consultores especializados\n\nTelefone:\n<p style=\"color: black\"><a style=\"color: black\" href=\"https:\/\/api.whatsapp.com\/send?phone=5511955913910&amp;text=Ol%C3%A1%2C%20gostaria%20de%20iniciar%20o%20atendimento%20para%20uma%20cota%C3%A7%C3%A3o%20de%20planos%20de%20sa%C3%BAde%20da%20Unimed%20Rio!\">(11) 3863-7900<\/a><\/p>\nWhatsApp\n<p style=\"color: black\"><a style=\"color: black\" href=\"https:\/\/api.whatsapp.com\/send?phone=5511955913910&amp;text=Ol%C3%A1%2C%20gostaria%20de%20iniciar%20o%20atendimento%20para%20uma%20cota%C3%A7%C3%A3o%20de%20planos%20de%20sa%C3%BAde%20da%20Unimed%20Rio!\">(11) 3863-7900<\/a><\/p>\nAtendimento 24 horas\t\t\t\t\t\t\t\t<\/div>\n\t\t\t\t<\/div>\n\t\t\t\t\t<\/div>\n\t\t<\/div>\n\t\t\t\t<div class=\"elementor-column elementor-col-50 elementor-top-column elementor-element elementor-element-4865ac14\" data-id=\"4865ac14\" data-element_type=\"column\">\n\t\t\t<div class=\"elementor-widget-wrap elementor-element-populated\">\n\t\t\t\t\t\t<div class=\"elementor-element elementor-element-54af4c3e desconto-form elementor-widget elementor-widget-wpforms\" data-id=\"54af4c3e\" data-element_type=\"widget\" data-widget_type=\"wpforms.default\">\n\t\t\t\t<div class=\"elementor-widget-container\">\n\t\t\t\t\t<div class=\"wpforms-container wpforms-container-full wpforms-form-abandonment\" id=\"wpforms-30191\"><form id=\"wpforms-form-30191\" class=\"wpforms-validate wpforms-form\" data-formid=\"30191\" method=\"post\" enctype=\"multipart\/form-data\" action=\"\/unimed-rio\/wp-json\/wp\/v2\/pages\/73373\" data-token=\"3e2f36dcf301200d93daa6383efb403b\" data-token-time=\"1778272974\"><noscript class=\"wpforms-error-noscript\">Ative o JavaScript no seu navegador para preencher este formul\u00e1rio.<\/noscript><div class=\"wpforms-field-container\"><div id=\"wpforms-30191-field_15-container\" class=\"wpforms-field wpforms-field-name placeholder-black\" data-field-id=\"15\"><label class=\"wpforms-field-label wpforms-label-hide\" for=\"wpforms-30191-field_15\">Nome <span class=\"wpforms-required-label\">*<\/span><\/label><input type=\"text\" id=\"wpforms-30191-field_15\" class=\"wpforms-field-large wpforms-field-required\" name=\"wpforms[fields][15]\" placeholder=\"Nome\" required><\/div><div id=\"wpforms-30191-field_19-container\" class=\"wpforms-field wpforms-field-email\" data-field-id=\"19\"><label class=\"wpforms-field-label wpforms-label-hide\" for=\"wpforms-30191-field_19\">e-mail <span class=\"wpforms-required-label\">*<\/span><\/label><input type=\"email\" id=\"wpforms-30191-field_19\" class=\"wpforms-field-large wpforms-field-required\" name=\"wpforms[fields][19]\" placeholder=\"e-mail\" spellcheck=\"false\" required><\/div><div id=\"wpforms-30191-field_25-container\" class=\"wpforms-field wpforms-field-text\" data-field-id=\"25\"><label class=\"wpforms-field-label wpforms-label-hide\" for=\"wpforms-30191-field_25\">Celular <span class=\"wpforms-required-label\">*<\/span><\/label><input type=\"text\" id=\"wpforms-30191-field_25\" class=\"wpforms-field-large wpforms-field-required wpforms-masked-input\" data-rule-inputmask-incomplete=\"1\" data-inputmask-mask=\"(99) 99999-9999\" name=\"wpforms[fields][25]\" placeholder=\"Celular\" required><\/div><div id=\"wpforms-30191-field_21-container\" class=\"wpforms-field wpforms-field-radio formsemcor wpforms-list-inline wpforms-conditional-trigger\" data-field-id=\"21\"><label class=\"wpforms-field-label wpforms-label-hide\">Tipo de cliente<\/label><ul id=\"wpforms-30191-field_21\" class=\"wpforms-image-choices wpforms-image-choices-modern\"><li class=\"choice-1 depth-1 wpforms-image-choices-item\"><label class=\"wpforms-field-label-inline\" for=\"wpforms-30191-field_21_1\" tabindex=\"0\"><span class=\"wpforms-image-choices-image\"><\/span><input type=\"radio\" id=\"wpforms-30191-field_21_1\" class=\"wpforms-screen-reader-element\" name=\"wpforms[fields][21]\" value=\"J\u00e1 sou cliente\" tabindex=\"-1\"  ><span class=\"wpforms-image-choices-label\">J\u00e1 sou cliente<\/span><\/label><\/li><li class=\"choice-2 depth-1 wpforms-image-choices-item\"><label class=\"wpforms-field-label-inline\" for=\"wpforms-30191-field_21_2\" tabindex=\"0\"><span class=\"wpforms-image-choices-image\"><\/span><input type=\"radio\" id=\"wpforms-30191-field_21_2\" class=\"wpforms-screen-reader-element\" name=\"wpforms[fields][21]\" value=\"N\u00e3o sou cliente\" tabindex=\"-1\"  ><span class=\"wpforms-image-choices-label\">N\u00e3o sou cliente<\/span><\/label><\/li><\/ul><\/div><div id=\"wpforms-30191-field_22-container\" class=\"wpforms-field wpforms-field-html wpforms-conditional-field wpforms-conditional-show\" data-field-id=\"22\" style=\"display:none;\"><div id=\"wpforms-30191-field_22\"><div class=\"et_pb_column et_pb_column_4_4 et_pb_column_2 et_pb_css_mix_blend_mode_passthrough et-last-child\">\r\n\t\t\t\t\t\t\t\r\n<div class=\"et_pb_module et_pb_accordion et_pb_accordion_0\">\r\n\t\t\t\t\t\t\t\r\n<div class=\"et_pb_toggle et_pb_module et_pb_accordion_item et_pb_accordion_item_0  et_pb_toggle_open\">\r\n\t\t\t\t\t\t\t\r\n<h5 class=\"et_pb_toggle_title\">Movimenta\u00e7\u00e3o Cadastral<\/h5>\r\n<div class=\"et_pb_toggle_content clearfix\">\r\n<p>Inclus\u00e3o e exclus\u00e3o de dependentes, altera\u00e7\u00e3o de dados, entre outros servi\u00e7os. <br \/>\r\n3004-1000 Capitais e regi\u00f5es metropolitanas.<br \/> \r\n0800-706-2363 Demais localidades.<\/p>\r\n<\/div> <!-- .et_pb_toggle_content -->\r\n<\/div> <!-- .et_pb_toggle --><div class=\"et_pb_toggle et_pb_module et_pb_accordion_item et_pb_accordion_item_1  et_pb_toggle_close\">\r\n\t\t\t\t\r\n<h5 class=\"et_pb_toggle_title\">Segunda Via de boleto<\/h5>\r\n<div class=\"et_pb_toggle_content clearfix\">\r\n<p>3004-1000 Capitais e regi\u00f5es metropolitanas. <br \/>\r\n0800-706-2363 Demais localidades.<\/p>\r\n<\/div> <!-- .et_pb_toggle_content -->\r\n<\/div> <!-- .et_pb_toggle --><div class=\"et_pb_toggle et_pb_module et_pb_accordion_item et_pb_accordion_item_2  et_pb_toggle_close\">\r\n\t\t\t\t\r\n<h5 class=\"et_pb_toggle_title\">Agendamento<\/h5>\r\n<div class=\"et_pb_toggle_content clearfix\">\r\n<p>3004-1000 Capitais e regi\u00f5es metropolitanas. <br \/>\r\n0800-706-2363 Demais localidades.<\/p>\r\n<\/div> <!-- .et_pb_toggle_content -->\r\n<\/div> <!-- .et_pb_toggle --><div class=\"et_pb_toggle et_pb_module et_pb_accordion_item et_pb_accordion_item_3  et_pb_toggle_close\">\r\n\t\t\t\t\r\n\t\t\t\t\r\n<h5 class=\"et_pb_toggle_title\">Outros<\/h5>\r\n<div class=\"et_pb_toggle_content clearfix\">\r\n<p>3004-1000 Capitais e regi\u00f5es metropolitanas. <br \/>\r\n0800-706-2363 Demais localidades.<\/p>\r\n<\/div> <!-- .et_pb_toggle_content -->\r\n<\/div> <!-- .et_pb_toggle -->\r\n<\/div> <!-- .et_pb_accordion -->\r\n<\/div><\/div><\/div><div id=\"wpforms-30191-field_23-container\" class=\"wpforms-field wpforms-field-html wpforms-conditional-field wpforms-conditional-show\" data-field-id=\"23\" style=\"display:none;\"><div id=\"wpforms-30191-field_23\"><div class=\"et_pb_column et_pb_column_4_4 et_pb_column_2 et_pb_css_mix_blend_mode_passthrough et-last-child\">\r\n\t\t\t\t\t\t\t\r\n<div class=\"et_pb_module et_pb_accordion et_pb_accordion_0\">\r\n\t\t\t\t\t\t\t\r\n<div class=\"et_pb_toggle et_pb_module et_pb_accordion_item et_pb_accordion_item_0  et_pb_toggle_open\">\r\n\t\t\t\t\t\t\t\r\n<h5 class=\"et_pb_toggle_title\">Cota\u00e7\u00e3o<\/h5>\r\n<div class=\"et_pb_toggle_content clearfix\">\r\n<p>Solicite uma cota\u00e7\u00e3o online e um de nossos consultores entrar\u00e1 em contato.<\/p>\r\n<\/div> <!-- .et_pb_toggle_content -->\r\n<\/div> <!-- .et_pb_toggle --><div class=\"et_pb_toggle et_pb_module et_pb_accordion_item et_pb_accordion_item_1  et_pb_toggle_close\">\r\n\t\t\t\t\r\n<h5 class=\"et_pb_toggle_title\">Carta de Perman\u00eancia<\/h5>\r\n<div class=\"et_pb_toggle_content clearfix\">\r\n<p>Para solicitar sua carta de perman\u00eancia entre em contato atrav\u00e9s dos n\u00fameros: <br \/>\r\n(11) 3863-7906<br \/>\r\n(11) 99466-9922<\/p>\r\n<\/div> <!-- .et_pb_toggle_content -->\r\n<\/div> <!-- .et_pb_toggle --><div class=\"et_pb_toggle et_pb_module et_pb_accordion_item et_pb_accordion_item_2  et_pb_toggle_close\">\r\n\t\t\t\t\r\n\t\t\t\t\r\n<h5 class=\"et_pb_toggle_title\">Outros<\/h5>\r\n<div class=\"et_pb_toggle_content clearfix\">\r\n<p>Para outras solicita\u00e7\u00f5es entre em contato: <br \/> \r\n(11) 3863-7906<br \/>\r\n(11) 99466-9922<\/p><\/div> <!-- .et_pb_toggle_content -->\r\n<\/div> <!-- .et_pb_toggle --><div class=\"et_pb_toggle et_pb_module et_pb_accordion_item et_pb_accordion_item_4  et_pb_toggle_close\">\r\n\t\t\t\t\r\n<\/div> <!-- .et_pb_toggle -->\r\n<\/div> <!-- .et_pb_accordion -->\r\n<\/div><\/div><\/div><div id=\"wpforms-30191-field_20-container\" class=\"wpforms-field wpforms-field-textarea\" data-field-id=\"20\"><label class=\"wpforms-field-label wpforms-label-hide\" for=\"wpforms-30191-field_20\">Mensagem<\/label><textarea id=\"wpforms-30191-field_20\" class=\"wpforms-field-medium\" name=\"wpforms[fields][20]\" placeholder=\"Digite aqui sua mensagem\" ><\/textarea><\/div><\/div><!-- .wpforms-field-container --><div class=\"wpforms-submit-container\" ><input type=\"hidden\" name=\"wpforms[id]\" value=\"30191\"><input type=\"hidden\" name=\"page_title\" value=\"\"><input type=\"hidden\" name=\"page_url\" value=\"https:\/\/compareplanodesaude.com.br\/unimed-rio\/wp-json\/wp\/v2\/pages\/73373\"><input type=\"hidden\" name=\"url_referer\" value=\"\"><button type=\"submit\" name=\"wpforms[submit]\" id=\"wpforms-submit-30191\" class=\"wpforms-submit\" data-alt-text=\"ENVIANDO\" data-submit-text=\"ENVIAR\" aria-live=\"assertive\" value=\"wpforms-submit\">ENVIAR<\/button><\/div><\/form><\/div>  <!-- .wpforms-container -->\t\t\t\t<\/div>\n\t\t\t\t<\/div>\n\t\t\t\t\t<\/div>\n\t\t<\/div>\n\t\t\t\t\t<\/div>\n\t\t<\/section>\n\t\t\t\t<\/div>\n\t\t","protected":false},"excerpt":{"rendered":"<p>Contato Escolha o melhor canal de comunica\u00e7\u00e3o para que possamos iniciar a sua consultoria especializada. Fale com um de nossos consultores especializados Telefone: (11) 3863-7900 WhatsApp (11) 3863-7900 Atendimento 24 horas<\/p>\n","protected":false},"author":1,"featured_media":0,"parent":0,"menu_order":0,"comment_status":"closed","ping_status":"closed","template":"","meta":{"footnotes":""},"tags":[],"class_list":["post-73373","page","type-page","status-publish","hentry"],"yoast_head":"<!-- This site is optimized with the Yoast SEO plugin v26.3 - https:\/\/yoast.com\/wordpress\/plugins\/seo\/ -->\n<title>Contato Unimed Rio - Unimed Rio<\/title>\n<meta name=\"description\" content=\"Entre em Contato com um atendente da Unimed Rio. Receba Desconto Fazendo uma Cota\u00e7\u00e3o Online na Unimed Rio.\" \/>\n<meta name=\"robots\" content=\"index, follow, max-snippet:-1, max-image-preview:large, max-video-preview:-1\" \/>\n<link rel=\"canonical\" href=\"https:\/\/compareplanodesaude.com.br\/unimed-rio\/contato\/\" \/>\n<meta property=\"og:locale\" content=\"pt_BR\" \/>\n<meta property=\"og:type\" content=\"article\" \/>\n<meta property=\"og:title\" content=\"Contato Unimed Rio - Unimed Rio\" \/>\n<meta property=\"og:description\" content=\"Entre em Contato com um atendente da Unimed Rio. Receba Desconto Fazendo uma Cota\u00e7\u00e3o Online na Unimed Rio.\" \/>\n<meta property=\"og:url\" content=\"https:\/\/compareplanodesaude.com.br\/unimed-rio\/contato\/\" \/>\n<meta property=\"og:site_name\" content=\"Unimed Rio\" \/>\n<meta property=\"article:modified_time\" content=\"2022-07-15T15:31:17+00:00\" \/>\n<meta name=\"twitter:card\" content=\"summary_large_image\" \/>\n<meta name=\"twitter:label1\" content=\"Est. tempo de leitura\" \/>\n\t<meta name=\"twitter:data1\" content=\"1 minuto\" \/>\n<script type=\"application\/ld+json\" class=\"yoast-schema-graph\">{\"@context\":\"https:\/\/schema.org\",\"@graph\":[{\"@type\":\"WebPage\",\"@id\":\"https:\/\/compareplanodesaude.com.br\/unimed-rio\/contato\/\",\"url\":\"https:\/\/compareplanodesaude.com.br\/unimed-rio\/contato\/\",\"name\":\"Contato Unimed Rio - Unimed Rio\",\"isPartOf\":{\"@id\":\"https:\/\/compareplanodesaude.com.br\/unimed-rio\/#website\"},\"datePublished\":\"2021-06-16T12:36:14+00:00\",\"dateModified\":\"2022-07-15T15:31:17+00:00\",\"description\":\"Entre em Contato com um atendente da Unimed Rio. Receba Desconto Fazendo uma Cota\u00e7\u00e3o Online na Unimed Rio.\",\"inLanguage\":\"pt-BR\",\"potentialAction\":[{\"@type\":\"ReadAction\",\"target\":[\"https:\/\/compareplanodesaude.com.br\/unimed-rio\/contato\/\"]}]},{\"@type\":\"WebSite\",\"@id\":\"https:\/\/compareplanodesaude.com.br\/unimed-rio\/#website\",\"url\":\"https:\/\/compareplanodesaude.com.br\/unimed-rio\/\",\"name\":\"Unimed Rio\",\"description\":\"\",\"potentialAction\":[{\"@type\":\"SearchAction\",\"target\":{\"@type\":\"EntryPoint\",\"urlTemplate\":\"https:\/\/compareplanodesaude.com.br\/unimed-rio\/?s={search_term_string}\"},\"query-input\":{\"@type\":\"PropertyValueSpecification\",\"valueRequired\":true,\"valueName\":\"search_term_string\"}}],\"inLanguage\":\"pt-BR\"}]}<\/script>\n<!-- \/ Yoast SEO plugin. -->","yoast_head_json":{"title":"Contato Unimed Rio - Unimed Rio","description":"Entre em Contato com um atendente da Unimed Rio. Receba Desconto Fazendo uma Cota\u00e7\u00e3o Online na Unimed Rio.","robots":{"index":"index","follow":"follow","max-snippet":"max-snippet:-1","max-image-preview":"max-image-preview:large","max-video-preview":"max-video-preview:-1"},"canonical":"https:\/\/compareplanodesaude.com.br\/unimed-rio\/contato\/","og_locale":"pt_BR","og_type":"article","og_title":"Contato Unimed Rio - Unimed Rio","og_description":"Entre em Contato com um atendente da Unimed Rio. Receba Desconto Fazendo uma Cota\u00e7\u00e3o Online na Unimed Rio.","og_url":"https:\/\/compareplanodesaude.com.br\/unimed-rio\/contato\/","og_site_name":"Unimed Rio","article_modified_time":"2022-07-15T15:31:17+00:00","twitter_card":"summary_large_image","twitter_misc":{"Est. tempo de leitura":"1 minuto"},"schema":{"@context":"https:\/\/schema.org","@graph":[{"@type":"WebPage","@id":"https:\/\/compareplanodesaude.com.br\/unimed-rio\/contato\/","url":"https:\/\/compareplanodesaude.com.br\/unimed-rio\/contato\/","name":"Contato Unimed Rio - Unimed Rio","isPartOf":{"@id":"https:\/\/compareplanodesaude.com.br\/unimed-rio\/#website"},"datePublished":"2021-06-16T12:36:14+00:00","dateModified":"2022-07-15T15:31:17+00:00","description":"Entre em Contato com um atendente da Unimed Rio. Receba Desconto Fazendo uma Cota\u00e7\u00e3o Online na Unimed Rio.","inLanguage":"pt-BR","potentialAction":[{"@type":"ReadAction","target":["https:\/\/compareplanodesaude.com.br\/unimed-rio\/contato\/"]}]},{"@type":"WebSite","@id":"https:\/\/compareplanodesaude.com.br\/unimed-rio\/#website","url":"https:\/\/compareplanodesaude.com.br\/unimed-rio\/","name":"Unimed Rio","description":"","potentialAction":[{"@type":"SearchAction","target":{"@type":"EntryPoint","urlTemplate":"https:\/\/compareplanodesaude.com.br\/unimed-rio\/?s={search_term_string}"},"query-input":{"@type":"PropertyValueSpecification","valueRequired":true,"valueName":"search_term_string"}}],"inLanguage":"pt-BR"}]}},"_links":{"self":[{"href":"https:\/\/compareplanodesaude.com.br\/unimed-rio\/wp-json\/wp\/v2\/pages\/73373","targetHints":{"allow":["GET"]}}],"collection":[{"href":"https:\/\/compareplanodesaude.com.br\/unimed-rio\/wp-json\/wp\/v2\/pages"}],"about":[{"href":"https:\/\/compareplanodesaude.com.br\/unimed-rio\/wp-json\/wp\/v2\/types\/page"}],"author":[{"embeddable":true,"href":"https:\/\/compareplanodesaude.com.br\/unimed-rio\/wp-json\/wp\/v2\/users\/1"}],"replies":[{"embeddable":true,"href":"https:\/\/compareplanodesaude.com.br\/unimed-rio\/wp-json\/wp\/v2\/comments?post=73373"}],"version-history":[{"count":0,"href":"https:\/\/compareplanodesaude.com.br\/unimed-rio\/wp-json\/wp\/v2\/pages\/73373\/revisions"}],"wp:attachment":[{"href":"https:\/\/compareplanodesaude.com.br\/unimed-rio\/wp-json\/wp\/v2\/media?parent=73373"}],"wp:term":[{"taxonomy":"post_tag","embeddable":true,"href":"https:\/\/compareplanodesaude.com.br\/unimed-rio\/wp-json\/wp\/v2\/tags?post=73373"}],"curies":[{"name":"wp","href":"https:\/\/api.w.org\/{rel}","templated":true}]}}