{"id":230685,"date":"2021-10-25T15:10:22","date_gmt":"2021-10-25T15:10:22","guid":{"rendered":"https:\/\/compareplanodesaude.com.br\/trasmontano\/?page_id=230685"},"modified":"2022-05-26T13:59:20","modified_gmt":"2022-05-26T13:59:20","slug":"trasmontano-medic-100","status":"publish","type":"page","link":"https:\/\/compareplanodesaude.com.br\/trasmontano\/trasmontano-medic-100\/","title":{"rendered":"Trasmontano Medic 100"},"content":{"rendered":"\t\t<div data-elementor-type=\"wp-page\" data-elementor-id=\"230685\" class=\"elementor elementor-230685\" data-elementor-post-type=\"page\">\n\t\t\t\t\t\t<section class=\"elementor-section elementor-top-section elementor-element elementor-element-409f1b49 elementor-section-boxed elementor-section-height-default elementor-section-height-default\" data-id=\"409f1b49\" data-element_type=\"section\">\n\t\t\t\t\t\t<div class=\"elementor-container elementor-column-gap-default\">\n\t\t\t\t\t<div class=\"elementor-column elementor-col-100 elementor-top-column elementor-element elementor-element-62dd4026\" data-id=\"62dd4026\" data-element_type=\"column\">\n\t\t\t<div class=\"elementor-widget-wrap elementor-element-populated\">\n\t\t\t\t\t\t<div class=\"elementor-element elementor-element-599355ab elementor-widget elementor-widget-text-editor\" data-id=\"599355ab\" data-element_type=\"widget\" data-widget_type=\"text-editor.default\">\n\t\t\t\t<div class=\"elementor-widget-container\">\n\t\t\t\t\t\t\t\t\t<h1><strong>Trasmontano Medic 100: A melhor cobertura regional da Baixada Santista<\/strong><\/h1><p style=\"font-weight: 400;\">Voc\u00ea \u00e9 morador da Baixada Santista e deseja contratar um plano de sa\u00fade? Ent\u00e3o voc\u00ea precisa conhecer o plano <b>Trasmontano Medic 100.\u00a0<\/b><\/p><p style=\"font-weight: 400;\">O seguro possui uma assist\u00eancia <b>Ambulatorial e Hospitalar com Obstetr\u00edcia.<\/b><span style=\"font-weight: 400;\"> Al\u00e9m disso, no final deste conte\u00fado voc\u00ea vai receber 4 passos para contratar um seguro de sa\u00fade com o melhor custo-benef\u00edcio<\/span><\/p><p style=\"font-weight: 400;\">Ficou interessado no plano? Entre em contato com a Compare at\u00e9 o final deste m\u00eas e garanta at\u00e9 30% de desconto na 1\u00b0 mensalidade.<\/p><h2><span style=\"font-weight: 400;\">Plano Trasmontano Medic 100<\/span><\/h2><p style=\"font-weight: 400;\">\u00c9 cada vez mais comum pessoas buscarem por uma assist\u00eancia m\u00e9dica de qualidade, e que esteja dispon\u00edvel sempre que necess\u00e1rio. Com o plano Trasmontano Medic 100, os clientes recebem um atendimento superior.<\/p><p style=\"font-weight: 400;\">Nele os benefici\u00e1rios ser\u00e3o atendidos pelos melhores profissionais da Baixada Santista, com um servi\u00e7o totalmente focado na satisfa\u00e7\u00e3o e sa\u00fade dos clientes.<\/p><p style=\"font-weight: 400;\">No Trasmontano Medic 100, nas modalidades individuais e familiares, s\u00e3o oferecidos dois tipos de acomoda\u00e7\u00f5es para os pacientes: <b>enfermaria ou apartamento<\/b><span style=\"font-weight: 400;\">.<\/span><\/p><p style=\"font-weight: 400;\">Em <a style=\"color: blue;\" href=\"https:\/\/compareplanodesaude.com.br\/pergunte-ao-corretor-acomodacoes\" target=\"_blank\" rel=\"noopener\"><span style=\"font-weight: 400;\">acomoda\u00e7\u00f5es tipo enfermaria<\/span><\/a><span style=\"font-weight: 400;\">, os benefici\u00e1rios dever\u00e3o dividir o quarto com outros pacientes, al\u00e9m de serem permitidos acompanhantes apenas para menores de 18 anos ou idosos.<\/span><\/p><p style=\"font-weight: 400;\">J\u00e1 nas <a style=\"color: blue;\" href=\"https:\/\/compareplanodesaude.com.br\/pergunte-ao-corretor-acomodacoes\" target=\"_blank\" rel=\"noopener\"><span style=\"font-weight: 400;\">acomoda\u00e7\u00f5es tipo apartamento<\/span><\/a><span style=\"font-weight: 400;\">, o cliente estar\u00e1 sozinho, em uma ambiente com total privacidade, al\u00e9m de ter acesso a uma pol\u00edtica de acompanhantes mais flexibilizada.<\/span><\/p><h3><span style=\"font-weight: 400;\">Cobertura do plano<\/span><\/h3><p style=\"font-weight: 400;\">Com uma segmenta\u00e7\u00e3o ambulatorial e hospitalar, o plano cobre casos de emerg\u00eancia, consultas m\u00e9dicas, exames simples e especiais, processos ambulatoriais, interna\u00e7\u00f5es, procedimentos especiais e partos.<\/p><p style=\"font-weight: 400;\">Mas voc\u00ea deve ficar atento aos prazos de car\u00eancia para cada procedimento! Para entender o que \u00e9 car\u00eancia e como ela \u00e9 aplicado no plano Trasmontano Medic 100, continue acompanhando esse conte\u00fado!<\/p><h2><span style=\"font-weight: 400;\">Pre\u00e7os do plano Trasmontano Medic 100<\/span><\/h2><p style=\"font-weight: 400;\">Os valores de um plano de sa\u00fade dependem do que o conv\u00eanio oferece, da sua cobertura, tipo de acomoda\u00e7\u00e3o, diferenciais oferecidos e da rede credenciada.<\/p><p style=\"font-weight: 400;\">Dito isto, o Trasmontano Medic 100 possui valores<b> a partir de 169,51<\/b><span style=\"font-weight: 400;\">, em uma modalidade familiar, sem coparticipa\u00e7\u00e3o e com acomoda\u00e7\u00e3o em enfermaria.<\/span><\/p><p style=\"font-weight: 400;\">O Trasmontano Medic 100 n\u00e3o oferece op\u00e7\u00f5es de <a style=\"color: blue;\" href=\"https:\/\/compareplanodesaude.com.br\/plano-de-saude-coparticipacao\/\" target=\"_blank\" rel=\"noopener\"><span style=\"font-weight: 400;\">contrato com coparticipa\u00e7\u00e3o<\/span><\/a><span style=\"font-weight: 400;\">, mas oferece valores acess\u00edveis para contrata\u00e7\u00e3o e uma ampla cobertura regional.\u00a0<\/span><\/p><p style=\"font-weight: 400;\">Se est\u00e1 em busca de um plano com coparticipa\u00e7\u00e3o, voc\u00ea pode conversar com um dos nossos consultores e receber uma orienta\u00e7\u00e3o especializada.<\/p><h2><span style=\"font-weight: 400;\">Hospitais e Laborat\u00f3rios que atendem os clientes do plano<\/span><\/h2><p style=\"font-weight: 400;\">O Trasmontano Medic 100 conta com hospitais de uma excelente <a style=\"color: blue;\" href=\"https:\/\/compareplanodesaude.com.br\/compare-saude-rede-credenciada-trasmontano\/\" target=\"_blank\" rel=\"noopener\"><span style=\"font-weight: 400;\">rede credenciada<\/span><\/a><span style=\"font-weight: 400;\"> e tamb\u00e9m com <\/span><b>centros m\u00e9dicos de sua rede pr\u00f3pria<\/b><span style=\"font-weight: 400;\">, com unidades na Praia Grande, Santos e S\u00e3o Vicente.\u00a0<\/span><\/p><p style=\"font-weight: 400;\">O seguro tamb\u00e9m atende:<\/p><ul><li style=\"font-weight: 400;\" aria-level=\"1\"><span style=\"font-weight: 400;\">Hospital Guaruj\u00e1;<\/span><\/li><li style=\"font-weight: 400;\" aria-level=\"1\"><span style=\"font-weight: 400;\">Pronto Atendimento IGESP;<\/span><\/li><li style=\"font-weight: 400;\" aria-level=\"1\"><span style=\"font-weight: 400;\">Hospital Frei Galv\u00e3o Grupo GNDI;<\/span><\/li><li style=\"font-weight: 400;\" aria-level=\"1\"><span style=\"font-weight: 400;\">Hospital Infantil Gonzaga;<\/span><\/li><li style=\"font-weight: 400;\" aria-level=\"1\"><span style=\"font-weight: 400;\">Santa Casa de S\u00e3o Vicente.<\/span><\/li><\/ul><p style=\"font-weight: 400;\">A Trasmontano Medic 100 n\u00e3o fica para tr\u00e1s na qualidade dos laborat\u00f3rios parceiros, que incluem:<\/p><ul><li style=\"font-weight: 400;\" aria-level=\"1\"><span style=\"font-weight: 400;\">Centro de Refer\u00eancia M\u00e9dica;<\/span><\/li><li style=\"font-weight: 400;\" aria-level=\"1\"><span style=\"font-weight: 400;\">Cl\u00ednica Mult Imagem Diagn\u00f3stico;<\/span><\/li><li style=\"font-weight: 400;\" aria-level=\"1\"><span style=\"font-weight: 400;\">Laborat\u00f3rio de An\u00e1lise Cl\u00ednica Gonzaga, entre outros. <\/span><\/li><\/ul><h2><span style=\"font-weight: 400;\">Diferenciais do seguro da sa\u00fade Trasmontano Medic 100<\/span><\/h2><p style=\"font-weight: 400;\">Os clientes Trasmontano Medic 100 recebem benef\u00edcios exclusivos, o que amplia ainda mais a qualidade de servi\u00e7o oferecido pela operadora e a rela\u00e7\u00e3o custo-benef\u00edcio do plano.<\/p><h3><span style=\"font-weight: 400;\">Medicamentos: descontos exclusivos<\/span><\/h3><p style=\"font-weight: 400;\">Sendo um benefici\u00e1rio da Trasmontano Medic 100, voc\u00ea ter\u00e1 acesso a ofertas exclusivas, com <b>descontos de at\u00e9 70% em Drogarias da Baixada Santista<\/b><span style=\"font-weight: 400;\">.<\/span><\/p><h3><span style=\"font-weight: 400;\">Acupuntura: t\u00e9cnica alternativa para dor<\/span><\/h3><p style=\"font-weight: 400;\">Clientes Trasmontano Medic 100 t\u00eam direito a sess\u00f5es ilimitadas de acupuntura, um m\u00e9todo de agulhamento em diversos pontos do corpo com o objetivo de aliviar alguns problemas f\u00edsicos.<\/p><p style=\"font-weight: 400;\">A t\u00e9cnica ajuda no al\u00edvio de dores, desconfortos f\u00edsicos e at\u00e9 de quest\u00f5es emocionais, garantindo ao cliente um sentimento de bem-estar total.<\/p><h3><span style=\"font-weight: 400;\">Orienta\u00e7\u00e3o m\u00e9dica por telefone (OMT): atendimento para emerg\u00eancias<\/span><\/h3><p style=\"font-weight: 400;\">Profissionais ficam dispon\u00edveis 24 horas por dia via telefone, para que os benefici\u00e1rios da Trasmontano Medic 100 recebam orienta\u00e7\u00f5es m\u00e9dicas e, se necess\u00e1rio, acionem o servi\u00e7o de remo\u00e7\u00e3o de pacientes at\u00e9 um hospital.<\/p><h3><span style=\"font-weight: 400;\">Central de atendimento 24 horas: tire d\u00favidas a qualquer momento<\/span><\/h3><p style=\"font-weight: 400;\">Com a central de atendimento da Trasmontano Medic 100, o cliente poder\u00e1 tirar d\u00favidas sobre qualquer detalhe relacionado ao funcionamento do seu plano.<\/p><p style=\"font-weight: 400;\">Informa\u00e7\u00f5es sobre os hospitais e laborat\u00f3rios credenciados, cobertura, al\u00e9m de poder agendar consultas e exames, tudo de forma r\u00e1pida e do lugar que estiver.<\/p><h2><span style=\"font-weight: 400;\">Car\u00eancias do plano Trasmontano Medic 100<\/span><\/h2><p style=\"font-weight: 400;\">Caso voc\u00ea n\u00e3o saiba, as <b>car\u00eancias nos planos de sa\u00fade<\/b><span style=\"font-weight: 400;\"> s\u00e3o relativas ao tempo que os benefici\u00e1rios precisam aguardar para come\u00e7ar a utilizar o plano. As car\u00eancias para o Trasmontano Medic 100 s\u00e3o:<\/span><\/p><ul><li style=\"font-weight: 400;\" aria-level=\"1\"><span style=\"font-weight: 400;\">Urg\u00eancia e emerg\u00eancia &#8211; <\/span><b>24 horas<\/b><\/li><li style=\"font-weight: 400;\" aria-level=\"1\"><span style=\"font-weight: 400;\">Consultas m\u00e9dicas e exames simples &#8211; <\/span><b>180 dias<\/b><\/li><li style=\"font-weight: 400;\" aria-level=\"1\"><span style=\"font-weight: 400;\">Exames especiais I &#8211; <\/span><b>180 dias<\/b><\/li><li style=\"font-weight: 400;\" aria-level=\"1\"><span style=\"font-weight: 400;\">Exames especiais II \/ Terapias &#8211; <\/span><b>180 dias<\/b><\/li><li style=\"font-weight: 400;\" aria-level=\"1\"><span style=\"font-weight: 400;\">Procedimentos ambulatoriais &#8211; <\/span><b>180 dias<\/b><\/li><li style=\"font-weight: 400;\" aria-level=\"1\"><span style=\"font-weight: 400;\">Interna\u00e7\u00f5es e procedimentos especiais &#8211; <\/span><b>180 dias<\/b><\/li><li style=\"font-weight: 400;\" aria-level=\"1\"><span style=\"font-weight: 400;\">Parto a termo, normal ou cir\u00fargico &#8211; <\/span><b>300 dias<\/b><\/li><li style=\"font-weight: 400;\" aria-level=\"1\"><span style=\"font-weight: 400;\">Doen\u00e7as ou les\u00f5es preexistentes &#8211; <\/span><b>720 dias<\/b><\/li><\/ul><p style=\"font-weight: 400;\">Os novos benefici\u00e1rios da Trasmontano Medic 100 possuem car\u00eancias contratuais. Para obter a redu\u00e7\u00e3o dessas car\u00eancias, \u00e9 necess\u00e1rio ter sido cliente por pelo menos 6 meses de outro plano com registro na <a style=\"color: blue;\" href=\"https:\/\/www.gov.br\/ans\/pt-br\" target=\"_blank\" rel=\"noopener\"><span style=\"font-weight: 400;\">ANS<\/span><\/a><span style=\"font-weight: 400;\">.<\/span><\/p><h2><span style=\"font-weight: 400;\">Documentos necess\u00e1rios para a contrata\u00e7\u00e3o<\/span><\/h2><p style=\"font-weight: 400;\">\u00c9 morador da Baixada Santista e ficou interessado no plano Trasmontano Medic 100? Para contrat\u00e1-lo s\u00e3o necess\u00e1rios:<\/p><ul><li style=\"font-weight: 400;\" aria-level=\"1\"><span style=\"font-weight: 400;\">C\u00f3pia do RG e CPF;<\/span><\/li><li style=\"font-weight: 400;\" aria-level=\"1\"><span style=\"font-weight: 400;\">Comprovante de resid\u00eancia que n\u00e3o ultrapasse 90 dias de emiss\u00e3o.<\/span><\/li><\/ul><h2><span style=\"font-weight: 400;\">A Trasmontano \u00e9 uma operadora boa?<\/span><\/h2><p style=\"font-weight: 400;\">Antes de adquirir qualquer produto ou servi\u00e7o \u00e9 necess\u00e1rio conhecer a reputa\u00e7\u00e3o e o hist\u00f3rico da empresa.<\/p><p style=\"font-weight: 400;\">Entendendo isso, a Compare separou para voc\u00ea a avalia\u00e7\u00e3o da Trasmontano no <a style=\"color: blue;\" href=\"https:\/\/www.reclameaqui.com.br\/\" target=\"_blank\" rel=\"noopener\"><span style=\"font-weight: 400;\">Reclame Aqui<\/span><\/a><span style=\"font-weight: 400;\">, uma plataforma que mede a efici\u00eancia de empresas baseando-se na opini\u00e3o de quem mais importa: o p\u00fablico.<\/span><\/p><p style=\"font-weight: 400;\">Segundo o site, a <b>Trasmontano possui uma nota de 9.1<\/b><span style=\"font-weight: 400;\">, uma avalia\u00e7\u00e3o excelente e acima da m\u00e9dia para as operadoras de sa\u00fade.<\/span><\/p><p style=\"font-weight: 400;\">98,2% das reclama\u00e7\u00f5es foram respondidas, comprovando a preocupa\u00e7\u00e3o da empresa em resolver da melhor forma os problemas dos seus clientes<\/p><h2><span style=\"font-weight: 400;\">Quem \u00e9 a Trasmontano?<\/span><\/h2><p style=\"font-weight: 400;\">A <a style=\"color: blue;\" href=\"http:\/\/compareplanodesaude.com.br\/trasmontano\" target=\"_blank\" rel=\"noopener\"><span style=\"font-weight: 400;\">Trasmontano<\/span><\/a><span style=\"font-weight: 400;\"> \u00e9 uma das melhores operadoras de seguros de sa\u00fade de S\u00e3o Paulo. Seus clientes s\u00e3o atendidos de forma exemplar por profissionais qualificados, parte tanto de sua rede pr\u00f3pria, quanto da credenciada.<\/span><\/p><p style=\"font-weight: 400;\">Atualmente, contam com 11 centros m\u00e9dicos em S\u00e3o Paulo, espalhados por todo o territ\u00f3rio do estado, al\u00e9m do Hospital IGESP, localizado na Avenida Paulista.<\/p><p style=\"font-weight: 400;\">E a empresa n\u00e3o para! Eles est\u00e3o planejando a constru\u00e7\u00e3o de mais um hospital, dessa vez localizado na Baixada Santista, onde j\u00e1 possuem uma cobertura ampla de centros m\u00e9dicos e laborat\u00f3rios.<\/p><h2><span style=\"font-weight: 400;\">Como contratar o plano da Trasmontano?<\/span><\/h2><p style=\"font-weight: 400;\">Quer ser um benefici\u00e1rio da Trasmontano Medic 100 ou at\u00e9 mesmo contratar o plano para os seus familiares?<\/p><p style=\"font-weight: 400;\">Ent\u00e3o <a style=\"color: blue;\" href=\"https:\/\/compareplanodesaude.com.br\/cotacao-online\/\" target=\"_blank\" rel=\"noopener\"><span style=\"font-weight: 400;\">solicite agora mesmo uma cota\u00e7\u00e3o com a\u00a0 Compare<\/span><\/a><span style=\"font-weight: 400;\"> e contrate at\u00e9 o final deste m\u00eas para receber at\u00e9 30% na 1\u00aa mensalidade do seu conv\u00eanio m\u00e9dico.<\/span><\/p><p style=\"font-weight: 400;\">A Compare oferece h\u00e1 mais de 10 anos solu\u00e7\u00f5es em sa\u00fade com planos completos e com valores que cabem no seu bolso. <a style=\"color: blue;\" href=\"https:\/\/compareplanodesaude.com.br\/compare-seguros-beneficios\/\" target=\"_blank\" rel=\"noopener\"><span style=\"font-weight: 400;\">Aproveite e conhe\u00e7a todos os benef\u00edcios da corretora.\u00a0<\/span><\/a><\/p><h2><span style=\"font-weight: 400;\">4 passos para contratar um plano com o melhor custo-benef\u00edcio<\/span><\/h2><p style=\"font-weight: 400;\">Nada melhor do que contratar um servi\u00e7o de qualidade por um pre\u00e7o justo, n\u00e3o \u00e9? Se \u00e9 o que voc\u00ea procura, fique ligado nos passos abaixo de como contratar um plano com o melhor custo-benef\u00edcio.<\/p><p><b>1. Entenda as suas necessidades<\/b><\/p><p style=\"font-weight: 400;\">O primeiro passo para contratar qualquer plano \u00e9 entender o que voc\u00ea precisa. Somente assim, voc\u00ea poder\u00e1 encontrar um plano direcionado para atender \u00e0s suas necessidades espec\u00edficas.<\/p><p style=\"font-weight: 400;\">Qual modalidade \u00e9 a melhor para mim? quantas pessoas estar\u00e3o inclusas? qual o melhor tipo de acomoda\u00e7\u00e3o? Essas s\u00e3o algumas das perguntas que voc\u00ea deve fazer a si mesmo antes de contratar um seguro de sa\u00fade.<\/p><p><b>2. Procure por planos que atendam seus requisitos<\/b><\/p><p style=\"font-weight: 400;\">Agora que voc\u00ea sabe o que precisa, v\u00e1 atr\u00e1s de op\u00e7\u00f5es que englobam todas as suas necessidades. Um plano n\u00e3o vai valer a pena se n\u00e3o te ajudar na resolu\u00e7\u00e3o de seus problemas mais recorrentes.<\/p><p><b>3. Olhe para al\u00e9m do b\u00e1sico<\/b><\/p><p style=\"font-weight: 400;\">Legal, voc\u00ea j\u00e1 tem op\u00e7\u00f5es que te ajudar\u00e3o a suprir os seus maiores problemas. Agora voc\u00ea deve olhar para os diferenciais que cada uma das operadoras vai te proporcionar.<\/p><p style=\"font-weight: 400;\">Descontos exclusivos, servi\u00e7os de suporte virtual e atendimento psicol\u00f3gico s\u00e3o algumas das vantagens oferecidas por diferentes operadoras. Procure as melhores op\u00e7\u00f5es para voc\u00ea.<\/p><p><b>4. Coloque tudo na balan\u00e7a<\/b><\/p><p style=\"font-weight: 400;\">Com as op\u00e7\u00f5es reduzidas, est\u00e1 na hora de olhar para os pre\u00e7os de cada um dos planos e procurar pelo mais justo. Lembrando que um plano com bom custo-benef\u00edcio, n\u00e3o significa um plano barato.<\/p><p style=\"font-weight: 400;\">O custo-benef\u00edcio \u00e9 a rela\u00e7\u00e3o entre valor cobrado e a qualidade do servi\u00e7o oferecido, sendo assim, o importante \u00e9 que o pre\u00e7o do plano seja vantajoso em rela\u00e7\u00e3o a tudo que \u00e9 oferecido pela operadora.<\/p><p style=\"font-weight: 400;\">Ainda est\u00e1 perdido com o processo? <a style=\"color: blue;\" href=\"https:\/\/compareplanodesaude.com.br\/contato\/\" target=\"_blank\" rel=\"noopener\"><span style=\"font-weight: 400;\">Converse com um dos especialistas da Compare!<\/span><\/a><span style=\"font-weight: 400;\"> Eles te ajudaram a encontrar o melhor plano para voc\u00ea.<\/span><\/p><p><b>Compare, contrate e economize!<\/b><\/p>\t\t\t\t\t\t\t\t<\/div>\n\t\t\t\t<\/div>\n\t\t\t\t\t<\/div>\n\t\t<\/div>\n\t\t\t\t\t<\/div>\n\t\t<\/section>\n\t\t\t\t<\/div>\n\t\t","protected":false},"excerpt":{"rendered":"<p>Trasmontano Medic 100: A melhor cobertura regional da Baixada Santista Voc\u00ea \u00e9 morador da Baixada Santista e deseja contratar um plano de sa\u00fade? Ent\u00e3o voc\u00ea precisa conhecer o plano Trasmontano Medic 100.&nbsp; O seguro possui uma assist\u00eancia Ambulatorial e Hospitalar com Obstetr\u00edcia. Al\u00e9m disso, no final deste conte\u00fado voc\u00ea vai receber 4 passos para contratar [&hellip;]<\/p>\n","protected":false},"author":1,"featured_media":0,"parent":0,"menu_order":0,"comment_status":"closed","ping_status":"closed","template":"","meta":{"footnotes":""},"tags":[],"class_list":["post-230685","page","type-page","status-publish","hentry"],"yoast_head":"<!-- This site is optimized with the Yoast SEO plugin v26.3 - https:\/\/yoast.com\/wordpress\/plugins\/seo\/ -->\n<title>Trasmontano Medic 100<\/title>\n<meta name=\"description\" content=\"Conhe\u00e7a o Plano Medic 100 da Trasmontano e Seus Valores Com Descontos de At\u00e9 30% no 1\u00b0 M\u00eas. Venha Fazer uma Cota\u00e7\u00e3o Online com a Trasmontano.\" \/>\n<meta name=\"robots\" content=\"index, follow, max-snippet:-1, max-image-preview:large, max-video-preview:-1\" \/>\n<link rel=\"canonical\" href=\"https:\/\/compareplanodesaude.com.br\/trasmontano\/trasmontano-medic-100\/\" \/>\n<meta property=\"og:locale\" content=\"pt_BR\" \/>\n<meta property=\"og:type\" content=\"article\" \/>\n<meta property=\"og:title\" content=\"Trasmontano Medic 100\" \/>\n<meta property=\"og:description\" content=\"Conhe\u00e7a o Plano Medic 100 da Trasmontano e Seus Valores Com Descontos de At\u00e9 30% no 1\u00b0 M\u00eas. Venha Fazer uma Cota\u00e7\u00e3o Online com a Trasmontano.\" \/>\n<meta property=\"og:url\" content=\"https:\/\/compareplanodesaude.com.br\/trasmontano\/trasmontano-medic-100\/\" \/>\n<meta property=\"og:site_name\" content=\"Trasmontano - Planos de Sa\u00fade com at\u00e9 30% de desconto\" \/>\n<meta property=\"article:modified_time\" content=\"2022-05-26T13:59:20+00:00\" \/>\n<meta name=\"twitter:card\" content=\"summary_large_image\" \/>\n<meta name=\"twitter:label1\" content=\"Est. tempo de leitura\" \/>\n\t<meta name=\"twitter:data1\" content=\"8 minutos\" \/>\n<script type=\"application\/ld+json\" class=\"yoast-schema-graph\">{\"@context\":\"https:\/\/schema.org\",\"@graph\":[{\"@type\":\"WebPage\",\"@id\":\"https:\/\/compareplanodesaude.com.br\/trasmontano\/trasmontano-medic-100\/\",\"url\":\"https:\/\/compareplanodesaude.com.br\/trasmontano\/trasmontano-medic-100\/\",\"name\":\"Trasmontano Medic 100\",\"isPartOf\":{\"@id\":\"https:\/\/compareplanodesaude.com.br\/trasmontano\/#website\"},\"datePublished\":\"2021-10-25T15:10:22+00:00\",\"dateModified\":\"2022-05-26T13:59:20+00:00\",\"description\":\"Conhe\u00e7a o Plano Medic 100 da Trasmontano e Seus Valores Com Descontos de At\u00e9 30% no 1\u00b0 M\u00eas. Venha Fazer uma Cota\u00e7\u00e3o Online com a Trasmontano.\",\"inLanguage\":\"pt-BR\",\"potentialAction\":[{\"@type\":\"ReadAction\",\"target\":[\"https:\/\/compareplanodesaude.com.br\/trasmontano\/trasmontano-medic-100\/\"]}]},{\"@type\":\"WebSite\",\"@id\":\"https:\/\/compareplanodesaude.com.br\/trasmontano\/#website\",\"url\":\"https:\/\/compareplanodesaude.com.br\/trasmontano\/\",\"name\":\"Trasmontano - Planos de Sa\u00fade com at\u00e9 30% de desconto\",\"description\":\"Trasmontano\",\"potentialAction\":[{\"@type\":\"SearchAction\",\"target\":{\"@type\":\"EntryPoint\",\"urlTemplate\":\"https:\/\/compareplanodesaude.com.br\/trasmontano\/?s={search_term_string}\"},\"query-input\":{\"@type\":\"PropertyValueSpecification\",\"valueRequired\":true,\"valueName\":\"search_term_string\"}}],\"inLanguage\":\"pt-BR\"}]}<\/script>\n<!-- \/ Yoast SEO plugin. -->","yoast_head_json":{"title":"Trasmontano Medic 100","description":"Conhe\u00e7a o Plano Medic 100 da Trasmontano e Seus Valores Com Descontos de At\u00e9 30% no 1\u00b0 M\u00eas. Venha Fazer uma Cota\u00e7\u00e3o Online com a Trasmontano.","robots":{"index":"index","follow":"follow","max-snippet":"max-snippet:-1","max-image-preview":"max-image-preview:large","max-video-preview":"max-video-preview:-1"},"canonical":"https:\/\/compareplanodesaude.com.br\/trasmontano\/trasmontano-medic-100\/","og_locale":"pt_BR","og_type":"article","og_title":"Trasmontano Medic 100","og_description":"Conhe\u00e7a o Plano Medic 100 da Trasmontano e Seus Valores Com Descontos de At\u00e9 30% no 1\u00b0 M\u00eas. Venha Fazer uma Cota\u00e7\u00e3o Online com a Trasmontano.","og_url":"https:\/\/compareplanodesaude.com.br\/trasmontano\/trasmontano-medic-100\/","og_site_name":"Trasmontano - Planos de Sa\u00fade com at\u00e9 30% de desconto","article_modified_time":"2022-05-26T13:59:20+00:00","twitter_card":"summary_large_image","twitter_misc":{"Est. tempo de leitura":"8 minutos"},"schema":{"@context":"https:\/\/schema.org","@graph":[{"@type":"WebPage","@id":"https:\/\/compareplanodesaude.com.br\/trasmontano\/trasmontano-medic-100\/","url":"https:\/\/compareplanodesaude.com.br\/trasmontano\/trasmontano-medic-100\/","name":"Trasmontano Medic 100","isPartOf":{"@id":"https:\/\/compareplanodesaude.com.br\/trasmontano\/#website"},"datePublished":"2021-10-25T15:10:22+00:00","dateModified":"2022-05-26T13:59:20+00:00","description":"Conhe\u00e7a o Plano Medic 100 da Trasmontano e Seus Valores Com Descontos de At\u00e9 30% no 1\u00b0 M\u00eas. Venha Fazer uma Cota\u00e7\u00e3o Online com a Trasmontano.","inLanguage":"pt-BR","potentialAction":[{"@type":"ReadAction","target":["https:\/\/compareplanodesaude.com.br\/trasmontano\/trasmontano-medic-100\/"]}]},{"@type":"WebSite","@id":"https:\/\/compareplanodesaude.com.br\/trasmontano\/#website","url":"https:\/\/compareplanodesaude.com.br\/trasmontano\/","name":"Trasmontano - Planos de Sa\u00fade com at\u00e9 30% de desconto","description":"Trasmontano","potentialAction":[{"@type":"SearchAction","target":{"@type":"EntryPoint","urlTemplate":"https:\/\/compareplanodesaude.com.br\/trasmontano\/?s={search_term_string}"},"query-input":{"@type":"PropertyValueSpecification","valueRequired":true,"valueName":"search_term_string"}}],"inLanguage":"pt-BR"}]}},"_links":{"self":[{"href":"https:\/\/compareplanodesaude.com.br\/trasmontano\/wp-json\/wp\/v2\/pages\/230685","targetHints":{"allow":["GET"]}}],"collection":[{"href":"https:\/\/compareplanodesaude.com.br\/trasmontano\/wp-json\/wp\/v2\/pages"}],"about":[{"href":"https:\/\/compareplanodesaude.com.br\/trasmontano\/wp-json\/wp\/v2\/types\/page"}],"author":[{"embeddable":true,"href":"https:\/\/compareplanodesaude.com.br\/trasmontano\/wp-json\/wp\/v2\/users\/1"}],"replies":[{"embeddable":true,"href":"https:\/\/compareplanodesaude.com.br\/trasmontano\/wp-json\/wp\/v2\/comments?post=230685"}],"version-history":[{"count":0,"href":"https:\/\/compareplanodesaude.com.br\/trasmontano\/wp-json\/wp\/v2\/pages\/230685\/revisions"}],"wp:attachment":[{"href":"https:\/\/compareplanodesaude.com.br\/trasmontano\/wp-json\/wp\/v2\/media?parent=230685"}],"wp:term":[{"taxonomy":"post_tag","embeddable":true,"href":"https:\/\/compareplanodesaude.com.br\/trasmontano\/wp-json\/wp\/v2\/tags?post=230685"}],"curies":[{"name":"wp","href":"https:\/\/api.w.org\/{rel}","templated":true}]}}