{"id":31785,"date":"2017-06-19T14:45:42","date_gmt":"2017-06-19T17:45:42","guid":{"rendered":"https:\/\/saocristovaoonline.com.br\/?page_id=31785"},"modified":"2022-01-04T15:15:16","modified_gmt":"2022-01-04T15:15:16","slug":"site-blindado","status":"publish","type":"page","link":"https:\/\/compareplanodesaude.com.br\/sulamerica-odonto\/site-blindado\/","title":{"rendered":"Site Blindado"},"content":{"rendered":"\t\t<div data-elementor-type=\"wp-page\" data-elementor-id=\"31785\" class=\"elementor elementor-31785\" data-elementor-post-type=\"page\">\n\t\t\t\t\t\t<section class=\"elementor-section elementor-top-section elementor-element elementor-element-373a5be7 elementor-section-height-min-height elementor-section-items-top elementor-section-boxed elementor-section-height-default\" data-id=\"373a5be7\" data-element_type=\"section\">\n\t\t\t\t\t\t<div class=\"elementor-container elementor-column-gap-default\">\n\t\t\t\t\t<div class=\"elementor-column elementor-col-66 elementor-top-column elementor-element elementor-element-10809087\" data-id=\"10809087\" data-element_type=\"column\">\n\t\t\t<div class=\"elementor-widget-wrap elementor-element-populated\">\n\t\t\t\t\t\t<div class=\"elementor-element elementor-element-3cdbf57c elementor-widget elementor-widget-heading\" data-id=\"3cdbf57c\" data-element_type=\"widget\" data-widget_type=\"heading.default\">\n\t\t\t\t<div class=\"elementor-widget-container\">\n\t\t\t\t\t<h1 class=\"elementor-heading-title elementor-size-default\">Site Blindado SulAm\u00e9rica Odonto Sa\u00fade<\/h1>\t\t\t\t<\/div>\n\t\t\t\t<\/div>\n\t\t\t\t<div class=\"elementor-element elementor-element-a3f210f elementor-widget elementor-widget-text-editor\" data-id=\"a3f210f\" data-element_type=\"widget\" data-widget_type=\"text-editor.default\">\n\t\t\t\t<div class=\"elementor-widget-container\">\n\t\t\t\t\t\t\t\t\t<p>100% Seguro<\/p>\t\t\t\t\t\t\t\t<\/div>\n\t\t\t\t<\/div>\n\t\t\t\t<div class=\"elementor-element elementor-element-f566abb elementor-widget elementor-widget-text-editor\" data-id=\"f566abb\" data-element_type=\"widget\" data-widget_type=\"text-editor.default\">\n\t\t\t\t<div class=\"elementor-widget-container\">\n\t\t\t\t\t\t\t\t\t<p>Nosso site conta com certificados de seguran\u00e7a exclusivos e com a maior nota de qualidade analisada pela Qualys Labs:\u00a0<strong>A+<\/strong>. Nossa conex\u00e3o \u00e9 completamente criptografada entre o nosso servidor e o usu\u00e1rio, possuindo certificados emitidos pela Linux Foundation.<\/p><p><strong>Fique tranquilo nosso site \u00e9 100% seguro.<\/strong><\/p>\t\t\t\t\t\t\t\t<\/div>\n\t\t\t\t<\/div>\n\t\t\t\t\t<\/div>\n\t\t<\/div>\n\t\t\t\t<div class=\"elementor-column elementor-col-33 elementor-top-column elementor-element elementor-element-41233aed\" data-id=\"41233aed\" data-element_type=\"column\" data-settings=\"{&quot;background_background&quot;:&quot;classic&quot;}\">\n\t\t\t<div class=\"elementor-widget-wrap elementor-element-populated\">\n\t\t\t\t\t\t<div class=\"elementor-element elementor-element-346c4e07 elementor-widget elementor-widget-heading\" data-id=\"346c4e07\" data-element_type=\"widget\" data-widget_type=\"heading.default\">\n\t\t\t\t<div class=\"elementor-widget-container\">\n\t\t\t\t\t<h2 class=\"elementor-heading-title elementor-size-default\">Contrate a SulAm\u00e9rica Odonto via WhatsApp (24h)<\/h2>\t\t\t\t<\/div>\n\t\t\t\t<\/div>\n\t\t\t\t<div class=\"elementor-element elementor-element-59b0521c formbutton elementor-widget elementor-widget-wpforms\" data-id=\"59b0521c\" data-element_type=\"widget\" data-widget_type=\"wpforms.default\">\n\t\t\t\t<div class=\"elementor-widget-container\">\n\t\t\t\t\t<div class=\"wpforms-container wpforms-container-full form_whatsapp\" id=\"wpforms-39265\"><form id=\"wpforms-form-39265\" class=\"wpforms-validate wpforms-form\" data-formid=\"39265\" method=\"post\" enctype=\"multipart\/form-data\" action=\"\/sulamerica-odonto\/wp-json\/wp\/v2\/pages\/31785\" data-token=\"de9055452aad9da6f8ef79a5749d5cdd\" data-token-time=\"1775836002\"><noscript class=\"wpforms-error-noscript\">Ative o JavaScript no seu navegador para preencher este formul\u00e1rio.<\/noscript><div class=\"wpforms-field-container\"><div id=\"wpforms-39265-field_7-container\" class=\"wpforms-field wpforms-field-name\" data-field-id=\"7\"><label class=\"wpforms-field-label wpforms-label-hide\" for=\"wpforms-39265-field_7\">Nome <span class=\"wpforms-required-label\">*<\/span><\/label><input type=\"text\" id=\"wpforms-39265-field_7\" class=\"wpforms-field-large wpforms-field-required\" name=\"wpforms[fields][7]\" placeholder=\"Nome\" required><\/div><div id=\"wpforms-39265-field_1-container\" class=\"wpforms-field wpforms-field-phone\" data-field-id=\"1\"><label class=\"wpforms-field-label wpforms-label-hide\" for=\"wpforms-39265-field_1\">WhatsApp <span class=\"wpforms-required-label\">*<\/span><\/label><input type=\"tel\" id=\"wpforms-39265-field_1\" class=\"wpforms-field-large wpforms-field-required\" data-rule-int-phone-field=\"true\" name=\"wpforms[fields][1]\" placeholder=\"WhatsApp\" aria-label=\"WhatsApp\" required><\/div><\/div><!-- .wpforms-field-container --><div class=\"wpforms-field wpforms-field-hp\"><label for=\"wpforms-39265-field-hp\" class=\"wpforms-field-label\">Website<\/label><input type=\"text\" name=\"wpforms[hp]\" id=\"wpforms-39265-field-hp\" class=\"wpforms-field-medium\"><\/div><div class=\"wpforms-submit-container\" ><input type=\"hidden\" name=\"wpforms[id]\" value=\"39265\"><input type=\"hidden\" name=\"page_title\" value=\"\"><input type=\"hidden\" name=\"page_url\" value=\"https:\/\/compareplanodesaude.com.br\/sulamerica-odonto\/wp-json\/wp\/v2\/pages\/31785\"><input type=\"hidden\" name=\"url_referer\" value=\"\"><button type=\"submit\" name=\"wpforms[submit]\" id=\"wpforms-submit-39265\" class=\"wpforms-submit botao_gndi_3 wpforms-one-third botao_size2 botao_gndi_shiny\" data-alt-text=\"Solicitando...\" data-submit-text=\"Receber Cota\u00e7\u00e3o\" aria-live=\"assertive\" value=\"wpforms-submit\">Receber Cota\u00e7\u00e3o<\/button><\/div><\/form><\/div>  <!-- .wpforms-container -->\t\t\t\t<\/div>\n\t\t\t\t<\/div>\n\t\t\t\t\t<\/div>\n\t\t<\/div>\n\t\t\t\t\t<\/div>\n\t\t<\/section>\n\t\t\t\t<section class=\"elementor-section elementor-top-section elementor-element elementor-element-3c8bcc16 elementor-section-height-min-height elementor-section-items-top elementor-section-boxed elementor-section-height-default\" data-id=\"3c8bcc16\" data-element_type=\"section\" data-settings=\"{&quot;background_background&quot;:&quot;classic&quot;}\">\n\t\t\t\t\t\t<div class=\"elementor-container elementor-column-gap-default\">\n\t\t\t\t\t<div class=\"elementor-column elementor-col-33 elementor-top-column elementor-element elementor-element-4adb29b8\" data-id=\"4adb29b8\" data-element_type=\"column\" data-settings=\"{&quot;background_background&quot;:&quot;classic&quot;}\">\n\t\t\t<div class=\"elementor-widget-wrap elementor-element-populated\">\n\t\t\t\t\t<div class=\"elementor-background-overlay\"><\/div>\n\t\t\t\t\t\t<div class=\"elementor-element elementor-element-e16550c elementor-widget elementor-widget-heading\" data-id=\"e16550c\" data-element_type=\"widget\" data-widget_type=\"heading.default\">\n\t\t\t\t<div class=\"elementor-widget-container\">\n\t\t\t\t\t<h3 class=\"elementor-heading-title elementor-size-default\">Ligaremos para voc\u00ea em poucos minutos no hor\u00e1rio comercial<\/h3>\t\t\t\t<\/div>\n\t\t\t\t<\/div>\n\t\t\t\t<div class=\"elementor-element elementor-element-16d55684 elementor-widget elementor-widget-text-editor\" data-id=\"16d55684\" data-element_type=\"widget\" data-widget_type=\"text-editor.default\">\n\t\t\t\t<div class=\"elementor-widget-container\">\n\t\t\t\t\t\t\t\t\t<p>Fale conosco tamb\u00e9m pelo telefone<br \/><a style=\"background: blue; color: white;\" href=\"tel:+5511913593086\">0800 &#8211; 6605454<\/a><\/p><p>Ou pelo WhatsApp (24 horas)<br \/><a style=\"background: blue; color: white;\" href=\"https:\/\/api.whatsapp.com\/send?phone=5511964929380&amp;text=Ol%C3%A1%2C%20gostaria%20de%20iniciar%20o%20atendimento%20para%20uma%20cota%C3%A7%C3%A3o%20de%20planos%20de%20sa%C3%BAde%20da%20SulAm%C3%A9rica%20Odonto!\">(11) 9737 &#8211; 38801<\/a><\/p><p>Nosso endere\u00e7o \u00e9 Av. Paulista, n\u00ba 726 &#8211; 13\u00ba andar, conjunto 1303 \u2013 S\u00e3o Paulo\/SP<\/p>\t\t\t\t\t\t\t\t<\/div>\n\t\t\t\t<\/div>\n\t\t\t\t\t<\/div>\n\t\t<\/div>\n\t\t\t\t<div class=\"elementor-column elementor-col-66 elementor-top-column elementor-element elementor-element-7d8da93d\" data-id=\"7d8da93d\" data-element_type=\"column\" data-settings=\"{&quot;background_background&quot;:&quot;classic&quot;}\">\n\t\t\t<div class=\"elementor-widget-wrap elementor-element-populated\">\n\t\t\t\t\t\t<div class=\"elementor-element elementor-element-224cadb elementor-widget elementor-widget-heading\" data-id=\"224cadb\" data-element_type=\"widget\" data-widget_type=\"heading.default\">\n\t\t\t\t<div class=\"elementor-widget-container\">\n\t\t\t\t\t<h2 class=\"elementor-heading-title elementor-size-default\">Ligamos para Voc\u00ea<\/h2>\t\t\t\t<\/div>\n\t\t\t\t<\/div>\n\t\t\t\t<div class=\"elementor-element elementor-element-155659af form-padrao elementor-widget elementor-widget-wpforms\" data-id=\"155659af\" data-element_type=\"widget\" data-widget_type=\"wpforms.default\">\n\t\t\t\t<div class=\"elementor-widget-container\">\n\t\t\t\t\t<div class=\"wpforms-container wpforms-container-full form_whatsapp form_ligacao\" id=\"wpforms-39264\"><form id=\"wpforms-form-39264\" class=\"wpforms-validate wpforms-form\" data-formid=\"39264\" method=\"post\" enctype=\"multipart\/form-data\" action=\"\/sulamerica-odonto\/wp-json\/wp\/v2\/pages\/31785\" data-token=\"a0f82a2d39d982279ec3ba78a87fca6b\" data-token-time=\"1775836002\"><noscript class=\"wpforms-error-noscript\">Ative o JavaScript no seu navegador para preencher este formul\u00e1rio.<\/noscript><div class=\"wpforms-field-container\"><div id=\"wpforms-39264-field_2-container\" class=\"wpforms-field wpforms-field-name form_input form_icone_perfil mask-real-name\" data-field-id=\"2\"><label class=\"wpforms-field-label wpforms-label-hide\" for=\"wpforms-39264-field_2\">Nome <span class=\"wpforms-required-label\">*<\/span><\/label><input type=\"text\" id=\"wpforms-39264-field_2\" class=\"wpforms-field-large wpforms-field-required\" name=\"wpforms[fields][2]\" placeholder=\"Nome\" required><\/div><div id=\"wpforms-39264-field_1-container\" class=\"wpforms-field wpforms-field-phone form_input form_icone_telefone mask-brazillian-phone\" data-field-id=\"1\"><label class=\"wpforms-field-label wpforms-label-hide\" for=\"wpforms-39264-field_1\">Telefone <span class=\"wpforms-required-label\">*<\/span><\/label><input type=\"tel\" id=\"wpforms-39264-field_1\" class=\"wpforms-field-large wpforms-field-required\" data-rule-int-phone-field=\"true\" name=\"wpforms[fields][1]\" placeholder=\"Telefone\" aria-label=\"Telefone\" required><\/div><div id=\"wpforms-39264-field_6-container\" class=\"wpforms-field wpforms-field-email form_input form_icone_email\" data-field-id=\"6\"><label class=\"wpforms-field-label wpforms-label-hide\" for=\"wpforms-39264-field_6\">Email<\/label><input type=\"email\" id=\"wpforms-39264-field_6\" class=\"wpforms-field-large\" name=\"wpforms[fields][6]\" placeholder=\"E-mail\" spellcheck=\"false\" ><\/div><div id=\"wpforms-39264-field_7-container\" class=\"wpforms-field wpforms-field-radio wpforms-list-inline\" data-field-id=\"7\"><label class=\"wpforms-field-label wpforms-label-hide\">M\u00faltipla escolha<\/label><ul id=\"wpforms-39264-field_7\"><li class=\"choice-1 depth-1\"><input type=\"radio\" id=\"wpforms-39264-field_7_1\" name=\"wpforms[fields][7]\" value=\"Empresa\"  ><label class=\"wpforms-field-label-inline\" for=\"wpforms-39264-field_7_1\">Empresa<\/label><\/li><li class=\"choice-2 depth-1\"><input type=\"radio\" id=\"wpforms-39264-field_7_2\" name=\"wpforms[fields][7]\" value=\"Pessoa F\u00edsica\"  ><label class=\"wpforms-field-label-inline\" for=\"wpforms-39264-field_7_2\">Pessoa F\u00edsica<\/label><\/li><\/ul><\/div><\/div><!-- .wpforms-field-container --><div class=\"wpforms-field wpforms-field-hp\"><label for=\"wpforms-39264-field-hp\" class=\"wpforms-field-label\">Website<\/label><input type=\"text\" name=\"wpforms[hp]\" id=\"wpforms-39264-field-hp\" class=\"wpforms-field-medium\"><\/div><div class=\"wpforms-submit-container\" ><input type=\"hidden\" name=\"wpforms[id]\" value=\"39264\"><input type=\"hidden\" name=\"page_title\" value=\"\"><input type=\"hidden\" name=\"page_url\" value=\"https:\/\/compareplanodesaude.com.br\/sulamerica-odonto\/wp-json\/wp\/v2\/pages\/31785\"><input type=\"hidden\" name=\"url_referer\" value=\"\"><button type=\"submit\" name=\"wpforms[submit]\" id=\"wpforms-submit-39264\" class=\"wpforms-submit form_button form_button_2x form_button_100\" data-alt-text=\"Solicitando...\" data-submit-text=\"Receber Liga\u00e7\u00e3o\" aria-live=\"assertive\" value=\"wpforms-submit\">Receber Liga\u00e7\u00e3o<\/button><\/div><\/form><\/div>  <!-- .wpforms-container -->\t\t\t\t<\/div>\n\t\t\t\t<\/div>\n\t\t\t\t\t<\/div>\n\t\t<\/div>\n\t\t\t\t\t<\/div>\n\t\t<\/section>\n\t\t\t\t<\/div>\n\t\t","protected":false},"excerpt":{"rendered":"<p>Site Blindado SulAm\u00e9rica Odonto Sa\u00fade 100% Seguro Nosso site conta com certificados de seguran\u00e7a exclusivos e com a maior nota de qualidade analisada pela Qualys Labs:\u00a0A+. Nossa conex\u00e3o \u00e9 completamente criptografada entre o nosso servidor e o usu\u00e1rio, possuindo certificados emitidos pela Linux Foundation. Fique tranquilo nosso site \u00e9 100% seguro. Contrate a SulAm\u00e9rica Odonto [&hellip;]<\/p>\n","protected":false},"author":1,"featured_media":0,"parent":0,"menu_order":0,"comment_status":"closed","ping_status":"closed","template":"","meta":{"footnotes":""},"tags":[],"class_list":["post-31785","page","type-page","status-publish","hentry"],"yoast_head":"<!-- This site is optimized with the Yoast SEO plugin v26.3 - https:\/\/yoast.com\/wordpress\/plugins\/seo\/ -->\n<title>Site Blindado da SulAm\u00e9rica Odonto<\/title>\n<meta name=\"robots\" content=\"index, follow, max-snippet:-1, max-image-preview:large, max-video-preview:-1\" \/>\n<link rel=\"canonical\" href=\"https:\/\/compareplanodesaude.com.br\/sulamerica-odonto\/site-blindado\/\" \/>\n<meta property=\"og:locale\" content=\"pt_BR\" \/>\n<meta property=\"og:type\" content=\"article\" \/>\n<meta property=\"og:title\" content=\"Site Blindado da SulAm\u00e9rica Odonto\" \/>\n<meta property=\"og:description\" content=\"Site Blindado SulAm\u00e9rica Odonto Sa\u00fade 100% Seguro Nosso site conta com certificados de seguran\u00e7a exclusivos e com a maior nota de qualidade analisada pela Qualys Labs:\u00a0A+. Nossa conex\u00e3o \u00e9 completamente criptografada entre o nosso servidor e o usu\u00e1rio, possuindo certificados emitidos pela Linux Foundation. Fique tranquilo nosso site \u00e9 100% seguro. Contrate a SulAm\u00e9rica Odonto [&hellip;]\" \/>\n<meta property=\"og:url\" content=\"https:\/\/compareplanodesaude.com.br\/sulamerica-odonto\/site-blindado\/\" \/>\n<meta property=\"og:site_name\" content=\"SulAm\u00e9rica Odonto Online\" \/>\n<meta property=\"article:modified_time\" content=\"2022-01-04T15:15:16+00:00\" \/>\n<meta name=\"twitter:card\" content=\"summary_large_image\" \/>\n<meta name=\"twitter:label1\" content=\"Est. tempo de leitura\" \/>\n\t<meta name=\"twitter:data1\" content=\"1 minuto\" \/>\n<script type=\"application\/ld+json\" class=\"yoast-schema-graph\">{\"@context\":\"https:\/\/schema.org\",\"@graph\":[{\"@type\":\"WebPage\",\"@id\":\"https:\/\/compareplanodesaude.com.br\/sulamerica-odonto\/site-blindado\/\",\"url\":\"https:\/\/compareplanodesaude.com.br\/sulamerica-odonto\/site-blindado\/\",\"name\":\"Site Blindado da SulAm\u00e9rica Odonto\",\"isPartOf\":{\"@id\":\"https:\/\/compareplanodesaude.com.br\/sulamerica-odonto\/#website\"},\"datePublished\":\"2017-06-19T17:45:42+00:00\",\"dateModified\":\"2022-01-04T15:15:16+00:00\",\"inLanguage\":\"pt-BR\",\"potentialAction\":[{\"@type\":\"ReadAction\",\"target\":[\"https:\/\/compareplanodesaude.com.br\/sulamerica-odonto\/site-blindado\/\"]}]},{\"@type\":\"WebSite\",\"@id\":\"https:\/\/compareplanodesaude.com.br\/sulamerica-odonto\/#website\",\"url\":\"https:\/\/compareplanodesaude.com.br\/sulamerica-odonto\/\",\"name\":\"SulAm\u00e9rica Odonto Online\",\"description\":\"Planos Odontol\u00f3gicos SulAm\u00e9rica Odonto\",\"potentialAction\":[{\"@type\":\"SearchAction\",\"target\":{\"@type\":\"EntryPoint\",\"urlTemplate\":\"https:\/\/compareplanodesaude.com.br\/sulamerica-odonto\/?s={search_term_string}\"},\"query-input\":{\"@type\":\"PropertyValueSpecification\",\"valueRequired\":true,\"valueName\":\"search_term_string\"}}],\"inLanguage\":\"pt-BR\"}]}<\/script>\n<!-- \/ Yoast SEO plugin. -->","yoast_head_json":{"title":"Site Blindado da SulAm\u00e9rica Odonto","robots":{"index":"index","follow":"follow","max-snippet":"max-snippet:-1","max-image-preview":"max-image-preview:large","max-video-preview":"max-video-preview:-1"},"canonical":"https:\/\/compareplanodesaude.com.br\/sulamerica-odonto\/site-blindado\/","og_locale":"pt_BR","og_type":"article","og_title":"Site Blindado da SulAm\u00e9rica Odonto","og_description":"Site Blindado SulAm\u00e9rica Odonto Sa\u00fade 100% Seguro Nosso site conta com certificados de seguran\u00e7a exclusivos e com a maior nota de qualidade analisada pela Qualys Labs:\u00a0A+. Nossa conex\u00e3o \u00e9 completamente criptografada entre o nosso servidor e o usu\u00e1rio, possuindo certificados emitidos pela Linux Foundation. Fique tranquilo nosso site \u00e9 100% seguro. Contrate a SulAm\u00e9rica Odonto [&hellip;]","og_url":"https:\/\/compareplanodesaude.com.br\/sulamerica-odonto\/site-blindado\/","og_site_name":"SulAm\u00e9rica Odonto Online","article_modified_time":"2022-01-04T15:15:16+00:00","twitter_card":"summary_large_image","twitter_misc":{"Est. tempo de leitura":"1 minuto"},"schema":{"@context":"https:\/\/schema.org","@graph":[{"@type":"WebPage","@id":"https:\/\/compareplanodesaude.com.br\/sulamerica-odonto\/site-blindado\/","url":"https:\/\/compareplanodesaude.com.br\/sulamerica-odonto\/site-blindado\/","name":"Site Blindado da SulAm\u00e9rica Odonto","isPartOf":{"@id":"https:\/\/compareplanodesaude.com.br\/sulamerica-odonto\/#website"},"datePublished":"2017-06-19T17:45:42+00:00","dateModified":"2022-01-04T15:15:16+00:00","inLanguage":"pt-BR","potentialAction":[{"@type":"ReadAction","target":["https:\/\/compareplanodesaude.com.br\/sulamerica-odonto\/site-blindado\/"]}]},{"@type":"WebSite","@id":"https:\/\/compareplanodesaude.com.br\/sulamerica-odonto\/#website","url":"https:\/\/compareplanodesaude.com.br\/sulamerica-odonto\/","name":"SulAm\u00e9rica Odonto Online","description":"Planos Odontol\u00f3gicos SulAm\u00e9rica Odonto","potentialAction":[{"@type":"SearchAction","target":{"@type":"EntryPoint","urlTemplate":"https:\/\/compareplanodesaude.com.br\/sulamerica-odonto\/?s={search_term_string}"},"query-input":{"@type":"PropertyValueSpecification","valueRequired":true,"valueName":"search_term_string"}}],"inLanguage":"pt-BR"}]}},"_links":{"self":[{"href":"https:\/\/compareplanodesaude.com.br\/sulamerica-odonto\/wp-json\/wp\/v2\/pages\/31785","targetHints":{"allow":["GET"]}}],"collection":[{"href":"https:\/\/compareplanodesaude.com.br\/sulamerica-odonto\/wp-json\/wp\/v2\/pages"}],"about":[{"href":"https:\/\/compareplanodesaude.com.br\/sulamerica-odonto\/wp-json\/wp\/v2\/types\/page"}],"author":[{"embeddable":true,"href":"https:\/\/compareplanodesaude.com.br\/sulamerica-odonto\/wp-json\/wp\/v2\/users\/1"}],"replies":[{"embeddable":true,"href":"https:\/\/compareplanodesaude.com.br\/sulamerica-odonto\/wp-json\/wp\/v2\/comments?post=31785"}],"version-history":[{"count":0,"href":"https:\/\/compareplanodesaude.com.br\/sulamerica-odonto\/wp-json\/wp\/v2\/pages\/31785\/revisions"}],"wp:attachment":[{"href":"https:\/\/compareplanodesaude.com.br\/sulamerica-odonto\/wp-json\/wp\/v2\/media?parent=31785"}],"wp:term":[{"taxonomy":"post_tag","embeddable":true,"href":"https:\/\/compareplanodesaude.com.br\/sulamerica-odonto\/wp-json\/wp\/v2\/tags?post=31785"}],"curies":[{"name":"wp","href":"https:\/\/api.w.org\/{rel}","templated":true}]}}