{"id":30903,"date":"2017-06-05T09:42:18","date_gmt":"2017-06-05T12:42:18","guid":{"rendered":"https:\/\/saocristovaoonline.com.br\/?page_id=30903"},"modified":"2022-01-04T11:37:18","modified_gmt":"2022-01-04T11:37:18","slug":"ligacao-sulamerica-odonto","status":"publish","type":"page","link":"https:\/\/compareplanodesaude.com.br\/sulamerica-odonto\/ligacao-sulamerica-odonto\/","title":{"rendered":"Ligamos para Voc\u00ea"},"content":{"rendered":"\t\t<div data-elementor-type=\"wp-page\" data-elementor-id=\"30903\" class=\"elementor elementor-30903\" data-elementor-post-type=\"page\">\n\t\t\t\t\t\t<section class=\"elementor-section elementor-top-section elementor-element elementor-element-6d376a11 elementor-section-height-min-height elementor-section-items-top elementor-section-boxed elementor-section-height-default\" data-id=\"6d376a11\" data-element_type=\"section\" data-settings=\"{&quot;background_background&quot;:&quot;classic&quot;}\">\n\t\t\t\t\t\t<div class=\"elementor-container elementor-column-gap-default\">\n\t\t\t\t\t<div class=\"elementor-column elementor-col-33 elementor-top-column elementor-element elementor-element-5183f4fe\" data-id=\"5183f4fe\" data-element_type=\"column\" data-settings=\"{&quot;background_background&quot;:&quot;classic&quot;}\">\n\t\t\t<div class=\"elementor-widget-wrap elementor-element-populated\">\n\t\t\t\t\t\t<div class=\"elementor-element elementor-element-21a4bf2b elementor-widget elementor-widget-heading\" data-id=\"21a4bf2b\" data-element_type=\"widget\" data-widget_type=\"heading.default\">\n\t\t\t\t<div class=\"elementor-widget-container\">\n\t\t\t\t\t<h2 class=\"elementor-heading-title elementor-size-default\">01. <span style=\"color: #000\">\nPreencha seus dados<\/span><\/h2>\t\t\t\t<\/div>\n\t\t\t\t<\/div>\n\t\t\t\t<div class=\"elementor-element elementor-element-350dda6c elementor-widget elementor-widget-heading\" data-id=\"350dda6c\" data-element_type=\"widget\" data-widget_type=\"heading.default\">\n\t\t\t\t<div class=\"elementor-widget-container\">\n\t\t\t\t\t<h2 class=\"elementor-heading-title elementor-size-default\">02. <span style=\"color: #000\">Entraremos em contato com voc\u00ea dentro de poucos minutos no hor\u00e1rio comercial<\/span><\/h2>\t\t\t\t<\/div>\n\t\t\t\t<\/div>\n\t\t\t\t\t<\/div>\n\t\t<\/div>\n\t\t\t\t<div class=\"elementor-column elementor-col-66 elementor-top-column elementor-element elementor-element-4e142d36\" data-id=\"4e142d36\" data-element_type=\"column\" data-settings=\"{&quot;background_background&quot;:&quot;classic&quot;}\">\n\t\t\t<div class=\"elementor-widget-wrap elementor-element-populated\">\n\t\t\t\t\t\t<div class=\"elementor-element elementor-element-19211ef elementor-widget elementor-widget-heading\" data-id=\"19211ef\" data-element_type=\"widget\" data-widget_type=\"heading.default\">\n\t\t\t\t<div class=\"elementor-widget-container\">\n\t\t\t\t\t<h1 class=\"elementor-heading-title elementor-size-default\">Ligamos para Voc\u00ea<\/h1>\t\t\t\t<\/div>\n\t\t\t\t<\/div>\n\t\t\t\t<div class=\"elementor-element elementor-element-eae6631 form-padrao elementor-widget elementor-widget-wpforms\" data-id=\"eae6631\" data-element_type=\"widget\" data-widget_type=\"wpforms.default\">\n\t\t\t\t<div class=\"elementor-widget-container\">\n\t\t\t\t\t<div class=\"wpforms-container wpforms-container-full form_whatsapp form_ligacao\" id=\"wpforms-39264\"><form id=\"wpforms-form-39264\" class=\"wpforms-validate wpforms-form\" data-formid=\"39264\" method=\"post\" enctype=\"multipart\/form-data\" action=\"\/sulamerica-odonto\/wp-json\/wp\/v2\/pages\/30903\" data-token=\"a0f82a2d39d982279ec3ba78a87fca6b\" data-token-time=\"1775835714\"><noscript class=\"wpforms-error-noscript\">Ative o JavaScript no seu navegador para preencher este formul\u00e1rio.<\/noscript><div class=\"wpforms-field-container\"><div id=\"wpforms-39264-field_2-container\" class=\"wpforms-field wpforms-field-name form_input form_icone_perfil mask-real-name\" data-field-id=\"2\"><label class=\"wpforms-field-label wpforms-label-hide\" for=\"wpforms-39264-field_2\">Nome <span class=\"wpforms-required-label\">*<\/span><\/label><input type=\"text\" id=\"wpforms-39264-field_2\" class=\"wpforms-field-large wpforms-field-required\" name=\"wpforms[fields][2]\" placeholder=\"Nome\" required><\/div><div id=\"wpforms-39264-field_1-container\" class=\"wpforms-field wpforms-field-phone form_input form_icone_telefone mask-brazillian-phone\" data-field-id=\"1\"><label class=\"wpforms-field-label wpforms-label-hide\" for=\"wpforms-39264-field_1\">Telefone <span class=\"wpforms-required-label\">*<\/span><\/label><input type=\"tel\" id=\"wpforms-39264-field_1\" class=\"wpforms-field-large wpforms-field-required\" data-rule-int-phone-field=\"true\" name=\"wpforms[fields][1]\" placeholder=\"Telefone\" aria-label=\"Telefone\" required><\/div><div id=\"wpforms-39264-field_6-container\" class=\"wpforms-field wpforms-field-email form_input form_icone_email\" data-field-id=\"6\"><label class=\"wpforms-field-label wpforms-label-hide\" for=\"wpforms-39264-field_6\">Email<\/label><input type=\"email\" id=\"wpforms-39264-field_6\" class=\"wpforms-field-large\" name=\"wpforms[fields][6]\" placeholder=\"E-mail\" spellcheck=\"false\" ><\/div><div id=\"wpforms-39264-field_7-container\" class=\"wpforms-field wpforms-field-radio wpforms-list-inline\" data-field-id=\"7\"><label class=\"wpforms-field-label wpforms-label-hide\">M\u00faltipla escolha<\/label><ul id=\"wpforms-39264-field_7\"><li class=\"choice-1 depth-1\"><input type=\"radio\" id=\"wpforms-39264-field_7_1\" name=\"wpforms[fields][7]\" value=\"Empresa\"  ><label class=\"wpforms-field-label-inline\" for=\"wpforms-39264-field_7_1\">Empresa<\/label><\/li><li class=\"choice-2 depth-1\"><input type=\"radio\" id=\"wpforms-39264-field_7_2\" name=\"wpforms[fields][7]\" value=\"Pessoa F\u00edsica\"  ><label class=\"wpforms-field-label-inline\" for=\"wpforms-39264-field_7_2\">Pessoa F\u00edsica<\/label><\/li><\/ul><\/div><\/div><!-- .wpforms-field-container --><div class=\"wpforms-field wpforms-field-hp\"><label for=\"wpforms-39264-field-hp\" class=\"wpforms-field-label\">Message<\/label><input type=\"text\" name=\"wpforms[hp]\" id=\"wpforms-39264-field-hp\" class=\"wpforms-field-medium\"><\/div><div class=\"wpforms-submit-container\" ><input type=\"hidden\" name=\"wpforms[id]\" value=\"39264\"><input type=\"hidden\" name=\"page_title\" value=\"\"><input type=\"hidden\" name=\"page_url\" value=\"https:\/\/compareplanodesaude.com.br\/sulamerica-odonto\/wp-json\/wp\/v2\/pages\/30903\"><input type=\"hidden\" name=\"url_referer\" value=\"\"><button type=\"submit\" name=\"wpforms[submit]\" id=\"wpforms-submit-39264\" class=\"wpforms-submit form_button form_button_2x form_button_100\" data-alt-text=\"Solicitando...\" data-submit-text=\"Receber Liga\u00e7\u00e3o\" aria-live=\"assertive\" value=\"wpforms-submit\">Receber Liga\u00e7\u00e3o<\/button><\/div><\/form><\/div>  <!-- .wpforms-container -->\t\t\t\t<\/div>\n\t\t\t\t<\/div>\n\t\t\t\t\t<\/div>\n\t\t<\/div>\n\t\t\t\t\t<\/div>\n\t\t<\/section>\n\t\t\t\t<\/div>\n\t\t","protected":false},"excerpt":{"rendered":"<p>01. Preencha seus dados 02. Entraremos em contato com voc\u00ea dentro de poucos minutos no hor\u00e1rio comercial Ligamos para Voc\u00ea<\/p>\n","protected":false},"author":1,"featured_media":0,"parent":0,"menu_order":0,"comment_status":"closed","ping_status":"closed","template":"","meta":{"footnotes":""},"tags":[],"class_list":["post-30903","page","type-page","status-publish","hentry"],"yoast_head":"<!-- This site is optimized with the Yoast SEO plugin v26.3 - https:\/\/yoast.com\/wordpress\/plugins\/seo\/ -->\n<title>A SulAm\u00e9rica Odonto Sa\u00fade liga para voc\u00ea - SulAm\u00e9rica Odonto Sa\u00fade<\/title>\n<meta name=\"description\" content=\"A SulAm\u00e9rica Odonto Sa\u00fade liga para voc\u00ea. \u00c9 s\u00f3 informar o telefone que especialistas SulAm\u00e9rica Odonto Sa\u00fade entrar\u00e3o em contato para voc\u00ea ter o melhor atendimento. Solicite agora uma liga\u00e7\u00e3o da SulAm\u00e9rica Odonto.\" \/>\n<meta name=\"robots\" content=\"index, follow, max-snippet:-1, max-image-preview:large, max-video-preview:-1\" \/>\n<link rel=\"canonical\" href=\"https:\/\/compareplanodesaude.com.br\/sulamerica-odonto\/ligacao-sulamerica-odonto\/\" \/>\n<meta property=\"og:locale\" content=\"pt_BR\" \/>\n<meta property=\"og:type\" content=\"article\" \/>\n<meta property=\"og:title\" content=\"A SulAm\u00e9rica Odonto Sa\u00fade liga para voc\u00ea - SulAm\u00e9rica Odonto Sa\u00fade\" \/>\n<meta property=\"og:description\" content=\"A SulAm\u00e9rica Odonto Sa\u00fade liga para voc\u00ea. \u00c9 s\u00f3 informar o telefone que especialistas SulAm\u00e9rica Odonto Sa\u00fade entrar\u00e3o em contato para voc\u00ea ter o melhor atendimento. Solicite agora uma liga\u00e7\u00e3o da SulAm\u00e9rica Odonto.\" \/>\n<meta property=\"og:url\" content=\"https:\/\/compareplanodesaude.com.br\/sulamerica-odonto\/ligacao-sulamerica-odonto\/\" \/>\n<meta property=\"og:site_name\" content=\"SulAm\u00e9rica Odonto Online\" \/>\n<meta property=\"article:modified_time\" content=\"2022-01-04T11:37:18+00:00\" \/>\n<meta name=\"twitter:card\" content=\"summary_large_image\" \/>\n<meta name=\"twitter:label1\" content=\"Est. tempo de leitura\" \/>\n\t<meta name=\"twitter:data1\" content=\"1 minuto\" \/>\n<script type=\"application\/ld+json\" class=\"yoast-schema-graph\">{\"@context\":\"https:\/\/schema.org\",\"@graph\":[{\"@type\":\"WebPage\",\"@id\":\"https:\/\/compareplanodesaude.com.br\/sulamerica-odonto\/ligacao-sulamerica-odonto\/\",\"url\":\"https:\/\/compareplanodesaude.com.br\/sulamerica-odonto\/ligacao-sulamerica-odonto\/\",\"name\":\"A SulAm\u00e9rica Odonto Sa\u00fade liga para voc\u00ea - SulAm\u00e9rica Odonto Sa\u00fade\",\"isPartOf\":{\"@id\":\"https:\/\/compareplanodesaude.com.br\/sulamerica-odonto\/#website\"},\"datePublished\":\"2017-06-05T12:42:18+00:00\",\"dateModified\":\"2022-01-04T11:37:18+00:00\",\"description\":\"A SulAm\u00e9rica Odonto Sa\u00fade liga para voc\u00ea. \u00c9 s\u00f3 informar o telefone que especialistas SulAm\u00e9rica Odonto Sa\u00fade entrar\u00e3o em contato para voc\u00ea ter o melhor atendimento. Solicite agora uma liga\u00e7\u00e3o da SulAm\u00e9rica Odonto.\",\"inLanguage\":\"pt-BR\",\"potentialAction\":[{\"@type\":\"ReadAction\",\"target\":[\"https:\/\/compareplanodesaude.com.br\/sulamerica-odonto\/ligacao-sulamerica-odonto\/\"]}]},{\"@type\":\"WebSite\",\"@id\":\"https:\/\/compareplanodesaude.com.br\/sulamerica-odonto\/#website\",\"url\":\"https:\/\/compareplanodesaude.com.br\/sulamerica-odonto\/\",\"name\":\"SulAm\u00e9rica Odonto Online\",\"description\":\"Planos Odontol\u00f3gicos SulAm\u00e9rica Odonto\",\"potentialAction\":[{\"@type\":\"SearchAction\",\"target\":{\"@type\":\"EntryPoint\",\"urlTemplate\":\"https:\/\/compareplanodesaude.com.br\/sulamerica-odonto\/?s={search_term_string}\"},\"query-input\":{\"@type\":\"PropertyValueSpecification\",\"valueRequired\":true,\"valueName\":\"search_term_string\"}}],\"inLanguage\":\"pt-BR\"}]}<\/script>\n<!-- \/ Yoast SEO plugin. -->","yoast_head_json":{"title":"A SulAm\u00e9rica Odonto Sa\u00fade liga para voc\u00ea - SulAm\u00e9rica Odonto Sa\u00fade","description":"A SulAm\u00e9rica Odonto Sa\u00fade liga para voc\u00ea. \u00c9 s\u00f3 informar o telefone que especialistas SulAm\u00e9rica Odonto Sa\u00fade entrar\u00e3o em contato para voc\u00ea ter o melhor atendimento. Solicite agora uma liga\u00e7\u00e3o da SulAm\u00e9rica Odonto.","robots":{"index":"index","follow":"follow","max-snippet":"max-snippet:-1","max-image-preview":"max-image-preview:large","max-video-preview":"max-video-preview:-1"},"canonical":"https:\/\/compareplanodesaude.com.br\/sulamerica-odonto\/ligacao-sulamerica-odonto\/","og_locale":"pt_BR","og_type":"article","og_title":"A SulAm\u00e9rica Odonto Sa\u00fade liga para voc\u00ea - SulAm\u00e9rica Odonto Sa\u00fade","og_description":"A SulAm\u00e9rica Odonto Sa\u00fade liga para voc\u00ea. \u00c9 s\u00f3 informar o telefone que especialistas SulAm\u00e9rica Odonto Sa\u00fade entrar\u00e3o em contato para voc\u00ea ter o melhor atendimento. Solicite agora uma liga\u00e7\u00e3o da SulAm\u00e9rica Odonto.","og_url":"https:\/\/compareplanodesaude.com.br\/sulamerica-odonto\/ligacao-sulamerica-odonto\/","og_site_name":"SulAm\u00e9rica Odonto Online","article_modified_time":"2022-01-04T11:37:18+00:00","twitter_card":"summary_large_image","twitter_misc":{"Est. tempo de leitura":"1 minuto"},"schema":{"@context":"https:\/\/schema.org","@graph":[{"@type":"WebPage","@id":"https:\/\/compareplanodesaude.com.br\/sulamerica-odonto\/ligacao-sulamerica-odonto\/","url":"https:\/\/compareplanodesaude.com.br\/sulamerica-odonto\/ligacao-sulamerica-odonto\/","name":"A SulAm\u00e9rica Odonto Sa\u00fade liga para voc\u00ea - SulAm\u00e9rica Odonto Sa\u00fade","isPartOf":{"@id":"https:\/\/compareplanodesaude.com.br\/sulamerica-odonto\/#website"},"datePublished":"2017-06-05T12:42:18+00:00","dateModified":"2022-01-04T11:37:18+00:00","description":"A SulAm\u00e9rica Odonto Sa\u00fade liga para voc\u00ea. \u00c9 s\u00f3 informar o telefone que especialistas SulAm\u00e9rica Odonto Sa\u00fade entrar\u00e3o em contato para voc\u00ea ter o melhor atendimento. Solicite agora uma liga\u00e7\u00e3o da SulAm\u00e9rica Odonto.","inLanguage":"pt-BR","potentialAction":[{"@type":"ReadAction","target":["https:\/\/compareplanodesaude.com.br\/sulamerica-odonto\/ligacao-sulamerica-odonto\/"]}]},{"@type":"WebSite","@id":"https:\/\/compareplanodesaude.com.br\/sulamerica-odonto\/#website","url":"https:\/\/compareplanodesaude.com.br\/sulamerica-odonto\/","name":"SulAm\u00e9rica Odonto Online","description":"Planos Odontol\u00f3gicos SulAm\u00e9rica Odonto","potentialAction":[{"@type":"SearchAction","target":{"@type":"EntryPoint","urlTemplate":"https:\/\/compareplanodesaude.com.br\/sulamerica-odonto\/?s={search_term_string}"},"query-input":{"@type":"PropertyValueSpecification","valueRequired":true,"valueName":"search_term_string"}}],"inLanguage":"pt-BR"}]}},"_links":{"self":[{"href":"https:\/\/compareplanodesaude.com.br\/sulamerica-odonto\/wp-json\/wp\/v2\/pages\/30903","targetHints":{"allow":["GET"]}}],"collection":[{"href":"https:\/\/compareplanodesaude.com.br\/sulamerica-odonto\/wp-json\/wp\/v2\/pages"}],"about":[{"href":"https:\/\/compareplanodesaude.com.br\/sulamerica-odonto\/wp-json\/wp\/v2\/types\/page"}],"author":[{"embeddable":true,"href":"https:\/\/compareplanodesaude.com.br\/sulamerica-odonto\/wp-json\/wp\/v2\/users\/1"}],"replies":[{"embeddable":true,"href":"https:\/\/compareplanodesaude.com.br\/sulamerica-odonto\/wp-json\/wp\/v2\/comments?post=30903"}],"version-history":[{"count":0,"href":"https:\/\/compareplanodesaude.com.br\/sulamerica-odonto\/wp-json\/wp\/v2\/pages\/30903\/revisions"}],"wp:attachment":[{"href":"https:\/\/compareplanodesaude.com.br\/sulamerica-odonto\/wp-json\/wp\/v2\/media?parent=30903"}],"wp:term":[{"taxonomy":"post_tag","embeddable":true,"href":"https:\/\/compareplanodesaude.com.br\/sulamerica-odonto\/wp-json\/wp\/v2\/tags?post=30903"}],"curies":[{"name":"wp","href":"https:\/\/api.w.org\/{rel}","templated":true}]}}