{"id":30757,"date":"2017-06-03T22:18:57","date_gmt":"2017-06-04T01:18:57","guid":{"rendered":"https:\/\/saocristovaoonline.com.br\/?page_id=30757"},"modified":"2022-01-04T14:53:04","modified_gmt":"2022-01-04T14:53:04","slug":"sulamerica-odonto-contato","status":"publish","type":"page","link":"https:\/\/compareplanodesaude.com.br\/sulamerica-odonto\/sulamerica-odonto-contato\/","title":{"rendered":"Fale com a SulAm\u00e9rica Odonto"},"content":{"rendered":"\t\t<div data-elementor-type=\"wp-page\" data-elementor-id=\"30757\" class=\"elementor elementor-30757\" data-elementor-post-type=\"page\">\n\t\t\t\t\t\t<section class=\"elementor-section elementor-top-section elementor-element elementor-element-751fd836 elementor-section-height-min-height elementor-section-items-top elementor-section-boxed elementor-section-height-default\" data-id=\"751fd836\" data-element_type=\"section\" data-settings=\"{&quot;background_background&quot;:&quot;classic&quot;}\">\n\t\t\t\t\t\t<div class=\"elementor-container elementor-column-gap-default\">\n\t\t\t\t\t<div class=\"elementor-column elementor-col-50 elementor-top-column elementor-element elementor-element-58cf5793\" data-id=\"58cf5793\" data-element_type=\"column\" data-settings=\"{&quot;background_background&quot;:&quot;classic&quot;}\">\n\t\t\t<div class=\"elementor-widget-wrap elementor-element-populated\">\n\t\t\t\t\t<div class=\"elementor-background-overlay\"><\/div>\n\t\t\t\t\t\t<div class=\"elementor-element elementor-element-67ec7da8 elementor-widget elementor-widget-heading\" data-id=\"67ec7da8\" data-element_type=\"widget\" data-widget_type=\"heading.default\">\n\t\t\t\t<div class=\"elementor-widget-container\">\n\t\t\t\t\t<h1 class=\"elementor-heading-title elementor-size-default\">D\u00favidas?<\/h1>\t\t\t\t<\/div>\n\t\t\t\t<\/div>\n\t\t\t\t<div class=\"elementor-element elementor-element-fee943b elementor-widget elementor-widget-text-editor\" data-id=\"fee943b\" data-element_type=\"widget\" data-widget_type=\"text-editor.default\">\n\t\t\t\t<div class=\"elementor-widget-container\">\n\t\t\t\t\t\t\t\t\tFale com um de nossos consultores especializados\t\t\t\t\t\t\t\t<\/div>\n\t\t\t\t<\/div>\n\t\t\t\t<div class=\"elementor-element elementor-element-737dc42 elementor-widget elementor-widget-text-editor\" data-id=\"737dc42\" data-element_type=\"widget\" data-widget_type=\"text-editor.default\">\n\t\t\t\t<div class=\"elementor-widget-container\">\n\t\t\t\t\t\t\t\t\t<div class=\"et_pb_module et_pb_text et_pb_text_1 gndi-subtitulo et_pb_text_align_left et_pb_bg_layout_dark\"><div class=\"et_pb_text_inner\"><div class=\"et_pb_module et_pb_text et_pb_text_2 gndi-subtitulo-2  et_pb_text_align_left et_pb_bg_layout_dark\"><div class=\"et_pb_text_inner\"><p>Telefone\u00a02639-7328<\/p><p>Consultoria Especializada<\/p><\/div><\/div><div class=\"et_pb_module et_pb_text et_pb_text_3 gndi-subtitulo-2  et_pb_text_align_left et_pb_bg_layout_dark\"><div class=\"et_pb_text_inner\"><p>WhatsApp\u00a0 96492-9380<\/p><p>Atendimento 24 horas<\/p><\/div><\/div><\/div><\/div>\t\t\t\t\t\t\t\t<\/div>\n\t\t\t\t<\/div>\n\t\t\t\t<div class=\"elementor-element elementor-element-61f757d elementor-widget elementor-widget-button\" data-id=\"61f757d\" data-element_type=\"widget\" data-widget_type=\"button.default\">\n\t\t\t\t<div class=\"elementor-widget-container\">\n\t\t\t\t\t\t\t\t\t<div class=\"elementor-button-wrapper\">\n\t\t\t\t\t<a class=\"elementor-button elementor-button-link elementor-size-sm\" href=\"https:\/\/compareplanodesaude.com.br\/sulamerica-odonto\/sulamerica-odonto-contato\/#:~:text=Atendimento%2024%20horas-,CHAT%20ONLINE,-Nosso%20endere%C3%A7o%20%C3%A9\">\n\t\t\t\t\t\t<span class=\"elementor-button-content-wrapper\">\n\t\t\t\t\t\t\t\t\t<span class=\"elementor-button-text\">CHAT ONLINE<\/span>\n\t\t\t\t\t<\/span>\n\t\t\t\t\t<\/a>\n\t\t\t\t<\/div>\n\t\t\t\t\t\t\t\t<\/div>\n\t\t\t\t<\/div>\n\t\t\t\t<div class=\"elementor-element elementor-element-c92c481 elementor-widget elementor-widget-text-editor\" data-id=\"c92c481\" data-element_type=\"widget\" data-widget_type=\"text-editor.default\">\n\t\t\t\t<div class=\"elementor-widget-container\">\n\t\t\t\t\t\t\t\t\t<p>Nosso endere\u00e7o \u00e9 na Av. Paulista, n\u00ba 726 &#8211; 13\u00ba andar, conjunto 1303 \u2013 S\u00e3o Paulo\/SP<\/p>\t\t\t\t\t\t\t\t<\/div>\n\t\t\t\t<\/div>\n\t\t\t\t\t<\/div>\n\t\t<\/div>\n\t\t\t\t<div class=\"elementor-column elementor-col-50 elementor-top-column elementor-element elementor-element-507f5656\" data-id=\"507f5656\" data-element_type=\"column\" data-settings=\"{&quot;background_background&quot;:&quot;classic&quot;}\">\n\t\t\t<div class=\"elementor-widget-wrap elementor-element-populated\">\n\t\t\t\t\t\t<div class=\"elementor-element elementor-element-3ba8e82c elementor-widget elementor-widget-heading\" data-id=\"3ba8e82c\" data-element_type=\"widget\" data-widget_type=\"heading.default\">\n\t\t\t\t<div class=\"elementor-widget-container\">\n\t\t\t\t\t<h2 class=\"elementor-heading-title elementor-size-default\">Fale Conosco<\/h2>\t\t\t\t<\/div>\n\t\t\t\t<\/div>\n\t\t\t\t<div class=\"elementor-element elementor-element-5147ff0a form-padrao elementor-widget elementor-widget-wpforms\" data-id=\"5147ff0a\" data-element_type=\"widget\" data-widget_type=\"wpforms.default\">\n\t\t\t\t<div class=\"elementor-widget-container\">\n\t\t\t\t\t<div class=\"wpforms-container wpforms-container-full\" id=\"wpforms-40101\"><form id=\"wpforms-form-40101\" class=\"wpforms-validate wpforms-form wpforms-ajax-form\" data-formid=\"40101\" method=\"post\" enctype=\"multipart\/form-data\" action=\"\/sulamerica-odonto\/wp-json\/wp\/v2\/pages\/30757\" data-token=\"88188396aed1f3601290137fa37e04c6\" data-token-time=\"1777866375\"><noscript class=\"wpforms-error-noscript\">Ative o JavaScript no seu navegador para preencher este formul\u00e1rio.<\/noscript><div class=\"wpforms-field-container\"><div id=\"wpforms-40101-field_1-container\" class=\"wpforms-field wpforms-field-name\" data-field-id=\"1\"><label class=\"wpforms-field-label wpforms-label-hide\" for=\"wpforms-40101-field_1\">Nome<\/label><input type=\"text\" id=\"wpforms-40101-field_1\" class=\"wpforms-field-large\" name=\"wpforms[fields][1]\" placeholder=\"Nome\" ><\/div><div id=\"wpforms-40101-field_3-container\" class=\"wpforms-field wpforms-field-text\" data-field-id=\"3\"><label class=\"wpforms-field-label wpforms-label-hide\" for=\"wpforms-40101-field_3\">E-mail<\/label><input type=\"text\" id=\"wpforms-40101-field_3\" class=\"wpforms-field-large\" name=\"wpforms[fields][3]\" placeholder=\"E-mail\" ><\/div><div id=\"wpforms-40101-field_5-container\" class=\"wpforms-field wpforms-field-phone\" data-field-id=\"5\"><label class=\"wpforms-field-label wpforms-label-hide\" for=\"wpforms-40101-field_5\">Telefone<\/label><input type=\"tel\" id=\"wpforms-40101-field_5\" class=\"wpforms-field-large wpforms-smart-phone-field\" data-rule-smart-phone-field=\"true\" name=\"wpforms[fields][5]\" placeholder=\"Telefone\" aria-label=\"Telefone\" ><\/div><div id=\"wpforms-40101-field_6-container\" class=\"wpforms-field wpforms-field-radio wpforms-list-inline\" data-field-id=\"6\"><label class=\"wpforms-field-label wpforms-label-hide\">M\u00faltipla escolha<\/label><ul id=\"wpforms-40101-field_6\"><li class=\"choice-1 depth-1\"><input type=\"radio\" id=\"wpforms-40101-field_6_1\" name=\"wpforms[fields][6]\" value=\"Empresa\"  ><label class=\"wpforms-field-label-inline\" for=\"wpforms-40101-field_6_1\">Empresa<\/label><\/li><li class=\"choice-2 depth-1\"><input type=\"radio\" id=\"wpforms-40101-field_6_2\" name=\"wpforms[fields][6]\" value=\"Pessoa F\u00edsica\"  ><label class=\"wpforms-field-label-inline\" for=\"wpforms-40101-field_6_2\">Pessoa F\u00edsica<\/label><\/li><\/ul><\/div><div id=\"wpforms-40101-field_7-container\" class=\"wpforms-field wpforms-field-textarea\" data-field-id=\"7\"><label class=\"wpforms-field-label wpforms-label-hide\" for=\"wpforms-40101-field_7\">Mensagem<\/label><textarea id=\"wpforms-40101-field_7\" class=\"wpforms-field-medium\" name=\"wpforms[fields][7]\" placeholder=\"Mensagem\" ><\/textarea><\/div><\/div><!-- .wpforms-field-container --><div class=\"wpforms-submit-container\" ><input type=\"hidden\" name=\"wpforms[id]\" value=\"40101\"><input type=\"hidden\" name=\"page_title\" value=\"\"><input type=\"hidden\" name=\"page_url\" value=\"https:\/\/compareplanodesaude.com.br\/sulamerica-odonto\/wp-json\/wp\/v2\/pages\/30757\"><input type=\"hidden\" name=\"url_referer\" value=\"\"><button type=\"submit\" name=\"wpforms[submit]\" id=\"wpforms-submit-40101\" class=\"wpforms-submit\" data-alt-text=\"Enviando...\" data-submit-text=\"Enviar\" aria-live=\"assertive\" value=\"wpforms-submit\">Enviar<\/button><img decoding=\"async\" src=\"https:\/\/compareplanodesaude.com.br\/sulamerica-odonto\/wp-content\/plugins\/wpforms\/assets\/images\/submit-spin.svg\" class=\"wpforms-submit-spinner\" style=\"display: none;\" width=\"26\" height=\"26\" alt=\"Carregando\"><\/div><\/form><\/div>  <!-- .wpforms-container -->\t\t\t\t<\/div>\n\t\t\t\t<\/div>\n\t\t\t\t\t<\/div>\n\t\t<\/div>\n\t\t\t\t\t<\/div>\n\t\t<\/section>\n\t\t\t\t<\/div>\n\t\t","protected":false},"excerpt":{"rendered":"<p>D\u00favidas? Fale com um de nossos consultores especializados Telefone\u00a02639-7328 Consultoria Especializada WhatsApp\u00a0 96492-9380 Atendimento 24 horas CHAT ONLINE Nosso endere\u00e7o \u00e9 na Av. Paulista, n\u00ba 726 &#8211; 13\u00ba andar, conjunto 1303 \u2013 S\u00e3o Paulo\/SP Fale Conosco<\/p>\n","protected":false},"author":1,"featured_media":0,"parent":0,"menu_order":0,"comment_status":"closed","ping_status":"closed","template":"","meta":{"footnotes":""},"tags":[],"class_list":["post-30757","page","type-page","status-publish","hentry"],"yoast_head":"<!-- This site is optimized with the Yoast SEO plugin v26.3 - https:\/\/yoast.com\/wordpress\/plugins\/seo\/ -->\n<title>Entre em contato com a SulAm\u00e9rica Odonto - Fale Conosco<\/title>\n<meta name=\"description\" content=\"Entre em contato com a SulAm\u00e9rica Odonto para demais informa\u00e7\u00f5es e fale com um de nossos consultores especialistas odontol\u00f3gicos. Consultoria especializada exclusiva da SulAm\u00e9rica Odonto.\" \/>\n<meta name=\"robots\" content=\"index, follow, max-snippet:-1, max-image-preview:large, max-video-preview:-1\" \/>\n<link rel=\"canonical\" href=\"https:\/\/compareplanodesaude.com.br\/sulamerica-odonto\/sulamerica-odonto-contato\/\" \/>\n<meta property=\"og:locale\" content=\"pt_BR\" \/>\n<meta property=\"og:type\" content=\"article\" \/>\n<meta property=\"og:title\" content=\"Entre em contato com a SulAm\u00e9rica Odonto - Fale Conosco\" \/>\n<meta property=\"og:description\" content=\"Entre em contato com a SulAm\u00e9rica Odonto para demais informa\u00e7\u00f5es e fale com um de nossos consultores especialistas odontol\u00f3gicos. Consultoria especializada exclusiva da SulAm\u00e9rica Odonto.\" \/>\n<meta property=\"og:url\" content=\"https:\/\/compareplanodesaude.com.br\/sulamerica-odonto\/sulamerica-odonto-contato\/\" \/>\n<meta property=\"og:site_name\" content=\"SulAm\u00e9rica Odonto Online\" \/>\n<meta property=\"article:modified_time\" content=\"2022-01-04T14:53:04+00:00\" \/>\n<meta name=\"twitter:card\" content=\"summary_large_image\" \/>\n<meta name=\"twitter:label1\" content=\"Est. tempo de leitura\" \/>\n\t<meta name=\"twitter:data1\" content=\"1 minuto\" \/>\n<script type=\"application\/ld+json\" class=\"yoast-schema-graph\">{\"@context\":\"https:\/\/schema.org\",\"@graph\":[{\"@type\":\"WebPage\",\"@id\":\"https:\/\/compareplanodesaude.com.br\/sulamerica-odonto\/sulamerica-odonto-contato\/\",\"url\":\"https:\/\/compareplanodesaude.com.br\/sulamerica-odonto\/sulamerica-odonto-contato\/\",\"name\":\"Entre em contato com a SulAm\u00e9rica Odonto - Fale Conosco\",\"isPartOf\":{\"@id\":\"https:\/\/compareplanodesaude.com.br\/sulamerica-odonto\/#website\"},\"datePublished\":\"2017-06-04T01:18:57+00:00\",\"dateModified\":\"2022-01-04T14:53:04+00:00\",\"description\":\"Entre em contato com a SulAm\u00e9rica Odonto para demais informa\u00e7\u00f5es e fale com um de nossos consultores especialistas odontol\u00f3gicos. Consultoria especializada exclusiva da SulAm\u00e9rica Odonto.\",\"inLanguage\":\"pt-BR\",\"potentialAction\":[{\"@type\":\"ReadAction\",\"target\":[\"https:\/\/compareplanodesaude.com.br\/sulamerica-odonto\/sulamerica-odonto-contato\/\"]}]},{\"@type\":\"WebSite\",\"@id\":\"https:\/\/compareplanodesaude.com.br\/sulamerica-odonto\/#website\",\"url\":\"https:\/\/compareplanodesaude.com.br\/sulamerica-odonto\/\",\"name\":\"SulAm\u00e9rica Odonto Online\",\"description\":\"Planos Odontol\u00f3gicos SulAm\u00e9rica Odonto\",\"potentialAction\":[{\"@type\":\"SearchAction\",\"target\":{\"@type\":\"EntryPoint\",\"urlTemplate\":\"https:\/\/compareplanodesaude.com.br\/sulamerica-odonto\/?s={search_term_string}\"},\"query-input\":{\"@type\":\"PropertyValueSpecification\",\"valueRequired\":true,\"valueName\":\"search_term_string\"}}],\"inLanguage\":\"pt-BR\"}]}<\/script>\n<!-- \/ Yoast SEO plugin. -->","yoast_head_json":{"title":"Entre em contato com a SulAm\u00e9rica Odonto - Fale Conosco","description":"Entre em contato com a SulAm\u00e9rica Odonto para demais informa\u00e7\u00f5es e fale com um de nossos consultores especialistas odontol\u00f3gicos. Consultoria especializada exclusiva da SulAm\u00e9rica Odonto.","robots":{"index":"index","follow":"follow","max-snippet":"max-snippet:-1","max-image-preview":"max-image-preview:large","max-video-preview":"max-video-preview:-1"},"canonical":"https:\/\/compareplanodesaude.com.br\/sulamerica-odonto\/sulamerica-odonto-contato\/","og_locale":"pt_BR","og_type":"article","og_title":"Entre em contato com a SulAm\u00e9rica Odonto - Fale Conosco","og_description":"Entre em contato com a SulAm\u00e9rica Odonto para demais informa\u00e7\u00f5es e fale com um de nossos consultores especialistas odontol\u00f3gicos. Consultoria especializada exclusiva da SulAm\u00e9rica Odonto.","og_url":"https:\/\/compareplanodesaude.com.br\/sulamerica-odonto\/sulamerica-odonto-contato\/","og_site_name":"SulAm\u00e9rica Odonto Online","article_modified_time":"2022-01-04T14:53:04+00:00","twitter_card":"summary_large_image","twitter_misc":{"Est. tempo de leitura":"1 minuto"},"schema":{"@context":"https:\/\/schema.org","@graph":[{"@type":"WebPage","@id":"https:\/\/compareplanodesaude.com.br\/sulamerica-odonto\/sulamerica-odonto-contato\/","url":"https:\/\/compareplanodesaude.com.br\/sulamerica-odonto\/sulamerica-odonto-contato\/","name":"Entre em contato com a SulAm\u00e9rica Odonto - Fale Conosco","isPartOf":{"@id":"https:\/\/compareplanodesaude.com.br\/sulamerica-odonto\/#website"},"datePublished":"2017-06-04T01:18:57+00:00","dateModified":"2022-01-04T14:53:04+00:00","description":"Entre em contato com a SulAm\u00e9rica Odonto para demais informa\u00e7\u00f5es e fale com um de nossos consultores especialistas odontol\u00f3gicos. Consultoria especializada exclusiva da SulAm\u00e9rica Odonto.","inLanguage":"pt-BR","potentialAction":[{"@type":"ReadAction","target":["https:\/\/compareplanodesaude.com.br\/sulamerica-odonto\/sulamerica-odonto-contato\/"]}]},{"@type":"WebSite","@id":"https:\/\/compareplanodesaude.com.br\/sulamerica-odonto\/#website","url":"https:\/\/compareplanodesaude.com.br\/sulamerica-odonto\/","name":"SulAm\u00e9rica Odonto Online","description":"Planos Odontol\u00f3gicos SulAm\u00e9rica Odonto","potentialAction":[{"@type":"SearchAction","target":{"@type":"EntryPoint","urlTemplate":"https:\/\/compareplanodesaude.com.br\/sulamerica-odonto\/?s={search_term_string}"},"query-input":{"@type":"PropertyValueSpecification","valueRequired":true,"valueName":"search_term_string"}}],"inLanguage":"pt-BR"}]}},"_links":{"self":[{"href":"https:\/\/compareplanodesaude.com.br\/sulamerica-odonto\/wp-json\/wp\/v2\/pages\/30757","targetHints":{"allow":["GET"]}}],"collection":[{"href":"https:\/\/compareplanodesaude.com.br\/sulamerica-odonto\/wp-json\/wp\/v2\/pages"}],"about":[{"href":"https:\/\/compareplanodesaude.com.br\/sulamerica-odonto\/wp-json\/wp\/v2\/types\/page"}],"author":[{"embeddable":true,"href":"https:\/\/compareplanodesaude.com.br\/sulamerica-odonto\/wp-json\/wp\/v2\/users\/1"}],"replies":[{"embeddable":true,"href":"https:\/\/compareplanodesaude.com.br\/sulamerica-odonto\/wp-json\/wp\/v2\/comments?post=30757"}],"version-history":[{"count":0,"href":"https:\/\/compareplanodesaude.com.br\/sulamerica-odonto\/wp-json\/wp\/v2\/pages\/30757\/revisions"}],"wp:attachment":[{"href":"https:\/\/compareplanodesaude.com.br\/sulamerica-odonto\/wp-json\/wp\/v2\/media?parent=30757"}],"wp:term":[{"taxonomy":"post_tag","embeddable":true,"href":"https:\/\/compareplanodesaude.com.br\/sulamerica-odonto\/wp-json\/wp\/v2\/tags?post=30757"}],"curies":[{"name":"wp","href":"https:\/\/api.w.org\/{rel}","templated":true}]}}