{"id":62554,"date":"2019-07-03T11:37:12","date_gmt":"2019-07-03T11:37:12","guid":{"rendered":"https:\/\/saocristovaosaude24h.com.br\/?page_id=62554"},"modified":"2023-04-05T12:53:07","modified_gmt":"2023-04-05T12:53:07","slug":"torne-se-cliente","status":"publish","type":"page","link":"https:\/\/compareplanodesaude.com.br\/sao-cristovao\/torne-se-cliente\/","title":{"rendered":"Torne-se Cliente"},"content":{"rendered":"\t\t<div data-elementor-type=\"wp-page\" data-elementor-id=\"62554\" class=\"elementor elementor-62554\" data-elementor-post-type=\"page\">\n\t\t\t\t\t\t<section class=\"elementor-section elementor-top-section elementor-element elementor-element-15011aa elementor-section-boxed elementor-section-height-default elementor-section-height-default\" data-id=\"15011aa\" data-element_type=\"section\" data-settings=\"{&quot;background_background&quot;:&quot;classic&quot;}\">\n\t\t\t\t\t\t<div class=\"elementor-container elementor-column-gap-default\">\n\t\t\t\t\t<div class=\"elementor-column elementor-col-50 elementor-top-column elementor-element elementor-element-d9d8e59\" data-id=\"d9d8e59\" data-element_type=\"column\">\n\t\t\t<div class=\"elementor-widget-wrap elementor-element-populated\">\n\t\t\t\t\t\t<div class=\"elementor-element elementor-element-43757d2 elementor-widget elementor-widget-heading\" data-id=\"43757d2\" data-element_type=\"widget\" data-widget_type=\"heading.default\">\n\t\t\t\t<div class=\"elementor-widget-container\">\n\t\t\t\t\t<h1 class=\"elementor-heading-title elementor-size-default\">Torne-se cliente!<\/h1>\t\t\t\t<\/div>\n\t\t\t\t<\/div>\n\t\t\t\t<div class=\"elementor-element elementor-element-3ca22af elementor-widget-divider--view-line elementor-widget elementor-widget-divider\" data-id=\"3ca22af\" data-element_type=\"widget\" data-widget_type=\"divider.default\">\n\t\t\t\t<div class=\"elementor-widget-container\">\n\t\t\t\t\t\t\t<div class=\"elementor-divider\">\n\t\t\t<span class=\"elementor-divider-separator\">\n\t\t\t\t\t\t<\/span>\n\t\t<\/div>\n\t\t\t\t\t\t<\/div>\n\t\t\t\t<\/div>\n\t\t\t\t<div class=\"elementor-element elementor-element-820bd5f elementor-widget elementor-widget-text-editor\" data-id=\"820bd5f\" data-element_type=\"widget\" data-widget_type=\"text-editor.default\">\n\t\t\t\t<div class=\"elementor-widget-container\">\n\t\t\t\t\t\t\t\t\t<p>Preencha o formul\u00e1rio e torne-se um benefici\u00e1rio do Plano de Sa\u00fade da S\u00e3o Crist\u00f3v\u00e3o<\/p>\t\t\t\t\t\t\t\t<\/div>\n\t\t\t\t<\/div>\n\t\t\t\t\t<\/div>\n\t\t<\/div>\n\t\t\t\t<div class=\"elementor-column elementor-col-50 elementor-top-column elementor-element elementor-element-5664a93\" data-id=\"5664a93\" data-element_type=\"column\">\n\t\t\t<div class=\"elementor-widget-wrap elementor-element-populated\">\n\t\t\t\t\t\t<div class=\"elementor-element elementor-element-efd6cae desconto-form elementor-widget elementor-widget-wpforms\" data-id=\"efd6cae\" data-element_type=\"widget\" data-widget_type=\"wpforms.default\">\n\t\t\t\t<div class=\"elementor-widget-container\">\n\t\t\t\t\t<div class=\"wpforms-container wpforms-container-full wpforms-form-abandonment desconto-form\" id=\"wpforms-62557\"><form id=\"wpforms-form-62557\" class=\"wpforms-validate wpforms-form\" data-formid=\"62557\" method=\"post\" enctype=\"multipart\/form-data\" action=\"\/sao-cristovao\/wp-json\/wp\/v2\/pages\/62554\" data-token=\"1f7c7552f6afacad633aba806d149719\" data-token-time=\"1778246096\"><noscript class=\"wpforms-error-noscript\">Ative o JavaScript no seu navegador para preencher este formul\u00e1rio.<\/noscript><div class=\"wpforms-field-container\"><div id=\"wpforms-62557-field_1-container\" class=\"wpforms-field wpforms-field-name label-full\" data-field-id=\"1\"><label class=\"wpforms-field-label wpforms-label-hide\" for=\"wpforms-62557-field_1\">Nome <span class=\"wpforms-required-label\">*<\/span><\/label><input type=\"text\" id=\"wpforms-62557-field_1\" class=\"wpforms-field-large wpforms-field-required\" name=\"wpforms[fields][1]\" placeholder=\"Nome\" required><\/div><div id=\"wpforms-62557-field_2-container\" class=\"wpforms-field wpforms-field-email label-full\" data-field-id=\"2\"><label class=\"wpforms-field-label wpforms-label-hide\" for=\"wpforms-62557-field_2\">E-mail <span class=\"wpforms-required-label\">*<\/span><\/label><input type=\"email\" id=\"wpforms-62557-field_2\" class=\"wpforms-field-large wpforms-field-required\" name=\"wpforms[fields][2]\" placeholder=\"e-mail\" spellcheck=\"false\" required><\/div><div id=\"wpforms-62557-field_3-container\" class=\"wpforms-field wpforms-field-text label-full\" data-field-id=\"3\"><label class=\"wpforms-field-label wpforms-label-hide\" for=\"wpforms-62557-field_3\">Telefone <span class=\"wpforms-required-label\">*<\/span><\/label><input type=\"text\" id=\"wpforms-62557-field_3\" class=\"wpforms-field-large wpforms-field-required wpforms-masked-input\" data-rule-inputmask-incomplete=\"1\" data-inputmask-mask=\"(99) 9999-9999\" name=\"wpforms[fields][3]\" placeholder=\"Telefone\" required><\/div><div id=\"wpforms-62557-field_21-container\" class=\"wpforms-field wpforms-field-text label-full\" data-field-id=\"21\"><label class=\"wpforms-field-label wpforms-label-hide\" for=\"wpforms-62557-field_21\">Celular (copy) <span class=\"wpforms-required-label\">*<\/span><\/label><input type=\"text\" id=\"wpforms-62557-field_21\" class=\"wpforms-field-large wpforms-field-required wpforms-masked-input\" data-rule-inputmask-incomplete=\"1\" data-inputmask-mask=\"(99) 9 9999-9999\" name=\"wpforms[fields][21]\" placeholder=\"Celular\" required><\/div><div id=\"wpforms-62557-field_23-container\" class=\"wpforms-field wpforms-field-html textformpadleft\" data-field-id=\"23\"><div id=\"wpforms-62557-field_23\"><p>Escolha o tipo do plano<\/p><\/div><\/div><div id=\"wpforms-62557-field_4-container\" class=\"wpforms-field wpforms-field-radio formsemcor wpforms-list-inline wpforms-conditional-trigger\" data-field-id=\"4\"><label class=\"wpforms-field-label wpforms-label-hide\">Escolha o tipo do plano<\/label><ul id=\"wpforms-62557-field_4\" class=\"wpforms-image-choices wpforms-image-choices-modern\"><li class=\"choice-4 depth-1 wpforms-image-choices-item\"><label class=\"wpforms-field-label-inline\" for=\"wpforms-62557-field_4_4\" tabindex=\"0\"><span class=\"wpforms-image-choices-image\"><\/span><input type=\"radio\" id=\"wpforms-62557-field_4_4\" class=\"wpforms-screen-reader-element\" name=\"wpforms[fields][4]\" value=\"Empresarial\" tabindex=\"-1\"  ><span class=\"wpforms-image-choices-label\">Empresarial<\/span><\/label><\/li><li class=\"choice-2 depth-1 wpforms-image-choices-item\"><label class=\"wpforms-field-label-inline\" for=\"wpforms-62557-field_4_2\" tabindex=\"0\"><span class=\"wpforms-image-choices-image\"><\/span><input type=\"radio\" id=\"wpforms-62557-field_4_2\" class=\"wpforms-screen-reader-element\" name=\"wpforms[fields][4]\" value=\"Individual e Familiar\" tabindex=\"-1\"  ><span class=\"wpforms-image-choices-label\">Individual e Familiar<\/span><\/label><\/li><\/ul><\/div><div id=\"wpforms-62557-field_5-container\" class=\"wpforms-field wpforms-field-radio desconto-form-lifes wpforms-list-inline wpforms-conditional-field wpforms-conditional-show wpforms-conditional-trigger\" data-field-id=\"5\" style=\"display:none;\"><label class=\"wpforms-field-label\">N\u00famero de vidas<\/label><ul id=\"wpforms-62557-field_5\"><li class=\"choice-1 depth-1\"><input type=\"radio\" id=\"wpforms-62557-field_5_1\" name=\"wpforms[fields][5]\" value=\"1 a 10\"  ><label class=\"wpforms-field-label-inline\" for=\"wpforms-62557-field_5_1\">1 a 10<\/label><\/li><li class=\"choice-2 depth-1\"><input type=\"radio\" id=\"wpforms-62557-field_5_2\" name=\"wpforms[fields][5]\" value=\"11 a 29\"  ><label class=\"wpforms-field-label-inline\" for=\"wpforms-62557-field_5_2\">11 a 29<\/label><\/li><li class=\"choice-5 depth-1\"><input type=\"radio\" id=\"wpforms-62557-field_5_5\" name=\"wpforms[fields][5]\" value=\"30 a 99\"  ><label class=\"wpforms-field-label-inline\" for=\"wpforms-62557-field_5_5\">30 a 99<\/label><\/li><li class=\"choice-6 depth-1\"><input type=\"radio\" id=\"wpforms-62557-field_5_6\" name=\"wpforms[fields][5]\" value=\"100 +\"  ><label class=\"wpforms-field-label-inline\" for=\"wpforms-62557-field_5_6\">100 +<\/label><\/li><\/ul><\/div><div id=\"wpforms-62557-field_6-container\" class=\"wpforms-field wpforms-field-text wpforms-conditional-field wpforms-conditional-show\" data-field-id=\"6\" style=\"display:none;\"><label class=\"wpforms-field-label wpforms-label-hide\" for=\"wpforms-62557-field_6\">Idade das vidas<\/label><input type=\"text\" id=\"wpforms-62557-field_6\" class=\"wpforms-field-large\" name=\"wpforms[fields][6]\" placeholder=\"Idade das vidas\" ><\/div><div id=\"wpforms-62557-field_12-container\" class=\"wpforms-field wpforms-field-radio wpforms-list-2-columns wpforms-conditional-field wpforms-conditional-show wpforms-conditional-trigger\" data-field-id=\"12\" style=\"display:none;\"><label class=\"wpforms-field-label\">Prefer\u00eancia de atendimento em algum hospital ou regi\u00e3o espec\u00edfica?<\/label><ul id=\"wpforms-62557-field_12\"><li class=\"choice-1 depth-1\"><input type=\"radio\" id=\"wpforms-62557-field_12_1\" name=\"wpforms[fields][12]\" value=\"Sim\"  ><label class=\"wpforms-field-label-inline\" for=\"wpforms-62557-field_12_1\">Sim<\/label><\/li><li class=\"choice-2 depth-1\"><input type=\"radio\" id=\"wpforms-62557-field_12_2\" name=\"wpforms[fields][12]\" value=\"N\u00e3o\"  ><label class=\"wpforms-field-label-inline\" for=\"wpforms-62557-field_12_2\">N\u00e3o<\/label><\/li><\/ul><\/div><div id=\"wpforms-62557-field_18-container\" class=\"wpforms-field wpforms-field-text wpforms-conditional-field wpforms-conditional-show\" data-field-id=\"18\" style=\"display:none;\"><label class=\"wpforms-field-label wpforms-label-hide\" for=\"wpforms-62557-field_18\">Especifique o Hospital \/ Regi\u00e3o<\/label><input type=\"text\" id=\"wpforms-62557-field_18\" class=\"wpforms-field-large\" name=\"wpforms[fields][18]\" placeholder=\"Especifique o hospital \/ regi\u00e3o\" ><\/div><div id=\"wpforms-62557-field_14-container\" class=\"wpforms-field wpforms-field-radio wpforms-list-2-columns wpforms-conditional-trigger\" data-field-id=\"14\"><label class=\"wpforms-field-label\">Possui plano de sa\u00fade atualmente?<\/label><ul id=\"wpforms-62557-field_14\"><li class=\"choice-1 depth-1\"><input type=\"radio\" id=\"wpforms-62557-field_14_1\" name=\"wpforms[fields][14]\" value=\"Sim\"  ><label class=\"wpforms-field-label-inline\" for=\"wpforms-62557-field_14_1\">Sim<\/label><\/li><li class=\"choice-2 depth-1\"><input type=\"radio\" id=\"wpforms-62557-field_14_2\" name=\"wpforms[fields][14]\" value=\"N\u00e3o\"  ><label class=\"wpforms-field-label-inline\" for=\"wpforms-62557-field_14_2\">N\u00e3o<\/label><\/li><\/ul><\/div><div id=\"wpforms-62557-field_19-container\" class=\"wpforms-field wpforms-field-text wpforms-conditional-field wpforms-conditional-show\" data-field-id=\"19\" style=\"display:none;\"><label class=\"wpforms-field-label wpforms-label-hide\" for=\"wpforms-62557-field_19\">Especifique o plano de sa\u00fade<\/label><input type=\"text\" id=\"wpforms-62557-field_19\" class=\"wpforms-field-large\" name=\"wpforms[fields][19]\" placeholder=\"Especifique o plano de sa\u00fade\" ><\/div><\/div><!-- .wpforms-field-container --><div class=\"wpforms-field wpforms-field-hp\"><label for=\"wpforms-62557-field-hp\" class=\"wpforms-field-label\">Name<\/label><input type=\"text\" name=\"wpforms[hp]\" id=\"wpforms-62557-field-hp\" class=\"wpforms-field-medium\"><\/div><div class=\"wpforms-submit-container\" ><input type=\"hidden\" name=\"wpforms[id]\" value=\"62557\"><input type=\"hidden\" name=\"page_title\" value=\"\"><input type=\"hidden\" name=\"page_url\" value=\"https:\/\/compareplanodesaude.com.br\/sao-cristovao\/wp-json\/wp\/v2\/pages\/62554\"><input type=\"hidden\" name=\"url_referer\" value=\"https:\/\/compareplanodesaude.com.br\/sao-cristovao\/torne-se-cliente\/\"><button type=\"submit\" name=\"wpforms[submit]\" id=\"wpforms-submit-62557\" class=\"wpforms-submit btn btn-secondary\" data-alt-text=\"Enviando...\" data-submit-text=\"Enviar\" aria-live=\"assertive\" value=\"wpforms-submit\">Enviar<\/button><\/div><\/form><\/div>  <!-- .wpforms-container -->\t\t\t\t<\/div>\n\t\t\t\t<\/div>\n\t\t\t\t\t<\/div>\n\t\t<\/div>\n\t\t\t\t\t<\/div>\n\t\t<\/section>\n\t\t\t\t<\/div>\n\t\t","protected":false},"excerpt":{"rendered":"<p>Torne-se cliente! Preencha o formul\u00e1rio e torne-se um benefici\u00e1rio do Plano de Sa\u00fade da S\u00e3o Crist\u00f3v\u00e3o<\/p>\n","protected":false},"author":1,"featured_media":0,"parent":0,"menu_order":0,"comment_status":"closed","ping_status":"closed","template":"","meta":{"footnotes":""},"tags":[],"class_list":["post-62554","page","type-page","status-publish","hentry"],"yoast_head":"<!-- This site is optimized with the Yoast SEO plugin v26.3 - https:\/\/yoast.com\/wordpress\/plugins\/seo\/ -->\n<title>Torne-se Cliente S\u00e3o Cristov\u00e3o<\/title>\n<meta name=\"description\" content=\"Preencha o formul\u00e1rio e torne-se um benefici\u00e1rio do Plano de Sa\u00fade da S\u00e3o Crist\u00f3v\u00e3o! Garanta o seu Desconto!\" \/>\n<meta name=\"robots\" content=\"index, follow, max-snippet:-1, max-image-preview:large, max-video-preview:-1\" \/>\n<link rel=\"canonical\" href=\"https:\/\/compareplanodesaude.com.br\/sao-cristovao\/torne-se-cliente\/\" \/>\n<meta property=\"og:locale\" content=\"pt_BR\" \/>\n<meta property=\"og:type\" content=\"article\" \/>\n<meta property=\"og:title\" content=\"Torne-se Cliente S\u00e3o Cristov\u00e3o\" \/>\n<meta property=\"og:description\" content=\"Preencha o formul\u00e1rio e torne-se um benefici\u00e1rio do Plano de Sa\u00fade da S\u00e3o Crist\u00f3v\u00e3o! Garanta o seu Desconto!\" \/>\n<meta property=\"og:url\" content=\"https:\/\/compareplanodesaude.com.br\/sao-cristovao\/torne-se-cliente\/\" \/>\n<meta property=\"og:site_name\" content=\"S\u00e3o Crist\u00f3v\u00e3o - Planos de sa\u00fade com desconto de at\u00e9 30%\" \/>\n<meta property=\"article:modified_time\" content=\"2023-04-05T12:53:07+00:00\" \/>\n<meta name=\"twitter:card\" content=\"summary_large_image\" \/>\n<meta name=\"twitter:label1\" content=\"Est. tempo de leitura\" \/>\n\t<meta name=\"twitter:data1\" content=\"1 minuto\" \/>\n<script type=\"application\/ld+json\" class=\"yoast-schema-graph\">{\"@context\":\"https:\/\/schema.org\",\"@graph\":[{\"@type\":\"WebPage\",\"@id\":\"https:\/\/compareplanodesaude.com.br\/sao-cristovao\/torne-se-cliente\/\",\"url\":\"https:\/\/compareplanodesaude.com.br\/sao-cristovao\/torne-se-cliente\/\",\"name\":\"Torne-se Cliente S\u00e3o Cristov\u00e3o\",\"isPartOf\":{\"@id\":\"https:\/\/compareplanodesaude.com.br\/sao-cristovao\/#website\"},\"datePublished\":\"2019-07-03T11:37:12+00:00\",\"dateModified\":\"2023-04-05T12:53:07+00:00\",\"description\":\"Preencha o formul\u00e1rio e torne-se um benefici\u00e1rio do Plano de Sa\u00fade da S\u00e3o Crist\u00f3v\u00e3o! Garanta o seu Desconto!\",\"inLanguage\":\"pt-BR\",\"potentialAction\":[{\"@type\":\"ReadAction\",\"target\":[\"https:\/\/compareplanodesaude.com.br\/sao-cristovao\/torne-se-cliente\/\"]}]},{\"@type\":\"WebSite\",\"@id\":\"https:\/\/compareplanodesaude.com.br\/sao-cristovao\/#website\",\"url\":\"https:\/\/compareplanodesaude.com.br\/sao-cristovao\/\",\"name\":\"S\u00e3o Crist\u00f3v\u00e3o - Planos de sa\u00fade com desconto de at\u00e9 30%\",\"description\":\"O melhor custo benef\u00edcio do mercado, com toda a excel\u00eancia ao cuidar de voc\u00ea!\",\"potentialAction\":[{\"@type\":\"SearchAction\",\"target\":{\"@type\":\"EntryPoint\",\"urlTemplate\":\"https:\/\/compareplanodesaude.com.br\/sao-cristovao\/?s={search_term_string}\"},\"query-input\":{\"@type\":\"PropertyValueSpecification\",\"valueRequired\":true,\"valueName\":\"search_term_string\"}}],\"inLanguage\":\"pt-BR\"}]}<\/script>\n<!-- \/ Yoast SEO plugin. -->","yoast_head_json":{"title":"Torne-se Cliente S\u00e3o Cristov\u00e3o","description":"Preencha o formul\u00e1rio e torne-se um benefici\u00e1rio do Plano de Sa\u00fade da S\u00e3o Crist\u00f3v\u00e3o! Garanta o seu Desconto!","robots":{"index":"index","follow":"follow","max-snippet":"max-snippet:-1","max-image-preview":"max-image-preview:large","max-video-preview":"max-video-preview:-1"},"canonical":"https:\/\/compareplanodesaude.com.br\/sao-cristovao\/torne-se-cliente\/","og_locale":"pt_BR","og_type":"article","og_title":"Torne-se Cliente S\u00e3o Cristov\u00e3o","og_description":"Preencha o formul\u00e1rio e torne-se um benefici\u00e1rio do Plano de Sa\u00fade da S\u00e3o Crist\u00f3v\u00e3o! Garanta o seu Desconto!","og_url":"https:\/\/compareplanodesaude.com.br\/sao-cristovao\/torne-se-cliente\/","og_site_name":"S\u00e3o Crist\u00f3v\u00e3o - Planos de sa\u00fade com desconto de at\u00e9 30%","article_modified_time":"2023-04-05T12:53:07+00:00","twitter_card":"summary_large_image","twitter_misc":{"Est. tempo de leitura":"1 minuto"},"schema":{"@context":"https:\/\/schema.org","@graph":[{"@type":"WebPage","@id":"https:\/\/compareplanodesaude.com.br\/sao-cristovao\/torne-se-cliente\/","url":"https:\/\/compareplanodesaude.com.br\/sao-cristovao\/torne-se-cliente\/","name":"Torne-se Cliente S\u00e3o Cristov\u00e3o","isPartOf":{"@id":"https:\/\/compareplanodesaude.com.br\/sao-cristovao\/#website"},"datePublished":"2019-07-03T11:37:12+00:00","dateModified":"2023-04-05T12:53:07+00:00","description":"Preencha o formul\u00e1rio e torne-se um benefici\u00e1rio do Plano de Sa\u00fade da S\u00e3o Crist\u00f3v\u00e3o! Garanta o seu Desconto!","inLanguage":"pt-BR","potentialAction":[{"@type":"ReadAction","target":["https:\/\/compareplanodesaude.com.br\/sao-cristovao\/torne-se-cliente\/"]}]},{"@type":"WebSite","@id":"https:\/\/compareplanodesaude.com.br\/sao-cristovao\/#website","url":"https:\/\/compareplanodesaude.com.br\/sao-cristovao\/","name":"S\u00e3o Crist\u00f3v\u00e3o - Planos de sa\u00fade com desconto de at\u00e9 30%","description":"O melhor custo benef\u00edcio do mercado, com toda a excel\u00eancia ao cuidar de voc\u00ea!","potentialAction":[{"@type":"SearchAction","target":{"@type":"EntryPoint","urlTemplate":"https:\/\/compareplanodesaude.com.br\/sao-cristovao\/?s={search_term_string}"},"query-input":{"@type":"PropertyValueSpecification","valueRequired":true,"valueName":"search_term_string"}}],"inLanguage":"pt-BR"}]}},"_links":{"self":[{"href":"https:\/\/compareplanodesaude.com.br\/sao-cristovao\/wp-json\/wp\/v2\/pages\/62554","targetHints":{"allow":["GET"]}}],"collection":[{"href":"https:\/\/compareplanodesaude.com.br\/sao-cristovao\/wp-json\/wp\/v2\/pages"}],"about":[{"href":"https:\/\/compareplanodesaude.com.br\/sao-cristovao\/wp-json\/wp\/v2\/types\/page"}],"author":[{"embeddable":true,"href":"https:\/\/compareplanodesaude.com.br\/sao-cristovao\/wp-json\/wp\/v2\/users\/1"}],"replies":[{"embeddable":true,"href":"https:\/\/compareplanodesaude.com.br\/sao-cristovao\/wp-json\/wp\/v2\/comments?post=62554"}],"version-history":[{"count":1,"href":"https:\/\/compareplanodesaude.com.br\/sao-cristovao\/wp-json\/wp\/v2\/pages\/62554\/revisions"}],"predecessor-version":[{"id":232530,"href":"https:\/\/compareplanodesaude.com.br\/sao-cristovao\/wp-json\/wp\/v2\/pages\/62554\/revisions\/232530"}],"wp:attachment":[{"href":"https:\/\/compareplanodesaude.com.br\/sao-cristovao\/wp-json\/wp\/v2\/media?parent=62554"}],"wp:term":[{"taxonomy":"post_tag","embeddable":true,"href":"https:\/\/compareplanodesaude.com.br\/sao-cristovao\/wp-json\/wp\/v2\/tags?post=62554"}],"curies":[{"name":"wp","href":"https:\/\/api.w.org\/{rel}","templated":true}]}}