{"id":29563,"date":"2019-03-25T21:28:21","date_gmt":"2019-03-25T21:28:21","guid":{"rendered":"http:\/\/qsaudebrasil.com.br\/?page_id=29563"},"modified":"2022-03-15T17:12:15","modified_gmt":"2022-03-15T17:12:15","slug":"contato","status":"publish","type":"page","link":"https:\/\/compareplanodesaude.com.br\/qsaude\/contato\/","title":{"rendered":"Qsa\u00fade &#8211; Contato"},"content":{"rendered":"\t\t<div data-elementor-type=\"wp-page\" data-elementor-id=\"29563\" class=\"elementor elementor-29563\" data-elementor-post-type=\"page\">\n\t\t\t\t\t\t<section class=\"elementor-section elementor-top-section elementor-element elementor-element-0c8801f elementor-section-boxed elementor-section-height-default elementor-section-height-default\" data-id=\"0c8801f\" data-element_type=\"section\" data-settings=\"{&quot;background_background&quot;:&quot;classic&quot;}\">\n\t\t\t\t\t\t\t<div class=\"elementor-background-overlay\"><\/div>\n\t\t\t\t\t\t\t<div class=\"elementor-container elementor-column-gap-default\">\n\t\t\t\t\t<div class=\"elementor-column elementor-col-100 elementor-top-column elementor-element elementor-element-50d603d\" data-id=\"50d603d\" data-element_type=\"column\">\n\t\t\t<div class=\"elementor-widget-wrap elementor-element-populated\">\n\t\t\t\t\t\t<div class=\"elementor-element elementor-element-c64cb5d elementor-widget elementor-widget-spacer\" data-id=\"c64cb5d\" data-element_type=\"widget\" data-widget_type=\"spacer.default\">\n\t\t\t\t<div class=\"elementor-widget-container\">\n\t\t\t\t\t\t\t<div class=\"elementor-spacer\">\n\t\t\t<div class=\"elementor-spacer-inner\"><\/div>\n\t\t<\/div>\n\t\t\t\t\t\t<\/div>\n\t\t\t\t<\/div>\n\t\t\t\t<section class=\"elementor-section elementor-inner-section elementor-element elementor-element-4346bd0 elementor-section-boxed elementor-section-height-default elementor-section-height-default\" data-id=\"4346bd0\" data-element_type=\"section\">\n\t\t\t\t\t\t<div class=\"elementor-container elementor-column-gap-default\">\n\t\t\t\t\t<div class=\"elementor-column elementor-col-50 elementor-inner-column elementor-element elementor-element-92ae6a2\" data-id=\"92ae6a2\" data-element_type=\"column\">\n\t\t\t<div class=\"elementor-widget-wrap elementor-element-populated\">\n\t\t\t\t\t\t<div class=\"elementor-element elementor-element-d8e9f56 elementor-widget elementor-widget-heading\" data-id=\"d8e9f56\" data-element_type=\"widget\" data-widget_type=\"heading.default\">\n\t\t\t\t<div class=\"elementor-widget-container\">\n\t\t\t\t\t<h1 class=\"elementor-heading-title elementor-size-default\">Contato<\/h1>\t\t\t\t<\/div>\n\t\t\t\t<\/div>\n\t\t\t\t<div class=\"elementor-element elementor-element-c90b3fd elementor-widget elementor-widget-text-editor\" data-id=\"c90b3fd\" data-element_type=\"widget\" data-widget_type=\"text-editor.default\">\n\t\t\t\t<div class=\"elementor-widget-container\">\n\t\t\t\t\t\t\t\t\t<p>Deixe aqui suas d\u00favidas, sugest\u00f5es,<\/p><p>elogios ou reclama\u00e7\u00f5es.<\/p>\t\t\t\t\t\t\t\t<\/div>\n\t\t\t\t<\/div>\n\t\t\t\t<div class=\"elementor-element elementor-element-3618084 elementor-widget-divider--view-line elementor-widget elementor-widget-divider\" data-id=\"3618084\" data-element_type=\"widget\" data-widget_type=\"divider.default\">\n\t\t\t\t<div class=\"elementor-widget-container\">\n\t\t\t\t\t\t\t<div class=\"elementor-divider\">\n\t\t\t<span class=\"elementor-divider-separator\">\n\t\t\t\t\t\t<\/span>\n\t\t<\/div>\n\t\t\t\t\t\t<\/div>\n\t\t\t\t<\/div>\n\t\t\t\t<div class=\"elementor-element elementor-element-3b47ff8 elementor-widget elementor-widget-text-editor\" data-id=\"3b47ff8\" data-element_type=\"widget\" data-widget_type=\"text-editor.default\">\n\t\t\t\t<div class=\"elementor-widget-container\">\n\t\t\t\t\t\t\t\t\t<p>Fale com um de nossos consultores<\/p><p>especializados<\/p><h4><strong><span style=\"color: #9c63f6;\">Telefone<\/span> <span style=\"color: #9c63f6;\">(11) 3863-7906<\/span><\/strong><\/h4><p>Consultoria Especializada<\/p><h4><span style=\"color: #9c63f6;\"><strong>WhatsApp (11)\u00a0 95591-3910<\/strong><\/span><\/h4><p>Atendimento 24 horas<\/p>\t\t\t\t\t\t\t\t<\/div>\n\t\t\t\t<\/div>\n\t\t\t\t<div class=\"elementor-element elementor-element-765270c elementor-widget elementor-widget-spacer\" data-id=\"765270c\" data-element_type=\"widget\" data-widget_type=\"spacer.default\">\n\t\t\t\t<div class=\"elementor-widget-container\">\n\t\t\t\t\t\t\t<div class=\"elementor-spacer\">\n\t\t\t<div class=\"elementor-spacer-inner\"><\/div>\n\t\t<\/div>\n\t\t\t\t\t\t<\/div>\n\t\t\t\t<\/div>\n\t\t\t\t\t<\/div>\n\t\t<\/div>\n\t\t\t\t<div class=\"elementor-column elementor-col-50 elementor-inner-column elementor-element elementor-element-fe65e05\" data-id=\"fe65e05\" data-element_type=\"column\">\n\t\t\t<div class=\"elementor-widget-wrap elementor-element-populated\">\n\t\t\t\t\t\t<div class=\"elementor-element elementor-element-215f3e7 desconto-form elementor-widget elementor-widget-wpforms\" data-id=\"215f3e7\" data-element_type=\"widget\" data-widget_type=\"wpforms.default\">\n\t\t\t\t<div class=\"elementor-widget-container\">\n\t\t\t\t\t<div class=\"wpforms-container wpforms-container-full wpforms-form-abandonment\" id=\"wpforms-30191\"><form id=\"wpforms-form-30191\" class=\"wpforms-validate wpforms-form\" data-formid=\"30191\" method=\"post\" enctype=\"multipart\/form-data\" action=\"\/qsaude\/wp-json\/wp\/v2\/pages\/29563\" data-token=\"285a9f62af9accc51fa5630f897ea3d9\" data-token-time=\"1778268464\"><noscript class=\"wpforms-error-noscript\">Ative o JavaScript no seu navegador para preencher este formul\u00e1rio.<\/noscript><div class=\"wpforms-field-container\"><div id=\"wpforms-30191-field_15-container\" class=\"wpforms-field wpforms-field-name placeholder-black\" data-field-id=\"15\"><label class=\"wpforms-field-label wpforms-label-hide\" for=\"wpforms-30191-field_15\">nome <span class=\"wpforms-required-label\">*<\/span><\/label><input type=\"text\" id=\"wpforms-30191-field_15\" class=\"wpforms-field-large wpforms-field-required\" name=\"wpforms[fields][15]\" placeholder=\"Nome\" required><\/div><div id=\"wpforms-30191-field_19-container\" class=\"wpforms-field wpforms-field-email\" data-field-id=\"19\"><label class=\"wpforms-field-label wpforms-label-hide\" for=\"wpforms-30191-field_19\">email <span class=\"wpforms-required-label\">*<\/span><\/label><input type=\"email\" id=\"wpforms-30191-field_19\" class=\"wpforms-field-large wpforms-field-required\" name=\"wpforms[fields][19]\" placeholder=\"E-mail\" spellcheck=\"false\" required><\/div><div id=\"wpforms-30191-field_25-container\" class=\"wpforms-field wpforms-field-text\" data-field-id=\"25\"><label class=\"wpforms-field-label wpforms-label-hide\" for=\"wpforms-30191-field_25\">Celular <span class=\"wpforms-required-label\">*<\/span><\/label><input type=\"text\" id=\"wpforms-30191-field_25\" class=\"wpforms-field-large wpforms-field-required wpforms-masked-input\" data-rule-inputmask-incomplete=\"1\" data-inputmask-mask=\"(99) 99999-9999\" name=\"wpforms[fields][25]\" placeholder=\"Celular\" required><\/div><div id=\"wpforms-30191-field_21-container\" class=\"wpforms-field wpforms-field-radio formsemcor wpforms-list-inline wpforms-conditional-trigger\" data-field-id=\"21\"><label class=\"wpforms-field-label wpforms-label-hide\">Tipo de cliente<\/label><ul id=\"wpforms-30191-field_21\" class=\"wpforms-image-choices wpforms-image-choices-modern\"><li class=\"choice-1 depth-1 wpforms-image-choices-item\"><label class=\"wpforms-field-label-inline\" for=\"wpforms-30191-field_21_1\" tabindex=\"0\"><span class=\"wpforms-image-choices-image\"><\/span><input type=\"radio\" id=\"wpforms-30191-field_21_1\" class=\"wpforms-screen-reader-element\" name=\"wpforms[fields][21]\" value=\"J\u00e1 sou cliente\" tabindex=\"-1\"  ><span class=\"wpforms-image-choices-label\">J\u00e1 sou cliente<\/span><\/label><\/li><li class=\"choice-2 depth-1 wpforms-image-choices-item\"><label class=\"wpforms-field-label-inline\" for=\"wpforms-30191-field_21_2\" tabindex=\"0\"><span class=\"wpforms-image-choices-image\"><\/span><input type=\"radio\" id=\"wpforms-30191-field_21_2\" class=\"wpforms-screen-reader-element\" name=\"wpforms[fields][21]\" value=\"N\u00e3o sou cliente\" tabindex=\"-1\"  ><span class=\"wpforms-image-choices-label\">N\u00e3o sou cliente<\/span><\/label><\/li><\/ul><\/div><div id=\"wpforms-30191-field_22-container\" class=\"wpforms-field wpforms-field-html acordform wpforms-conditional-field wpforms-conditional-show\" data-field-id=\"22\" style=\"display:none;\"><div id=\"wpforms-30191-field_22\">Movimenta\u00e7\u00e3o Financeira\r\n\r\nInclus\u00e3o e exclus\u00e3o de dependentes, altera\u00e7\u00e3o de dados, entre outros servi\u00e7os, ligue para:\r\n(11) 3003-6000 \r\n \r\n \r\n\t\t\t\t\r\nSegunda Via de boleto\r\n\r\nPara emiss\u00e3o de segunda via de boleto, ligue para: \r\n(11) 3003-6000 \r\n \r\n \r\n\t\t\t\t\r\nAgendamento\r\n\r\nPara agendamento de consultas e exames, ligue para: \r\n(11) 3003-6000 \r\n \r\n \r\n\t\t\t\t\r\n\t\t\t\t\r\nOutros\r\n\r\nPara outros servi\u00e7os entre em contato: \r\n(11) 3003-6000<\/div><\/div><div id=\"wpforms-30191-field_23-container\" class=\"wpforms-field wpforms-field-html acordform wpforms-conditional-field wpforms-conditional-show\" data-field-id=\"23\" style=\"display:none;\"><div id=\"wpforms-30191-field_23\">Cota\u00e7\u00e3o\r\n\r\nSolicite uma cota\u00e7\u00e3o online e um de nossos consultores entrar\u00e1 em contato.\r\n \r\n \r\n\t\t\t\t\r\nCarta de Perman\u00eancia\r\n\r\nPara solicitar sua carta de perman\u00eancia entre em contato atrav\u00e9s do n\u00famero:\r\n(11) 95591-3910 \r\n(11) 95591-3910 \r\n \r\n \r\n\t\t\t\t\r\nOutros\r\n\r\nPara outras solicita\u00e7\u00f5es entre em contato: \r\n(11) 95591-3910 \r\n(11) 95591-3910<\/div><\/div><div id=\"wpforms-30191-field_20-container\" class=\"wpforms-field wpforms-field-textarea\" data-field-id=\"20\"><label class=\"wpforms-field-label wpforms-label-hide\" for=\"wpforms-30191-field_20\">mensagem<\/label><textarea id=\"wpforms-30191-field_20\" class=\"wpforms-field-medium\" name=\"wpforms[fields][20]\" placeholder=\"Digite aqui sua mensagem\" ><\/textarea><\/div><\/div><!-- .wpforms-field-container --><div class=\"wpforms-submit-container\" ><input type=\"hidden\" name=\"wpforms[id]\" value=\"30191\"><input type=\"hidden\" name=\"page_title\" value=\"\"><input type=\"hidden\" name=\"page_url\" value=\"https:\/\/compareplanodesaude.com.br\/qsaude\/wp-json\/wp\/v2\/pages\/29563\"><input type=\"hidden\" name=\"url_referer\" value=\"\"><button type=\"submit\" name=\"wpforms[submit]\" id=\"wpforms-submit-30191\" class=\"wpforms-submit\" data-alt-text=\"ENVIANDO\" data-submit-text=\"ENVIAR\" aria-live=\"assertive\" value=\"wpforms-submit\">ENVIAR<\/button><\/div><\/form><\/div>  <!-- .wpforms-container -->\t\t\t\t<\/div>\n\t\t\t\t<\/div>\n\t\t\t\t\t<\/div>\n\t\t<\/div>\n\t\t\t\t\t<\/div>\n\t\t<\/section>\n\t\t\t\t\t<\/div>\n\t\t<\/div>\n\t\t\t\t\t<\/div>\n\t\t<\/section>\n\t\t\t\t<\/div>\n\t\t","protected":false},"excerpt":{"rendered":"<p>Contato Deixe aqui suas d\u00favidas, sugest\u00f5es, elogios ou reclama\u00e7\u00f5es. Fale com um de nossos consultores especializados Telefone (11) 3863-7906 Consultoria Especializada WhatsApp (11)\u00a0 95591-3910 Atendimento 24 horas<\/p>\n","protected":false},"author":1,"featured_media":0,"parent":0,"menu_order":0,"comment_status":"closed","ping_status":"closed","template":"","meta":{"footnotes":""},"tags":[],"class_list":["post-29563","page","type-page","status-publish","hentry"],"yoast_head":"<!-- This site is optimized with the Yoast SEO plugin v26.3 - https:\/\/yoast.com\/wordpress\/plugins\/seo\/ -->\n<title>Qsa\u00fade - Confira o Canal Oficial de Contato Qsa\u00fade<\/title>\n<meta name=\"description\" content=\"Acesse Est\u00e1 P\u00e1gina Para ter Contato ao Plano Individual e Familiarrr. Confira a P\u00e1gina de Contato Qsa\u00fade Para Mais Informa\u00e7\u00f5es.\" \/>\n<meta name=\"robots\" content=\"index, follow, max-snippet:-1, max-image-preview:large, max-video-preview:-1\" \/>\n<link rel=\"canonical\" href=\"https:\/\/compareplanodesaude.com.br\/qsaude\/contato\/\" \/>\n<meta property=\"og:locale\" content=\"pt_BR\" \/>\n<meta property=\"og:type\" content=\"article\" \/>\n<meta property=\"og:title\" content=\"Qsa\u00fade - Confira o Canal Oficial de Contato Qsa\u00fade\" \/>\n<meta property=\"og:description\" content=\"Acesse Est\u00e1 P\u00e1gina Para ter Contato ao Plano Individual e Familiarrr. Confira a P\u00e1gina de Contato Qsa\u00fade Para Mais Informa\u00e7\u00f5es.\" \/>\n<meta property=\"og:url\" content=\"https:\/\/compareplanodesaude.com.br\/qsaude\/contato\/\" \/>\n<meta property=\"og:site_name\" content=\"QSaude - Planos de sa\u00fade com desconto de at\u00e9 30%\" \/>\n<meta property=\"article:modified_time\" content=\"2022-03-15T17:12:15+00:00\" \/>\n<meta name=\"twitter:card\" content=\"summary_large_image\" \/>\n<meta name=\"twitter:label1\" content=\"Est. tempo de leitura\" \/>\n\t<meta name=\"twitter:data1\" content=\"1 minuto\" \/>\n<script type=\"application\/ld+json\" class=\"yoast-schema-graph\">{\"@context\":\"https:\/\/schema.org\",\"@graph\":[{\"@type\":\"WebPage\",\"@id\":\"https:\/\/compareplanodesaude.com.br\/qsaude\/contato\/\",\"url\":\"https:\/\/compareplanodesaude.com.br\/qsaude\/contato\/\",\"name\":\"Qsa\u00fade - Confira o Canal Oficial de Contato Qsa\u00fade\",\"isPartOf\":{\"@id\":\"https:\/\/compareplanodesaude.com.br\/qsaude\/#website\"},\"datePublished\":\"2019-03-25T21:28:21+00:00\",\"dateModified\":\"2022-03-15T17:12:15+00:00\",\"description\":\"Acesse Est\u00e1 P\u00e1gina Para ter Contato ao Plano Individual e Familiarrr. Confira a P\u00e1gina de Contato Qsa\u00fade Para Mais Informa\u00e7\u00f5es.\",\"inLanguage\":\"pt-BR\",\"potentialAction\":[{\"@type\":\"ReadAction\",\"target\":[\"https:\/\/compareplanodesaude.com.br\/qsaude\/contato\/\"]}]},{\"@type\":\"WebSite\",\"@id\":\"https:\/\/compareplanodesaude.com.br\/qsaude\/#website\",\"url\":\"https:\/\/compareplanodesaude.com.br\/qsaude\/\",\"name\":\"QSaude - Planos de sa\u00fade com desconto de at\u00e9 30%\",\"description\":\"O melhor custo benef\u00edcio do mercado, com toda a excel\u00eancia ao cuidar de voc\u00ea!\",\"potentialAction\":[{\"@type\":\"SearchAction\",\"target\":{\"@type\":\"EntryPoint\",\"urlTemplate\":\"https:\/\/compareplanodesaude.com.br\/qsaude\/?s={search_term_string}\"},\"query-input\":{\"@type\":\"PropertyValueSpecification\",\"valueRequired\":true,\"valueName\":\"search_term_string\"}}],\"inLanguage\":\"pt-BR\"}]}<\/script>\n<!-- \/ Yoast SEO plugin. -->","yoast_head_json":{"title":"Qsa\u00fade - Confira o Canal Oficial de Contato Qsa\u00fade","description":"Acesse Est\u00e1 P\u00e1gina Para ter Contato ao Plano Individual e Familiarrr. Confira a P\u00e1gina de Contato Qsa\u00fade Para Mais Informa\u00e7\u00f5es.","robots":{"index":"index","follow":"follow","max-snippet":"max-snippet:-1","max-image-preview":"max-image-preview:large","max-video-preview":"max-video-preview:-1"},"canonical":"https:\/\/compareplanodesaude.com.br\/qsaude\/contato\/","og_locale":"pt_BR","og_type":"article","og_title":"Qsa\u00fade - Confira o Canal Oficial de Contato Qsa\u00fade","og_description":"Acesse Est\u00e1 P\u00e1gina Para ter Contato ao Plano Individual e Familiarrr. Confira a P\u00e1gina de Contato Qsa\u00fade Para Mais Informa\u00e7\u00f5es.","og_url":"https:\/\/compareplanodesaude.com.br\/qsaude\/contato\/","og_site_name":"QSaude - Planos de sa\u00fade com desconto de at\u00e9 30%","article_modified_time":"2022-03-15T17:12:15+00:00","twitter_card":"summary_large_image","twitter_misc":{"Est. tempo de leitura":"1 minuto"},"schema":{"@context":"https:\/\/schema.org","@graph":[{"@type":"WebPage","@id":"https:\/\/compareplanodesaude.com.br\/qsaude\/contato\/","url":"https:\/\/compareplanodesaude.com.br\/qsaude\/contato\/","name":"Qsa\u00fade - Confira o Canal Oficial de Contato Qsa\u00fade","isPartOf":{"@id":"https:\/\/compareplanodesaude.com.br\/qsaude\/#website"},"datePublished":"2019-03-25T21:28:21+00:00","dateModified":"2022-03-15T17:12:15+00:00","description":"Acesse Est\u00e1 P\u00e1gina Para ter Contato ao Plano Individual e Familiarrr. Confira a P\u00e1gina de Contato Qsa\u00fade Para Mais Informa\u00e7\u00f5es.","inLanguage":"pt-BR","potentialAction":[{"@type":"ReadAction","target":["https:\/\/compareplanodesaude.com.br\/qsaude\/contato\/"]}]},{"@type":"WebSite","@id":"https:\/\/compareplanodesaude.com.br\/qsaude\/#website","url":"https:\/\/compareplanodesaude.com.br\/qsaude\/","name":"QSaude - Planos de sa\u00fade com desconto de at\u00e9 30%","description":"O melhor custo benef\u00edcio do mercado, com toda a excel\u00eancia ao cuidar de voc\u00ea!","potentialAction":[{"@type":"SearchAction","target":{"@type":"EntryPoint","urlTemplate":"https:\/\/compareplanodesaude.com.br\/qsaude\/?s={search_term_string}"},"query-input":{"@type":"PropertyValueSpecification","valueRequired":true,"valueName":"search_term_string"}}],"inLanguage":"pt-BR"}]}},"_links":{"self":[{"href":"https:\/\/compareplanodesaude.com.br\/qsaude\/wp-json\/wp\/v2\/pages\/29563","targetHints":{"allow":["GET"]}}],"collection":[{"href":"https:\/\/compareplanodesaude.com.br\/qsaude\/wp-json\/wp\/v2\/pages"}],"about":[{"href":"https:\/\/compareplanodesaude.com.br\/qsaude\/wp-json\/wp\/v2\/types\/page"}],"author":[{"embeddable":true,"href":"https:\/\/compareplanodesaude.com.br\/qsaude\/wp-json\/wp\/v2\/users\/1"}],"replies":[{"embeddable":true,"href":"https:\/\/compareplanodesaude.com.br\/qsaude\/wp-json\/wp\/v2\/comments?post=29563"}],"version-history":[{"count":0,"href":"https:\/\/compareplanodesaude.com.br\/qsaude\/wp-json\/wp\/v2\/pages\/29563\/revisions"}],"wp:attachment":[{"href":"https:\/\/compareplanodesaude.com.br\/qsaude\/wp-json\/wp\/v2\/media?parent=29563"}],"wp:term":[{"taxonomy":"post_tag","embeddable":true,"href":"https:\/\/compareplanodesaude.com.br\/qsaude\/wp-json\/wp\/v2\/tags?post=29563"}],"curies":[{"name":"wp","href":"https:\/\/api.w.org\/{rel}","templated":true}]}}