{"id":47892,"date":"2019-05-06T13:11:45","date_gmt":"2019-05-06T13:11:45","guid":{"rendered":"http:\/\/healthforpet24h.com.br\/?page_id=47892"},"modified":"2022-04-29T13:29:09","modified_gmt":"2022-04-29T13:29:09","slug":"cotacao-online","status":"publish","type":"page","link":"https:\/\/compareplanodesaude.com.br\/porto-pet\/cotacao-online\/","title":{"rendered":"Porto Pet &#8211; Cota\u00e7\u00e3o Online"},"content":{"rendered":"\t\t<div data-elementor-type=\"wp-page\" data-elementor-id=\"47892\" class=\"elementor elementor-47892\" data-elementor-post-type=\"page\">\n\t\t\t\t\t\t<section class=\"elementor-section elementor-top-section elementor-element elementor-element-f2578d4 elementor-section-boxed elementor-section-height-default elementor-section-height-default\" data-id=\"f2578d4\" data-element_type=\"section\" data-settings=\"{&quot;background_background&quot;:&quot;classic&quot;}\">\n\t\t\t\t\t\t<div class=\"elementor-container elementor-column-gap-default\">\n\t\t\t\t\t<div class=\"elementor-column elementor-col-100 elementor-top-column elementor-element elementor-element-e710e27\" data-id=\"e710e27\" data-element_type=\"column\">\n\t\t\t<div class=\"elementor-widget-wrap elementor-element-populated\">\n\t\t\t\t\t\t<div class=\"elementor-element elementor-element-c6f022b elementor-widget elementor-widget-spacer\" data-id=\"c6f022b\" data-element_type=\"widget\" data-widget_type=\"spacer.default\">\n\t\t\t\t<div class=\"elementor-widget-container\">\n\t\t\t\t\t\t\t<div class=\"elementor-spacer\">\n\t\t\t<div class=\"elementor-spacer-inner\"><\/div>\n\t\t<\/div>\n\t\t\t\t\t\t<\/div>\n\t\t\t\t<\/div>\n\t\t\t\t<div class=\"elementor-element elementor-element-a25ca96 elementor-widget elementor-widget-heading\" data-id=\"a25ca96\" data-element_type=\"widget\" data-widget_type=\"heading.default\">\n\t\t\t\t<div class=\"elementor-widget-container\">\n\t\t\t\t\t<h1 class=\"elementor-heading-title elementor-size-default\">Cota\u00e7\u00e3o Online<\/h1>\t\t\t\t<\/div>\n\t\t\t\t<\/div>\n\t\t\t\t<div class=\"elementor-element elementor-element-c9bf079 elementor-widget elementor-widget-spacer\" data-id=\"c9bf079\" data-element_type=\"widget\" data-widget_type=\"spacer.default\">\n\t\t\t\t<div class=\"elementor-widget-container\">\n\t\t\t\t\t\t\t<div class=\"elementor-spacer\">\n\t\t\t<div class=\"elementor-spacer-inner\"><\/div>\n\t\t<\/div>\n\t\t\t\t\t\t<\/div>\n\t\t\t\t<\/div>\n\t\t\t\t\t<\/div>\n\t\t<\/div>\n\t\t\t\t\t<\/div>\n\t\t<\/section>\n\t\t\t\t<section class=\"elementor-section elementor-top-section elementor-element elementor-element-d7bb4b9 elementor-section-boxed elementor-section-height-default elementor-section-height-default\" data-id=\"d7bb4b9\" data-element_type=\"section\">\n\t\t\t\t\t\t<div class=\"elementor-container elementor-column-gap-default\">\n\t\t\t\t\t<div class=\"elementor-column elementor-col-50 elementor-top-column elementor-element elementor-element-17e532b\" data-id=\"17e532b\" data-element_type=\"column\" data-settings=\"{&quot;background_background&quot;:&quot;classic&quot;}\">\n\t\t\t<div class=\"elementor-widget-wrap elementor-element-populated\">\n\t\t\t\t\t\t<section class=\"elementor-section elementor-inner-section elementor-element elementor-element-f461f07 elementor-section-boxed elementor-section-height-default elementor-section-height-default\" data-id=\"f461f07\" data-element_type=\"section\" data-settings=\"{&quot;background_background&quot;:&quot;classic&quot;}\">\n\t\t\t\t\t\t<div class=\"elementor-container elementor-column-gap-default\">\n\t\t\t\t\t<div class=\"elementor-column elementor-col-100 elementor-inner-column elementor-element elementor-element-8e677f1\" data-id=\"8e677f1\" data-element_type=\"column\">\n\t\t\t<div class=\"elementor-widget-wrap elementor-element-populated\">\n\t\t\t\t\t\t<div class=\"elementor-element elementor-element-7fa056b elementor-widget elementor-widget-text-editor\" data-id=\"7fa056b\" data-element_type=\"widget\" data-widget_type=\"text-editor.default\">\n\t\t\t\t<div class=\"elementor-widget-container\">\n\t\t\t\t\t\t\t\t\t<p class=\"\">01. Preencha o formul\u00e1rio<\/p><p>02. Garanta seu desconto de at\u00e9 20%<\/p><p>03. Receba uma cota\u00e7\u00e3o do plano Health for Pet<\/p>\t\t\t\t\t\t\t\t<\/div>\n\t\t\t\t<\/div>\n\t\t\t\t\t<\/div>\n\t\t<\/div>\n\t\t\t\t\t<\/div>\n\t\t<\/section>\n\t\t\t\t<div class=\"elementor-element elementor-element-7be5f1c elementor-widget elementor-widget-image\" data-id=\"7be5f1c\" data-element_type=\"widget\" data-widget_type=\"image.default\">\n\t\t\t\t<div class=\"elementor-widget-container\">\n\t\t\t\t\t\t\t\t\t\t\t\t\t\t\t<img fetchpriority=\"high\" decoding=\"async\" width=\"666\" height=\"1000\" src=\"https:\/\/compareplanodesaude.com.br\/porto-pet\/wp-content\/uploads\/sites\/28\/2022\/04\/Cachorro-PNG-1.png\" class=\"attachment-large size-large wp-image-69015\" alt=\"\" srcset=\"https:\/\/compareplanodesaude.com.br\/porto-pet\/wp-content\/uploads\/sites\/28\/2022\/04\/Cachorro-PNG-1.png 666w, https:\/\/compareplanodesaude.com.br\/porto-pet\/wp-content\/uploads\/sites\/28\/2022\/04\/Cachorro-PNG-1-200x300.png 200w, https:\/\/compareplanodesaude.com.br\/porto-pet\/wp-content\/uploads\/sites\/28\/2022\/04\/Cachorro-PNG-1-150x225.png 150w\" sizes=\"(max-width: 666px) 100vw, 666px\" \/>\t\t\t\t\t\t\t\t\t\t\t\t\t\t\t<\/div>\n\t\t\t\t<\/div>\n\t\t\t\t\t<\/div>\n\t\t<\/div>\n\t\t\t\t<div class=\"elementor-column elementor-col-50 elementor-top-column elementor-element elementor-element-9f2790b\" data-id=\"9f2790b\" data-element_type=\"column\">\n\t\t\t<div class=\"elementor-widget-wrap elementor-element-populated\">\n\t\t\t\t\t\t<div class=\"elementor-element elementor-element-de7eaf9 desconto-form elementor-widget elementor-widget-wpforms\" data-id=\"de7eaf9\" data-element_type=\"widget\" data-widget_type=\"wpforms.default\">\n\t\t\t\t<div class=\"elementor-widget-container\">\n\t\t\t\t\t<div class=\"wpforms-container wpforms-container-full wpforms-form-abandonment\" id=\"wpforms-47890\"><form id=\"wpforms-form-47890\" class=\"wpforms-validate wpforms-form\" data-formid=\"47890\" method=\"post\" enctype=\"multipart\/form-data\" action=\"\/porto-pet\/wp-json\/wp\/v2\/pages\/47892\" data-token=\"5eb2cafccb36494c77bff560cdadc89e\" data-token-time=\"1778297347\"><noscript class=\"wpforms-error-noscript\">Ative o JavaScript no seu navegador para preencher este formul\u00e1rio.<\/noscript><div class=\"wpforms-field-container\"><div id=\"wpforms-47890-field_2-container\" class=\"wpforms-field wpforms-field-name form_icone_perfil\" data-field-id=\"2\"><label class=\"wpforms-field-label wpforms-label-hide\" for=\"wpforms-47890-field_2\">Nome <span class=\"wpforms-required-label\">*<\/span><\/label><input type=\"text\" id=\"wpforms-47890-field_2\" class=\"wpforms-field-large wpforms-field-required\" name=\"wpforms[fields][2]\" placeholder=\"Nome\" required><\/div><div id=\"wpforms-47890-field_3-container\" class=\"wpforms-field wpforms-field-email form_icone_email\" data-field-id=\"3\"><label class=\"wpforms-field-label wpforms-label-hide\" for=\"wpforms-47890-field_3\">E-mail <span class=\"wpforms-required-label\">*<\/span><\/label><input type=\"email\" id=\"wpforms-47890-field_3\" class=\"wpforms-field-large wpforms-field-required\" name=\"wpforms[fields][3]\" placeholder=\"E-mail\" spellcheck=\"false\" required><\/div><div id=\"wpforms-47890-field_10-container\" class=\"wpforms-field wpforms-field-text wpforms-one-half wpforms-first form_icone_telefone\" data-field-id=\"10\"><label class=\"wpforms-field-label wpforms-label-hide\" for=\"wpforms-47890-field_10\">Telefone <span class=\"wpforms-required-label\">*<\/span><\/label><input type=\"text\" id=\"wpforms-47890-field_10\" class=\"wpforms-field-large wpforms-field-required wpforms-masked-input\" data-rule-inputmask-incomplete=\"1\" data-inputmask-mask=\"(99) 9999-9999\" name=\"wpforms[fields][10]\" placeholder=\"Telefone\" required><\/div><div id=\"wpforms-47890-field_9-container\" class=\"wpforms-field wpforms-field-text wpforms-one-half form_icone_telefone\" data-field-id=\"9\"><label class=\"wpforms-field-label wpforms-label-hide\" for=\"wpforms-47890-field_9\">Celular <span class=\"wpforms-required-label\">*<\/span><\/label><input type=\"text\" id=\"wpforms-47890-field_9\" class=\"wpforms-field-large wpforms-field-required wpforms-masked-input\" data-rule-inputmask-incomplete=\"1\" data-inputmask-mask=\"(99) 99999-9999\" name=\"wpforms[fields][9]\" placeholder=\"Celular\" required><\/div><div id=\"wpforms-47890-field_6-container\" class=\"wpforms-field wpforms-field-text form_idade_vidas\" data-field-id=\"6\"><label class=\"wpforms-field-label wpforms-label-hide\" for=\"wpforms-47890-field_6\">Idade das vidas <span class=\"wpforms-required-label\">*<\/span><\/label><input type=\"text\" id=\"wpforms-47890-field_6\" class=\"wpforms-field-large wpforms-field-required\" name=\"wpforms[fields][6]\" placeholder=\"Idade das vidas\" required><\/div><div id=\"wpforms-47890-field_7-container\" class=\"wpforms-field wpforms-field-radio wpforms-list-2-columns\" data-field-id=\"7\"><label class=\"wpforms-field-label wpforms-label-hide\">Porte<\/label><ul id=\"wpforms-47890-field_7\"><li class=\"choice-1 depth-1\"><input type=\"radio\" id=\"wpforms-47890-field_7_1\" name=\"wpforms[fields][7]\" value=\"Individual\"  ><label class=\"wpforms-field-label-inline\" for=\"wpforms-47890-field_7_1\">Individual<\/label><\/li><li class=\"choice-2 depth-1\"><input type=\"radio\" id=\"wpforms-47890-field_7_2\" name=\"wpforms[fields][7]\" value=\"De 02 a 04 pets\"  ><label class=\"wpforms-field-label-inline\" for=\"wpforms-47890-field_7_2\">De 02 a 04 pets<\/label><\/li><li class=\"choice-3 depth-1\"><input type=\"radio\" id=\"wpforms-47890-field_7_3\" name=\"wpforms[fields][7]\" value=\"De 05 a 20 pets\"  ><label class=\"wpforms-field-label-inline\" for=\"wpforms-47890-field_7_3\">De 05 a 20 pets<\/label><\/li><li class=\"choice-4 depth-1\"><input type=\"radio\" id=\"wpforms-47890-field_7_4\" name=\"wpforms[fields][7]\" value=\"Acima de 21 pets\"  ><label class=\"wpforms-field-label-inline\" for=\"wpforms-47890-field_7_4\">Acima de 21 pets<\/label><\/li><\/ul><div class=\"wpforms-field-description\">Informe a quantidade de vidas*<\/div><\/div><div id=\"wpforms-47890-field_8-container\" class=\"wpforms-field wpforms-field-textarea\" data-field-id=\"8\"><label class=\"wpforms-field-label\" for=\"wpforms-47890-field_8\">Observa\u00e7\u00e3o<\/label><textarea id=\"wpforms-47890-field_8\" class=\"wpforms-field-large\" name=\"wpforms[fields][8]\" placeholder=\"Por gentileza, insira aqui a sua observa\u00e7\u00e3o\" ><\/textarea><\/div><div id=\"wpforms-47890-field_11-container\" class=\"wpforms-field wpforms-field-checkbox\" data-field-id=\"11\"><label class=\"wpforms-field-label wpforms-label-hide\">Caixas de marca\u00e7\u00e3o <span class=\"wpforms-required-label\">*<\/span><\/label><ul id=\"wpforms-47890-field_11\" class=\"wpforms-field-required\"><li class=\"choice-1 depth-1\"><input type=\"checkbox\" id=\"wpforms-47890-field_11_1\" name=\"wpforms[fields][11][]\" value=\"Concordo em receber um contato e aceito os termos de acordo com a pol\u00edtica de privacidade\" required ><label class=\"wpforms-field-label-inline\" for=\"wpforms-47890-field_11_1\">Concordo em receber um contato e aceito os termos de acordo com a pol\u00edtica de privacidade<\/label><\/li><\/ul><\/div><\/div><!-- .wpforms-field-container --><div class=\"wpforms-field wpforms-field-hp\"><label for=\"wpforms-47890-field-hp\" class=\"wpforms-field-label\">Comment<\/label><input type=\"text\" name=\"wpforms[hp]\" id=\"wpforms-47890-field-hp\" class=\"wpforms-field-medium\"><\/div><div class=\"wpforms-submit-container\" ><input type=\"hidden\" name=\"wpforms[id]\" value=\"47890\"><input type=\"hidden\" name=\"page_title\" value=\"\"><input type=\"hidden\" name=\"page_url\" value=\"https:\/\/compareplanodesaude.com.br\/porto-pet\/wp-json\/wp\/v2\/pages\/47892\"><input type=\"hidden\" name=\"url_referer\" value=\"\"><button type=\"submit\" name=\"wpforms[submit]\" id=\"wpforms-submit-47890\" class=\"wpforms-submit\" data-alt-text=\"Enviando\" data-submit-text=\"Enviar\" aria-live=\"assertive\" value=\"wpforms-submit\">Enviar<\/button><\/div><\/form><\/div>  <!-- .wpforms-container -->\t\t\t\t<\/div>\n\t\t\t\t<\/div>\n\t\t\t\t\t<\/div>\n\t\t<\/div>\n\t\t\t\t\t<\/div>\n\t\t<\/section>\n\t\t\t\t<\/div>\n\t\t","protected":false},"excerpt":{"rendered":"<p>\/*! elementor &#8211; v3.6.2 &#8211; 04-04-2022 *\/ .e-container.e-container&#8211;row .elementor-spacer-inner{width:var(&#8211;spacer-size)}.e-container.e-container&#8211;column .elementor-spacer-inner,.elementor-column .elementor-spacer-inner{height:var(&#8211;spacer-size)} \/*! elementor &#8211; v3.6.2 &#8211; 04-04-2022 *\/ .elementor-heading-title{padding:0;margin:0;line-height:1}.elementor-widget-heading .elementor-heading-title[class*=elementor-size-]&gt;a{color:inherit;font-size:inherit;line-height:inherit}.elementor-widget-heading .elementor-heading-title.elementor-size-small{font-size:15px}.elementor-widget-heading .elementor-heading-title.elementor-size-medium{font-size:19px}.elementor-widget-heading .elementor-heading-title.elementor-size-large{font-size:29px}.elementor-widget-heading .elementor-heading-title.elementor-size-xl{font-size:39px}.elementor-widget-heading .elementor-heading-title.elementor-size-xxl{font-size:59px} Cota\u00e7\u00e3o Online 01. Preencha o formul\u00e1rio 02. Garanta seu desconto de at\u00e9 20% 03. Receba uma cota\u00e7\u00e3o do plano Health for Pet \/*! elementor &#8211; v3.6.2 &#8211; 04-04-2022 *\/ .elementor-widget-image{text-align:center}.elementor-widget-image [&hellip;]<\/p>\n","protected":false},"author":20,"featured_media":0,"parent":0,"menu_order":0,"comment_status":"closed","ping_status":"closed","template":"","meta":{"footnotes":""},"tags":[],"class_list":["post-47892","page","type-page","status-publish","hentry"],"yoast_head":"<!-- This site is optimized with the Yoast SEO plugin v26.3 - https:\/\/yoast.com\/wordpress\/plugins\/seo\/ -->\n<title>Porto Pet - Fa\u00e7a uma Cota\u00e7\u00e3o Online Health for Pet<\/title>\n<meta name=\"description\" content=\"Receba At\u00e9 50% de Desconto Fazendo uma Cota\u00e7\u00e3o Online na Porto Pet. Confira Todos os Planos, Pre\u00e7os e Benef\u00edcios da Health for Pet.\" \/>\n<meta name=\"robots\" content=\"index, follow, max-snippet:-1, max-image-preview:large, max-video-preview:-1\" \/>\n<link rel=\"canonical\" href=\"https:\/\/compareplanodesaude.com.br\/porto-pet\/cotacao-online\/\" \/>\n<meta property=\"og:locale\" content=\"pt_BR\" \/>\n<meta property=\"og:type\" content=\"article\" \/>\n<meta property=\"og:title\" content=\"Porto Pet - Fa\u00e7a uma Cota\u00e7\u00e3o Online Health for Pet\" \/>\n<meta property=\"og:description\" content=\"Receba At\u00e9 50% de Desconto Fazendo uma Cota\u00e7\u00e3o Online na Porto Pet. Confira Todos os Planos, Pre\u00e7os e Benef\u00edcios da Health for Pet.\" \/>\n<meta property=\"og:url\" content=\"https:\/\/compareplanodesaude.com.br\/porto-pet\/cotacao-online\/\" \/>\n<meta property=\"og:site_name\" content=\"Porto Pet\" \/>\n<meta property=\"article:modified_time\" content=\"2022-04-29T13:29:09+00:00\" \/>\n<meta property=\"og:image\" content=\"https:\/\/compareplanodesaude.com.br\/porto-pet\/wp-content\/uploads\/sites\/28\/2022\/04\/Cachorro-PNG-1.png\" \/>\n<meta name=\"twitter:card\" content=\"summary_large_image\" \/>\n<meta name=\"twitter:label1\" content=\"Est. tempo de leitura\" \/>\n\t<meta name=\"twitter:data1\" content=\"1 minuto\" \/>\n<script type=\"application\/ld+json\" class=\"yoast-schema-graph\">{\"@context\":\"https:\/\/schema.org\",\"@graph\":[{\"@type\":\"WebPage\",\"@id\":\"https:\/\/compareplanodesaude.com.br\/porto-pet\/cotacao-online\/\",\"url\":\"https:\/\/compareplanodesaude.com.br\/porto-pet\/cotacao-online\/\",\"name\":\"Porto Pet - Fa\u00e7a uma Cota\u00e7\u00e3o Online Health for Pet\",\"isPartOf\":{\"@id\":\"https:\/\/compareplanodesaude.com.br\/porto-pet\/#website\"},\"primaryImageOfPage\":{\"@id\":\"https:\/\/compareplanodesaude.com.br\/porto-pet\/cotacao-online\/#primaryimage\"},\"image\":{\"@id\":\"https:\/\/compareplanodesaude.com.br\/porto-pet\/cotacao-online\/#primaryimage\"},\"thumbnailUrl\":\"https:\/\/compareplanodesaude.com.br\/porto-pet\/wp-content\/uploads\/sites\/28\/2022\/04\/Cachorro-PNG-1.png\",\"datePublished\":\"2019-05-06T13:11:45+00:00\",\"dateModified\":\"2022-04-29T13:29:09+00:00\",\"description\":\"Receba At\u00e9 50% de Desconto Fazendo uma Cota\u00e7\u00e3o Online na Porto Pet. Confira Todos os Planos, Pre\u00e7os e Benef\u00edcios da Health for Pet.\",\"inLanguage\":\"pt-BR\",\"potentialAction\":[{\"@type\":\"ReadAction\",\"target\":[\"https:\/\/compareplanodesaude.com.br\/porto-pet\/cotacao-online\/\"]}]},{\"@type\":\"ImageObject\",\"inLanguage\":\"pt-BR\",\"@id\":\"https:\/\/compareplanodesaude.com.br\/porto-pet\/cotacao-online\/#primaryimage\",\"url\":\"https:\/\/compareplanodesaude.com.br\/porto-pet\/wp-content\/uploads\/sites\/28\/2022\/04\/Cachorro-PNG-1.png\",\"contentUrl\":\"https:\/\/compareplanodesaude.com.br\/porto-pet\/wp-content\/uploads\/sites\/28\/2022\/04\/Cachorro-PNG-1.png\",\"width\":666,\"height\":1000},{\"@type\":\"WebSite\",\"@id\":\"https:\/\/compareplanodesaude.com.br\/porto-pet\/#website\",\"url\":\"https:\/\/compareplanodesaude.com.br\/porto-pet\/\",\"name\":\"Porto Pet\",\"description\":\"Planos de sa\u00fade com at\u00e9 20% de desconto para o seu amigo pet!\",\"potentialAction\":[{\"@type\":\"SearchAction\",\"target\":{\"@type\":\"EntryPoint\",\"urlTemplate\":\"https:\/\/compareplanodesaude.com.br\/porto-pet\/?s={search_term_string}\"},\"query-input\":{\"@type\":\"PropertyValueSpecification\",\"valueRequired\":true,\"valueName\":\"search_term_string\"}}],\"inLanguage\":\"pt-BR\"}]}<\/script>\n<!-- \/ Yoast SEO plugin. -->","yoast_head_json":{"title":"Porto Pet - Fa\u00e7a uma Cota\u00e7\u00e3o Online Health for Pet","description":"Receba At\u00e9 50% de Desconto Fazendo uma Cota\u00e7\u00e3o Online na Porto Pet. Confira Todos os Planos, Pre\u00e7os e Benef\u00edcios da Health for Pet.","robots":{"index":"index","follow":"follow","max-snippet":"max-snippet:-1","max-image-preview":"max-image-preview:large","max-video-preview":"max-video-preview:-1"},"canonical":"https:\/\/compareplanodesaude.com.br\/porto-pet\/cotacao-online\/","og_locale":"pt_BR","og_type":"article","og_title":"Porto Pet - Fa\u00e7a uma Cota\u00e7\u00e3o Online Health for Pet","og_description":"Receba At\u00e9 50% de Desconto Fazendo uma Cota\u00e7\u00e3o Online na Porto Pet. Confira Todos os Planos, Pre\u00e7os e Benef\u00edcios da Health for Pet.","og_url":"https:\/\/compareplanodesaude.com.br\/porto-pet\/cotacao-online\/","og_site_name":"Porto Pet","article_modified_time":"2022-04-29T13:29:09+00:00","og_image":[{"url":"https:\/\/compareplanodesaude.com.br\/porto-pet\/wp-content\/uploads\/sites\/28\/2022\/04\/Cachorro-PNG-1.png","type":"","width":"","height":""}],"twitter_card":"summary_large_image","twitter_misc":{"Est. tempo de leitura":"1 minuto"},"schema":{"@context":"https:\/\/schema.org","@graph":[{"@type":"WebPage","@id":"https:\/\/compareplanodesaude.com.br\/porto-pet\/cotacao-online\/","url":"https:\/\/compareplanodesaude.com.br\/porto-pet\/cotacao-online\/","name":"Porto Pet - Fa\u00e7a uma Cota\u00e7\u00e3o Online Health for Pet","isPartOf":{"@id":"https:\/\/compareplanodesaude.com.br\/porto-pet\/#website"},"primaryImageOfPage":{"@id":"https:\/\/compareplanodesaude.com.br\/porto-pet\/cotacao-online\/#primaryimage"},"image":{"@id":"https:\/\/compareplanodesaude.com.br\/porto-pet\/cotacao-online\/#primaryimage"},"thumbnailUrl":"https:\/\/compareplanodesaude.com.br\/porto-pet\/wp-content\/uploads\/sites\/28\/2022\/04\/Cachorro-PNG-1.png","datePublished":"2019-05-06T13:11:45+00:00","dateModified":"2022-04-29T13:29:09+00:00","description":"Receba At\u00e9 50% de Desconto Fazendo uma Cota\u00e7\u00e3o Online na Porto Pet. Confira Todos os Planos, Pre\u00e7os e Benef\u00edcios da Health for Pet.","inLanguage":"pt-BR","potentialAction":[{"@type":"ReadAction","target":["https:\/\/compareplanodesaude.com.br\/porto-pet\/cotacao-online\/"]}]},{"@type":"ImageObject","inLanguage":"pt-BR","@id":"https:\/\/compareplanodesaude.com.br\/porto-pet\/cotacao-online\/#primaryimage","url":"https:\/\/compareplanodesaude.com.br\/porto-pet\/wp-content\/uploads\/sites\/28\/2022\/04\/Cachorro-PNG-1.png","contentUrl":"https:\/\/compareplanodesaude.com.br\/porto-pet\/wp-content\/uploads\/sites\/28\/2022\/04\/Cachorro-PNG-1.png","width":666,"height":1000},{"@type":"WebSite","@id":"https:\/\/compareplanodesaude.com.br\/porto-pet\/#website","url":"https:\/\/compareplanodesaude.com.br\/porto-pet\/","name":"Porto Pet","description":"Planos de sa\u00fade com at\u00e9 20% de desconto para o seu amigo pet!","potentialAction":[{"@type":"SearchAction","target":{"@type":"EntryPoint","urlTemplate":"https:\/\/compareplanodesaude.com.br\/porto-pet\/?s={search_term_string}"},"query-input":{"@type":"PropertyValueSpecification","valueRequired":true,"valueName":"search_term_string"}}],"inLanguage":"pt-BR"}]}},"_links":{"self":[{"href":"https:\/\/compareplanodesaude.com.br\/porto-pet\/wp-json\/wp\/v2\/pages\/47892","targetHints":{"allow":["GET"]}}],"collection":[{"href":"https:\/\/compareplanodesaude.com.br\/porto-pet\/wp-json\/wp\/v2\/pages"}],"about":[{"href":"https:\/\/compareplanodesaude.com.br\/porto-pet\/wp-json\/wp\/v2\/types\/page"}],"author":[{"embeddable":true,"href":"https:\/\/compareplanodesaude.com.br\/porto-pet\/wp-json\/wp\/v2\/users\/20"}],"replies":[{"embeddable":true,"href":"https:\/\/compareplanodesaude.com.br\/porto-pet\/wp-json\/wp\/v2\/comments?post=47892"}],"version-history":[{"count":0,"href":"https:\/\/compareplanodesaude.com.br\/porto-pet\/wp-json\/wp\/v2\/pages\/47892\/revisions"}],"wp:attachment":[{"href":"https:\/\/compareplanodesaude.com.br\/porto-pet\/wp-json\/wp\/v2\/media?parent=47892"}],"wp:term":[{"taxonomy":"post_tag","embeddable":true,"href":"https:\/\/compareplanodesaude.com.br\/porto-pet\/wp-json\/wp\/v2\/tags?post=47892"}],"curies":[{"name":"wp","href":"https:\/\/api.w.org\/{rel}","templated":true}]}}