{"id":47594,"date":"2019-04-26T20:51:11","date_gmt":"2019-04-26T20:51:11","guid":{"rendered":"http:\/\/healthforpet24h.com.br\/?page_id=47594"},"modified":"2023-05-23T15:42:39","modified_gmt":"2023-05-23T15:42:39","slug":"valores-2","status":"publish","type":"page","link":"https:\/\/compareplanodesaude.com.br\/porto-pet\/valores-2\/","title":{"rendered":"Porto Pet &#8211; Valores"},"content":{"rendered":"\t\t<div data-elementor-type=\"wp-page\" data-elementor-id=\"47594\" class=\"elementor elementor-47594\" data-elementor-post-type=\"page\">\n\t\t\t\t\t\t<section class=\"elementor-section elementor-top-section elementor-element elementor-element-3368cc05 elementor-section-boxed elementor-section-height-default elementor-section-height-default\" data-id=\"3368cc05\" data-element_type=\"section\" data-settings=\"{&quot;background_background&quot;:&quot;gradient&quot;}\">\n\t\t\t\t\t\t<div class=\"elementor-container elementor-column-gap-default\">\n\t\t\t\t\t<div class=\"elementor-column elementor-col-50 elementor-top-column elementor-element elementor-element-370e18c8\" data-id=\"370e18c8\" data-element_type=\"column\" data-settings=\"{&quot;background_background&quot;:&quot;classic&quot;}\">\n\t\t\t<div class=\"elementor-widget-wrap elementor-element-populated\">\n\t\t\t\t\t\t<div class=\"elementor-element elementor-element-2958723d elementor-widget elementor-widget-text-editor\" data-id=\"2958723d\" data-element_type=\"widget\" data-widget_type=\"text-editor.default\">\n\t\t\t\t<div class=\"elementor-widget-container\">\n\t\t\t\t\t\t\t\t\t<p>Proporcione ao seu pet, qualidade de vida e mais seguran\u00e7a, para garantir seu bem-estar.<\/p>\t\t\t\t\t\t\t\t<\/div>\n\t\t\t\t<\/div>\n\t\t\t\t<div class=\"elementor-element elementor-element-465c9c4c elementor-align-center elementor-widget elementor-widget-button\" data-id=\"465c9c4c\" data-element_type=\"widget\" data-widget_type=\"button.default\">\n\t\t\t\t<div class=\"elementor-widget-container\">\n\t\t\t\t\t\t\t\t\t<div class=\"elementor-button-wrapper\">\n\t\t\t\t\t<a class=\"elementor-button elementor-button-link elementor-size-sm\" href=\"http:\/\/healthforpetbrasil.com.br\/contratar\/\">\n\t\t\t\t\t\t<span class=\"elementor-button-content-wrapper\">\n\t\t\t\t\t\t\t\t\t<span class=\"elementor-button-text\">Fa\u00e7a uma cota\u00e7\u00e3o<\/span>\n\t\t\t\t\t<\/span>\n\t\t\t\t\t<\/a>\n\t\t\t\t<\/div>\n\t\t\t\t\t\t\t\t<\/div>\n\t\t\t\t<\/div>\n\t\t\t\t<div class=\"elementor-element elementor-element-162b1b02 elementor-widget elementor-widget-image\" data-id=\"162b1b02\" data-element_type=\"widget\" data-widget_type=\"image.default\">\n\t\t\t\t<div class=\"elementor-widget-container\">\n\t\t\t\t\t\t\t\t\t\t\t\t\t\t\t<img fetchpriority=\"high\" decoding=\"async\" width=\"800\" height=\"450\" src=\"https:\/\/compareplanodesaude.com.br\/porto-pet\/wp-content\/uploads\/sites\/28\/2022\/04\/Imagem-Cachorro-e-Gato-PNG-1280x720-1-1024x576.png\" class=\"attachment-large size-large wp-image-69035\" alt=\"\" srcset=\"https:\/\/compareplanodesaude.com.br\/porto-pet\/wp-content\/uploads\/sites\/28\/2022\/04\/Imagem-Cachorro-e-Gato-PNG-1280x720-1-1024x576.png 1024w, https:\/\/compareplanodesaude.com.br\/porto-pet\/wp-content\/uploads\/sites\/28\/2022\/04\/Imagem-Cachorro-e-Gato-PNG-1280x720-1-300x169.png 300w, https:\/\/compareplanodesaude.com.br\/porto-pet\/wp-content\/uploads\/sites\/28\/2022\/04\/Imagem-Cachorro-e-Gato-PNG-1280x720-1-768x432.png 768w, https:\/\/compareplanodesaude.com.br\/porto-pet\/wp-content\/uploads\/sites\/28\/2022\/04\/Imagem-Cachorro-e-Gato-PNG-1280x720-1-150x84.png 150w, https:\/\/compareplanodesaude.com.br\/porto-pet\/wp-content\/uploads\/sites\/28\/2022\/04\/Imagem-Cachorro-e-Gato-PNG-1280x720-1.png 1280w\" sizes=\"(max-width: 800px) 100vw, 800px\" \/>\t\t\t\t\t\t\t\t\t\t\t\t\t\t\t<\/div>\n\t\t\t\t<\/div>\n\t\t\t\t\t<\/div>\n\t\t<\/div>\n\t\t\t\t<div class=\"elementor-column elementor-col-50 elementor-top-column elementor-element elementor-element-6afc716a\" data-id=\"6afc716a\" data-element_type=\"column\">\n\t\t\t<div class=\"elementor-widget-wrap elementor-element-populated\">\n\t\t\t\t\t\t<div class=\"elementor-element elementor-element-72cbc838 elementor-widget elementor-widget-heading\" data-id=\"72cbc838\" data-element_type=\"widget\" data-widget_type=\"heading.default\">\n\t\t\t\t<div class=\"elementor-widget-container\">\n\t\t\t\t\t<h2 class=\"elementor-heading-title elementor-size-default\">Garanta seu Desconto<\/h2>\t\t\t\t<\/div>\n\t\t\t\t<\/div>\n\t\t\t\t<div class=\"elementor-element elementor-element-66e8aa7f elementor-widget elementor-widget-text-editor\" data-id=\"66e8aa7f\" data-element_type=\"widget\" data-widget_type=\"text-editor.default\">\n\t\t\t\t<div class=\"elementor-widget-container\">\n\t\t\t\t\t\t\t\t\t<p>Preencha e garanta seu\u00a0<strong>desconto de at\u00e9 20%<\/strong>\u00a0\u00a0no cart\u00e3o de cr\u00e9dito.<\/p>\t\t\t\t\t\t\t\t<\/div>\n\t\t\t\t<\/div>\n\t\t\t\t<div class=\"elementor-element elementor-element-76b8595e desconto-form elementor-widget elementor-widget-wpforms\" data-id=\"76b8595e\" data-element_type=\"widget\" data-widget_type=\"wpforms.default\">\n\t\t\t\t<div class=\"elementor-widget-container\">\n\t\t\t\t\t<div class=\"wpforms-container wpforms-container-full wpforms-form-abandonment desconto-form\" id=\"wpforms-10\"><form id=\"wpforms-form-10\" class=\"wpforms-validate wpforms-form\" data-formid=\"10\" method=\"post\" enctype=\"multipart\/form-data\" action=\"\/porto-pet\/wp-json\/wp\/v2\/pages\/47594\" data-token=\"34e58237d23f42d20f2d2aa24628d5b3\" data-token-time=\"1778307039\"><noscript class=\"wpforms-error-noscript\">Ative o JavaScript no seu navegador para preencher este formul\u00e1rio.<\/noscript><div class=\"wpforms-field-container\"><div id=\"wpforms-10-field_1-container\" class=\"wpforms-field wpforms-field-name label-full\" data-field-id=\"1\"><label class=\"wpforms-field-label wpforms-label-hide\" for=\"wpforms-10-field_1\">Nome <span class=\"wpforms-required-label\">*<\/span><\/label><input type=\"text\" id=\"wpforms-10-field_1\" class=\"wpforms-field-large wpforms-field-required\" name=\"wpforms[fields][1]\" placeholder=\"Nome\" required><\/div><div id=\"wpforms-10-field_3-container\" class=\"wpforms-field wpforms-field-text label-full\" data-field-id=\"3\"><label class=\"wpforms-field-label wpforms-label-hide\" for=\"wpforms-10-field_3\">Celular <span class=\"wpforms-required-label\">*<\/span><\/label><input type=\"text\" id=\"wpforms-10-field_3\" class=\"wpforms-field-large wpforms-field-required\" name=\"wpforms[fields][3]\" placeholder=\"Celular\" required><\/div><div id=\"wpforms-10-field_6-container\" class=\"wpforms-field wpforms-field-text\" data-field-id=\"6\"><label class=\"wpforms-field-label wpforms-label-hide\" for=\"wpforms-10-field_6\">Nome do pet <span class=\"wpforms-required-label\">*<\/span><\/label><input type=\"text\" id=\"wpforms-10-field_6\" class=\"wpforms-field-large wpforms-field-required\" name=\"wpforms[fields][6]\" placeholder=\"Nome do pet\" required><\/div><div id=\"wpforms-10-field_11-container\" class=\"wpforms-field wpforms-field-text\" data-field-id=\"11\"><label class=\"wpforms-field-label wpforms-label-hide\" for=\"wpforms-10-field_11\">Idade dos pets<\/label><input type=\"text\" id=\"wpforms-10-field_11\" class=\"wpforms-field-large\" name=\"wpforms[fields][11]\" placeholder=\"Idade do pet\" ><\/div><\/div><!-- .wpforms-field-container --><div class=\"wpforms-field wpforms-field-hp\"><label for=\"wpforms-10-field-hp\" class=\"wpforms-field-label\">Name<\/label><input type=\"text\" name=\"wpforms[hp]\" id=\"wpforms-10-field-hp\" class=\"wpforms-field-medium\"><\/div><div class=\"wpforms-submit-container\" ><input type=\"hidden\" name=\"wpforms[id]\" value=\"10\"><input type=\"hidden\" name=\"page_title\" value=\"\"><input type=\"hidden\" name=\"page_url\" value=\"https:\/\/compareplanodesaude.com.br\/porto-pet\/wp-json\/wp\/v2\/pages\/47594\"><input type=\"hidden\" name=\"url_referer\" value=\"\"><button type=\"submit\" name=\"wpforms[submit]\" id=\"wpforms-submit-10\" class=\"wpforms-submit btn btn-secondary\" data-alt-text=\"Enviando...\" data-submit-text=\"Enviar\" aria-live=\"assertive\" value=\"wpforms-submit\">Enviar<\/button><\/div><\/form><\/div>  <!-- .wpforms-container -->\t\t\t\t<\/div>\n\t\t\t\t<\/div>\n\t\t\t\t\t<\/div>\n\t\t<\/div>\n\t\t\t\t\t<\/div>\n\t\t<\/section>\n\t\t\t\t<section class=\"elementor-section elementor-top-section elementor-element elementor-element-33174f99 elementor-section-boxed elementor-section-height-default elementor-section-height-default\" data-id=\"33174f99\" data-element_type=\"section\">\n\t\t\t\t\t\t<div class=\"elementor-container elementor-column-gap-default\">\n\t\t\t\t\t<div class=\"elementor-column elementor-col-100 elementor-top-column elementor-element elementor-element-4c96d112\" data-id=\"4c96d112\" data-element_type=\"column\">\n\t\t\t<div class=\"elementor-widget-wrap elementor-element-populated\">\n\t\t\t\t\t\t<div class=\"elementor-element elementor-element-6ff69bc5 elementor-widget elementor-widget-heading\" data-id=\"6ff69bc5\" data-element_type=\"widget\" data-widget_type=\"heading.default\">\n\t\t\t\t<div class=\"elementor-widget-container\">\n\t\t\t\t\t<h2 class=\"elementor-heading-title elementor-size-default\">Valores dos Novos Planos\n<\/h2>\t\t\t\t<\/div>\n\t\t\t\t<\/div>\n\t\t\t\t<div class=\"elementor-element elementor-element-755cbe1a elementor-widget elementor-widget-text-editor\" data-id=\"755cbe1a\" data-element_type=\"widget\" data-widget_type=\"text-editor.default\">\n\t\t\t\t<div class=\"elementor-widget-container\">\n\t\t\t\t\t\t\t\t\t<div id=\"tablepress-356-scroll-wrapper\" class=\"tablepress-scroll-wrapper\">\n\n<table id=\"tablepress-356\" class=\"tablepress tablepress-id-356 tablepress-health-valores tablepress-responsive tbody-has-connected-cells\">\n<thead>\n<tr class=\"row-1\">\n\t<th class=\"column-1\">Faixa Et\u00e1ria<\/th><th class=\"column-2\">Forma de Pagamento<\/th><th class=\"column-3\">Ambulatorial<\/th><th class=\"column-4\">Essencial<\/th><th class=\"column-5\">Completo<\/th>\n<\/tr>\n<\/thead>\n<tbody>\n<tr class=\"row-2\">\n\t<td rowspan=\"3\" class=\"column-1\">0 \u00e0 5 anos<\/td><td class=\"column-2\">Cart\u00e3o Porto<\/td><td class=\"column-3\">R$ 99,90<\/td><td class=\"column-4\">R$ 199,90<\/td><td class=\"column-5\">R$ 299,90<\/td>\n<\/tr>\n<tr class=\"row-3\">\n\t<td class=\"column-2\">Cart\u00e3o Bandeiras<\/td><td class=\"column-3\">R$ 105,45<\/td><td class=\"column-4\">R$ 211,00<\/td><td class=\"column-5\">R$ 316,55<\/td>\n<\/tr>\n<tr class=\"row-4\">\n\t<td class=\"column-2\">DAC<\/td><td class=\"column-3\">R$ 111,00<\/td><td class=\"column-4\">R$ 222,11<\/td><td class=\"column-5\">R$ 333,22<\/td>\n<\/tr>\n<tr class=\"row-5\">\n\t<td rowspan=\"3\" class=\"column-1\">6 \u00e0 10 anos<\/td><td class=\"column-2\">Cart\u00e3o Porto<\/td><td class=\"column-3\">R$ 139,90<\/td><td class=\"column-4\">R$ 239,90<\/td><td class=\"column-5\">R$ 349,90<\/td>\n<\/tr>\n<tr class=\"row-6\">\n\t<td class=\"column-2\">Cart\u00e3o Bandeiras<\/td><td class=\"column-3\">R$ 147,67<\/td><td class=\"column-4\">R$ 253,22<\/td><td class=\"column-5\">R$ 369,34<\/td>\n<\/tr>\n<tr class=\"row-7\">\n\t<td class=\"column-2\">DAC<\/td><td class=\"column-3\">R$ 155,44<\/td><td class=\"column-4\">R$ 266,55<\/td><td class=\"column-5\">R$ 388,78<\/td>\n<\/tr>\n<tr class=\"row-8\">\n\t<td rowspan=\"3\" class=\"column-1\">11 \u00e0 14 anos<\/td><td class=\"column-2\">Cart\u00e3o Porto<\/td><td class=\"column-3\">R$ 159,90<\/td><td class=\"column-4\"><\/td><td class=\"column-5\"><\/td>\n<\/tr>\n<tr class=\"row-9\">\n\t<td class=\"column-2\">Cart\u00e3o Bandeiras<\/td><td class=\"column-3\">R$ 168,79<\/td><td class=\"column-4\"><\/td><td class=\"column-5\"><\/td>\n<\/tr>\n<tr class=\"row-10\">\n\t<td class=\"column-2\">DAC<\/td><td class=\"column-3\">R$ 177,67<\/td><td class=\"column-4\"><\/td><td class=\"column-5\"><\/td>\n<\/tr>\n<\/tbody>\n<\/table>\n\n<\/div><!-- #tablepress-356 from cache -->\t\t\t\t\t\t\t\t<\/div>\n\t\t\t\t<\/div>\n\t\t\t\t\t<\/div>\n\t\t<\/div>\n\t\t\t\t\t<\/div>\n\t\t<\/section>\n\t\t\t\t<section class=\"elementor-section elementor-top-section elementor-element elementor-element-5956d79c elementor-section-boxed elementor-section-height-default elementor-section-height-default\" data-id=\"5956d79c\" data-element_type=\"section\" data-settings=\"{&quot;background_background&quot;:&quot;classic&quot;}\">\n\t\t\t\t\t\t<div class=\"elementor-container elementor-column-gap-default\">\n\t\t\t\t\t<div class=\"elementor-column elementor-col-50 elementor-top-column elementor-element elementor-element-493c3027\" data-id=\"493c3027\" data-element_type=\"column\">\n\t\t\t<div class=\"elementor-widget-wrap elementor-element-populated\">\n\t\t\t\t\t\t<div class=\"elementor-element elementor-element-43ce44b3 elementor-widget elementor-widget-image\" data-id=\"43ce44b3\" data-element_type=\"widget\" data-widget_type=\"image.default\">\n\t\t\t\t<div class=\"elementor-widget-container\">\n\t\t\t\t\t\t\t\t\t\t\t\t\t\t\t<img decoding=\"async\" width=\"800\" height=\"674\" src=\"https:\/\/compareplanodesaude.com.br\/porto-pet\/wp-content\/uploads\/sites\/28\/2022\/04\/dog-banner-02-1024x863.png\" class=\"attachment-large size-large wp-image-68997\" alt=\"\" srcset=\"https:\/\/compareplanodesaude.com.br\/porto-pet\/wp-content\/uploads\/sites\/28\/2022\/04\/dog-banner-02-1024x863.png 1024w, https:\/\/compareplanodesaude.com.br\/porto-pet\/wp-content\/uploads\/sites\/28\/2022\/04\/dog-banner-02-300x253.png 300w, https:\/\/compareplanodesaude.com.br\/porto-pet\/wp-content\/uploads\/sites\/28\/2022\/04\/dog-banner-02-768x647.png 768w, https:\/\/compareplanodesaude.com.br\/porto-pet\/wp-content\/uploads\/sites\/28\/2022\/04\/dog-banner-02-150x126.png 150w, https:\/\/compareplanodesaude.com.br\/porto-pet\/wp-content\/uploads\/sites\/28\/2022\/04\/dog-banner-02.png 1115w\" sizes=\"(max-width: 800px) 100vw, 800px\" \/>\t\t\t\t\t\t\t\t\t\t\t\t\t\t\t<\/div>\n\t\t\t\t<\/div>\n\t\t\t\t\t<\/div>\n\t\t<\/div>\n\t\t\t\t<div class=\"elementor-column elementor-col-50 elementor-top-column elementor-element elementor-element-19ef0794\" data-id=\"19ef0794\" data-element_type=\"column\">\n\t\t\t<div class=\"elementor-widget-wrap elementor-element-populated\">\n\t\t\t\t\t\t<div class=\"elementor-element elementor-element-517b3064 elementor-widget elementor-widget-heading\" data-id=\"517b3064\" data-element_type=\"widget\" data-widget_type=\"heading.default\">\n\t\t\t\t<div class=\"elementor-widget-container\">\n\t\t\t\t\t<h2 class=\"elementor-heading-title elementor-size-default\">Cota\u00e7\u00e3o Health for Pet\nvia WhatsApp (24h)<\/h2>\t\t\t\t<\/div>\n\t\t\t\t<\/div>\n\t\t\t\t<div class=\"elementor-element elementor-element-3e71b274 elementor-widget elementor-widget-wpforms\" data-id=\"3e71b274\" data-element_type=\"widget\" data-widget_type=\"wpforms.default\">\n\t\t\t\t<div class=\"elementor-widget-container\">\n\t\t\t\t\t<div class=\"wpforms-container wpforms-container-full wpforms-form-abandonment\" id=\"wpforms-96\"><form id=\"wpforms-form-96\" class=\"wpforms-validate wpforms-form\" data-formid=\"96\" method=\"post\" enctype=\"multipart\/form-data\" action=\"\/porto-pet\/wp-json\/wp\/v2\/pages\/47594\" data-token=\"8efc86151fea65063d7f4902d7cd4d55\" data-token-time=\"1778307039\"><noscript class=\"wpforms-error-noscript\">Ative o JavaScript no seu navegador para preencher este formul\u00e1rio.<\/noscript><div class=\"wpforms-field-container\"><div id=\"wpforms-96-field_15-container\" class=\"wpforms-field wpforms-field-name\" data-field-id=\"15\"><label class=\"wpforms-field-label wpforms-label-hide\" for=\"wpforms-96-field_15\">Nome <span class=\"wpforms-required-label\">*<\/span><\/label><input type=\"text\" id=\"wpforms-96-field_15\" class=\"wpforms-field-medium wpforms-field-required\" name=\"wpforms[fields][15]\" placeholder=\"Nome\" required><\/div><div id=\"wpforms-96-field_19-container\" class=\"wpforms-field wpforms-field-text\" data-field-id=\"19\"><label class=\"wpforms-field-label wpforms-label-hide\" for=\"wpforms-96-field_19\">Celular <span class=\"wpforms-required-label\">*<\/span><\/label><input type=\"text\" id=\"wpforms-96-field_19\" class=\"wpforms-field-medium wpforms-field-required\" name=\"wpforms[fields][19]\" placeholder=\"WhatsApp\" required><\/div><\/div><!-- .wpforms-field-container --><div class=\"wpforms-submit-container\" ><input type=\"hidden\" name=\"wpforms[id]\" value=\"96\"><input type=\"hidden\" name=\"page_title\" value=\"\"><input type=\"hidden\" name=\"page_url\" value=\"https:\/\/compareplanodesaude.com.br\/porto-pet\/wp-json\/wp\/v2\/pages\/47594\"><input type=\"hidden\" name=\"url_referer\" value=\"\"><button type=\"submit\" name=\"wpforms[submit]\" id=\"wpforms-submit-96\" class=\"wpforms-submit\" data-alt-text=\"ENVIANDO\" data-submit-text=\"ENVIAR\" aria-live=\"assertive\" value=\"wpforms-submit\">ENVIAR<\/button><\/div><\/form><\/div>  <!-- .wpforms-container -->\t\t\t\t<\/div>\n\t\t\t\t<\/div>\n\t\t\t\t\t<\/div>\n\t\t<\/div>\n\t\t\t\t\t<\/div>\n\t\t<\/section>\n\t\t\t\t<\/div>\n\t\t","protected":false},"excerpt":{"rendered":"<p>Proporcione ao seu pet, qualidade de vida e mais seguran\u00e7a, para garantir seu bem-estar. Fa\u00e7a uma cota\u00e7\u00e3o \/*! elementor &#8211; v3.6.2 &#8211; 04-04-2022 *\/ .elementor-widget-image{text-align:center}.elementor-widget-image a{display:inline-block}.elementor-widget-image a img[src$=&#8221;.svg&#8221;]{width:48px}.elementor-widget-image img{vertical-align:middle;display:inline-block} \/*! elementor &#8211; v3.6.2 &#8211; 04-04-2022 *\/ .elementor-heading-title{padding:0;margin:0;line-height:1}.elementor-widget-heading .elementor-heading-title[class*=elementor-size-]&gt;a{color:inherit;font-size:inherit;line-height:inherit}.elementor-widget-heading .elementor-heading-title.elementor-size-small{font-size:15px}.elementor-widget-heading .elementor-heading-title.elementor-size-medium{font-size:19px}.elementor-widget-heading .elementor-heading-title.elementor-size-large{font-size:29px}.elementor-widget-heading .elementor-heading-title.elementor-size-xl{font-size:39px}.elementor-widget-heading .elementor-heading-title.elementor-size-xxl{font-size:59px} Garanta seu Desconto Preencha e garanta seu&nbsp;desconto de at\u00e9 20%&nbsp;&nbsp;no cart\u00e3o de [&hellip;]<\/p>\n","protected":false},"author":20,"featured_media":0,"parent":0,"menu_order":0,"comment_status":"closed","ping_status":"closed","template":"","meta":{"footnotes":""},"tags":[121],"class_list":["post-47594","page","type-page","status-publish","hentry","tag-preco"],"yoast_head":"<!-- This site is optimized with the Yoast SEO plugin v26.3 - https:\/\/yoast.com\/wordpress\/plugins\/seo\/ -->\n<title>Porto Pet- Confira os Pre\u00e7os Com Descontos de At\u00e9 20%<\/title>\n<meta name=\"description\" content=\"Conhe\u00e7a os Valores Porto Pet e Veja Todas as Tabelas de Pre\u00e7os. Cote Online Com At\u00e9 20% de Desconto na Health for Pet.\" \/>\n<meta name=\"robots\" content=\"index, follow, max-snippet:-1, max-image-preview:large, max-video-preview:-1\" \/>\n<link rel=\"canonical\" href=\"https:\/\/compareplanodesaude.com.br\/porto-pet\/valores-2\/\" \/>\n<meta property=\"og:locale\" content=\"pt_BR\" \/>\n<meta property=\"og:type\" content=\"article\" \/>\n<meta property=\"og:title\" content=\"Porto Pet- Confira os Pre\u00e7os Com Descontos de At\u00e9 20%\" \/>\n<meta property=\"og:description\" content=\"Conhe\u00e7a os Valores Porto Pet e Veja Todas as Tabelas de Pre\u00e7os. Cote Online Com At\u00e9 20% de Desconto na Health for Pet.\" \/>\n<meta property=\"og:url\" content=\"https:\/\/compareplanodesaude.com.br\/porto-pet\/valores-2\/\" \/>\n<meta property=\"og:site_name\" content=\"Porto Pet\" \/>\n<meta property=\"article:modified_time\" content=\"2023-05-23T15:42:39+00:00\" \/>\n<meta property=\"og:image\" content=\"https:\/\/compareplanodesaude.com.br\/porto-pet\/wp-content\/uploads\/sites\/28\/2022\/04\/Imagem-Cachorro-e-Gato-PNG-1280x720-1-1024x576.png\" \/>\n<meta name=\"twitter:card\" content=\"summary_large_image\" \/>\n<meta name=\"twitter:label1\" content=\"Est. tempo de leitura\" \/>\n\t<meta name=\"twitter:data1\" content=\"1 minuto\" \/>\n<script type=\"application\/ld+json\" class=\"yoast-schema-graph\">{\"@context\":\"https:\/\/schema.org\",\"@graph\":[{\"@type\":\"WebPage\",\"@id\":\"https:\/\/compareplanodesaude.com.br\/porto-pet\/valores-2\/\",\"url\":\"https:\/\/compareplanodesaude.com.br\/porto-pet\/valores-2\/\",\"name\":\"Porto Pet- Confira os Pre\u00e7os Com Descontos de At\u00e9 20%\",\"isPartOf\":{\"@id\":\"https:\/\/compareplanodesaude.com.br\/porto-pet\/#website\"},\"primaryImageOfPage\":{\"@id\":\"https:\/\/compareplanodesaude.com.br\/porto-pet\/valores-2\/#primaryimage\"},\"image\":{\"@id\":\"https:\/\/compareplanodesaude.com.br\/porto-pet\/valores-2\/#primaryimage\"},\"thumbnailUrl\":\"https:\/\/compareplanodesaude.com.br\/porto-pet\/wp-content\/uploads\/sites\/28\/2022\/04\/Imagem-Cachorro-e-Gato-PNG-1280x720-1-1024x576.png\",\"datePublished\":\"2019-04-26T20:51:11+00:00\",\"dateModified\":\"2023-05-23T15:42:39+00:00\",\"description\":\"Conhe\u00e7a os Valores Porto Pet e Veja Todas as Tabelas de Pre\u00e7os. Cote Online Com At\u00e9 20% de Desconto na Health for Pet.\",\"inLanguage\":\"pt-BR\",\"potentialAction\":[{\"@type\":\"ReadAction\",\"target\":[\"https:\/\/compareplanodesaude.com.br\/porto-pet\/valores-2\/\"]}]},{\"@type\":\"ImageObject\",\"inLanguage\":\"pt-BR\",\"@id\":\"https:\/\/compareplanodesaude.com.br\/porto-pet\/valores-2\/#primaryimage\",\"url\":\"https:\/\/compareplanodesaude.com.br\/porto-pet\/wp-content\/uploads\/sites\/28\/2022\/04\/Imagem-Cachorro-e-Gato-PNG-1280x720-1.png\",\"contentUrl\":\"https:\/\/compareplanodesaude.com.br\/porto-pet\/wp-content\/uploads\/sites\/28\/2022\/04\/Imagem-Cachorro-e-Gato-PNG-1280x720-1.png\",\"width\":1280,\"height\":720},{\"@type\":\"WebSite\",\"@id\":\"https:\/\/compareplanodesaude.com.br\/porto-pet\/#website\",\"url\":\"https:\/\/compareplanodesaude.com.br\/porto-pet\/\",\"name\":\"Porto Pet\",\"description\":\"Planos de sa\u00fade com at\u00e9 20% de desconto para o seu amigo pet!\",\"potentialAction\":[{\"@type\":\"SearchAction\",\"target\":{\"@type\":\"EntryPoint\",\"urlTemplate\":\"https:\/\/compareplanodesaude.com.br\/porto-pet\/?s={search_term_string}\"},\"query-input\":{\"@type\":\"PropertyValueSpecification\",\"valueRequired\":true,\"valueName\":\"search_term_string\"}}],\"inLanguage\":\"pt-BR\"}]}<\/script>\n<!-- \/ Yoast SEO plugin. -->","yoast_head_json":{"title":"Porto Pet- Confira os Pre\u00e7os Com Descontos de At\u00e9 20%","description":"Conhe\u00e7a os Valores Porto Pet e Veja Todas as Tabelas de Pre\u00e7os. Cote Online Com At\u00e9 20% de Desconto na Health for Pet.","robots":{"index":"index","follow":"follow","max-snippet":"max-snippet:-1","max-image-preview":"max-image-preview:large","max-video-preview":"max-video-preview:-1"},"canonical":"https:\/\/compareplanodesaude.com.br\/porto-pet\/valores-2\/","og_locale":"pt_BR","og_type":"article","og_title":"Porto Pet- Confira os Pre\u00e7os Com Descontos de At\u00e9 20%","og_description":"Conhe\u00e7a os Valores Porto Pet e Veja Todas as Tabelas de Pre\u00e7os. Cote Online Com At\u00e9 20% de Desconto na Health for Pet.","og_url":"https:\/\/compareplanodesaude.com.br\/porto-pet\/valores-2\/","og_site_name":"Porto Pet","article_modified_time":"2023-05-23T15:42:39+00:00","og_image":[{"url":"https:\/\/compareplanodesaude.com.br\/porto-pet\/wp-content\/uploads\/sites\/28\/2022\/04\/Imagem-Cachorro-e-Gato-PNG-1280x720-1-1024x576.png","type":"","width":"","height":""}],"twitter_card":"summary_large_image","twitter_misc":{"Est. tempo de leitura":"1 minuto"},"schema":{"@context":"https:\/\/schema.org","@graph":[{"@type":"WebPage","@id":"https:\/\/compareplanodesaude.com.br\/porto-pet\/valores-2\/","url":"https:\/\/compareplanodesaude.com.br\/porto-pet\/valores-2\/","name":"Porto Pet- Confira os Pre\u00e7os Com Descontos de At\u00e9 20%","isPartOf":{"@id":"https:\/\/compareplanodesaude.com.br\/porto-pet\/#website"},"primaryImageOfPage":{"@id":"https:\/\/compareplanodesaude.com.br\/porto-pet\/valores-2\/#primaryimage"},"image":{"@id":"https:\/\/compareplanodesaude.com.br\/porto-pet\/valores-2\/#primaryimage"},"thumbnailUrl":"https:\/\/compareplanodesaude.com.br\/porto-pet\/wp-content\/uploads\/sites\/28\/2022\/04\/Imagem-Cachorro-e-Gato-PNG-1280x720-1-1024x576.png","datePublished":"2019-04-26T20:51:11+00:00","dateModified":"2023-05-23T15:42:39+00:00","description":"Conhe\u00e7a os Valores Porto Pet e Veja Todas as Tabelas de Pre\u00e7os. Cote Online Com At\u00e9 20% de Desconto na Health for Pet.","inLanguage":"pt-BR","potentialAction":[{"@type":"ReadAction","target":["https:\/\/compareplanodesaude.com.br\/porto-pet\/valores-2\/"]}]},{"@type":"ImageObject","inLanguage":"pt-BR","@id":"https:\/\/compareplanodesaude.com.br\/porto-pet\/valores-2\/#primaryimage","url":"https:\/\/compareplanodesaude.com.br\/porto-pet\/wp-content\/uploads\/sites\/28\/2022\/04\/Imagem-Cachorro-e-Gato-PNG-1280x720-1.png","contentUrl":"https:\/\/compareplanodesaude.com.br\/porto-pet\/wp-content\/uploads\/sites\/28\/2022\/04\/Imagem-Cachorro-e-Gato-PNG-1280x720-1.png","width":1280,"height":720},{"@type":"WebSite","@id":"https:\/\/compareplanodesaude.com.br\/porto-pet\/#website","url":"https:\/\/compareplanodesaude.com.br\/porto-pet\/","name":"Porto Pet","description":"Planos de sa\u00fade com at\u00e9 20% de desconto para o seu amigo pet!","potentialAction":[{"@type":"SearchAction","target":{"@type":"EntryPoint","urlTemplate":"https:\/\/compareplanodesaude.com.br\/porto-pet\/?s={search_term_string}"},"query-input":{"@type":"PropertyValueSpecification","valueRequired":true,"valueName":"search_term_string"}}],"inLanguage":"pt-BR"}]}},"_links":{"self":[{"href":"https:\/\/compareplanodesaude.com.br\/porto-pet\/wp-json\/wp\/v2\/pages\/47594","targetHints":{"allow":["GET"]}}],"collection":[{"href":"https:\/\/compareplanodesaude.com.br\/porto-pet\/wp-json\/wp\/v2\/pages"}],"about":[{"href":"https:\/\/compareplanodesaude.com.br\/porto-pet\/wp-json\/wp\/v2\/types\/page"}],"author":[{"embeddable":true,"href":"https:\/\/compareplanodesaude.com.br\/porto-pet\/wp-json\/wp\/v2\/users\/20"}],"replies":[{"embeddable":true,"href":"https:\/\/compareplanodesaude.com.br\/porto-pet\/wp-json\/wp\/v2\/comments?post=47594"}],"version-history":[{"count":1,"href":"https:\/\/compareplanodesaude.com.br\/porto-pet\/wp-json\/wp\/v2\/pages\/47594\/revisions"}],"predecessor-version":[{"id":69237,"href":"https:\/\/compareplanodesaude.com.br\/porto-pet\/wp-json\/wp\/v2\/pages\/47594\/revisions\/69237"}],"wp:attachment":[{"href":"https:\/\/compareplanodesaude.com.br\/porto-pet\/wp-json\/wp\/v2\/media?parent=47594"}],"wp:term":[{"taxonomy":"post_tag","embeddable":true,"href":"https:\/\/compareplanodesaude.com.br\/porto-pet\/wp-json\/wp\/v2\/tags?post=47594"}],"curies":[{"name":"wp","href":"https:\/\/api.w.org\/{rel}","templated":true}]}}