{"id":38,"date":"2019-03-15T20:37:38","date_gmt":"2019-03-15T20:37:38","guid":{"rendered":"http:\/\/healthforpet24h.com.br\/?page_id=38"},"modified":"2022-04-29T13:30:19","modified_gmt":"2022-04-29T13:30:19","slug":"faq","status":"publish","type":"page","link":"https:\/\/compareplanodesaude.com.br\/porto-pet\/faq\/","title":{"rendered":"Porto Pet &#8211; FAQ"},"content":{"rendered":"\t\t<div data-elementor-type=\"wp-page\" data-elementor-id=\"38\" class=\"elementor elementor-38\" data-elementor-post-type=\"page\">\n\t\t\t\t\t\t<section class=\"elementor-section elementor-top-section elementor-element elementor-element-3264fe1 elementor-section-boxed elementor-section-height-default elementor-section-height-default\" data-id=\"3264fe1\" data-element_type=\"section\" data-settings=\"{&quot;background_background&quot;:&quot;gradient&quot;}\">\n\t\t\t\t\t\t<div class=\"elementor-container elementor-column-gap-default\">\n\t\t\t\t\t<div class=\"elementor-column elementor-col-100 elementor-top-column elementor-element elementor-element-6b35f2c\" data-id=\"6b35f2c\" data-element_type=\"column\">\n\t\t\t<div class=\"elementor-widget-wrap elementor-element-populated\">\n\t\t\t\t\t\t<div class=\"elementor-element elementor-element-a972826 elementor-widget elementor-widget-spacer\" data-id=\"a972826\" data-element_type=\"widget\" data-widget_type=\"spacer.default\">\n\t\t\t\t<div class=\"elementor-widget-container\">\n\t\t\t\t\t\t\t<div class=\"elementor-spacer\">\n\t\t\t<div class=\"elementor-spacer-inner\"><\/div>\n\t\t<\/div>\n\t\t\t\t\t\t<\/div>\n\t\t\t\t<\/div>\n\t\t\t\t<section class=\"elementor-section elementor-inner-section elementor-element elementor-element-1910ee0 elementor-section-boxed elementor-section-height-default elementor-section-height-default\" data-id=\"1910ee0\" data-element_type=\"section\">\n\t\t\t\t\t\t<div class=\"elementor-container elementor-column-gap-default\">\n\t\t\t\t\t<div class=\"elementor-column elementor-col-50 elementor-inner-column elementor-element elementor-element-d2bc935\" data-id=\"d2bc935\" data-element_type=\"column\">\n\t\t\t<div class=\"elementor-widget-wrap elementor-element-populated\">\n\t\t\t\t\t\t<div class=\"elementor-element elementor-element-f209fe0 elementor-widget elementor-widget-spacer\" data-id=\"f209fe0\" data-element_type=\"widget\" data-widget_type=\"spacer.default\">\n\t\t\t\t<div class=\"elementor-widget-container\">\n\t\t\t\t\t\t\t<div class=\"elementor-spacer\">\n\t\t\t<div class=\"elementor-spacer-inner\"><\/div>\n\t\t<\/div>\n\t\t\t\t\t\t<\/div>\n\t\t\t\t<\/div>\n\t\t\t\t<div class=\"elementor-element elementor-element-2fb0a05 elementor-widget elementor-widget-heading\" data-id=\"2fb0a05\" data-element_type=\"widget\" data-widget_type=\"heading.default\">\n\t\t\t\t<div class=\"elementor-widget-container\">\n\t\t\t\t\t<h1 class=\"elementor-heading-title elementor-size-default\">Tire suas d\u00favidas<\/h1>\t\t\t\t<\/div>\n\t\t\t\t<\/div>\n\t\t\t\t<div class=\"elementor-element elementor-element-67b0cc2 elementor-align-justify elementor-widget elementor-widget-button\" data-id=\"67b0cc2\" data-element_type=\"widget\" data-widget_type=\"button.default\">\n\t\t\t\t<div class=\"elementor-widget-container\">\n\t\t\t\t\t\t\t\t\t<div class=\"elementor-button-wrapper\">\n\t\t\t\t\t<a class=\"elementor-button elementor-button-link elementor-size-lg\" href=\"https:\/\/compareplanodesaude.com.br\/health-for-pet\/cotacao-online\/\">\n\t\t\t\t\t\t<span class=\"elementor-button-content-wrapper\">\n\t\t\t\t\t\t\t\t\t<span class=\"elementor-button-text\">Cota\u00e7\u00e3o Online com desconto de at\u00e9 10% no cart\u00e3o porto<\/span>\n\t\t\t\t\t<\/span>\n\t\t\t\t\t<\/a>\n\t\t\t\t<\/div>\n\t\t\t\t\t\t\t\t<\/div>\n\t\t\t\t<\/div>\n\t\t\t\t\t<\/div>\n\t\t<\/div>\n\t\t\t\t<div class=\"elementor-column elementor-col-50 elementor-inner-column elementor-element elementor-element-f4c53e7\" data-id=\"f4c53e7\" data-element_type=\"column\">\n\t\t\t<div class=\"elementor-widget-wrap elementor-element-populated\">\n\t\t\t\t\t\t<div class=\"elementor-element elementor-element-41bdfba elementor-widget elementor-widget-heading\" data-id=\"41bdfba\" data-element_type=\"widget\" data-widget_type=\"heading.default\">\n\t\t\t\t<div class=\"elementor-widget-container\">\n\t\t\t\t\t<h2 class=\"elementor-heading-title elementor-size-default\">Tire suas d\u00favidas<\/h2>\t\t\t\t<\/div>\n\t\t\t\t<\/div>\n\t\t\t\t<div class=\"elementor-element elementor-element-086c5a7 elementor-widget elementor-widget-text-editor\" data-id=\"086c5a7\" data-element_type=\"widget\" data-widget_type=\"text-editor.default\">\n\t\t\t\t<div class=\"elementor-widget-container\">\n\t\t\t\t\t\t\t\t\t<p>Preencha e garanta seu\u00a0<strong>desconto de at\u00e9 50%<\/strong>\u00a0no cart\u00e3o de cr\u00e9dito.<\/p>\t\t\t\t\t\t\t\t<\/div>\n\t\t\t\t<\/div>\n\t\t\t\t<div class=\"elementor-element elementor-element-51b4333 elementor-widget elementor-widget-wpforms\" data-id=\"51b4333\" data-element_type=\"widget\" data-widget_type=\"wpforms.default\">\n\t\t\t\t<div class=\"elementor-widget-container\">\n\t\t\t\t\t<div class=\"wpforms-container wpforms-container-full wpforms-form-abandonment desconto-form\" id=\"wpforms-10\"><form id=\"wpforms-form-10\" class=\"wpforms-validate wpforms-form\" data-formid=\"10\" method=\"post\" enctype=\"multipart\/form-data\" action=\"\/porto-pet\/wp-json\/wp\/v2\/pages\/38\" data-token=\"34e58237d23f42d20f2d2aa24628d5b3\" data-token-time=\"1778297804\"><noscript class=\"wpforms-error-noscript\">Ative o JavaScript no seu navegador para preencher este formul\u00e1rio.<\/noscript><div class=\"wpforms-field-container\"><div id=\"wpforms-10-field_1-container\" class=\"wpforms-field wpforms-field-name label-full\" data-field-id=\"1\"><label class=\"wpforms-field-label wpforms-label-hide\" for=\"wpforms-10-field_1\">Nome <span class=\"wpforms-required-label\">*<\/span><\/label><input type=\"text\" id=\"wpforms-10-field_1\" class=\"wpforms-field-large wpforms-field-required\" name=\"wpforms[fields][1]\" placeholder=\"Nome\" required><\/div><div id=\"wpforms-10-field_3-container\" class=\"wpforms-field wpforms-field-text label-full\" data-field-id=\"3\"><label class=\"wpforms-field-label wpforms-label-hide\" for=\"wpforms-10-field_3\">Celular <span class=\"wpforms-required-label\">*<\/span><\/label><input type=\"text\" id=\"wpforms-10-field_3\" class=\"wpforms-field-large wpforms-field-required\" name=\"wpforms[fields][3]\" placeholder=\"Celular\" required><\/div><div id=\"wpforms-10-field_6-container\" class=\"wpforms-field wpforms-field-text\" data-field-id=\"6\"><label class=\"wpforms-field-label wpforms-label-hide\" for=\"wpforms-10-field_6\">Nome do pet <span class=\"wpforms-required-label\">*<\/span><\/label><input type=\"text\" id=\"wpforms-10-field_6\" class=\"wpforms-field-large wpforms-field-required\" name=\"wpforms[fields][6]\" placeholder=\"Nome do pet\" required><\/div><div id=\"wpforms-10-field_11-container\" class=\"wpforms-field wpforms-field-text\" data-field-id=\"11\"><label class=\"wpforms-field-label wpforms-label-hide\" for=\"wpforms-10-field_11\">Idade dos pets<\/label><input type=\"text\" id=\"wpforms-10-field_11\" class=\"wpforms-field-large\" name=\"wpforms[fields][11]\" placeholder=\"Idade do pet\" ><\/div><\/div><!-- .wpforms-field-container --><div class=\"wpforms-field wpforms-field-hp\"><label for=\"wpforms-10-field-hp\" class=\"wpforms-field-label\">Name<\/label><input type=\"text\" name=\"wpforms[hp]\" id=\"wpforms-10-field-hp\" class=\"wpforms-field-medium\"><\/div><div class=\"wpforms-submit-container\" ><input type=\"hidden\" name=\"wpforms[id]\" value=\"10\"><input type=\"hidden\" name=\"page_title\" value=\"\"><input type=\"hidden\" name=\"page_url\" value=\"https:\/\/compareplanodesaude.com.br\/porto-pet\/wp-json\/wp\/v2\/pages\/38\"><input type=\"hidden\" name=\"url_referer\" value=\"\"><button type=\"submit\" name=\"wpforms[submit]\" id=\"wpforms-submit-10\" class=\"wpforms-submit btn btn-secondary\" data-alt-text=\"Enviando...\" data-submit-text=\"Enviar\" aria-live=\"assertive\" value=\"wpforms-submit\">Enviar<\/button><\/div><\/form><\/div>  <!-- .wpforms-container -->\t\t\t\t<\/div>\n\t\t\t\t<\/div>\n\t\t\t\t\t<\/div>\n\t\t<\/div>\n\t\t\t\t\t<\/div>\n\t\t<\/section>\n\t\t\t\t<div class=\"elementor-element elementor-element-3ff05ad elementor-widget elementor-widget-spacer\" data-id=\"3ff05ad\" data-element_type=\"widget\" data-widget_type=\"spacer.default\">\n\t\t\t\t<div class=\"elementor-widget-container\">\n\t\t\t\t\t\t\t<div class=\"elementor-spacer\">\n\t\t\t<div class=\"elementor-spacer-inner\"><\/div>\n\t\t<\/div>\n\t\t\t\t\t\t<\/div>\n\t\t\t\t<\/div>\n\t\t\t\t\t<\/div>\n\t\t<\/div>\n\t\t\t\t\t<\/div>\n\t\t<\/section>\n\t\t\t\t<section class=\"elementor-section elementor-top-section elementor-element elementor-element-e0d0125 elementor-section-boxed elementor-section-height-default elementor-section-height-default\" data-id=\"e0d0125\" data-element_type=\"section\">\n\t\t\t\t\t\t<div class=\"elementor-container elementor-column-gap-default\">\n\t\t\t\t\t<div class=\"elementor-column elementor-col-100 elementor-top-column elementor-element elementor-element-ba9d168\" data-id=\"ba9d168\" data-element_type=\"column\">\n\t\t\t<div class=\"elementor-widget-wrap elementor-element-populated\">\n\t\t\t\t\t\t<div class=\"elementor-element elementor-element-e87bcaf elementor-widget elementor-widget-heading\" data-id=\"e87bcaf\" data-element_type=\"widget\" data-widget_type=\"heading.default\">\n\t\t\t\t<div class=\"elementor-widget-container\">\n\t\t\t\t\t<h2 class=\"elementor-heading-title elementor-size-default\">FAQ<\/h2>\t\t\t\t<\/div>\n\t\t\t\t<\/div>\n\t\t\t\t<div class=\"elementor-element elementor-element-6283db2 elementor-widget elementor-widget-text-editor\" data-id=\"6283db2\" data-element_type=\"widget\" data-widget_type=\"text-editor.default\">\n\t\t\t\t<div class=\"elementor-widget-container\">\n\t\t\t\t\t\t\t\t\t<p><strong>O que \u00e9 a Health For Pet ?\u00a0<\/strong><\/p><p><strong>R:<\/strong>Uma empresa do grupo Porto Seguro que visa oferecer maiores cuidados ao seu pet com valores mais acess\u00edveis que o veterin\u00e1rio particular. Dessa forma o cliente consegue oferecer mais qualidade de vida ao pet, com maior acompanhamento de sa\u00fade, por valores que cabem no bolso.<\/p><p><strong>Como funciona ?\u00a0<\/strong><\/p><p><strong>R:\u00a0<\/strong>Ser\u00e1 necess\u00e1rio coletar dados b\u00e1sicos para gerar o contrato e finalizar a ades\u00e3o do pet ao plano escolhido.<\/p><p><strong>Como fa\u00e7o para contratar ?\u00a0<\/strong><\/p><p><strong>R:\u00a0<\/strong>Voc\u00ea pode contratar atrav\u00e9s do whatsapp, telefone ou chat online.<\/p><p><strong>Tem limite de idade?\u00a0<\/strong><\/p><p><strong>R:\u00a0<\/strong>8 anos, 11 meses e 29 dias.<\/p><p><strong>Preciso pagar a 1\u00aa mensalidade no momento da contrata\u00e7\u00e3o?\u00a0<\/strong><\/p><p><strong>R: Tudo depender\u00e1 da forma de pagamento que optar. Se for cart\u00e3o de cr\u00e9dito Visa, Master ou Elo, o vencimento do plano ser\u00e1 de acordo com o vencimento do cart\u00e3o. Se for via d\u00e9bito autom\u00e1tico em conta-corrente (Ita\u00fa ou Santander), o conv\u00eanio oferece prazo de 15 at\u00e9 25 dias para pagar a primeira mensalidade.<\/strong><\/p><p>\u00a0<\/p><p><strong>Precisa de documenta\u00e7\u00e3o?\u00a0<\/strong><\/p><p><strong>R:\u00a0<\/strong>N\u00e3o ser\u00e1 necess\u00e1rio o envio de documenta\u00e7\u00f5es, apenas informar os dados b\u00e1sicos.<\/p><p>\u00a0<\/p><p><strong>Pet com doen\u00e7as preexistentes podem contratar?\u00a0<\/strong><\/p><p><strong>R:\u00a0<\/strong>O plano aceita o pet com preexistente, por\u00e9m, n\u00e3o oferecer\u00e1 cobertura para a doen\u00e7a e aos procedimentos relacionados. O plano oferece cobertura completa para os demais procedimentos.<\/p><p>\u00a0<\/p><p><strong>Lugares onde o plano atende?\u00a0<\/strong><\/p><p><strong>R:\u00a0<\/strong>S\u00e3o Paulo capital, ABC, Guarulhos, Osasco, algumas cidades do interior, Ribeir\u00e3o Pires, Campinas, Sorocaba, algumas cidades do litoral sul, Praia Grande, Mongagu\u00e1, Santos, Rio de Janeiro, Belo Horizonte e Curitiba.<\/p><p><strong>Como localizar os estabelecimentos que oferecem descontos em servi\u00e7os para o pet?\u00a0<\/strong><\/p><p><strong>R:\u00a0<\/strong>A rede credenciada voc\u00ea consegue localizar atrav\u00e9s do link\u00a0<strong>health4pet.com.br\/rede-credenciada\/<\/strong>\u00a0<\/p><p>\u00a0<\/p><p><strong>Quais s\u00e3o as coberturas do seguro para PetShop e Cl\u00ednicas Veterin\u00e1rias?\u00a0<\/strong><\/p><p><strong>R:\u00a0<\/strong>O conv\u00eanio possui ampla rede de credenciados parceiros que oferecem desde descontos em produtos, acess\u00f3rios, higiene at\u00e9 cobertura completa de sa\u00fade em cl\u00ednicas e hospitais.<\/p><p>\u00a0<\/p><p><strong>Como solicitar um reembolso na Health for Pet?\u00a0<\/strong><\/p><p><strong>R:\u00a0<\/strong>O reembolso s\u00f3 \u00e9 ofertado na categoria Premium. Voc\u00ea consegue solicitar na central 4001-4000.<\/p><p>\u00a0<\/p><p><strong>Onde emito o boleto?\u00a0<\/strong><\/p><p><strong>R:\u00a0<\/strong>Atrav\u00e9s da central de atendimento 4001-4000.<\/p><p>\u00a0<\/p><p><strong>Onde consigo solicitar a altera\u00e7\u00e3o da forma de pagamento?\u00a0<\/strong><\/p><p><strong>R:\u00a0<\/strong>Para solicitar a altera\u00e7\u00e3o da forma de pagamento basta ligar na central de atendimento 4001-4000.<\/p><p>\u00a0<\/p><p><strong>Onde fa\u00e7o o pedido da autoriza\u00e7\u00e3o de procedimentos?\u00a0<\/strong><\/p><p><strong>R:\u00a0<\/strong>Para solicitar a autoriza\u00e7\u00e3o de procedimentos ligue na central da Health for Pet no n\u00famero 4001- 4000.<\/p><p>\u00a0<\/p><p><strong>Altera\u00e7\u00e3o de categoria?\u00a0\u00a0<\/strong><\/p><p><strong>R:<\/strong>\u00a0Upgrade anualmente, no m\u00eas de anivers\u00e1rio do plano.<br \/>Downgrade a qualquer momento, 4001- 4000.<\/p>\t\t\t\t\t\t\t\t<\/div>\n\t\t\t\t<\/div>\n\t\t\t\t\t<\/div>\n\t\t<\/div>\n\t\t\t\t\t<\/div>\n\t\t<\/section>\n\t\t\t\t<\/div>\n\t\t","protected":false},"excerpt":{"rendered":"<p>Tire suas d\u00favidas Cota\u00e7\u00e3o Online com desconto de at\u00e9 10% no cart\u00e3o porto Tire suas d\u00favidas Preencha e garanta seu&nbsp;desconto de at\u00e9 50%&nbsp;no cart\u00e3o de cr\u00e9dito. FAQ O que \u00e9 a Health For Pet ?&nbsp; R:Uma empresa do grupo Porto Seguro que visa oferecer maiores cuidados ao seu pet com valores mais acess\u00edveis que o [&hellip;]<\/p>\n","protected":false},"author":20,"featured_media":0,"parent":0,"menu_order":0,"comment_status":"closed","ping_status":"closed","template":"","meta":{"footnotes":""},"tags":[],"class_list":["post-38","page","type-page","status-publish","hentry"],"yoast_head":"<!-- This site is optimized with the Yoast SEO plugin v26.3 - https:\/\/yoast.com\/wordpress\/plugins\/seo\/ -->\n<title>Porto Pet - Veja nosso FAQ em Casos de D\u00favidas<\/title>\n<meta name=\"description\" content=\"Caso Tenha D\u00favidas Sobre os Planos Health for Pet, Veja Nosso FAQ. Fa\u00e7a uma Cota\u00e7\u00e3o Online Para Receber At\u00e9 20% de Desconto na Porto Pet.\" \/>\n<meta name=\"robots\" content=\"index, follow, max-snippet:-1, max-image-preview:large, max-video-preview:-1\" \/>\n<link rel=\"canonical\" href=\"https:\/\/compareplanodesaude.com.br\/porto-pet\/faq\/\" \/>\n<meta property=\"og:locale\" content=\"pt_BR\" \/>\n<meta property=\"og:type\" content=\"article\" \/>\n<meta property=\"og:title\" content=\"Porto Pet - Veja nosso FAQ em Casos de D\u00favidas\" \/>\n<meta property=\"og:description\" content=\"Caso Tenha D\u00favidas Sobre os Planos Health for Pet, Veja Nosso FAQ. Fa\u00e7a uma Cota\u00e7\u00e3o Online Para Receber At\u00e9 20% de Desconto na Porto Pet.\" \/>\n<meta property=\"og:url\" content=\"https:\/\/compareplanodesaude.com.br\/porto-pet\/faq\/\" \/>\n<meta property=\"og:site_name\" content=\"Porto Pet\" \/>\n<meta property=\"article:modified_time\" content=\"2022-04-29T13:30:19+00:00\" \/>\n<meta name=\"twitter:card\" content=\"summary_large_image\" \/>\n<meta name=\"twitter:label1\" content=\"Est. tempo de leitura\" \/>\n\t<meta name=\"twitter:data1\" content=\"3 minutos\" \/>\n<script type=\"application\/ld+json\" class=\"yoast-schema-graph\">{\"@context\":\"https:\/\/schema.org\",\"@graph\":[{\"@type\":\"WebPage\",\"@id\":\"https:\/\/compareplanodesaude.com.br\/porto-pet\/faq\/\",\"url\":\"https:\/\/compareplanodesaude.com.br\/porto-pet\/faq\/\",\"name\":\"Porto Pet - Veja nosso FAQ em Casos de D\u00favidas\",\"isPartOf\":{\"@id\":\"https:\/\/compareplanodesaude.com.br\/porto-pet\/#website\"},\"datePublished\":\"2019-03-15T20:37:38+00:00\",\"dateModified\":\"2022-04-29T13:30:19+00:00\",\"description\":\"Caso Tenha D\u00favidas Sobre os Planos Health for Pet, Veja Nosso FAQ. Fa\u00e7a uma Cota\u00e7\u00e3o Online Para Receber At\u00e9 20% de Desconto na Porto Pet.\",\"inLanguage\":\"pt-BR\",\"potentialAction\":[{\"@type\":\"ReadAction\",\"target\":[\"https:\/\/compareplanodesaude.com.br\/porto-pet\/faq\/\"]}]},{\"@type\":\"WebSite\",\"@id\":\"https:\/\/compareplanodesaude.com.br\/porto-pet\/#website\",\"url\":\"https:\/\/compareplanodesaude.com.br\/porto-pet\/\",\"name\":\"Porto Pet\",\"description\":\"Planos de sa\u00fade com at\u00e9 20% de desconto para o seu amigo pet!\",\"potentialAction\":[{\"@type\":\"SearchAction\",\"target\":{\"@type\":\"EntryPoint\",\"urlTemplate\":\"https:\/\/compareplanodesaude.com.br\/porto-pet\/?s={search_term_string}\"},\"query-input\":{\"@type\":\"PropertyValueSpecification\",\"valueRequired\":true,\"valueName\":\"search_term_string\"}}],\"inLanguage\":\"pt-BR\"}]}<\/script>\n<!-- \/ Yoast SEO plugin. -->","yoast_head_json":{"title":"Porto Pet - Veja nosso FAQ em Casos de D\u00favidas","description":"Caso Tenha D\u00favidas Sobre os Planos Health for Pet, Veja Nosso FAQ. Fa\u00e7a uma Cota\u00e7\u00e3o Online Para Receber At\u00e9 20% de Desconto na Porto Pet.","robots":{"index":"index","follow":"follow","max-snippet":"max-snippet:-1","max-image-preview":"max-image-preview:large","max-video-preview":"max-video-preview:-1"},"canonical":"https:\/\/compareplanodesaude.com.br\/porto-pet\/faq\/","og_locale":"pt_BR","og_type":"article","og_title":"Porto Pet - Veja nosso FAQ em Casos de D\u00favidas","og_description":"Caso Tenha D\u00favidas Sobre os Planos Health for Pet, Veja Nosso FAQ. Fa\u00e7a uma Cota\u00e7\u00e3o Online Para Receber At\u00e9 20% de Desconto na Porto Pet.","og_url":"https:\/\/compareplanodesaude.com.br\/porto-pet\/faq\/","og_site_name":"Porto Pet","article_modified_time":"2022-04-29T13:30:19+00:00","twitter_card":"summary_large_image","twitter_misc":{"Est. tempo de leitura":"3 minutos"},"schema":{"@context":"https:\/\/schema.org","@graph":[{"@type":"WebPage","@id":"https:\/\/compareplanodesaude.com.br\/porto-pet\/faq\/","url":"https:\/\/compareplanodesaude.com.br\/porto-pet\/faq\/","name":"Porto Pet - Veja nosso FAQ em Casos de D\u00favidas","isPartOf":{"@id":"https:\/\/compareplanodesaude.com.br\/porto-pet\/#website"},"datePublished":"2019-03-15T20:37:38+00:00","dateModified":"2022-04-29T13:30:19+00:00","description":"Caso Tenha D\u00favidas Sobre os Planos Health for Pet, Veja Nosso FAQ. Fa\u00e7a uma Cota\u00e7\u00e3o Online Para Receber At\u00e9 20% de Desconto na Porto Pet.","inLanguage":"pt-BR","potentialAction":[{"@type":"ReadAction","target":["https:\/\/compareplanodesaude.com.br\/porto-pet\/faq\/"]}]},{"@type":"WebSite","@id":"https:\/\/compareplanodesaude.com.br\/porto-pet\/#website","url":"https:\/\/compareplanodesaude.com.br\/porto-pet\/","name":"Porto Pet","description":"Planos de sa\u00fade com at\u00e9 20% de desconto para o seu amigo pet!","potentialAction":[{"@type":"SearchAction","target":{"@type":"EntryPoint","urlTemplate":"https:\/\/compareplanodesaude.com.br\/porto-pet\/?s={search_term_string}"},"query-input":{"@type":"PropertyValueSpecification","valueRequired":true,"valueName":"search_term_string"}}],"inLanguage":"pt-BR"}]}},"_links":{"self":[{"href":"https:\/\/compareplanodesaude.com.br\/porto-pet\/wp-json\/wp\/v2\/pages\/38","targetHints":{"allow":["GET"]}}],"collection":[{"href":"https:\/\/compareplanodesaude.com.br\/porto-pet\/wp-json\/wp\/v2\/pages"}],"about":[{"href":"https:\/\/compareplanodesaude.com.br\/porto-pet\/wp-json\/wp\/v2\/types\/page"}],"author":[{"embeddable":true,"href":"https:\/\/compareplanodesaude.com.br\/porto-pet\/wp-json\/wp\/v2\/users\/20"}],"replies":[{"embeddable":true,"href":"https:\/\/compareplanodesaude.com.br\/porto-pet\/wp-json\/wp\/v2\/comments?post=38"}],"version-history":[{"count":0,"href":"https:\/\/compareplanodesaude.com.br\/porto-pet\/wp-json\/wp\/v2\/pages\/38\/revisions"}],"wp:attachment":[{"href":"https:\/\/compareplanodesaude.com.br\/porto-pet\/wp-json\/wp\/v2\/media?parent=38"}],"wp:term":[{"taxonomy":"post_tag","embeddable":true,"href":"https:\/\/compareplanodesaude.com.br\/porto-pet\/wp-json\/wp\/v2\/tags?post=38"}],"curies":[{"name":"wp","href":"https:\/\/api.w.org\/{rel}","templated":true}]}}