{"id":72619,"date":"2024-06-13T14:36:32","date_gmt":"2024-06-13T14:36:32","guid":{"rendered":"https:\/\/compareplanodesaude.com.br\/porto-odonto\/?page_id=72619"},"modified":"2024-06-19T18:01:06","modified_gmt":"2024-06-19T18:01:06","slug":"contato","status":"publish","type":"page","link":"https:\/\/compareplanodesaude.com.br\/porto-odonto\/contato\/","title":{"rendered":"Contato"},"content":{"rendered":"\t\t<div data-elementor-type=\"wp-page\" data-elementor-id=\"72619\" class=\"elementor elementor-72619\" data-elementor-post-type=\"page\">\n\t\t\t\t\t\t<section class=\"elementor-section elementor-top-section elementor-element elementor-element-11e640cd elementor-section-content-middle elementor-section-boxed elementor-section-height-default elementor-section-height-default\" data-id=\"11e640cd\" data-element_type=\"section\">\n\t\t\t\t\t\t<div class=\"elementor-container elementor-column-gap-no\">\n\t\t\t\t\t<div class=\"elementor-column elementor-col-100 elementor-top-column elementor-element elementor-element-3cab016e\" data-id=\"3cab016e\" data-element_type=\"column\">\n\t\t\t<div class=\"elementor-widget-wrap elementor-element-populated\">\n\t\t\t\t\t\t<section class=\"elementor-section elementor-inner-section elementor-element elementor-element-695b2f66 elementor-section-content-middle elementor-section-boxed elementor-section-height-default elementor-section-height-default\" data-id=\"695b2f66\" data-element_type=\"section\">\n\t\t\t\t\t\t<div class=\"elementor-container elementor-column-gap-no\">\n\t\t\t\t\t<div class=\"elementor-column elementor-col-50 elementor-inner-column elementor-element elementor-element-96180d2\" data-id=\"96180d2\" data-element_type=\"column\">\n\t\t\t<div class=\"elementor-widget-wrap elementor-element-populated\">\n\t\t\t\t\t\t<div class=\"elementor-element elementor-element-2e762f56 elementor-widget elementor-widget-heading\" data-id=\"2e762f56\" data-element_type=\"widget\" data-widget_type=\"heading.default\">\n\t\t\t\t<div class=\"elementor-widget-container\">\n\t\t\t\t\t<h4 class=\"elementor-heading-title elementor-size-default\">Fale conosco<\/h4>\t\t\t\t<\/div>\n\t\t\t\t<\/div>\n\t\t\t\t<div class=\"elementor-element elementor-element-1a4055ae elementor-widget elementor-widget-text-editor\" data-id=\"1a4055ae\" data-element_type=\"widget\" data-widget_type=\"text-editor.default\">\n\t\t\t\t<div class=\"elementor-widget-container\">\n\t\t\t\t\t\t\t\t\t<p>Entre em contato com um de nossos consultores e<br \/>fale suas d\u00favidas em rela\u00e7\u00e3o ao plano de Sa\u00fade.<\/p>\t\t\t\t\t\t\t\t<\/div>\n\t\t\t\t<\/div>\n\t\t\t\t<div class=\"elementor-element elementor-element-44b2609 elementor-widget elementor-widget-heading\" data-id=\"44b2609\" data-element_type=\"widget\" data-widget_type=\"heading.default\">\n\t\t\t\t<div class=\"elementor-widget-container\">\n\t\t\t\t\t<h6 class=\"elementor-heading-title elementor-size-default\">Fale com um dos nossos especialistas<\/h6>\t\t\t\t<\/div>\n\t\t\t\t<\/div>\n\t\t\t\t<div class=\"elementor-element elementor-element-79a08463 elementor-icon-list--layout-traditional elementor-list-item-link-full_width elementor-widget elementor-widget-icon-list\" data-id=\"79a08463\" data-element_type=\"widget\" data-widget_type=\"icon-list.default\">\n\t\t\t\t<div class=\"elementor-widget-container\">\n\t\t\t\t\t\t\t<ul class=\"elementor-icon-list-items\">\n\t\t\t\t\t\t\t<li class=\"elementor-icon-list-item\">\n\t\t\t\t\t\t\t\t\t\t\t<a href=\"tel:+5511913593086\">\n\n\t\t\t\t\t\t\t\t\t\t\t\t<span class=\"elementor-icon-list-icon\">\n\t\t\t\t\t\t\t<svg aria-hidden=\"true\" class=\"e-font-icon-svg e-fas-phone-alt\" viewBox=\"0 0 512 512\" xmlns=\"http:\/\/www.w3.org\/2000\/svg\"><path d=\"M497.39 361.8l-112-48a24 24 0 0 0-28 6.9l-49.6 60.6A370.66 370.66 0 0 1 130.6 204.11l60.6-49.6a23.94 23.94 0 0 0 6.9-28l-48-112A24.16 24.16 0 0 0 122.6.61l-104 24A24 24 0 0 0 0 48c0 256.5 207.9 464 464 464a24 24 0 0 0 23.4-18.6l24-104a24.29 24.29 0 0 0-14.01-27.6z\"><\/path><\/svg>\t\t\t\t\t\t<\/span>\n\t\t\t\t\t\t\t\t\t\t<span class=\"elementor-icon-list-text\">(11) 91359-3086<\/span>\n\t\t\t\t\t\t\t\t\t\t\t<\/a>\n\t\t\t\t\t\t\t\t\t<\/li>\n\t\t\t\t\t\t<\/ul>\n\t\t\t\t\t\t<\/div>\n\t\t\t\t<\/div>\n\t\t\t\t<div class=\"elementor-element elementor-element-3331ac30 elementor-widget elementor-widget-heading\" data-id=\"3331ac30\" data-element_type=\"widget\" data-widget_type=\"heading.default\">\n\t\t\t\t<div class=\"elementor-widget-container\">\n\t\t\t\t\t<h6 class=\"elementor-heading-title elementor-size-default\">Consultoria Especializada<\/h6>\t\t\t\t<\/div>\n\t\t\t\t<\/div>\n\t\t\t\t<div class=\"elementor-element elementor-element-39e4a43c elementor-icon-list--layout-traditional elementor-list-item-link-full_width elementor-widget elementor-widget-icon-list\" data-id=\"39e4a43c\" data-element_type=\"widget\" data-widget_type=\"icon-list.default\">\n\t\t\t\t<div class=\"elementor-widget-container\">\n\t\t\t\t\t\t\t<ul class=\"elementor-icon-list-items\">\n\t\t\t\t\t\t\t<li class=\"elementor-icon-list-item\">\n\t\t\t\t\t\t\t\t\t\t\t<a href=\"https:\/\/api.whatsapp.com\/send?phone=5511913593086&#038;text=Ol%C3%A1,%20gostaria%20de%20cotar%20o%20plano%20de%20sa%C3%BAde%20da%20Porto%20Odonto%20-%20Contato%20via%20WhatsApp%C2%A0(11)%C2%A091359-3086\">\n\n\t\t\t\t\t\t\t\t\t\t\t\t<span class=\"elementor-icon-list-icon\">\n\t\t\t\t\t\t\t<svg aria-hidden=\"true\" class=\"e-font-icon-svg e-fab-whatsapp\" viewBox=\"0 0 448 512\" xmlns=\"http:\/\/www.w3.org\/2000\/svg\"><path d=\"M380.9 97.1C339 55.1 283.2 32 223.9 32c-122.4 0-222 99.6-222 222 0 39.1 10.2 77.3 29.6 111L0 480l117.7-30.9c32.4 17.7 68.9 27 106.1 27h.1c122.3 0 224.1-99.6 224.1-222 0-59.3-25.2-115-67.1-157zm-157 341.6c-33.2 0-65.7-8.9-94-25.7l-6.7-4-69.8 18.3L72 359.2l-4.4-7c-18.5-29.4-28.2-63.3-28.2-98.2 0-101.7 82.8-184.5 184.6-184.5 49.3 0 95.6 19.2 130.4 54.1 34.8 34.9 56.2 81.2 56.1 130.5 0 101.8-84.9 184.6-186.6 184.6zm101.2-138.2c-5.5-2.8-32.8-16.2-37.9-18-5.1-1.9-8.8-2.8-12.5 2.8-3.7 5.6-14.3 18-17.6 21.8-3.2 3.7-6.5 4.2-12 1.4-32.6-16.3-54-29.1-75.5-66-5.7-9.8 5.7-9.1 16.3-30.3 1.8-3.7.9-6.9-.5-9.7-1.4-2.8-12.5-30.1-17.1-41.2-4.5-10.8-9.1-9.3-12.5-9.5-3.2-.2-6.9-.2-10.6-.2-3.7 0-9.7 1.4-14.8 6.9-5.1 5.6-19.4 19-19.4 46.3 0 27.3 19.9 53.7 22.6 57.4 2.8 3.7 39.1 59.7 94.8 83.8 35.2 15.2 49 16.5 66.6 13.9 10.7-1.6 32.8-13.4 37.4-26.4 4.6-13 4.6-24.1 3.2-26.4-1.3-2.5-5-3.9-10.5-6.6z\"><\/path><\/svg>\t\t\t\t\t\t<\/span>\n\t\t\t\t\t\t\t\t\t\t<span class=\"elementor-icon-list-text\">(11) 91359-3086<\/span>\n\t\t\t\t\t\t\t\t\t\t\t<\/a>\n\t\t\t\t\t\t\t\t\t<\/li>\n\t\t\t\t\t\t<\/ul>\n\t\t\t\t\t\t<\/div>\n\t\t\t\t<\/div>\n\t\t\t\t<div class=\"elementor-element elementor-element-71690b84 elementor-widget elementor-widget-heading\" data-id=\"71690b84\" data-element_type=\"widget\" data-widget_type=\"heading.default\">\n\t\t\t\t<div class=\"elementor-widget-container\">\n\t\t\t\t\t<h6 class=\"elementor-heading-title elementor-size-default\">Atendimento <span style=\"color: #029CD7\">24 horas<\/span><\/h6>\t\t\t\t<\/div>\n\t\t\t\t<\/div>\n\t\t\t\t\t<\/div>\n\t\t<\/div>\n\t\t\t\t<div class=\"elementor-column elementor-col-50 elementor-inner-column elementor-element elementor-element-39df1c89\" data-id=\"39df1c89\" data-element_type=\"column\">\n\t\t\t<div class=\"elementor-widget-wrap elementor-element-populated\">\n\t\t\t\t\t\t<div class=\"elementor-element elementor-element-4237f2e5 elementor-widget elementor-widget-heading\" data-id=\"4237f2e5\" data-element_type=\"widget\" data-widget_type=\"heading.default\">\n\t\t\t\t<div class=\"elementor-widget-container\">\n\t\t\t\t\t<h4 class=\"elementor-heading-title elementor-size-default\">Tire suas duvidas<\/h4>\t\t\t\t<\/div>\n\t\t\t\t<\/div>\n\t\t\t\t<div class=\"elementor-element elementor-element-c755482 formteste elementor-widget elementor-widget-wpforms\" data-id=\"c755482\" data-element_type=\"widget\" data-widget_type=\"wpforms.default\">\n\t\t\t\t<div class=\"elementor-widget-container\">\n\t\t\t\t\t<div class=\"wpforms-container wpforms-container-full wpforms-form-abandonment\" id=\"wpforms-72616\"><form id=\"wpforms-form-72616\" class=\"wpforms-validate wpforms-form\" data-formid=\"72616\" method=\"post\" enctype=\"multipart\/form-data\" action=\"\/porto-odonto\/wp-json\/wp\/v2\/pages\/72619\" data-token=\"dc5e384458c8637bf3a27d1b55a20f6f\" data-token-time=\"1778225665\"><noscript class=\"wpforms-error-noscript\">Ative o JavaScript no seu navegador para preencher este formul\u00e1rio.<\/noscript><div class=\"wpforms-field-container\"><div id=\"wpforms-72616-field_1-container\" class=\"wpforms-field wpforms-field-text\" data-field-id=\"1\"><label class=\"wpforms-field-label wpforms-label-hide\" for=\"wpforms-72616-field_1\">Nome<\/label><input type=\"text\" id=\"wpforms-72616-field_1\" class=\"wpforms-field-large\" name=\"wpforms[fields][1]\" placeholder=\"Nome\" ><\/div><div id=\"wpforms-72616-field_2-container\" class=\"wpforms-field wpforms-field-text\" data-field-id=\"2\"><label class=\"wpforms-field-label wpforms-label-hide\" for=\"wpforms-72616-field_2\">Celular<\/label><input type=\"text\" id=\"wpforms-72616-field_2\" class=\"wpforms-field-large\" name=\"wpforms[fields][2]\" placeholder=\"Celular\" ><\/div><div id=\"wpforms-72616-field_3-container\" class=\"wpforms-field wpforms-field-text\" data-field-id=\"3\"><label class=\"wpforms-field-label wpforms-label-hide\" for=\"wpforms-72616-field_3\">E-mail<\/label><input type=\"text\" id=\"wpforms-72616-field_3\" class=\"wpforms-field-large\" name=\"wpforms[fields][3]\" placeholder=\"E-mail\" ><\/div><div id=\"wpforms-72616-field_4-container\" class=\"wpforms-field wpforms-field-radio wpforms-list-2-columns\" data-field-id=\"4\"><label class=\"wpforms-field-label\">Eu:<\/label><ul id=\"wpforms-72616-field_4\"><li class=\"choice-1 depth-1\"><input type=\"radio\" id=\"wpforms-72616-field_4_1\" name=\"wpforms[fields][4]\" value=\"J\u00e1 sou cliente\"  ><label class=\"wpforms-field-label-inline\" for=\"wpforms-72616-field_4_1\">J\u00e1 sou cliente<\/label><\/li><li class=\"choice-2 depth-1\"><input type=\"radio\" id=\"wpforms-72616-field_4_2\" name=\"wpforms[fields][4]\" value=\"N\u00e3o sou cliente\"  ><label class=\"wpforms-field-label-inline\" for=\"wpforms-72616-field_4_2\">N\u00e3o sou cliente<\/label><\/li><\/ul><\/div><div id=\"wpforms-72616-field_5-container\" class=\"wpforms-field wpforms-field-textarea\" data-field-id=\"5\"><label class=\"wpforms-field-label wpforms-label-hide\" for=\"wpforms-72616-field_5\">\u00c1rea de texto<\/label><textarea id=\"wpforms-72616-field_5\" class=\"wpforms-field-medium\" name=\"wpforms[fields][5]\" placeholder=\"Escreva sua mensagem aqui\" ><\/textarea><\/div><\/div><!-- .wpforms-field-container --><div class=\"wpforms-submit-container\" ><input type=\"hidden\" name=\"wpforms[id]\" value=\"72616\"><input type=\"hidden\" name=\"page_title\" value=\"\"><input type=\"hidden\" name=\"page_url\" value=\"https:\/\/compareplanodesaude.com.br\/porto-odonto\/wp-json\/wp\/v2\/pages\/72619\"><input type=\"hidden\" name=\"url_referer\" value=\"\"><button type=\"submit\" name=\"wpforms[submit]\" id=\"wpforms-submit-72616\" class=\"wpforms-submit\" data-alt-text=\"Enviando...\" data-submit-text=\"Enviar\" aria-live=\"assertive\" value=\"wpforms-submit\">Enviar<\/button><\/div><\/form><\/div>  <!-- .wpforms-container -->\t\t\t\t<\/div>\n\t\t\t\t<\/div>\n\t\t\t\t\t<\/div>\n\t\t<\/div>\n\t\t\t\t\t<\/div>\n\t\t<\/section>\n\t\t\t\t\t<\/div>\n\t\t<\/div>\n\t\t\t\t\t<\/div>\n\t\t<\/section>\n\t\t\t\t<\/div>\n\t\t","protected":false},"excerpt":{"rendered":"<p>Fale conosco Entre em contato com um de nossos consultores efale suas d\u00favidas em rela\u00e7\u00e3o ao plano de Sa\u00fade. Fale com um dos nossos especialistas (11) 91359-3086 Consultoria Especializada (11) 91359-3086 Atendimento 24 horas Tire suas duvidas Ative o JavaScript no seu navegador para preencher este formul\u00e1rio.NomeCelularE-mailEu: J\u00e1 sou cliente N\u00e3o sou cliente \u00c1rea de [&hellip;]<\/p>\n","protected":false},"author":1,"featured_media":0,"parent":0,"menu_order":0,"comment_status":"closed","ping_status":"closed","template":"","meta":{"footnotes":""},"tags":[],"class_list":["post-72619","page","type-page","status-publish","hentry"],"yoast_head":"<!-- This site is optimized with the Yoast SEO plugin v26.3 - https:\/\/yoast.com\/wordpress\/plugins\/seo\/ -->\n<title>Contato - Porto Odonto - Planos Odontol\u00f3gicos a partir de R$23,32<\/title>\n<meta name=\"robots\" content=\"index, follow, max-snippet:-1, max-image-preview:large, max-video-preview:-1\" \/>\n<link rel=\"canonical\" href=\"https:\/\/compareplanodesaude.com.br\/porto-odonto\/contato\/\" \/>\n<meta property=\"og:locale\" content=\"pt_BR\" \/>\n<meta property=\"og:type\" content=\"article\" \/>\n<meta property=\"og:title\" content=\"Contato - Porto Odonto - Planos Odontol\u00f3gicos a partir de R$23,32\" \/>\n<meta property=\"og:description\" content=\"Fale conosco Entre em contato com um de nossos consultores efale suas d\u00favidas em rela\u00e7\u00e3o ao plano de Sa\u00fade. Fale com um dos nossos especialistas (11) 91359-3086 Consultoria Especializada (11) 91359-3086 Atendimento 24 horas Tire suas duvidas Ative o JavaScript no seu navegador para preencher este formul\u00e1rio.NomeCelularE-mailEu: J\u00e1 sou cliente N\u00e3o sou cliente \u00c1rea de [&hellip;]\" \/>\n<meta property=\"og:url\" content=\"https:\/\/compareplanodesaude.com.br\/porto-odonto\/contato\/\" \/>\n<meta property=\"og:site_name\" content=\"Porto Odonto - Planos Odontol\u00f3gicos a partir de R$23,32\" \/>\n<meta property=\"article:modified_time\" content=\"2024-06-19T18:01:06+00:00\" \/>\n<meta name=\"twitter:card\" content=\"summary_large_image\" \/>\n<meta name=\"twitter:label1\" content=\"Est. tempo de leitura\" \/>\n\t<meta name=\"twitter:data1\" content=\"1 minuto\" \/>\n<script type=\"application\/ld+json\" class=\"yoast-schema-graph\">{\"@context\":\"https:\/\/schema.org\",\"@graph\":[{\"@type\":\"WebPage\",\"@id\":\"https:\/\/compareplanodesaude.com.br\/porto-odonto\/contato\/\",\"url\":\"https:\/\/compareplanodesaude.com.br\/porto-odonto\/contato\/\",\"name\":\"Contato - Porto Odonto - Planos Odontol\u00f3gicos a partir de R$23,32\",\"isPartOf\":{\"@id\":\"https:\/\/compareplanodesaude.com.br\/porto-odonto\/#website\"},\"datePublished\":\"2024-06-13T14:36:32+00:00\",\"dateModified\":\"2024-06-19T18:01:06+00:00\",\"inLanguage\":\"pt-BR\",\"potentialAction\":[{\"@type\":\"ReadAction\",\"target\":[\"https:\/\/compareplanodesaude.com.br\/porto-odonto\/contato\/\"]}]},{\"@type\":\"WebSite\",\"@id\":\"https:\/\/compareplanodesaude.com.br\/porto-odonto\/#website\",\"url\":\"https:\/\/compareplanodesaude.com.br\/porto-odonto\/\",\"name\":\"Porto Odonto - Planos Odontol\u00f3gicos a partir de R$23,32\",\"description\":\"\",\"potentialAction\":[{\"@type\":\"SearchAction\",\"target\":{\"@type\":\"EntryPoint\",\"urlTemplate\":\"https:\/\/compareplanodesaude.com.br\/porto-odonto\/?s={search_term_string}\"},\"query-input\":{\"@type\":\"PropertyValueSpecification\",\"valueRequired\":true,\"valueName\":\"search_term_string\"}}],\"inLanguage\":\"pt-BR\"}]}<\/script>\n<!-- \/ Yoast SEO plugin. -->","yoast_head_json":{"title":"Contato - Porto Odonto - Planos Odontol\u00f3gicos a partir de R$23,32","robots":{"index":"index","follow":"follow","max-snippet":"max-snippet:-1","max-image-preview":"max-image-preview:large","max-video-preview":"max-video-preview:-1"},"canonical":"https:\/\/compareplanodesaude.com.br\/porto-odonto\/contato\/","og_locale":"pt_BR","og_type":"article","og_title":"Contato - Porto Odonto - Planos Odontol\u00f3gicos a partir de R$23,32","og_description":"Fale conosco Entre em contato com um de nossos consultores efale suas d\u00favidas em rela\u00e7\u00e3o ao plano de Sa\u00fade. Fale com um dos nossos especialistas (11) 91359-3086 Consultoria Especializada (11) 91359-3086 Atendimento 24 horas Tire suas duvidas Ative o JavaScript no seu navegador para preencher este formul\u00e1rio.NomeCelularE-mailEu: J\u00e1 sou cliente N\u00e3o sou cliente \u00c1rea de [&hellip;]","og_url":"https:\/\/compareplanodesaude.com.br\/porto-odonto\/contato\/","og_site_name":"Porto Odonto - Planos Odontol\u00f3gicos a partir de R$23,32","article_modified_time":"2024-06-19T18:01:06+00:00","twitter_card":"summary_large_image","twitter_misc":{"Est. tempo de leitura":"1 minuto"},"schema":{"@context":"https:\/\/schema.org","@graph":[{"@type":"WebPage","@id":"https:\/\/compareplanodesaude.com.br\/porto-odonto\/contato\/","url":"https:\/\/compareplanodesaude.com.br\/porto-odonto\/contato\/","name":"Contato - Porto Odonto - Planos Odontol\u00f3gicos a partir de R$23,32","isPartOf":{"@id":"https:\/\/compareplanodesaude.com.br\/porto-odonto\/#website"},"datePublished":"2024-06-13T14:36:32+00:00","dateModified":"2024-06-19T18:01:06+00:00","inLanguage":"pt-BR","potentialAction":[{"@type":"ReadAction","target":["https:\/\/compareplanodesaude.com.br\/porto-odonto\/contato\/"]}]},{"@type":"WebSite","@id":"https:\/\/compareplanodesaude.com.br\/porto-odonto\/#website","url":"https:\/\/compareplanodesaude.com.br\/porto-odonto\/","name":"Porto Odonto - Planos Odontol\u00f3gicos a partir de R$23,32","description":"","potentialAction":[{"@type":"SearchAction","target":{"@type":"EntryPoint","urlTemplate":"https:\/\/compareplanodesaude.com.br\/porto-odonto\/?s={search_term_string}"},"query-input":{"@type":"PropertyValueSpecification","valueRequired":true,"valueName":"search_term_string"}}],"inLanguage":"pt-BR"}]}},"_links":{"self":[{"href":"https:\/\/compareplanodesaude.com.br\/porto-odonto\/wp-json\/wp\/v2\/pages\/72619","targetHints":{"allow":["GET"]}}],"collection":[{"href":"https:\/\/compareplanodesaude.com.br\/porto-odonto\/wp-json\/wp\/v2\/pages"}],"about":[{"href":"https:\/\/compareplanodesaude.com.br\/porto-odonto\/wp-json\/wp\/v2\/types\/page"}],"author":[{"embeddable":true,"href":"https:\/\/compareplanodesaude.com.br\/porto-odonto\/wp-json\/wp\/v2\/users\/1"}],"replies":[{"embeddable":true,"href":"https:\/\/compareplanodesaude.com.br\/porto-odonto\/wp-json\/wp\/v2\/comments?post=72619"}],"version-history":[{"count":10,"href":"https:\/\/compareplanodesaude.com.br\/porto-odonto\/wp-json\/wp\/v2\/pages\/72619\/revisions"}],"predecessor-version":[{"id":72704,"href":"https:\/\/compareplanodesaude.com.br\/porto-odonto\/wp-json\/wp\/v2\/pages\/72619\/revisions\/72704"}],"wp:attachment":[{"href":"https:\/\/compareplanodesaude.com.br\/porto-odonto\/wp-json\/wp\/v2\/media?parent=72619"}],"wp:term":[{"taxonomy":"post_tag","embeddable":true,"href":"https:\/\/compareplanodesaude.com.br\/porto-odonto\/wp-json\/wp\/v2\/tags?post=72619"}],"curies":[{"name":"wp","href":"https:\/\/api.w.org\/{rel}","templated":true}]}}