{"id":3655,"date":"2023-07-21T11:36:29","date_gmt":"2023-07-21T14:36:29","guid":{"rendered":"https:\/\/compareplanodesaude.com.br\/planos-de-saude-senior\/?page_id=3655"},"modified":"2023-08-15T16:43:38","modified_gmt":"2023-08-15T19:43:38","slug":"cotacao-online","status":"publish","type":"page","link":"https:\/\/compareplanodesaude.com.br\/planos-de-saude-senior\/cotacao-online\/","title":{"rendered":"Cota\u00e7\u00e3o Online"},"content":{"rendered":"\t\t<div data-elementor-type=\"wp-page\" data-elementor-id=\"3655\" class=\"elementor elementor-3655\" data-elementor-post-type=\"page\">\n\t\t\t\t\t\t<section class=\"elementor-section elementor-top-section elementor-element elementor-element-516bef21 elementor-section-height-full elementor-section-boxed elementor-section-height-default elementor-section-items-middle\" data-id=\"516bef21\" data-element_type=\"section\">\n\t\t\t\t\t\t<div class=\"elementor-container elementor-column-gap-default\">\n\t\t\t\t\t<div class=\"elementor-column elementor-col-100 elementor-top-column elementor-element elementor-element-1a1a254e\" data-id=\"1a1a254e\" data-element_type=\"column\">\n\t\t\t<div class=\"elementor-widget-wrap elementor-element-populated\">\n\t\t\t\t\t\t<div class=\"elementor-element elementor-element-632287aa elementor-hidden-tablet elementor-hidden-mobile elementor-widget elementor-widget-image\" data-id=\"632287aa\" data-element_type=\"widget\" data-widget_type=\"image.default\">\n\t\t\t\t<div class=\"elementor-widget-container\">\n\t\t\t\t\t\t\t\t\t\t\t\t\t\t\t<img decoding=\"async\" width=\"300\" height=\"71\" src=\"https:\/\/compareplanodesaude.com.br\/planos-de-saude-senior\/wp-content\/uploads\/sites\/82\/2023\/07\/compare-seguros-1-e1567448461607-300x71.png\" class=\"attachment-medium size-medium wp-image-3644\" alt=\"\" srcset=\"https:\/\/compareplanodesaude.com.br\/planos-de-saude-senior\/wp-content\/uploads\/sites\/82\/2023\/07\/compare-seguros-1-e1567448461607-300x71.png 300w, https:\/\/compareplanodesaude.com.br\/planos-de-saude-senior\/wp-content\/uploads\/sites\/82\/2023\/07\/compare-seguros-1-e1567448461607-768x182.png 768w, https:\/\/compareplanodesaude.com.br\/planos-de-saude-senior\/wp-content\/uploads\/sites\/82\/2023\/07\/compare-seguros-1-e1567448461607-150x36.png 150w, https:\/\/compareplanodesaude.com.br\/planos-de-saude-senior\/wp-content\/uploads\/sites\/82\/2023\/07\/compare-seguros-1-e1567448461607.png 1000w\" sizes=\"(max-width: 300px) 100vw, 300px\" \/>\t\t\t\t\t\t\t\t\t\t\t\t\t\t\t<\/div>\n\t\t\t\t<\/div>\n\t\t\t\t<div class=\"elementor-element elementor-element-537d076 elementor-widget elementor-widget-heading\" data-id=\"537d076\" data-element_type=\"widget\" data-widget_type=\"heading.default\">\n\t\t\t\t<div class=\"elementor-widget-container\">\n\t\t\t\t\t<h1 class=\"elementor-heading-title elementor-size-default\">Encontre o plano de sa\u00fade ideal em apenas 2 etapas!<\/h1>\t\t\t\t<\/div>\n\t\t\t\t<\/div>\n\t\t\t\t<div class=\"elementor-element elementor-element-5cc035bc elementor-widget elementor-widget-heading\" data-id=\"5cc035bc\" data-element_type=\"widget\" data-widget_type=\"heading.default\">\n\t\t\t\t<div class=\"elementor-widget-container\">\n\t\t\t\t\t<p class=\"elementor-heading-title elementor-size-default\">A forma mais r\u00e1pida e segura de encontrar o seu novo plano!<\/p>\t\t\t\t<\/div>\n\t\t\t\t<\/div>\n\t\t\t\t<div class=\"elementor-element elementor-element-58de3108 elementor-widget elementor-widget-wpforms\" data-id=\"58de3108\" data-element_type=\"widget\" data-widget_type=\"wpforms.default\">\n\t\t\t\t<div class=\"elementor-widget-container\">\n\t\t\t\t\t<div class=\"wpforms-container wpforms-container-full wpforms-form-abandonment\" id=\"wpforms-3641\"><form id=\"wpforms-form-3641\" class=\"wpforms-validate wpforms-form\" data-formid=\"3641\" method=\"post\" enctype=\"multipart\/form-data\" action=\"\/planos-de-saude-senior\/wp-json\/wp\/v2\/pages\/3655\" data-token=\"65f60ba46e7b42f1491699f8bf8d6959\" data-token-time=\"1775544452\"><noscript class=\"wpforms-error-noscript\">Ative o JavaScript no seu navegador para preencher este formul\u00e1rio.<\/noscript><div class=\"wpforms-field-container\"><div id=\"wpforms-3641-field_69-container\" class=\"wpforms-field wpforms-field-name\" data-field-id=\"69\"><label class=\"wpforms-field-label\" for=\"wpforms-3641-field_69\">Nome <span class=\"wpforms-required-label\">*<\/span><\/label><input type=\"text\" id=\"wpforms-3641-field_69\" class=\"wpforms-field-medium wpforms-field-required\" name=\"wpforms[fields][69]\" placeholder=\"Nome\" required><\/div><div id=\"wpforms-3641-field_162-container\" class=\"wpforms-field wpforms-field-radio center wpforms-list-inline wpforms-conditional-trigger\" data-field-id=\"162\"><label class=\"wpforms-field-label\">Tipo do plano s\u00eanior <span class=\"wpforms-required-label\">*<\/span><\/label><ul id=\"wpforms-3641-field_162\" class=\"wpforms-field-required\"><li class=\"choice-1 depth-1\"><input type=\"radio\" id=\"wpforms-3641-field_162_1\" name=\"wpforms[fields][162]\" value=\"Individual\" required ><label class=\"wpforms-field-label-inline\" for=\"wpforms-3641-field_162_1\">Individual<\/label><\/li><li class=\"choice-2 depth-1\"><input type=\"radio\" id=\"wpforms-3641-field_162_2\" name=\"wpforms[fields][162]\" value=\"Familiar\" required ><label class=\"wpforms-field-label-inline\" for=\"wpforms-3641-field_162_2\">Familiar<\/label><\/li><\/ul><\/div><div id=\"wpforms-3641-field_147-container\" class=\"wpforms-field wpforms-field-text center title-compare wpforms-conditional-field wpforms-conditional-show\" data-field-id=\"147\" style=\"display:none;\"><label class=\"wpforms-field-label\" for=\"wpforms-3641-field_147\">Idade da(s) vida(s) <span class=\"wpforms-required-label\">*<\/span><\/label><input type=\"text\" id=\"wpforms-3641-field_147\" class=\"wpforms-field-medium wpforms-field-required\" name=\"wpforms[fields][147]\" placeholder=\"ex: 35, 20, 7\" required><\/div><div id=\"wpforms-3641-field_137-container\" class=\"wpforms-field wpforms-field-select center title-compare wpforms-conditional-trigger wpforms-field-select-style-classic\" data-field-id=\"137\"><label class=\"wpforms-field-label\" for=\"wpforms-3641-field_137\">Forma de contato <span class=\"wpforms-required-label\">*<\/span><\/label><select id=\"wpforms-3641-field_137\" class=\"wpforms-field-medium wpforms-field-required\" name=\"wpforms[fields][137]\" required=\"required\"><option value=\"\" class=\"placeholder\" disabled  selected='selected'>Como deseja receber a sua cota\u00e7\u00e3o?<\/option><option value=\"Whatsapp\"  class=\"choice-2 depth-1\"  >Whatsapp<\/option><option value=\"Telefone\"  class=\"choice-3 depth-1\"  >Telefone<\/option><option value=\"E-mail\"  class=\"choice-1 depth-1\"  >E-mail<\/option><option value=\"Liga\u00e7\u00e3o\"  class=\"choice-6 depth-1\"  >Liga\u00e7\u00e3o<\/option><option value=\"Agendar Video confer\u00eancia\"  class=\"choice-4 depth-1\"  >Agendar Video confer\u00eancia<\/option><option value=\"Reuni\u00e3o Presencial\"  class=\"choice-5 depth-1\"  >Reuni\u00e3o Presencial<\/option><\/select><\/div><div id=\"wpforms-3641-field_178-container\" class=\"wpforms-field wpforms-field-text wpforms-conditional-field wpforms-conditional-show\" data-field-id=\"178\" style=\"display:none;\"><label class=\"wpforms-field-label wpforms-label-hide\" for=\"wpforms-3641-field_178\">Whatsapp <span class=\"wpforms-required-label\">*<\/span><\/label><input type=\"text\" id=\"wpforms-3641-field_178\" class=\"wpforms-field-medium wpforms-field-required wpforms-masked-input\" data-rule-inputmask-incomplete=\"1\" data-inputmask-mask=\"(99) 9999-99999\" name=\"wpforms[fields][178]\" value=\"Whatsapp\" placeholder=\"Whatsapp\" required><\/div><div id=\"wpforms-3641-field_174-container\" class=\"wpforms-field wpforms-field-email wpforms-conditional-field wpforms-conditional-show\" data-field-id=\"174\" style=\"display:none;\"><label class=\"wpforms-field-label wpforms-label-hide\" for=\"wpforms-3641-field_174\">E-mail<\/label><input type=\"email\" id=\"wpforms-3641-field_174\" class=\"wpforms-field-medium\" name=\"wpforms[fields][174]\" placeholder=\"Seu melhor e-mail\" spellcheck=\"false\" ><\/div><div id=\"wpforms-3641-field_176-container\" class=\"wpforms-field wpforms-field-text wpforms-conditional-field wpforms-conditional-show\" data-field-id=\"176\" style=\"display:none;\"><label class=\"wpforms-field-label wpforms-label-hide\" for=\"wpforms-3641-field_176\">Telefone<\/label><input type=\"text\" id=\"wpforms-3641-field_176\" class=\"wpforms-field-medium wpforms-masked-input\" data-rule-inputmask-incomplete=\"1\" data-inputmask-mask=\"(99) 9999-9999[9]\" name=\"wpforms[fields][176]\" placeholder=\"Melhor telefone\" ><\/div><div id=\"wpforms-3641-field_175-container\" class=\"wpforms-field wpforms-field-textarea input3\" data-field-id=\"175\"><label class=\"wpforms-field-label\" for=\"wpforms-3641-field_175\">Observa\u00e7\u00f5es<\/label><textarea id=\"wpforms-3641-field_175\" class=\"wpforms-field-medium\" name=\"wpforms[fields][175]\" placeholder=\"Se desejar, insira aqui a sua mensagem contendo mais informa\u00e7\u00f5es\" ><\/textarea><\/div><div id=\"wpforms-3641-field_165-container\" class=\"wpforms-field wpforms-field-html cotacao1 wpforms-conditional-field wpforms-conditional-show\" data-field-id=\"165\" style=\"display:none;\"><div id=\"wpforms-3641-field_165\">*Nossos especialistas entrar\u00e3o em contato para agendar o dia e a hora da liga\u00e7\u00e3o.<\/div><\/div><div id=\"wpforms-3641-field_166-container\" class=\"wpforms-field wpforms-field-html cotacao1 wpforms-conditional-field wpforms-conditional-show\" data-field-id=\"166\" style=\"display:none;\"><div id=\"wpforms-3641-field_166\">*Nossos especialistas entrar\u00e3o em contato para agendar o dia e a hora da confer\u00eancia.<\/div><\/div><div id=\"wpforms-3641-field_167-container\" class=\"wpforms-field wpforms-field-html cotacao1 wpforms-conditional-field wpforms-conditional-show\" data-field-id=\"167\" style=\"display:none;\"><div id=\"wpforms-3641-field_167\">*Nossos especialistas entrar\u00e3o em contato para agendar o dia e a hora da reuniao presencial.<\/div><\/div><div id=\"wpforms-3641-field_171-container\" class=\"wpforms-field wpforms-field-html cotacao1 wpforms-conditional-field wpforms-conditional-show\" data-field-id=\"171\" style=\"display:none;\"><div id=\"wpforms-3641-field_171\">*O e-mail n\u00e3o \u00e9 obrigat\u00f3rio.<\/div><\/div><\/div><!-- .wpforms-field-container --><div class=\"wpforms-submit-container\" ><input type=\"hidden\" name=\"wpforms[id]\" value=\"3641\"><input type=\"hidden\" name=\"page_title\" value=\"\"><input type=\"hidden\" name=\"page_url\" value=\"https:\/\/compareplanodesaude.com.br\/planos-de-saude-senior\/wp-json\/wp\/v2\/pages\/3655\"><input type=\"hidden\" name=\"url_referer\" value=\"\"><button type=\"submit\" name=\"wpforms[submit]\" id=\"wpforms-submit-3641\" class=\"wpforms-submit cotar-agora\" data-alt-text=\"Enviando\" data-submit-text=\"Cotar agora\" aria-live=\"assertive\" value=\"wpforms-submit\">Cotar agora<\/button><\/div><\/form><\/div>  <!-- .wpforms-container -->\t\t\t\t<\/div>\n\t\t\t\t<\/div>\n\t\t\t\t\t<\/div>\n\t\t<\/div>\n\t\t\t\t\t<\/div>\n\t\t<\/section>\n\t\t\t\t<\/div>\n\t\t","protected":false},"excerpt":{"rendered":"<p>Encontre o plano de sa\u00fade ideal em apenas 2 etapas! A forma mais r\u00e1pida e segura de encontrar o seu novo plano!<\/p>\n","protected":false},"author":1,"featured_media":0,"parent":0,"menu_order":0,"comment_status":"closed","ping_status":"closed","template":"","meta":{"footnotes":""},"tags":[],"class_list":["post-3655","page","type-page","status-publish","hentry"],"yoast_head":"<!-- This site is optimized with the Yoast SEO plugin v26.3 - https:\/\/yoast.com\/wordpress\/plugins\/seo\/ -->\n<title>Cota\u00e7\u00e3o Online - Planos de Sa\u00fade S\u00eanior<\/title>\n<meta name=\"robots\" content=\"index, follow, max-snippet:-1, max-image-preview:large, max-video-preview:-1\" \/>\n<link rel=\"canonical\" href=\"https:\/\/compareplanodesaude.com.br\/planos-de-saude-senior\/cotacao-online\/\" \/>\n<meta property=\"og:locale\" content=\"pt_BR\" \/>\n<meta property=\"og:type\" content=\"article\" \/>\n<meta property=\"og:title\" content=\"Cota\u00e7\u00e3o Online - Planos de Sa\u00fade S\u00eanior\" \/>\n<meta property=\"og:description\" content=\"Encontre o plano de sa\u00fade ideal em apenas 2 etapas! A forma mais r\u00e1pida e segura de encontrar o seu novo plano!\" \/>\n<meta property=\"og:url\" content=\"https:\/\/compareplanodesaude.com.br\/planos-de-saude-senior\/cotacao-online\/\" \/>\n<meta property=\"og:site_name\" content=\"Planos de Sa\u00fade S\u00eanior\" \/>\n<meta property=\"article:modified_time\" content=\"2023-08-15T19:43:38+00:00\" \/>\n<meta property=\"og:image\" content=\"https:\/\/compareplanodesaude.com.br\/planos-de-saude-senior\/wp-content\/uploads\/sites\/82\/2023\/07\/compare-seguros-1-e1567448461607-300x71.png\" \/>\n<meta name=\"twitter:card\" content=\"summary_large_image\" \/>\n<meta name=\"twitter:label1\" content=\"Est. tempo de leitura\" \/>\n\t<meta name=\"twitter:data1\" content=\"1 minuto\" \/>\n<script type=\"application\/ld+json\" class=\"yoast-schema-graph\">{\"@context\":\"https:\/\/schema.org\",\"@graph\":[{\"@type\":\"WebPage\",\"@id\":\"https:\/\/compareplanodesaude.com.br\/planos-de-saude-senior\/cotacao-online\/\",\"url\":\"https:\/\/compareplanodesaude.com.br\/planos-de-saude-senior\/cotacao-online\/\",\"name\":\"Cota\u00e7\u00e3o Online - Planos de Sa\u00fade S\u00eanior\",\"isPartOf\":{\"@id\":\"https:\/\/compareplanodesaude.com.br\/planos-de-saude-senior\/#website\"},\"primaryImageOfPage\":{\"@id\":\"https:\/\/compareplanodesaude.com.br\/planos-de-saude-senior\/cotacao-online\/#primaryimage\"},\"image\":{\"@id\":\"https:\/\/compareplanodesaude.com.br\/planos-de-saude-senior\/cotacao-online\/#primaryimage\"},\"thumbnailUrl\":\"https:\/\/compareplanodesaude.com.br\/planos-de-saude-senior\/wp-content\/uploads\/sites\/82\/2023\/07\/compare-seguros-1-e1567448461607-300x71.png\",\"datePublished\":\"2023-07-21T14:36:29+00:00\",\"dateModified\":\"2023-08-15T19:43:38+00:00\",\"breadcrumb\":{\"@id\":\"https:\/\/compareplanodesaude.com.br\/planos-de-saude-senior\/cotacao-online\/#breadcrumb\"},\"inLanguage\":\"pt-BR\",\"potentialAction\":[{\"@type\":\"ReadAction\",\"target\":[\"https:\/\/compareplanodesaude.com.br\/planos-de-saude-senior\/cotacao-online\/\"]}]},{\"@type\":\"ImageObject\",\"inLanguage\":\"pt-BR\",\"@id\":\"https:\/\/compareplanodesaude.com.br\/planos-de-saude-senior\/cotacao-online\/#primaryimage\",\"url\":\"https:\/\/compareplanodesaude.com.br\/planos-de-saude-senior\/wp-content\/uploads\/sites\/82\/2023\/07\/compare-seguros-1-e1567448461607.png\",\"contentUrl\":\"https:\/\/compareplanodesaude.com.br\/planos-de-saude-senior\/wp-content\/uploads\/sites\/82\/2023\/07\/compare-seguros-1-e1567448461607.png\",\"width\":1000,\"height\":237},{\"@type\":\"BreadcrumbList\",\"@id\":\"https:\/\/compareplanodesaude.com.br\/planos-de-saude-senior\/cotacao-online\/#breadcrumb\",\"itemListElement\":[{\"@type\":\"ListItem\",\"position\":1,\"name\":\"In\u00edcio\",\"item\":\"https:\/\/compareplanodesaude.com.br\/planos-de-saude-senior\/\"},{\"@type\":\"ListItem\",\"position\":2,\"name\":\"Cota\u00e7\u00e3o Online\"}]},{\"@type\":\"WebSite\",\"@id\":\"https:\/\/compareplanodesaude.com.br\/planos-de-saude-senior\/#website\",\"url\":\"https:\/\/compareplanodesaude.com.br\/planos-de-saude-senior\/\",\"name\":\"Planos de Sa\u00fade S\u00eanior\",\"description\":\"\",\"publisher\":{\"@id\":\"https:\/\/compareplanodesaude.com.br\/planos-de-saude-senior\/#organization\"},\"potentialAction\":[{\"@type\":\"SearchAction\",\"target\":{\"@type\":\"EntryPoint\",\"urlTemplate\":\"https:\/\/compareplanodesaude.com.br\/planos-de-saude-senior\/?s={search_term_string}\"},\"query-input\":{\"@type\":\"PropertyValueSpecification\",\"valueRequired\":true,\"valueName\":\"search_term_string\"}}],\"inLanguage\":\"pt-BR\"},{\"@type\":\"Organization\",\"@id\":\"https:\/\/compareplanodesaude.com.br\/planos-de-saude-senior\/#organization\",\"name\":\"Planos de Sa\u00fade S\u00eanior\",\"url\":\"https:\/\/compareplanodesaude.com.br\/planos-de-saude-senior\/\",\"logo\":{\"@type\":\"ImageObject\",\"inLanguage\":\"pt-BR\",\"@id\":\"https:\/\/compareplanodesaude.com.br\/planos-de-saude-senior\/#\/schema\/logo\/image\/\",\"url\":\"https:\/\/compareplanodesaude.com.br\/planos-de-saude-senior\/wp-content\/uploads\/sites\/82\/2023\/05\/logo-compare-13.png\",\"contentUrl\":\"https:\/\/compareplanodesaude.com.br\/planos-de-saude-senior\/wp-content\/uploads\/sites\/82\/2023\/05\/logo-compare-13.png\",\"width\":512,\"height\":512,\"caption\":\"Planos de Sa\u00fade S\u00eanior\"},\"image\":{\"@id\":\"https:\/\/compareplanodesaude.com.br\/planos-de-saude-senior\/#\/schema\/logo\/image\/\"}}]}<\/script>\n<!-- \/ Yoast SEO plugin. -->","yoast_head_json":{"title":"Cota\u00e7\u00e3o Online - Planos de Sa\u00fade S\u00eanior","robots":{"index":"index","follow":"follow","max-snippet":"max-snippet:-1","max-image-preview":"max-image-preview:large","max-video-preview":"max-video-preview:-1"},"canonical":"https:\/\/compareplanodesaude.com.br\/planos-de-saude-senior\/cotacao-online\/","og_locale":"pt_BR","og_type":"article","og_title":"Cota\u00e7\u00e3o Online - Planos de Sa\u00fade S\u00eanior","og_description":"Encontre o plano de sa\u00fade ideal em apenas 2 etapas! A forma mais r\u00e1pida e segura de encontrar o seu novo plano!","og_url":"https:\/\/compareplanodesaude.com.br\/planos-de-saude-senior\/cotacao-online\/","og_site_name":"Planos de Sa\u00fade S\u00eanior","article_modified_time":"2023-08-15T19:43:38+00:00","og_image":[{"url":"https:\/\/compareplanodesaude.com.br\/planos-de-saude-senior\/wp-content\/uploads\/sites\/82\/2023\/07\/compare-seguros-1-e1567448461607-300x71.png","type":"","width":"","height":""}],"twitter_card":"summary_large_image","twitter_misc":{"Est. tempo de leitura":"1 minuto"},"schema":{"@context":"https:\/\/schema.org","@graph":[{"@type":"WebPage","@id":"https:\/\/compareplanodesaude.com.br\/planos-de-saude-senior\/cotacao-online\/","url":"https:\/\/compareplanodesaude.com.br\/planos-de-saude-senior\/cotacao-online\/","name":"Cota\u00e7\u00e3o Online - Planos de Sa\u00fade S\u00eanior","isPartOf":{"@id":"https:\/\/compareplanodesaude.com.br\/planos-de-saude-senior\/#website"},"primaryImageOfPage":{"@id":"https:\/\/compareplanodesaude.com.br\/planos-de-saude-senior\/cotacao-online\/#primaryimage"},"image":{"@id":"https:\/\/compareplanodesaude.com.br\/planos-de-saude-senior\/cotacao-online\/#primaryimage"},"thumbnailUrl":"https:\/\/compareplanodesaude.com.br\/planos-de-saude-senior\/wp-content\/uploads\/sites\/82\/2023\/07\/compare-seguros-1-e1567448461607-300x71.png","datePublished":"2023-07-21T14:36:29+00:00","dateModified":"2023-08-15T19:43:38+00:00","breadcrumb":{"@id":"https:\/\/compareplanodesaude.com.br\/planos-de-saude-senior\/cotacao-online\/#breadcrumb"},"inLanguage":"pt-BR","potentialAction":[{"@type":"ReadAction","target":["https:\/\/compareplanodesaude.com.br\/planos-de-saude-senior\/cotacao-online\/"]}]},{"@type":"ImageObject","inLanguage":"pt-BR","@id":"https:\/\/compareplanodesaude.com.br\/planos-de-saude-senior\/cotacao-online\/#primaryimage","url":"https:\/\/compareplanodesaude.com.br\/planos-de-saude-senior\/wp-content\/uploads\/sites\/82\/2023\/07\/compare-seguros-1-e1567448461607.png","contentUrl":"https:\/\/compareplanodesaude.com.br\/planos-de-saude-senior\/wp-content\/uploads\/sites\/82\/2023\/07\/compare-seguros-1-e1567448461607.png","width":1000,"height":237},{"@type":"BreadcrumbList","@id":"https:\/\/compareplanodesaude.com.br\/planos-de-saude-senior\/cotacao-online\/#breadcrumb","itemListElement":[{"@type":"ListItem","position":1,"name":"In\u00edcio","item":"https:\/\/compareplanodesaude.com.br\/planos-de-saude-senior\/"},{"@type":"ListItem","position":2,"name":"Cota\u00e7\u00e3o Online"}]},{"@type":"WebSite","@id":"https:\/\/compareplanodesaude.com.br\/planos-de-saude-senior\/#website","url":"https:\/\/compareplanodesaude.com.br\/planos-de-saude-senior\/","name":"Planos de Sa\u00fade S\u00eanior","description":"","publisher":{"@id":"https:\/\/compareplanodesaude.com.br\/planos-de-saude-senior\/#organization"},"potentialAction":[{"@type":"SearchAction","target":{"@type":"EntryPoint","urlTemplate":"https:\/\/compareplanodesaude.com.br\/planos-de-saude-senior\/?s={search_term_string}"},"query-input":{"@type":"PropertyValueSpecification","valueRequired":true,"valueName":"search_term_string"}}],"inLanguage":"pt-BR"},{"@type":"Organization","@id":"https:\/\/compareplanodesaude.com.br\/planos-de-saude-senior\/#organization","name":"Planos de Sa\u00fade S\u00eanior","url":"https:\/\/compareplanodesaude.com.br\/planos-de-saude-senior\/","logo":{"@type":"ImageObject","inLanguage":"pt-BR","@id":"https:\/\/compareplanodesaude.com.br\/planos-de-saude-senior\/#\/schema\/logo\/image\/","url":"https:\/\/compareplanodesaude.com.br\/planos-de-saude-senior\/wp-content\/uploads\/sites\/82\/2023\/05\/logo-compare-13.png","contentUrl":"https:\/\/compareplanodesaude.com.br\/planos-de-saude-senior\/wp-content\/uploads\/sites\/82\/2023\/05\/logo-compare-13.png","width":512,"height":512,"caption":"Planos de Sa\u00fade S\u00eanior"},"image":{"@id":"https:\/\/compareplanodesaude.com.br\/planos-de-saude-senior\/#\/schema\/logo\/image\/"}}]}},"_links":{"self":[{"href":"https:\/\/compareplanodesaude.com.br\/planos-de-saude-senior\/wp-json\/wp\/v2\/pages\/3655","targetHints":{"allow":["GET"]}}],"collection":[{"href":"https:\/\/compareplanodesaude.com.br\/planos-de-saude-senior\/wp-json\/wp\/v2\/pages"}],"about":[{"href":"https:\/\/compareplanodesaude.com.br\/planos-de-saude-senior\/wp-json\/wp\/v2\/types\/page"}],"author":[{"embeddable":true,"href":"https:\/\/compareplanodesaude.com.br\/planos-de-saude-senior\/wp-json\/wp\/v2\/users\/1"}],"replies":[{"embeddable":true,"href":"https:\/\/compareplanodesaude.com.br\/planos-de-saude-senior\/wp-json\/wp\/v2\/comments?post=3655"}],"version-history":[{"count":12,"href":"https:\/\/compareplanodesaude.com.br\/planos-de-saude-senior\/wp-json\/wp\/v2\/pages\/3655\/revisions"}],"predecessor-version":[{"id":12653,"href":"https:\/\/compareplanodesaude.com.br\/planos-de-saude-senior\/wp-json\/wp\/v2\/pages\/3655\/revisions\/12653"}],"wp:attachment":[{"href":"https:\/\/compareplanodesaude.com.br\/planos-de-saude-senior\/wp-json\/wp\/v2\/media?parent=3655"}],"wp:term":[{"taxonomy":"post_tag","embeddable":true,"href":"https:\/\/compareplanodesaude.com.br\/planos-de-saude-senior\/wp-json\/wp\/v2\/tags?post=3655"}],"curies":[{"name":"wp","href":"https:\/\/api.w.org\/{rel}","templated":true}]}}