{"id":47892,"date":"2019-05-06T13:11:45","date_gmt":"2019-05-06T13:11:45","guid":{"rendered":"http:\/\/healthforpet24h.com.br\/?page_id=47892"},"modified":"2021-11-03T15:56:05","modified_gmt":"2021-11-03T15:56:05","slug":"cotacao-online","status":"publish","type":"page","link":"https:\/\/compareplanodesaude.com.br\/health-for-pet\/cotacao-online\/","title":{"rendered":"Health for Pet &#8211; Cota\u00e7\u00e3o Online"},"content":{"rendered":"\n[et_pb_section fb_built=&#8221;1&#8243; custom_padding_last_edited=&#8221;on|tablet&#8221; module_id=&#8221;main-banner-cotacao-online&#8221; _builder_version=&#8221;3.22.4&#8243; _module_preset=&#8221;default&#8221; background_color=&#8221;#f16178&#8243; background_size=&#8221;initial&#8221; background_position=&#8221;center_left&#8221; custom_padding=&#8221;19px||19px||true|&#8221; custom_padding_tablet=&#8221;0px||0px&#8221; custom_padding_phone=&#8221;&#8221; border_width_bottom=&#8221;20px&#8221; border_color_bottom=&#8221;#4ec1ea&#8221; global_colors_info=&#8221;{}&#8221;][et_pb_row _builder_version=&#8221;3.25&#8243; _module_preset=&#8221;default&#8221; global_colors_info=&#8221;{}&#8221;][et_pb_column type=&#8221;4_4&#8243; _builder_version=&#8221;3.25&#8243; _module_preset=&#8221;default&#8221; custom_padding=&#8221;|||&#8221; global_colors_info=&#8221;{}&#8221; custom_padding__hover=&#8221;|||&#8221;][et_pb_text _builder_version=&#8221;4.11.3&#8243; _module_preset=&#8221;default&#8221; text_font=&#8221;|700|||||||&#8221; text_text_color=&#8221;#ffffff&#8221; text_font_size=&#8221;70px&#8221; text_line_height=&#8221;0.3em&#8221; header_font=&#8221;|600|||||||&#8221; text_orientation=&#8221;center&#8221; custom_margin=&#8221;|0px||&#8221; custom_margin_tablet=&#8221;0px|0%|0px|&#8221; custom_margin_phone=&#8221;&#8221; custom_margin_last_edited=&#8221;on|tablet&#8221; hover_enabled=&#8221;0&#8243; text_font_size_tablet=&#8221;50px&#8221; text_font_size_phone=&#8221;36px&#8221; text_font_size_last_edited=&#8221;on|phone&#8221; text_line_height_tablet=&#8221;1.1em&#8221; text_line_height_phone=&#8221;&#8221; text_line_height_last_edited=&#8221;on|tablet&#8221; global_colors_info=&#8221;{}&#8221; header_font_size=&#8221;70px&#8221; header_text_color=&#8221;#FFFFFF&#8221; header_line_height=&#8221;0.3em&#8221; header_text_align=&#8221;center&#8221; sticky_enabled=&#8221;0&#8243;]<h1>Cota\u00e7\u00e3o Online<\/h1>[\/et_pb_text][\/et_pb_column][\/et_pb_row][\/et_pb_section][et_pb_section fb_built=&#8221;1&#8243; _builder_version=&#8221;3.22.4&#8243; _module_preset=&#8221;default&#8221; background_image=&#8221;https:\/\/compareplanodesaude.com.br\/wp-content\/uploads\/sites\/13\/2019\/06\/premium.png&#8221; background_size=&#8221;contain&#8221; background_position=&#8221;bottom_left&#8221; custom_margin=&#8221;0px|||||&#8221; custom_padding=&#8221;10px||54px|||&#8221; custom_css_after=&#8221;content: &#8221;;||width: 0;||height: 0;||border-style: solid;||border-width: 19px  19.5px 0 19.5px;||border-color: #4ec0ea transparent transparent transparent;||position: absolute;||top: 0;||left: 50%;||transform: translatex(-50%);||&#8221; global_colors_info=&#8221;{}&#8221;][et_pb_row column_structure=&#8221;1_2,1_2&#8243; _builder_version=&#8221;3.25&#8243; _module_preset=&#8221;default&#8221; custom_padding=&#8221;|0px||0px||true&#8221; border_width_all=&#8221;1px&#8221; border_color_all=&#8221;#666666&#8243; border_style_all=&#8221;none&#8221; global_colors_info=&#8221;{}&#8221;][et_pb_column type=&#8221;1_2&#8243; _builder_version=&#8221;3.25&#8243; _module_preset=&#8221;default&#8221; custom_padding=&#8221;|||&#8221; global_colors_info=&#8221;{}&#8221; custom_padding__hover=&#8221;|||&#8221;][et_pb_text _builder_version=&#8221;4.5.6&#8243; _module_preset=&#8221;default&#8221; text_font=&#8221;Titillium Web|600|||||||&#8221; text_font_size=&#8221;20px&#8221; background_color=&#8221;rgba(122,201,235,0.73)&#8221; custom_padding=&#8221;25px|15px|25px|15px|true|true&#8221; border_radii=&#8221;on|10px|10px|10px|10px&#8221; border_width_all=&#8221;1px&#8221; border_style_all=&#8221;dashed&#8221; global_colors_info=&#8221;{}&#8221;]<p><span style=\"color: #f16178\">01<\/span>. Preencha o formul\u00e1rio<\/p>\n<p><span style=\"color: #f16178\">02<\/span>. Garanta seu desconto de at\u00e9 10%<\/p>\n<p><span style=\"color: #f16178\">03<\/span>. Receba uma cota\u00e7\u00e3o do plano Health for Pet<\/p>[\/et_pb_text][\/et_pb_column][et_pb_column type=&#8221;1_2&#8243; _builder_version=&#8221;3.25&#8243; _module_preset=&#8221;default&#8221; custom_padding=&#8221;|||&#8221; global_colors_info=&#8221;{}&#8221; custom_padding__hover=&#8221;|||&#8221;][et_pb_text _builder_version=&#8221;3.27.4&#8243; _module_preset=&#8221;default&#8221; background_color=&#8221;rgba(245,245,245,0.7)&#8221; custom_margin_tablet=&#8221;||350px&#8221; custom_margin_phone=&#8221;||207px|||&#8221; custom_margin_last_edited=&#8221;on|desktop&#8221; custom_padding=&#8221;25px|15px|0px|15px|false|true&#8221; border_radii=&#8221;on|10px|10px|10px|10px&#8221; border_width_all=&#8221;1px&#8221; border_style_all=&#8221;dashed&#8221; global_colors_info=&#8221;{}&#8221;]<div class=\"wpforms-container wpforms-container-full wpforms-form-abandonment\" id=\"wpforms-47890\"><form id=\"wpforms-form-47890\" class=\"wpforms-validate wpforms-form\" data-formid=\"47890\" method=\"post\" enctype=\"multipart\/form-data\" action=\"\/health-for-pet\/wp-json\/wp\/v2\/pages\/47892\" data-token=\"4c0b3ee3857ef3694427e298db478e87\" data-token-time=\"1778259399\"><noscript class=\"wpforms-error-noscript\">Ative o JavaScript no seu navegador para preencher este formul\u00e1rio.<\/noscript><div class=\"wpforms-field-container\"><div id=\"wpforms-47890-field_2-container\" class=\"wpforms-field wpforms-field-name form_icone_perfil\" data-field-id=\"2\"><label class=\"wpforms-field-label wpforms-label-hide\" for=\"wpforms-47890-field_2\">Nome <span class=\"wpforms-required-label\">*<\/span><\/label><input type=\"text\" id=\"wpforms-47890-field_2\" class=\"wpforms-field-large wpforms-field-required\" name=\"wpforms[fields][2]\" placeholder=\"Nome\" required><\/div><div id=\"wpforms-47890-field_3-container\" class=\"wpforms-field wpforms-field-email form_icone_email\" data-field-id=\"3\"><label class=\"wpforms-field-label wpforms-label-hide\" for=\"wpforms-47890-field_3\">E-mail <span class=\"wpforms-required-label\">*<\/span><\/label><input type=\"email\" id=\"wpforms-47890-field_3\" class=\"wpforms-field-large wpforms-field-required\" name=\"wpforms[fields][3]\" placeholder=\"E-mail\" spellcheck=\"false\" required><\/div><div id=\"wpforms-47890-field_10-container\" class=\"wpforms-field wpforms-field-text wpforms-one-half wpforms-first form_icone_telefone\" data-field-id=\"10\"><label class=\"wpforms-field-label wpforms-label-hide\" for=\"wpforms-47890-field_10\">Telefone <span class=\"wpforms-required-label\">*<\/span><\/label><input type=\"text\" id=\"wpforms-47890-field_10\" class=\"wpforms-field-large wpforms-field-required wpforms-masked-input\" data-rule-inputmask-incomplete=\"1\" data-inputmask-mask=\"(99) 9999-9999\" name=\"wpforms[fields][10]\" placeholder=\"Telefone\" required><\/div><div id=\"wpforms-47890-field_9-container\" class=\"wpforms-field wpforms-field-text wpforms-one-half form_icone_telefone\" data-field-id=\"9\"><label class=\"wpforms-field-label wpforms-label-hide\" for=\"wpforms-47890-field_9\">Celular <span class=\"wpforms-required-label\">*<\/span><\/label><input type=\"text\" id=\"wpforms-47890-field_9\" class=\"wpforms-field-large wpforms-field-required wpforms-masked-input\" data-rule-inputmask-incomplete=\"1\" data-inputmask-mask=\"(99) 99999-9999\" name=\"wpforms[fields][9]\" placeholder=\"Celular\" required><\/div><div id=\"wpforms-47890-field_6-container\" class=\"wpforms-field wpforms-field-text form_idade_vidas\" data-field-id=\"6\"><label class=\"wpforms-field-label wpforms-label-hide\" for=\"wpforms-47890-field_6\">Idade das vidas <span class=\"wpforms-required-label\">*<\/span><\/label><input type=\"text\" id=\"wpforms-47890-field_6\" class=\"wpforms-field-large wpforms-field-required\" name=\"wpforms[fields][6]\" placeholder=\"Idade das vidas\" required><\/div><div id=\"wpforms-47890-field_7-container\" class=\"wpforms-field wpforms-field-radio wpforms-list-2-columns\" data-field-id=\"7\"><label class=\"wpforms-field-label wpforms-label-hide\">Porte<\/label><ul id=\"wpforms-47890-field_7\"><li class=\"choice-1 depth-1\"><input type=\"radio\" id=\"wpforms-47890-field_7_1\" name=\"wpforms[fields][7]\" value=\"Individual\"  ><label class=\"wpforms-field-label-inline\" for=\"wpforms-47890-field_7_1\">Individual<\/label><\/li><li class=\"choice-2 depth-1\"><input type=\"radio\" id=\"wpforms-47890-field_7_2\" name=\"wpforms[fields][7]\" value=\"De 02 a 04 pets\"  ><label class=\"wpforms-field-label-inline\" for=\"wpforms-47890-field_7_2\">De 02 a 04 pets<\/label><\/li><li class=\"choice-3 depth-1\"><input type=\"radio\" id=\"wpforms-47890-field_7_3\" name=\"wpforms[fields][7]\" value=\"De 05 a 20 pets\"  ><label class=\"wpforms-field-label-inline\" for=\"wpforms-47890-field_7_3\">De 05 a 20 pets<\/label><\/li><li class=\"choice-4 depth-1\"><input type=\"radio\" id=\"wpforms-47890-field_7_4\" name=\"wpforms[fields][7]\" value=\"Acima de 21 pets\"  ><label class=\"wpforms-field-label-inline\" for=\"wpforms-47890-field_7_4\">Acima de 21 pets<\/label><\/li><\/ul><div class=\"wpforms-field-description\">Informe a quantidade de vidas*<\/div><\/div><div id=\"wpforms-47890-field_8-container\" class=\"wpforms-field wpforms-field-textarea\" data-field-id=\"8\"><label class=\"wpforms-field-label\" for=\"wpforms-47890-field_8\">Observa\u00e7\u00e3o<\/label><textarea id=\"wpforms-47890-field_8\" class=\"wpforms-field-large\" name=\"wpforms[fields][8]\" placeholder=\"Por gentileza, insira aqui a sua observa\u00e7\u00e3o\" ><\/textarea><\/div><\/div><!-- .wpforms-field-container --><div class=\"wpforms-field wpforms-field-hp\"><label for=\"wpforms-47890-field-hp\" class=\"wpforms-field-label\">Comment<\/label><input type=\"text\" name=\"wpforms[hp]\" id=\"wpforms-47890-field-hp\" class=\"wpforms-field-medium\"><\/div><div class=\"wpforms-submit-container\" ><input type=\"hidden\" name=\"wpforms[id]\" value=\"47890\"><input type=\"hidden\" name=\"page_title\" value=\"\"><input type=\"hidden\" name=\"page_url\" value=\"https:\/\/compareplanodesaude.com.br\/health-for-pet\/wp-json\/wp\/v2\/pages\/47892\"><input type=\"hidden\" name=\"url_referer\" value=\"https:\/\/compareplanodesaude.com.br\/health-for-pet\/cotacao-online\/\"><button type=\"submit\" name=\"wpforms[submit]\" id=\"wpforms-submit-47890\" class=\"wpforms-submit\" data-alt-text=\"Enviando\" data-submit-text=\"Enviar\" aria-live=\"assertive\" value=\"wpforms-submit\">Enviar<\/button><\/div><\/form><\/div>  <!-- .wpforms-container -->[\/et_pb_text][\/et_pb_column][\/et_pb_row][\/et_pb_section]\n","protected":false},"excerpt":{"rendered":"<p>Cota\u00e7\u00e3o Online01. Preencha o formul\u00e1rio 02. Garanta seu desconto de at\u00e9 10% 03. Receba uma cota\u00e7\u00e3o do plano Health for Pet<div class=\"wpforms-container wpforms-container-full wpforms-form-abandonment\" id=\"wpforms-47890\"><form id=\"wpforms-form-47890\" class=\"wpforms-validate wpforms-form\" data-formid=\"47890\" method=\"post\" enctype=\"multipart\/form-data\" action=\"\/health-for-pet\/wp-json\/wp\/v2\/pages\/47892\" data-token=\"4c0b3ee3857ef3694427e298db478e87\" data-token-time=\"1778259399\"><noscript class=\"wpforms-error-noscript\">Ative o JavaScript no seu navegador para preencher este formul\u00e1rio.<\/noscript><div class=\"wpforms-field-container\"><div id=\"wpforms-47890-field_2-container\" class=\"wpforms-field wpforms-field-name form_icone_perfil\" data-field-id=\"2\"><label class=\"wpforms-field-label wpforms-label-hide\" for=\"wpforms-47890-field_2\">Nome <span class=\"wpforms-required-label\">*<\/span><\/label><input type=\"text\" id=\"wpforms-47890-field_2\" class=\"wpforms-field-large wpforms-field-required\" name=\"wpforms[fields][2]\" placeholder=\"Nome\" required><\/div><div id=\"wpforms-47890-field_3-container\" class=\"wpforms-field wpforms-field-email form_icone_email\" data-field-id=\"3\"><label class=\"wpforms-field-label wpforms-label-hide\" for=\"wpforms-47890-field_3\">E-mail <span class=\"wpforms-required-label\">*<\/span><\/label><input type=\"email\" id=\"wpforms-47890-field_3\" class=\"wpforms-field-large wpforms-field-required\" name=\"wpforms[fields][3]\" placeholder=\"E-mail\" spellcheck=\"false\" required><\/div><div id=\"wpforms-47890-field_10-container\" class=\"wpforms-field wpforms-field-text wpforms-one-half wpforms-first form_icone_telefone\" data-field-id=\"10\"><label class=\"wpforms-field-label wpforms-label-hide\" for=\"wpforms-47890-field_10\">Telefone <span class=\"wpforms-required-label\">*<\/span><\/label><input type=\"text\" id=\"wpforms-47890-field_10\" class=\"wpforms-field-large wpforms-field-required wpforms-masked-input\" data-rule-inputmask-incomplete=\"1\" data-inputmask-mask=\"(99) 9999-9999\" name=\"wpforms[fields][10]\" placeholder=\"Telefone\" required><\/div><div id=\"wpforms-47890-field_9-container\" class=\"wpforms-field wpforms-field-text wpforms-one-half form_icone_telefone\" data-field-id=\"9\"><label class=\"wpforms-field-label wpforms-label-hide\" for=\"wpforms-47890-field_9\">Celular <span class=\"wpforms-required-label\">*<\/span><\/label><input type=\"text\" id=\"wpforms-47890-field_9\" class=\"wpforms-field-large wpforms-field-required wpforms-masked-input\" data-rule-inputmask-incomplete=\"1\" data-inputmask-mask=\"(99) 99999-9999\" name=\"wpforms[fields][9]\" placeholder=\"Celular\" required><\/div><div id=\"wpforms-47890-field_6-container\" class=\"wpforms-field wpforms-field-text form_idade_vidas\" data-field-id=\"6\"><label class=\"wpforms-field-label wpforms-label-hide\" for=\"wpforms-47890-field_6\">Idade das vidas <span class=\"wpforms-required-label\">*<\/span><\/label><input type=\"text\" id=\"wpforms-47890-field_6\" class=\"wpforms-field-large wpforms-field-required\" name=\"wpforms[fields][6]\" placeholder=\"Idade das vidas\" required><\/div><div id=\"wpforms-47890-field_7-container\" class=\"wpforms-field wpforms-field-radio wpforms-list-2-columns\" data-field-id=\"7\"><label class=\"wpforms-field-label wpforms-label-hide\">Porte<\/label><ul id=\"wpforms-47890-field_7\"><li class=\"choice-1 depth-1\"><input type=\"radio\" id=\"wpforms-47890-field_7_1\" name=\"wpforms[fields][7]\" value=\"Individual\"  ><label class=\"wpforms-field-label-inline\" for=\"wpforms-47890-field_7_1\">Individual<\/label><\/li><li class=\"choice-2 depth-1\"><input type=\"radio\" id=\"wpforms-47890-field_7_2\" name=\"wpforms[fields][7]\" value=\"De 02 a 04 pets\"  ><label class=\"wpforms-field-label-inline\" for=\"wpforms-47890-field_7_2\">De 02 a 04 pets<\/label><\/li><li class=\"choice-3 depth-1\"><input type=\"radio\" id=\"wpforms-47890-field_7_3\" name=\"wpforms[fields][7]\" value=\"De 05 a 20 pets\"  ><label class=\"wpforms-field-label-inline\" for=\"wpforms-47890-field_7_3\">De 05 a 20 pets<\/label><\/li><li class=\"choice-4 depth-1\"><input type=\"radio\" id=\"wpforms-47890-field_7_4\" name=\"wpforms[fields][7]\" value=\"Acima de 21 pets\"  ><label class=\"wpforms-field-label-inline\" for=\"wpforms-47890-field_7_4\">Acima de 21 pets<\/label><\/li><\/ul><div class=\"wpforms-field-description\">Informe a quantidade de vidas*<\/div><\/div><div id=\"wpforms-47890-field_8-container\" class=\"wpforms-field wpforms-field-textarea\" data-field-id=\"8\"><label class=\"wpforms-field-label\" for=\"wpforms-47890-field_8\">Observa\u00e7\u00e3o<\/label><textarea id=\"wpforms-47890-field_8\" class=\"wpforms-field-large\" name=\"wpforms[fields][8]\" placeholder=\"Por gentileza, insira aqui a sua observa\u00e7\u00e3o\" ><\/textarea><\/div><\/div><!-- .wpforms-field-container --><div class=\"wpforms-field wpforms-field-hp\"><label for=\"wpforms-47890-field-hp\" class=\"wpforms-field-label\">Name<\/label><input type=\"text\" name=\"wpforms[hp]\" id=\"wpforms-47890-field-hp\" class=\"wpforms-field-medium\"><\/div><div class=\"wpforms-submit-container\" ><input type=\"hidden\" name=\"wpforms[id]\" value=\"47890\"><input type=\"hidden\" name=\"page_title\" value=\"\"><input type=\"hidden\" name=\"page_url\" value=\"https:\/\/compareplanodesaude.com.br\/health-for-pet\/wp-json\/wp\/v2\/pages\/47892\"><input type=\"hidden\" name=\"url_referer\" value=\"https:\/\/compareplanodesaude.com.br\/health-for-pet\/cotacao-online\/\"><button type=\"submit\" name=\"wpforms[submit]\" id=\"wpforms-submit-47890\" class=\"wpforms-submit\" data-alt-text=\"Enviando\" data-submit-text=\"Enviar\" aria-live=\"assertive\" value=\"wpforms-submit\">Enviar<\/button><\/div><\/form><\/div>  <!-- .wpforms-container --><\/p>\n","protected":false},"author":20,"featured_media":0,"parent":0,"menu_order":0,"comment_status":"closed","ping_status":"closed","template":"","meta":{"_et_pb_use_builder":"on","_et_pb_old_content":"","_et_gb_content_width":"","footnotes":""},"tags":[],"class_list":["post-47892","page","type-page","status-publish","hentry"],"yoast_head":"<!-- This site is optimized with the Yoast SEO plugin v26.3 - https:\/\/yoast.com\/wordpress\/plugins\/seo\/ -->\n<title>Health for Pet - Fa\u00e7a uma Cota\u00e7\u00e3o Online Health for Pet<\/title>\n<meta name=\"description\" content=\"Receba At\u00e9 50% de Desconto Fazendo uma Cota\u00e7\u00e3o Online na Health for Pet. Confira Todos os Planos, Pre\u00e7os e Benef\u00edcios da Health for Pet.\" \/>\n<meta name=\"robots\" content=\"index, follow, max-snippet:-1, max-image-preview:large, max-video-preview:-1\" \/>\n<link rel=\"canonical\" href=\"https:\/\/compareplanodesaude.com.br\/health-for-pet\/cotacao-online\/\" \/>\n<meta property=\"og:locale\" content=\"pt_BR\" \/>\n<meta property=\"og:type\" content=\"article\" \/>\n<meta property=\"og:title\" content=\"Health for Pet - Fa\u00e7a uma Cota\u00e7\u00e3o Online Health for Pet\" \/>\n<meta property=\"og:description\" content=\"Receba At\u00e9 50% de Desconto Fazendo uma Cota\u00e7\u00e3o Online na Health for Pet. Confira Todos os Planos, Pre\u00e7os e Benef\u00edcios da Health for Pet.\" \/>\n<meta property=\"og:url\" content=\"https:\/\/compareplanodesaude.com.br\/health-for-pet\/cotacao-online\/\" \/>\n<meta property=\"og:site_name\" content=\"Health for Pet - Planos de Sa\u00fade para o seu amigo!\" \/>\n<meta property=\"article:modified_time\" content=\"2021-11-03T15:56:05+00:00\" \/>\n<meta name=\"twitter:card\" content=\"summary_large_image\" \/>\n<meta name=\"twitter:label1\" content=\"Est. tempo de leitura\" \/>\n\t<meta name=\"twitter:data1\" content=\"1 minuto\" \/>\n<script type=\"application\/ld+json\" class=\"yoast-schema-graph\">{\"@context\":\"https:\/\/schema.org\",\"@graph\":[{\"@type\":\"WebPage\",\"@id\":\"https:\/\/compareplanodesaude.com.br\/health-for-pet\/cotacao-online\/\",\"url\":\"https:\/\/compareplanodesaude.com.br\/health-for-pet\/cotacao-online\/\",\"name\":\"Health for Pet - Fa\u00e7a uma Cota\u00e7\u00e3o Online Health for Pet\",\"isPartOf\":{\"@id\":\"https:\/\/compareplanodesaude.com.br\/health-for-pet\/#website\"},\"datePublished\":\"2019-05-06T13:11:45+00:00\",\"dateModified\":\"2021-11-03T15:56:05+00:00\",\"description\":\"Receba At\u00e9 50% de Desconto Fazendo uma Cota\u00e7\u00e3o Online na Health for Pet. Confira Todos os Planos, Pre\u00e7os e Benef\u00edcios da Health for Pet.\",\"breadcrumb\":{\"@id\":\"https:\/\/compareplanodesaude.com.br\/health-for-pet\/cotacao-online\/#breadcrumb\"},\"inLanguage\":\"pt-BR\",\"potentialAction\":[{\"@type\":\"ReadAction\",\"target\":[\"https:\/\/compareplanodesaude.com.br\/health-for-pet\/cotacao-online\/\"]}]},{\"@type\":\"BreadcrumbList\",\"@id\":\"https:\/\/compareplanodesaude.com.br\/health-for-pet\/cotacao-online\/#breadcrumb\",\"itemListElement\":[{\"@type\":\"ListItem\",\"position\":1,\"name\":\"In\u00edcio\",\"item\":\"https:\/\/compareplanodesaude.com.br\/health-for-pet\/\"},{\"@type\":\"ListItem\",\"position\":2,\"name\":\"Health for Pet &#8211; Cota\u00e7\u00e3o Online\"}]},{\"@type\":\"WebSite\",\"@id\":\"https:\/\/compareplanodesaude.com.br\/health-for-pet\/#website\",\"url\":\"https:\/\/compareplanodesaude.com.br\/health-for-pet\/\",\"name\":\"Health for Pet - Planos de Sa\u00fade para o seu amigo!\",\"description\":\"Planos de sa\u00fade com at\u00e9 20% de desconto para o seu amigo pet!\",\"potentialAction\":[{\"@type\":\"SearchAction\",\"target\":{\"@type\":\"EntryPoint\",\"urlTemplate\":\"https:\/\/compareplanodesaude.com.br\/health-for-pet\/?s={search_term_string}\"},\"query-input\":{\"@type\":\"PropertyValueSpecification\",\"valueRequired\":true,\"valueName\":\"search_term_string\"}}],\"inLanguage\":\"pt-BR\"}]}<\/script>\n<!-- \/ Yoast SEO plugin. -->","yoast_head_json":{"title":"Health for Pet - Fa\u00e7a uma Cota\u00e7\u00e3o Online Health for Pet","description":"Receba At\u00e9 50% de Desconto Fazendo uma Cota\u00e7\u00e3o Online na Health for Pet. Confira Todos os Planos, Pre\u00e7os e Benef\u00edcios da Health for Pet.","robots":{"index":"index","follow":"follow","max-snippet":"max-snippet:-1","max-image-preview":"max-image-preview:large","max-video-preview":"max-video-preview:-1"},"canonical":"https:\/\/compareplanodesaude.com.br\/health-for-pet\/cotacao-online\/","og_locale":"pt_BR","og_type":"article","og_title":"Health for Pet - Fa\u00e7a uma Cota\u00e7\u00e3o Online Health for Pet","og_description":"Receba At\u00e9 50% de Desconto Fazendo uma Cota\u00e7\u00e3o Online na Health for Pet. Confira Todos os Planos, Pre\u00e7os e Benef\u00edcios da Health for Pet.","og_url":"https:\/\/compareplanodesaude.com.br\/health-for-pet\/cotacao-online\/","og_site_name":"Health for Pet - Planos de Sa\u00fade para o seu amigo!","article_modified_time":"2021-11-03T15:56:05+00:00","twitter_card":"summary_large_image","twitter_misc":{"Est. tempo de leitura":"1 minuto"},"schema":{"@context":"https:\/\/schema.org","@graph":[{"@type":"WebPage","@id":"https:\/\/compareplanodesaude.com.br\/health-for-pet\/cotacao-online\/","url":"https:\/\/compareplanodesaude.com.br\/health-for-pet\/cotacao-online\/","name":"Health for Pet - Fa\u00e7a uma Cota\u00e7\u00e3o Online Health for Pet","isPartOf":{"@id":"https:\/\/compareplanodesaude.com.br\/health-for-pet\/#website"},"datePublished":"2019-05-06T13:11:45+00:00","dateModified":"2021-11-03T15:56:05+00:00","description":"Receba At\u00e9 50% de Desconto Fazendo uma Cota\u00e7\u00e3o Online na Health for Pet. Confira Todos os Planos, Pre\u00e7os e Benef\u00edcios da Health for Pet.","breadcrumb":{"@id":"https:\/\/compareplanodesaude.com.br\/health-for-pet\/cotacao-online\/#breadcrumb"},"inLanguage":"pt-BR","potentialAction":[{"@type":"ReadAction","target":["https:\/\/compareplanodesaude.com.br\/health-for-pet\/cotacao-online\/"]}]},{"@type":"BreadcrumbList","@id":"https:\/\/compareplanodesaude.com.br\/health-for-pet\/cotacao-online\/#breadcrumb","itemListElement":[{"@type":"ListItem","position":1,"name":"In\u00edcio","item":"https:\/\/compareplanodesaude.com.br\/health-for-pet\/"},{"@type":"ListItem","position":2,"name":"Health for Pet &#8211; Cota\u00e7\u00e3o Online"}]},{"@type":"WebSite","@id":"https:\/\/compareplanodesaude.com.br\/health-for-pet\/#website","url":"https:\/\/compareplanodesaude.com.br\/health-for-pet\/","name":"Health for Pet - Planos de Sa\u00fade para o seu amigo!","description":"Planos de sa\u00fade com at\u00e9 20% de desconto para o seu amigo pet!","potentialAction":[{"@type":"SearchAction","target":{"@type":"EntryPoint","urlTemplate":"https:\/\/compareplanodesaude.com.br\/health-for-pet\/?s={search_term_string}"},"query-input":{"@type":"PropertyValueSpecification","valueRequired":true,"valueName":"search_term_string"}}],"inLanguage":"pt-BR"}]}},"_links":{"self":[{"href":"https:\/\/compareplanodesaude.com.br\/health-for-pet\/wp-json\/wp\/v2\/pages\/47892","targetHints":{"allow":["GET"]}}],"collection":[{"href":"https:\/\/compareplanodesaude.com.br\/health-for-pet\/wp-json\/wp\/v2\/pages"}],"about":[{"href":"https:\/\/compareplanodesaude.com.br\/health-for-pet\/wp-json\/wp\/v2\/types\/page"}],"author":[{"embeddable":true,"href":"https:\/\/compareplanodesaude.com.br\/health-for-pet\/wp-json\/wp\/v2\/users\/20"}],"replies":[{"embeddable":true,"href":"https:\/\/compareplanodesaude.com.br\/health-for-pet\/wp-json\/wp\/v2\/comments?post=47892"}],"version-history":[{"count":0,"href":"https:\/\/compareplanodesaude.com.br\/health-for-pet\/wp-json\/wp\/v2\/pages\/47892\/revisions"}],"wp:attachment":[{"href":"https:\/\/compareplanodesaude.com.br\/health-for-pet\/wp-json\/wp\/v2\/media?parent=47892"}],"wp:term":[{"taxonomy":"post_tag","embeddable":true,"href":"https:\/\/compareplanodesaude.com.br\/health-for-pet\/wp-json\/wp\/v2\/tags?post=47892"}],"curies":[{"name":"wp","href":"https:\/\/api.w.org\/{rel}","templated":true}]}}