{"id":38,"date":"2019-03-15T20:37:38","date_gmt":"2019-03-15T20:37:38","guid":{"rendered":"http:\/\/healthforpet24h.com.br\/?page_id=38"},"modified":"2021-11-03T16:06:28","modified_gmt":"2021-11-03T16:06:28","slug":"faq","status":"publish","type":"page","link":"https:\/\/compareplanodesaude.com.br\/health-for-pet\/faq\/","title":{"rendered":"Health for Pet &#8211; FAQ"},"content":{"rendered":"\n[et_pb_section fb_built=&#8221;1&#8243; custom_padding_last_edited=&#8221;on|tablet&#8221; module_id=&#8221;main-banner&#8221; module_class=&#8221;faq&#8221; _builder_version=&#8221;3.22.4&#8243; _module_preset=&#8221;default&#8221; background_color=&#8221;#f16178&#8243; background_image=&#8221;https:\/\/compareplanodesaude.com.br\/wp-content\/uploads\/sites\/13\/2019\/04\/Grupo-de-m\u00e1scara-4d.png&#8221; background_size=&#8221;initial&#8221; background_position=&#8221;center_left&#8221; custom_padding=&#8221;135px||135px||true&#8221; custom_padding_tablet=&#8221;0px||200px&#8221; custom_padding_phone=&#8221;&#8221; border_width_bottom=&#8221;20px&#8221; border_color_bottom=&#8221;#4ec1ea&#8221; global_colors_info=&#8221;{}&#8221;][et_pb_row _builder_version=&#8221;4.7.0&#8243; _module_preset=&#8221;default&#8221; width=&#8221;100%&#8221; max_width=&#8221;2560px&#8221; global_colors_info=&#8221;{}&#8221;][et_pb_column type=&#8221;4_4&#8243; _builder_version=&#8221;3.25&#8243; _module_preset=&#8221;default&#8221; custom_padding=&#8221;|||&#8221; global_colors_info=&#8221;{}&#8221; custom_padding__hover=&#8221;|||&#8221;][et_pb_text _builder_version=&#8221;4.11.3&#8243; _module_preset=&#8221;default&#8221; text_font=&#8221;|700|||||||&#8221; text_text_color=&#8221;#ffffff&#8221; text_font_size=&#8221;57px&#8221; text_line_height=&#8221;0.3em&#8221; header_font=&#8221;|700|||||||&#8221; text_orientation=&#8221;center&#8221; width=&#8221;100%&#8221; custom_margin=&#8221;|15%||&#8221; custom_margin_tablet=&#8221;0px|0%|0px|&#8221; custom_margin_phone=&#8221;&#8221; custom_margin_last_edited=&#8221;on|tablet&#8221; hover_enabled=&#8221;0&#8243; text_font_size_tablet=&#8221;36px&#8221; text_font_size_phone=&#8221;&#8221; text_font_size_last_edited=&#8221;on|tablet&#8221; text_line_height_tablet=&#8221;1.1em&#8221; text_line_height_phone=&#8221;&#8221; text_line_height_last_edited=&#8221;on|tablet&#8221; global_colors_info=&#8221;{}&#8221; header_font_size=&#8221;57px&#8221; header_text_color=&#8221;#FFFFFF&#8221; sticky_enabled=&#8221;0&#8243;]<h1>Tire suas d\u00favidas<\/h1>[\/et_pb_text][\/et_pb_column][\/et_pb_row][et_pb_row _builder_version=&#8221;4.9.3&#8243; _module_preset=&#8221;default&#8221; global_colors_info=&#8221;{}&#8221;][et_pb_column type=&#8221;4_4&#8243; _builder_version=&#8221;4.7.0&#8243; _module_preset=&#8221;default&#8221; global_colors_info=&#8221;{}&#8221;][et_pb_button button_url=&#8221;\/health-for-pet\/cotacao-online\/&#8221; url_new_window=&#8221;on&#8221; button_text=&#8221;Cota\u00e7\u00e3o Online com at\u00e9 20% de Desconto&#8221; button_alignment=&#8221;center&#8221; module_class=&#8221;btn btn-blue&#8221; _builder_version=&#8221;4.7.0&#8243; _module_preset=&#8221;default&#8221; custom_margin=&#8221;20px||||false|false&#8221; global_colors_info=&#8221;{}&#8221;][\/et_pb_button][\/et_pb_column][\/et_pb_row][\/et_pb_section][et_pb_section fb_built=&#8221;1&#8243; _builder_version=&#8221;3.22.4&#8243; _module_preset=&#8221;default&#8221; custom_padding=&#8221;0px||6px|||&#8221; global_colors_info=&#8221;{}&#8221;][et_pb_row _builder_version=&#8221;3.25&#8243; _module_preset=&#8221;default&#8221; global_colors_info=&#8221;{}&#8221;][et_pb_column type=&#8221;4_4&#8243; _builder_version=&#8221;3.25&#8243; _module_preset=&#8221;default&#8221; custom_padding=&#8221;|||&#8221; global_colors_info=&#8221;{}&#8221; custom_padding__hover=&#8221;|||&#8221;][et_pb_code module_class=&#8221;desconto-form&#8221; _builder_version=&#8221;4.9.3&#8243; _module_preset=&#8221;default&#8221; width=&#8221;50%&#8221; max_width=&#8221;50%&#8221; module_alignment=&#8221;center&#8221; global_colors_info=&#8221;{}&#8221;]<h2 style=\"color: #fff;text-align: center\"><!-- [et_pb_line_break_holder] -->Preencha e garanta seu<strong> desconto de<\/strong>\u00a0<strong>at\u00e9 20%<\/strong> \u00a0no cart\u00e3o de cr\u00e9dito.<!-- [et_pb_line_break_holder] --><\/h2><!-- [et_pb_line_break_holder] --><div class=\"wpforms-container wpforms-container-full wpforms-form-abandonment desconto-form\" id=\"wpforms-10\"><form id=\"wpforms-form-10\" class=\"wpforms-validate wpforms-form\" data-formid=\"10\" method=\"post\" enctype=\"multipart\/form-data\" action=\"\/health-for-pet\/wp-json\/wp\/v2\/pages\/38\" data-token=\"380c0e4da42955fea10ac4a432a22827\" data-token-time=\"1778109783\"><noscript class=\"wpforms-error-noscript\">Ative o JavaScript no seu navegador para preencher este formul\u00e1rio.<\/noscript><div class=\"wpforms-field-container\"><div id=\"wpforms-10-field_1-container\" class=\"wpforms-field wpforms-field-name label-full\" data-field-id=\"1\"><label class=\"wpforms-field-label wpforms-label-hide\" for=\"wpforms-10-field_1\">Nome <span class=\"wpforms-required-label\">*<\/span><\/label><input type=\"text\" id=\"wpforms-10-field_1\" class=\"wpforms-field-large wpforms-field-required\" name=\"wpforms[fields][1]\" placeholder=\"Nome\" required><\/div><div id=\"wpforms-10-field_3-container\" class=\"wpforms-field wpforms-field-text label-full\" data-field-id=\"3\"><label class=\"wpforms-field-label wpforms-label-hide\" for=\"wpforms-10-field_3\">Celular <span class=\"wpforms-required-label\">*<\/span><\/label><input type=\"text\" id=\"wpforms-10-field_3\" class=\"wpforms-field-large wpforms-field-required\" name=\"wpforms[fields][3]\" placeholder=\"Celular\" required><\/div><div id=\"wpforms-10-field_6-container\" class=\"wpforms-field wpforms-field-text\" data-field-id=\"6\"><label class=\"wpforms-field-label wpforms-label-hide\" for=\"wpforms-10-field_6\">Nome do pet <span class=\"wpforms-required-label\">*<\/span><\/label><input type=\"text\" id=\"wpforms-10-field_6\" class=\"wpforms-field-large wpforms-field-required\" name=\"wpforms[fields][6]\" placeholder=\"Nome do pet\" required><\/div><div id=\"wpforms-10-field_11-container\" class=\"wpforms-field wpforms-field-text\" data-field-id=\"11\"><label class=\"wpforms-field-label wpforms-label-hide\" for=\"wpforms-10-field_11\">Idade dos pets<\/label><input type=\"text\" id=\"wpforms-10-field_11\" class=\"wpforms-field-large\" name=\"wpforms[fields][11]\" placeholder=\"Idade do pet\" ><\/div><\/div><!-- .wpforms-field-container --><div class=\"wpforms-field wpforms-field-hp\"><label for=\"wpforms-10-field-hp\" class=\"wpforms-field-label\">Email<\/label><input type=\"text\" name=\"wpforms[hp]\" id=\"wpforms-10-field-hp\" class=\"wpforms-field-medium\"><\/div><div class=\"wpforms-submit-container\" ><input type=\"hidden\" name=\"wpforms[id]\" value=\"10\"><input type=\"hidden\" name=\"page_title\" value=\"\"><input type=\"hidden\" name=\"page_url\" value=\"https:\/\/compareplanodesaude.com.br\/health-for-pet\/wp-json\/wp\/v2\/pages\/38\"><input type=\"hidden\" name=\"url_referer\" value=\"https:\/\/compareplanodesaude.com.br\/health-for-pet\/faq\/\"><button type=\"submit\" name=\"wpforms[submit]\" id=\"wpforms-submit-10\" class=\"wpforms-submit btn btn-secondary\" data-alt-text=\"Enviando...\" data-submit-text=\"Enviar\" aria-live=\"assertive\" value=\"wpforms-submit\">Enviar<\/button><\/div><\/form><\/div>  <!-- .wpforms-container -->[\/et_pb_code][et_pb_text _builder_version=&#8221;4.9.3&#8243; _module_preset=&#8221;default&#8221; text_font=&#8221;Roboto|500|||||||&#8221; text_text_color=&#8221;#f16178&#8243; text_font_size=&#8221;46px&#8221; text_orientation=&#8221;center&#8221; custom_margin=&#8221;0px||20px||false|false&#8221; text_font_size_tablet=&#8221;36px&#8221; text_font_size_phone=&#8221;30px&#8221; text_font_size_last_edited=&#8221;on|tablet&#8221; global_colors_info=&#8221;{}&#8221;]<p>FAQ<\/p>[\/et_pb_text][et_pb_text _builder_version=&#8221;3.27.4&#8243; _module_preset=&#8221;default&#8221; global_colors_info=&#8221;{}&#8221;]<p><strong><span style=\"font-size: x-large\">O que \u00e9 a Health For Pet ?<\/span>\u00a0<\/strong><\/p>\n<p><span style=\"font-size: 18px\"><strong>R:<\/strong><\/span>Uma empresa do grupo Porto Seguro que visa oferecer maiores cuidados ao seu pet com valores mais acess\u00edveis que o veterin\u00e1rio particular. Dessa forma o cliente consegue oferecer mais qualidade de vida ao pet, com maior acompanhamento de sa\u00fade, por valores que cabem no bolso.<\/p>\n<p><strong><\/strong><\/p>\n<p><strong><span style=\"font-size: x-large\">Como funciona ?<\/span>\u00a0<\/strong><\/p>\n<p><strong>R:\u00a0<\/strong>Ser\u00e1 necess\u00e1rio coletar dados b\u00e1sicos para gerar o contrato e finalizar a ades\u00e3o do pet ao plano escolhido.<\/p>\n<p>&nbsp;<\/p>\n<p><strong><span style=\"font-size: x-large\">Como fa\u00e7o para contratar ?<\/span>\u00a0<\/strong><\/p>\n<p><strong>R:\u00a0<\/strong>Voc\u00ea pode contratar atrav\u00e9s do whatsapp, telefone ou chat online.<\/p>\n<p>&nbsp;<\/p>\n<p><strong><span style=\"font-size: x-large\">Tem limite de idade?<\/span>\u00a0<\/strong><\/p>\n<p><strong>R:\u00a0<\/strong>8 anos, 11 meses e 29 dias.<\/p>\n<p><strong><\/strong><\/p>\n<p><strong><\/strong><\/p>\n<p><strong><span style=\"font-size: x-large\">Preciso pagar a 1\u00aa mensalidade no momento da contrata\u00e7\u00e3o?<\/span>\u00a0<\/strong><\/p>\n<p><strong>R: Tudo depender\u00e1 da forma de pagamento que optar. Se for cart\u00e3o de cr\u00e9dito Visa, Master ou Elo, o vencimento do plano ser\u00e1 de acordo com o vencimento do cart\u00e3o. Se for via d\u00e9bito autom\u00e1tico em conta-corrente (Ita\u00fa ou Santander), o conv\u00eanio oferece prazo de 15 at\u00e9 25 dias para pagar a primeira mensalidade.<\/strong><\/p>\n<p><strong><\/strong><\/p>\n<p><strong><\/strong><\/p>\n<p><strong><span style=\"font-size: x-large\">Precisa de documenta\u00e7\u00e3o?<\/span>\u00a0<\/strong><\/p>\n<p><strong>R:\u00a0<\/strong>N\u00e3o ser\u00e1 necess\u00e1rio o envio de documenta\u00e7\u00f5es, apenas informar os dados b\u00e1sicos.<\/p>\n<p><strong><\/strong><\/p>\n<p><strong><\/strong><\/p>\n<p><strong><span style=\"font-size: x-large\">Pet com doen\u00e7as preexistentes podem contratar?<\/span>\u00a0<\/strong><\/p>\n<p><strong>R:\u00a0<\/strong>O plano aceita o pet com preexistente, por\u00e9m, n\u00e3o oferecer\u00e1 cobertura para a doen\u00e7a e aos procedimentos relacionados. O plano oferece cobertura completa para os demais procedimentos.<\/p>\n<p>&nbsp;<\/p>\n<p><strong><\/strong><\/p>\n<p><strong><span style=\"font-size: x-large\">Lugares onde o plano atende?<\/span>\u00a0<\/strong><\/p>\n<p><strong>R:\u00a0<\/strong>S\u00e3o Paulo capital, ABC, Guarulhos, Osasco, algumas cidades do interior, Ribeir\u00e3o Pires, Campinas, Sorocaba, algumas cidades do litoral sul, Praia Grande, Mongagu\u00e1, Santos, Rio de Janeiro, Belo Horizonte e Curitiba.<\/p>\n<p>&nbsp;<\/p>\n<p><strong><span style=\"font-size: x-large\">Como localizar os estabelecimentos que oferecem descontos em servi\u00e7os para o pet?<\/span>\u00a0<\/strong><\/p>\n<p><strong>R:\u00a0<\/strong>A rede credenciada voc\u00ea consegue localizar atrav\u00e9s do link <span style=\"text-decoration: underline\"><strong>health4pet.com.br\/rede-credenciada\/<\/strong>\u00a0<\/span><\/p>\n<p>&nbsp;<\/p>\n<p><span style=\"font-size: x-large\"><strong>Quais s\u00e3o as coberturas do seguro para PetShop e Cl\u00ednicas Veterin\u00e1rias?\u00a0<\/strong><\/span><\/p>\n<p><strong>R:\u00a0<\/strong>O conv\u00eanio possui ampla rede de credenciados parceiros que oferecem desde descontos em produtos, acess\u00f3rios, higiene at\u00e9 cobertura completa de sa\u00fade em cl\u00ednicas e hospitais.<\/p>\n<p>&nbsp;<\/p>\n<p><span style=\"font-size: x-large\"><strong>Como solicitar um reembolso na Health for Pet?\u00a0<\/strong><\/span><\/p>\n<p><strong>R:\u00a0<\/strong>O reembolso s\u00f3 \u00e9 ofertado na categoria Premium. Voc\u00ea consegue solicitar na central 4001-4000.<\/p>\n<p>&nbsp;<\/p>\n<p><span style=\"font-size: x-large\"><strong>Onde emito o boleto?\u00a0<\/strong><\/span><\/p>\n<p><strong>R:\u00a0<\/strong>Atrav\u00e9s da central de atendimento 4001-4000.<\/p>\n<p>&nbsp;<\/p>\n<p><span style=\"font-size: x-large\"><strong>Onde consigo solicitar a altera\u00e7\u00e3o da forma de pagamento?\u00a0<\/strong><\/span><\/p>\n<p><strong>R:\u00a0<\/strong>Para solicitar a altera\u00e7\u00e3o da forma de pagamento basta ligar na central de atendimento 4001-4000.<\/p>\n<p>&nbsp;<\/p>\n<p><span style=\"font-size: x-large\"><strong>Onde fa\u00e7o o pedido da autoriza\u00e7\u00e3o de procedimentos?\u00a0<\/strong><\/span><\/p>\n<p><strong>R:\u00a0<\/strong>Para solicitar a autoriza\u00e7\u00e3o de procedimentos ligue na central da Health for Pet no n\u00famero 4001- 4000.<\/p>\n<p>&nbsp;<\/p>\n<p><span style=\"font-size: x-large\"><strong>Altera\u00e7\u00e3o de categoria?\u00a0\u00a0<\/strong><\/span><\/p>\n<p><strong>R:<\/strong> Upgrade anualmente, no m\u00eas de anivers\u00e1rio do plano.<br \/>Downgrade a qualquer momento, 4001- 4000.<\/p>[\/et_pb_text][\/et_pb_column][\/et_pb_row][\/et_pb_section]\n","protected":false},"excerpt":{"rendered":"<p>Tire suas d\u00favidasPreencha e garanta seu desconto de\u00a0at\u00e9 20% \u00a0no cart\u00e3o de cr\u00e9dito.<div class=\"wpforms-container wpforms-container-full wpforms-form-abandonment desconto-form\" id=\"wpforms-10\"><form id=\"wpforms-form-10\" class=\"wpforms-validate wpforms-form\" data-formid=\"10\" method=\"post\" enctype=\"multipart\/form-data\" action=\"\/health-for-pet\/wp-json\/wp\/v2\/pages\/38\" data-token=\"380c0e4da42955fea10ac4a432a22827\" data-token-time=\"1778109783\"><noscript class=\"wpforms-error-noscript\">Ative o JavaScript no seu navegador para preencher este formul\u00e1rio.<\/noscript><div class=\"wpforms-field-container\"><div id=\"wpforms-10-field_1-container\" class=\"wpforms-field wpforms-field-name label-full\" data-field-id=\"1\"><label class=\"wpforms-field-label wpforms-label-hide\" for=\"wpforms-10-field_1\">Nome <span class=\"wpforms-required-label\">*<\/span><\/label><input type=\"text\" id=\"wpforms-10-field_1\" class=\"wpforms-field-large wpforms-field-required\" name=\"wpforms[fields][1]\" placeholder=\"Nome\" required><\/div><div id=\"wpforms-10-field_3-container\" class=\"wpforms-field wpforms-field-text label-full\" data-field-id=\"3\"><label class=\"wpforms-field-label wpforms-label-hide\" for=\"wpforms-10-field_3\">Celular <span class=\"wpforms-required-label\">*<\/span><\/label><input type=\"text\" id=\"wpforms-10-field_3\" class=\"wpforms-field-large wpforms-field-required\" name=\"wpforms[fields][3]\" placeholder=\"Celular\" required><\/div><div id=\"wpforms-10-field_6-container\" class=\"wpforms-field wpforms-field-text\" data-field-id=\"6\"><label class=\"wpforms-field-label wpforms-label-hide\" for=\"wpforms-10-field_6\">Nome do pet <span class=\"wpforms-required-label\">*<\/span><\/label><input type=\"text\" id=\"wpforms-10-field_6\" class=\"wpforms-field-large wpforms-field-required\" name=\"wpforms[fields][6]\" placeholder=\"Nome do pet\" required><\/div><div id=\"wpforms-10-field_11-container\" class=\"wpforms-field wpforms-field-text\" data-field-id=\"11\"><label class=\"wpforms-field-label wpforms-label-hide\" for=\"wpforms-10-field_11\">Idade dos pets<\/label><input type=\"text\" id=\"wpforms-10-field_11\" class=\"wpforms-field-large\" name=\"wpforms[fields][11]\" placeholder=\"Idade do pet\" ><\/div><\/div><!-- .wpforms-field-container --><div class=\"wpforms-field wpforms-field-hp\"><label for=\"wpforms-10-field-hp\" class=\"wpforms-field-label\">Email<\/label><input type=\"text\" name=\"wpforms[hp]\" id=\"wpforms-10-field-hp\" class=\"wpforms-field-medium\"><\/div><div class=\"wpforms-submit-container\" ><input type=\"hidden\" name=\"wpforms[id]\" value=\"10\"><input type=\"hidden\" name=\"page_title\" value=\"\"><input type=\"hidden\" name=\"page_url\" value=\"https:\/\/compareplanodesaude.com.br\/health-for-pet\/wp-json\/wp\/v2\/pages\/38\"><input type=\"hidden\" name=\"url_referer\" value=\"https:\/\/compareplanodesaude.com.br\/health-for-pet\/faq\/\"><button type=\"submit\" name=\"wpforms[submit]\" id=\"wpforms-submit-10\" class=\"wpforms-submit btn btn-secondary\" data-alt-text=\"Enviando...\" data-submit-text=\"Enviar\" aria-live=\"assertive\" value=\"wpforms-submit\">Enviar<\/button><\/div><\/form><\/div>  <!-- .wpforms-container -->FAQO que \u00e9 a Health For Pet ?\u00a0 R:Uma empresa do grupo Porto Seguro que visa oferecer maiores cuidados ao seu pet com valores mais acess\u00edveis que o veterin\u00e1rio particular. Dessa forma o cliente consegue oferecer mais qualidade de vida ao pet, [&hellip;]<\/p>\n","protected":false},"author":20,"featured_media":0,"parent":0,"menu_order":0,"comment_status":"closed","ping_status":"closed","template":"","meta":{"_et_pb_use_builder":"on","_et_pb_old_content":"","_et_gb_content_width":"","footnotes":""},"tags":[],"class_list":["post-38","page","type-page","status-publish","hentry"],"yoast_head":"<!-- This site is optimized with the Yoast SEO plugin v26.3 - https:\/\/yoast.com\/wordpress\/plugins\/seo\/ -->\n<title>Health for Pet - Veja nosso FAQ em Casos de D\u00favidas<\/title>\n<meta name=\"description\" content=\"Caso Tenha D\u00favidas Sobre os Planos Health for Pet, Veja Nosso FAQ. Fa\u00e7a uma Cota\u00e7\u00e3o Online Para Receber At\u00e9 20% de Desconto na Health for Pet.\" \/>\n<meta name=\"robots\" content=\"index, follow, max-snippet:-1, max-image-preview:large, max-video-preview:-1\" \/>\n<link rel=\"canonical\" href=\"https:\/\/compareplanodesaude.com.br\/health-for-pet\/faq\/\" \/>\n<meta property=\"og:locale\" content=\"pt_BR\" \/>\n<meta property=\"og:type\" content=\"article\" \/>\n<meta property=\"og:title\" content=\"Health for Pet - Veja nosso FAQ em Casos de D\u00favidas\" \/>\n<meta property=\"og:description\" content=\"Caso Tenha D\u00favidas Sobre os Planos Health for Pet, Veja Nosso FAQ. Fa\u00e7a uma Cota\u00e7\u00e3o Online Para Receber At\u00e9 20% de Desconto na Health for Pet.\" \/>\n<meta property=\"og:url\" content=\"https:\/\/compareplanodesaude.com.br\/health-for-pet\/faq\/\" \/>\n<meta property=\"og:site_name\" content=\"Health for Pet - Planos de Sa\u00fade para o seu amigo!\" \/>\n<meta property=\"article:modified_time\" content=\"2021-11-03T16:06:28+00:00\" \/>\n<meta name=\"twitter:card\" content=\"summary_large_image\" \/>\n<meta name=\"twitter:label1\" content=\"Est. tempo de leitura\" \/>\n\t<meta name=\"twitter:data1\" content=\"3 minutos\" \/>\n<script type=\"application\/ld+json\" class=\"yoast-schema-graph\">{\"@context\":\"https:\/\/schema.org\",\"@graph\":[{\"@type\":\"WebPage\",\"@id\":\"https:\/\/compareplanodesaude.com.br\/health-for-pet\/faq\/\",\"url\":\"https:\/\/compareplanodesaude.com.br\/health-for-pet\/faq\/\",\"name\":\"Health for Pet - Veja nosso FAQ em Casos de D\u00favidas\",\"isPartOf\":{\"@id\":\"https:\/\/compareplanodesaude.com.br\/health-for-pet\/#website\"},\"datePublished\":\"2019-03-15T20:37:38+00:00\",\"dateModified\":\"2021-11-03T16:06:28+00:00\",\"description\":\"Caso Tenha D\u00favidas Sobre os Planos Health for Pet, Veja Nosso FAQ. Fa\u00e7a uma Cota\u00e7\u00e3o Online Para Receber At\u00e9 20% de Desconto na Health for Pet.\",\"breadcrumb\":{\"@id\":\"https:\/\/compareplanodesaude.com.br\/health-for-pet\/faq\/#breadcrumb\"},\"inLanguage\":\"pt-BR\",\"potentialAction\":[{\"@type\":\"ReadAction\",\"target\":[\"https:\/\/compareplanodesaude.com.br\/health-for-pet\/faq\/\"]}]},{\"@type\":\"BreadcrumbList\",\"@id\":\"https:\/\/compareplanodesaude.com.br\/health-for-pet\/faq\/#breadcrumb\",\"itemListElement\":[{\"@type\":\"ListItem\",\"position\":1,\"name\":\"In\u00edcio\",\"item\":\"https:\/\/compareplanodesaude.com.br\/health-for-pet\/\"},{\"@type\":\"ListItem\",\"position\":2,\"name\":\"Health for Pet &#8211; FAQ\"}]},{\"@type\":\"WebSite\",\"@id\":\"https:\/\/compareplanodesaude.com.br\/health-for-pet\/#website\",\"url\":\"https:\/\/compareplanodesaude.com.br\/health-for-pet\/\",\"name\":\"Health for Pet - Planos de Sa\u00fade para o seu amigo!\",\"description\":\"Planos de sa\u00fade com at\u00e9 20% de desconto para o seu amigo pet!\",\"potentialAction\":[{\"@type\":\"SearchAction\",\"target\":{\"@type\":\"EntryPoint\",\"urlTemplate\":\"https:\/\/compareplanodesaude.com.br\/health-for-pet\/?s={search_term_string}\"},\"query-input\":{\"@type\":\"PropertyValueSpecification\",\"valueRequired\":true,\"valueName\":\"search_term_string\"}}],\"inLanguage\":\"pt-BR\"}]}<\/script>\n<!-- \/ Yoast SEO plugin. -->","yoast_head_json":{"title":"Health for Pet - Veja nosso FAQ em Casos de D\u00favidas","description":"Caso Tenha D\u00favidas Sobre os Planos Health for Pet, Veja Nosso FAQ. Fa\u00e7a uma Cota\u00e7\u00e3o Online Para Receber At\u00e9 20% de Desconto na Health for Pet.","robots":{"index":"index","follow":"follow","max-snippet":"max-snippet:-1","max-image-preview":"max-image-preview:large","max-video-preview":"max-video-preview:-1"},"canonical":"https:\/\/compareplanodesaude.com.br\/health-for-pet\/faq\/","og_locale":"pt_BR","og_type":"article","og_title":"Health for Pet - Veja nosso FAQ em Casos de D\u00favidas","og_description":"Caso Tenha D\u00favidas Sobre os Planos Health for Pet, Veja Nosso FAQ. Fa\u00e7a uma Cota\u00e7\u00e3o Online Para Receber At\u00e9 20% de Desconto na Health for Pet.","og_url":"https:\/\/compareplanodesaude.com.br\/health-for-pet\/faq\/","og_site_name":"Health for Pet - Planos de Sa\u00fade para o seu amigo!","article_modified_time":"2021-11-03T16:06:28+00:00","twitter_card":"summary_large_image","twitter_misc":{"Est. tempo de leitura":"3 minutos"},"schema":{"@context":"https:\/\/schema.org","@graph":[{"@type":"WebPage","@id":"https:\/\/compareplanodesaude.com.br\/health-for-pet\/faq\/","url":"https:\/\/compareplanodesaude.com.br\/health-for-pet\/faq\/","name":"Health for Pet - Veja nosso FAQ em Casos de D\u00favidas","isPartOf":{"@id":"https:\/\/compareplanodesaude.com.br\/health-for-pet\/#website"},"datePublished":"2019-03-15T20:37:38+00:00","dateModified":"2021-11-03T16:06:28+00:00","description":"Caso Tenha D\u00favidas Sobre os Planos Health for Pet, Veja Nosso FAQ. Fa\u00e7a uma Cota\u00e7\u00e3o Online Para Receber At\u00e9 20% de Desconto na Health for Pet.","breadcrumb":{"@id":"https:\/\/compareplanodesaude.com.br\/health-for-pet\/faq\/#breadcrumb"},"inLanguage":"pt-BR","potentialAction":[{"@type":"ReadAction","target":["https:\/\/compareplanodesaude.com.br\/health-for-pet\/faq\/"]}]},{"@type":"BreadcrumbList","@id":"https:\/\/compareplanodesaude.com.br\/health-for-pet\/faq\/#breadcrumb","itemListElement":[{"@type":"ListItem","position":1,"name":"In\u00edcio","item":"https:\/\/compareplanodesaude.com.br\/health-for-pet\/"},{"@type":"ListItem","position":2,"name":"Health for Pet &#8211; FAQ"}]},{"@type":"WebSite","@id":"https:\/\/compareplanodesaude.com.br\/health-for-pet\/#website","url":"https:\/\/compareplanodesaude.com.br\/health-for-pet\/","name":"Health for Pet - Planos de Sa\u00fade para o seu amigo!","description":"Planos de sa\u00fade com at\u00e9 20% de desconto para o seu amigo pet!","potentialAction":[{"@type":"SearchAction","target":{"@type":"EntryPoint","urlTemplate":"https:\/\/compareplanodesaude.com.br\/health-for-pet\/?s={search_term_string}"},"query-input":{"@type":"PropertyValueSpecification","valueRequired":true,"valueName":"search_term_string"}}],"inLanguage":"pt-BR"}]}},"_links":{"self":[{"href":"https:\/\/compareplanodesaude.com.br\/health-for-pet\/wp-json\/wp\/v2\/pages\/38","targetHints":{"allow":["GET"]}}],"collection":[{"href":"https:\/\/compareplanodesaude.com.br\/health-for-pet\/wp-json\/wp\/v2\/pages"}],"about":[{"href":"https:\/\/compareplanodesaude.com.br\/health-for-pet\/wp-json\/wp\/v2\/types\/page"}],"author":[{"embeddable":true,"href":"https:\/\/compareplanodesaude.com.br\/health-for-pet\/wp-json\/wp\/v2\/users\/20"}],"replies":[{"embeddable":true,"href":"https:\/\/compareplanodesaude.com.br\/health-for-pet\/wp-json\/wp\/v2\/comments?post=38"}],"version-history":[{"count":0,"href":"https:\/\/compareplanodesaude.com.br\/health-for-pet\/wp-json\/wp\/v2\/pages\/38\/revisions"}],"wp:attachment":[{"href":"https:\/\/compareplanodesaude.com.br\/health-for-pet\/wp-json\/wp\/v2\/media?parent=38"}],"wp:term":[{"taxonomy":"post_tag","embeddable":true,"href":"https:\/\/compareplanodesaude.com.br\/health-for-pet\/wp-json\/wp\/v2\/tags?post=38"}],"curies":[{"name":"wp","href":"https:\/\/api.w.org\/{rel}","templated":true}]}}