{"id":71552,"date":"2021-06-23T18:38:47","date_gmt":"2021-06-23T18:38:47","guid":{"rendered":"http:\/\/compareplanodesaude.com.br\/cemeru-saude\/?page_id=71552"},"modified":"2024-04-26T19:59:11","modified_gmt":"2024-04-26T19:59:11","slug":"rede-credenciada","status":"publish","type":"page","link":"https:\/\/compareplanodesaude.com.br\/cemeru-saude\/rede-credenciada\/","title":{"rendered":"Rede Credenciada"},"content":{"rendered":"\t\t<div data-elementor-type=\"wp-page\" data-elementor-id=\"71552\" class=\"elementor elementor-71552\" data-elementor-post-type=\"page\">\n\t\t\t\t\t\t<section class=\"elementor-section elementor-top-section elementor-element elementor-element-7944289b elementor-section-boxed elementor-section-height-default elementor-section-height-default\" data-id=\"7944289b\" data-element_type=\"section\" data-settings=\"{&quot;background_background&quot;:&quot;gradient&quot;}\">\n\t\t\t\t\t\t<div class=\"elementor-container elementor-column-gap-default\">\n\t\t\t\t\t<div class=\"elementor-column elementor-col-66 elementor-top-column elementor-element elementor-element-716645d0\" data-id=\"716645d0\" data-element_type=\"column\">\n\t\t\t<div class=\"elementor-widget-wrap elementor-element-populated\">\n\t\t\t\t\t\t<div class=\"elementor-element elementor-element-1cd0cbed elementor-widget elementor-widget-heading\" data-id=\"1cd0cbed\" data-element_type=\"widget\" data-widget_type=\"heading.default\">\n\t\t\t\t<div class=\"elementor-widget-container\">\n\t\t\t\t\t<h1 class=\"elementor-heading-title elementor-size-default\">Rede Credenciada S\u00e3o Camilo<\/h1>\t\t\t\t<\/div>\n\t\t\t\t<\/div>\n\t\t\t\t<div class=\"elementor-element elementor-element-66859f43 elementor-widget elementor-widget-text-editor\" data-id=\"66859f43\" data-element_type=\"widget\" data-widget_type=\"text-editor.default\">\n\t\t\t\t<div class=\"elementor-widget-container\">\n\t\t\t\t\t\t\t\t\t<p style=\"font-weight: 400;\">Confira a rede credenciada dos planos empresariais, individuais e familiares.<\/p><p style=\"font-weight: 400;\">Preencha o formul\u00e1rio ao lado e receba agora mesmo uma cota\u00e7\u00e3o completa de um dos planos de sa\u00fade da operadora.\u00a0<b>Receba desconto na 1\u00aa mensalidade!<\/b><\/p>\t\t\t\t\t\t\t\t<\/div>\n\t\t\t\t<\/div>\n\t\t\t\t<div class=\"elementor-element elementor-element-219fd665 btn elementor-align-justify elementor-widget elementor-widget-button\" data-id=\"219fd665\" data-element_type=\"widget\" data-widget_type=\"button.default\">\n\t\t\t\t<div class=\"elementor-widget-container\">\n\t\t\t\t\t\t\t\t\t<div class=\"elementor-button-wrapper\">\n\t\t\t\t\t<a class=\"elementor-button elementor-button-link elementor-size-sm\" href=\"\/cotacao-online\/\">\n\t\t\t\t\t\t<span class=\"elementor-button-content-wrapper\">\n\t\t\t\t\t\t\t\t\t<span class=\"elementor-button-text\">Fa\u00e7a uma Cota\u00e7\u00e3o Online com Desconto<\/span>\n\t\t\t\t\t<\/span>\n\t\t\t\t\t<\/a>\n\t\t\t\t<\/div>\n\t\t\t\t\t\t\t\t<\/div>\n\t\t\t\t<\/div>\n\t\t\t\t\t<\/div>\n\t\t<\/div>\n\t\t\t\t<div class=\"elementor-column elementor-col-33 elementor-top-column elementor-element elementor-element-226c591a\" data-id=\"226c591a\" data-element_type=\"column\">\n\t\t\t<div class=\"elementor-widget-wrap elementor-element-populated\">\n\t\t\t\t\t\t<div class=\"elementor-element elementor-element-46919299 desconto-form elementor-widget elementor-widget-wpforms\" data-id=\"46919299\" data-element_type=\"widget\" data-widget_type=\"wpforms.default\">\n\t\t\t\t<div class=\"elementor-widget-container\">\n\t\t\t\t\t<div class=\"wpforms-container wpforms-container-full wpforms-form-abandonment\" id=\"wpforms-63910\"><form id=\"wpforms-form-63910\" class=\"wpforms-validate wpforms-form\" data-formid=\"63910\" method=\"post\" enctype=\"multipart\/form-data\" action=\"\/cemeru-saude\/wp-json\/wp\/v2\/pages\/71552\" data-token=\"83e671dc545ee1b47d6e995b4dc4bb81\" data-token-time=\"1775266546\"><div class=\"wpforms-head-container\"><div class=\"wpforms-title\">Cota\u00e7\u00e3o Online com Desconto<\/div><\/div><noscript class=\"wpforms-error-noscript\">Ative o JavaScript no seu navegador para preencher este formul\u00e1rio.<\/noscript><div class=\"wpforms-field-container\"><div id=\"wpforms-63910-field_0-container\" class=\"wpforms-field wpforms-field-name labelbranco\" data-field-id=\"0\"><label class=\"wpforms-field-label wpforms-label-hide\" for=\"wpforms-63910-field_0\">Nome <span class=\"wpforms-required-label\">*<\/span><\/label><input type=\"text\" id=\"wpforms-63910-field_0\" class=\"wpforms-field-large wpforms-field-required\" name=\"wpforms[fields][0]\" placeholder=\"Nome\" required><\/div><div id=\"wpforms-63910-field_2-container\" class=\"wpforms-field wpforms-field-email labelbranco\" data-field-id=\"2\"><label class=\"wpforms-field-label wpforms-label-hide\" for=\"wpforms-63910-field_2\">E-mail <span class=\"wpforms-required-label\">*<\/span><\/label><input type=\"email\" id=\"wpforms-63910-field_2\" class=\"wpforms-field-large wpforms-field-required\" name=\"wpforms[fields][2]\" placeholder=\"E-mail\" spellcheck=\"false\" required><\/div><div id=\"wpforms-63910-field_6-container\" class=\"wpforms-field wpforms-field-text labelbranco\" data-field-id=\"6\"><label class=\"wpforms-field-label wpforms-label-hide\" for=\"wpforms-63910-field_6\">Celular <span class=\"wpforms-required-label\">*<\/span><\/label><input type=\"text\" id=\"wpforms-63910-field_6\" class=\"wpforms-field-large wpforms-field-required wpforms-masked-input\" data-rule-inputmask-incomplete=\"1\" data-inputmask-mask=\"(99) 99999-9999\" name=\"wpforms[fields][6]\" placeholder=\"Celular\" required><\/div><div id=\"wpforms-63910-field_9-container\" class=\"wpforms-field wpforms-field-radio labelbranco wpforms-list-2-columns\" data-field-id=\"9\"><label class=\"wpforms-field-label\">Escolha o tipo do plano <span class=\"wpforms-required-label\">*<\/span><\/label><ul id=\"wpforms-63910-field_9\" class=\"wpforms-field-required\"><li class=\"choice-1 depth-1\"><input type=\"radio\" id=\"wpforms-63910-field_9_1\" name=\"wpforms[fields][9]\" value=\"Individual\" required ><label class=\"wpforms-field-label-inline\" for=\"wpforms-63910-field_9_1\">Individual<\/label><\/li><li class=\"choice-2 depth-1\"><input type=\"radio\" id=\"wpforms-63910-field_9_2\" name=\"wpforms[fields][9]\" value=\"Familiar\" required ><label class=\"wpforms-field-label-inline\" for=\"wpforms-63910-field_9_2\">Familiar<\/label><\/li><\/ul><\/div><div id=\"wpforms-63910-field_11-container\" class=\"wpforms-field wpforms-field-checkbox\" data-field-id=\"11\"><label class=\"wpforms-field-label wpforms-label-hide\">Caixas de marca\u00e7\u00e3o <span class=\"wpforms-required-label\">*<\/span><\/label><ul id=\"wpforms-63910-field_11\" class=\"wpforms-field-required\"><li class=\"choice-1 depth-1\"><input type=\"checkbox\" id=\"wpforms-63910-field_11_1\" name=\"wpforms[fields][11][]\" value=\"Concordo em receber um contato e aceito os termos de acordo com a &lt;a href = &quot;\/politica-de-privacidade\/&quot; target=&quot;_blank&quot; style = &quot;color: #fff; text-decoration: underline;&quot;&gt;pol\u00edtica de privacidade&lt;\/a&gt;\" required ><label class=\"wpforms-field-label-inline\" for=\"wpforms-63910-field_11_1\">Concordo em receber um contato e aceito os termos de acordo com a <a href=\"\/politica-de-privacidade\/\" target=\"_blank\" style=\"color: #fff;text-decoration: underline\">pol\u00edtica de privacidade<\/a><\/label><\/li><\/ul><\/div><\/div><!-- .wpforms-field-container --><div class=\"wpforms-field wpforms-field-hp\"><label for=\"wpforms-63910-field-hp\" class=\"wpforms-field-label\">Name<\/label><input type=\"text\" name=\"wpforms[hp]\" id=\"wpforms-63910-field-hp\" class=\"wpforms-field-medium\"><\/div><div class=\"wpforms-submit-container\" ><input type=\"hidden\" name=\"wpforms[id]\" value=\"63910\"><input type=\"hidden\" name=\"page_title\" value=\"\"><input type=\"hidden\" name=\"page_url\" value=\"https:\/\/compareplanodesaude.com.br\/cemeru-saude\/wp-json\/wp\/v2\/pages\/71552\"><input type=\"hidden\" name=\"url_referer\" value=\"\"><button type=\"submit\" name=\"wpforms[submit]\" id=\"wpforms-submit-63910\" class=\"wpforms-submit\" data-alt-text=\"Solicitando...\" data-submit-text=\"Iniciar Cota\u00e7\u00e3o\" aria-live=\"assertive\" value=\"wpforms-submit\">Iniciar Cota\u00e7\u00e3o<\/button><\/div><\/form><\/div>  <!-- .wpforms-container -->\t\t\t\t<\/div>\n\t\t\t\t<\/div>\n\t\t\t\t\t<\/div>\n\t\t<\/div>\n\t\t\t\t\t<\/div>\n\t\t<\/section>\n\t\t\t\t<section class=\"elementor-section elementor-top-section elementor-element elementor-element-48cc2d4d elementor-section-boxed elementor-section-height-default elementor-section-height-default\" data-id=\"48cc2d4d\" data-element_type=\"section\">\n\t\t\t\t\t\t<div class=\"elementor-container elementor-column-gap-default\">\n\t\t\t\t\t<div class=\"elementor-column elementor-col-100 elementor-top-column elementor-element elementor-element-7a975889\" data-id=\"7a975889\" data-element_type=\"column\">\n\t\t\t<div class=\"elementor-widget-wrap elementor-element-populated\">\n\t\t\t\t\t\t<div class=\"elementor-element elementor-element-33dddf2f elementor-widget elementor-widget-heading\" data-id=\"33dddf2f\" data-element_type=\"widget\" data-widget_type=\"heading.default\">\n\t\t\t\t<div class=\"elementor-widget-container\">\n\t\t\t\t\t<h2 class=\"elementor-heading-title elementor-size-default\">Rede Credenciada<\/h2>\t\t\t\t<\/div>\n\t\t\t\t<\/div>\n\t\t\t\t<div class=\"elementor-element elementor-element-127aa310 elementor-widget-divider--view-line elementor-widget elementor-widget-divider\" data-id=\"127aa310\" data-element_type=\"widget\" data-widget_type=\"divider.default\">\n\t\t\t\t<div class=\"elementor-widget-container\">\n\t\t\t\t\t\t\t<div class=\"elementor-divider\">\n\t\t\t<span class=\"elementor-divider-separator\">\n\t\t\t\t\t\t<\/span>\n\t\t<\/div>\n\t\t\t\t\t\t<\/div>\n\t\t\t\t<\/div>\n\t\t\t\t<div class=\"elementor-element elementor-element-81cf061 elementor-widget elementor-widget-shortcode\" data-id=\"81cf061\" data-element_type=\"widget\" data-widget_type=\"shortcode.default\">\n\t\t\t\t<div class=\"elementor-widget-container\">\n\t\t\t\t\t\t\t<div class=\"elementor-shortcode\"><div id=\"tablepress-399-scroll-wrapper\" class=\"tablepress-scroll-wrapper\">\n\n<table id=\"tablepress-399\" class=\"tablepress tablepress-id-399 tablepress-responsive\">\n<tbody class=\"row-striping row-hover\">\n<tr class=\"row-1\">\n\t<td class=\"column-1\"><strong>Hospitais<\/strong><\/td><td class=\"column-2\"><strong>Cl\u00ednicas<\/strong><\/td>\n<\/tr>\n<tr class=\"row-2\">\n\t<td class=\"column-1\"><strong>S\u00e3o Paulo<\/strong><\/td><td class=\"column-2\">Cl\u00ednicas Capozzielli - Brooklin e Tatuap\u00e9<\/td>\n<\/tr>\n<tr class=\"row-3\">\n\t<td class=\"column-1\">Hospital S\u00e3o Camilo - Ipiranga<\/td><td class=\"column-2\">Cl\u00ednicas Espa\u00e7o Cuidar<\/td>\n<\/tr>\n<tr class=\"row-4\">\n\t<td class=\"column-1\">Hospital S\u00e3o Camilo - Santana<\/td><td class=\"column-2\">Cl\u00ednicas Dr Consulta<\/td>\n<\/tr>\n<tr class=\"row-5\">\n\t<td class=\"column-1\">Hospital S\u00e3o Camilo - Pomp\u00e9ia<\/td><td class=\"column-2\"><\/td>\n<\/tr>\n<tr class=\"row-6\">\n\t<td class=\"column-1\">Hospital Sepaco<\/td><td class=\"column-2\"><strong>Laborat\u00f3rios<\/strong><\/td>\n<\/tr>\n<tr class=\"row-7\">\n\t<td class=\"column-1\">Leforte<\/td><td class=\"column-2\">Lavoisier<\/td>\n<\/tr>\n<tr class=\"row-8\">\n\t<td class=\"column-1\">Hospital Nipo Brasileiro<\/td><td class=\"column-2\">Deliberato<\/td>\n<\/tr>\n<tr class=\"row-9\">\n\t<td class=\"column-1\">Hospital S\u00e3o Francisco<\/td><td class=\"column-2\">A+<\/td>\n<\/tr>\n<tr class=\"row-10\">\n\t<td class=\"column-1\">CEMA<\/td><td class=\"column-2\">Hermes Pardini<\/td>\n<\/tr>\n<tr class=\"row-11\">\n\t<td class=\"column-1\"><strong>Barueri<\/strong><\/td><td class=\"column-2\">Femme Laborat\u00f3rios<\/td>\n<\/tr>\n<tr class=\"row-12\">\n\t<td class=\"column-1\">Leforte<\/td><td class=\"column-2\">Laborat\u00f3rios Tecnolab (Todo ABC)<\/td>\n<\/tr>\n<tr class=\"row-13\">\n\t<td class=\"column-1\"><strong>Mogi das Cruzes<\/strong><\/td><td class=\"column-2\"><\/td>\n<\/tr>\n<tr class=\"row-14\">\n\t<td class=\"column-1\">Hospital Sepaco<\/td><td class=\"column-2\"><\/td>\n<\/tr>\n<tr class=\"row-15\">\n\t<td class=\"column-1\"><strong>Osasco<\/strong><\/td><td class=\"column-2\"><\/td>\n<\/tr>\n<tr class=\"row-16\">\n\t<td class=\"column-1\">Hospital S\u00e3o Francisco<\/td><td class=\"column-2\"><\/td>\n<\/tr>\n<tr class=\"row-17\">\n\t<td class=\"column-1\"><strong>Cotia<\/strong><\/td><td class=\"column-2\"><\/td>\n<\/tr>\n<tr class=\"row-18\">\n\t<td class=\"column-1\">Hospital S\u00e3o Francisco<\/td><td class=\"column-2\"><\/td>\n<\/tr>\n<tr class=\"row-19\">\n\t<td class=\"column-1\"><strong>S\u00e3o Roque<\/strong><\/td><td class=\"column-2\"><\/td>\n<\/tr>\n<tr class=\"row-20\">\n\t<td class=\"column-1\">Hospital S\u00e3o Francisco<\/td><td class=\"column-2\"><\/td>\n<\/tr>\n<tr class=\"row-21\">\n\t<td class=\"column-1\"><strong>Mau\u00e1<\/strong><\/td><td class=\"column-2\"><\/td>\n<\/tr>\n<tr class=\"row-22\">\n\t<td class=\"column-1\">Hospital S\u00e3o Francisco<\/td><td class=\"column-2\"><\/td>\n<\/tr>\n<tr class=\"row-23\">\n\t<td class=\"column-1\"><strong>Diadema<\/strong><\/td><td class=\"column-2\"><\/td>\n<\/tr>\n<tr class=\"row-24\">\n\t<td class=\"column-1\">Hospital Christov\u00e3o da Gama<\/td><td class=\"column-2\"><\/td>\n<\/tr>\n<tr class=\"row-25\">\n\t<td class=\"column-1\"><strong>Santo Andr\u00e9<\/strong><\/td><td class=\"column-2\"><\/td>\n<\/tr>\n<tr class=\"row-26\">\n\t<td class=\"column-1\">Hospital Christov\u00e3o da Gama<\/td><td class=\"column-2\"><\/td>\n<\/tr>\n<\/tbody>\n<\/table>\n\n<\/div><\/div>\n\t\t\t\t\t\t<\/div>\n\t\t\t\t<\/div>\n\t\t\t\t\t<\/div>\n\t\t<\/div>\n\t\t\t\t\t<\/div>\n\t\t<\/section>\n\t\t\t\t<section class=\"elementor-section elementor-top-section elementor-element elementor-element-69c0d637 elementor-section-boxed elementor-section-height-default elementor-section-height-default\" data-id=\"69c0d637\" data-element_type=\"section\" data-settings=\"{&quot;background_background&quot;:&quot;classic&quot;}\">\n\t\t\t\t\t\t<div class=\"elementor-container elementor-column-gap-default\">\n\t\t\t\t\t<div class=\"elementor-column elementor-col-100 elementor-top-column elementor-element elementor-element-4ddbecc3\" data-id=\"4ddbecc3\" data-element_type=\"column\">\n\t\t\t<div class=\"elementor-widget-wrap elementor-element-populated\">\n\t\t\t\t\t\t<div class=\"elementor-element elementor-element-528d2b49 elementor-widget elementor-widget-heading\" data-id=\"528d2b49\" data-element_type=\"widget\" data-widget_type=\"heading.default\">\n\t\t\t\t<div class=\"elementor-widget-container\">\n\t\t\t\t\t<h3 class=\"elementor-heading-title elementor-size-default\">FALE COM UM CORRETOR<\/h3>\t\t\t\t<\/div>\n\t\t\t\t<\/div>\n\t\t\t\t<div class=\"elementor-element elementor-element-176b54c8 elementor-widget elementor-widget-text-editor\" data-id=\"176b54c8\" data-element_type=\"widget\" data-widget_type=\"text-editor.default\">\n\t\t\t\t<div class=\"elementor-widget-container\">\n\t\t\t\t\t\t\t\t\t<p>A forma mais segura de contratar um plano de sa\u00fade \u00e9 entrando em contato com um de nossos corretores especialistas para sanar todas as d\u00favidas e desejos.<\/p>\t\t\t\t\t\t\t\t<\/div>\n\t\t\t\t<\/div>\n\t\t\t\t<div class=\"elementor-element elementor-element-5f1d5e1d elementor-widget elementor-widget-text-editor\" data-id=\"5f1d5e1d\" data-element_type=\"widget\" data-widget_type=\"text-editor.default\">\n\t\t\t\t<div class=\"elementor-widget-container\">\n\t\t\t\t\t\t\t\t\t<a href=\"https:\/\/api.whatsapp.com\/send?phone=5511913593086&#038;text=Ol%C3%A1,%20gostaria%20de%20cotar%20o%20plano%20de%20sa%C3%BAde%20S%C3%A3o%20Camilo%20-%20Contato%20via%20WhatsApp%C2%A0(11)%C2%A091359-3086\"><img decoding=\"async\" class=\"wp-image-30271 alignnone size-full\" style=\"color: #0e372c;\" src=\"https:\/\/saocristovaoonline.com.br\/wp-content\/uploads\/2019\/03\/Agrupar-548.png\" alt=\"\" width=\"49\" height=\"49\" \/><\/a>\n\n<a href=\"tel:+5511913593086\"><img decoding=\"async\" class=\"wp-image-30271 alignnone size-full\" style=\"color: #0e372c;\" src=\"https:\/\/saocristovaoonline.com.br\/wp-content\/uploads\/2019\/03\/Agrupar-549.png\" alt=\"\" width=\"49\" height=\"49\" \/><\/a>\t\t\t\t\t\t\t\t<\/div>\n\t\t\t\t<\/div>\n\t\t\t\t\t<\/div>\n\t\t<\/div>\n\t\t\t\t\t<\/div>\n\t\t<\/section>\n\t\t\t\t<\/div>\n\t\t","protected":false},"excerpt":{"rendered":"<p>Rede Credenciada S\u00e3o Camilo Confira a rede credenciada dos planos empresariais, individuais e familiares. Preencha o formul\u00e1rio ao lado e receba agora mesmo uma cota\u00e7\u00e3o completa de um dos planos de sa\u00fade da operadora.\u00a0Receba desconto na 1\u00aa mensalidade! Fa\u00e7a uma Cota\u00e7\u00e3o Online com Desconto Cota\u00e7\u00e3o Online com DescontoAtive o JavaScript no seu navegador para preencher [&hellip;]<\/p>\n","protected":false},"author":1,"featured_media":0,"parent":0,"menu_order":0,"comment_status":"closed","ping_status":"closed","template":"","meta":{"footnotes":""},"tags":[],"class_list":["post-71552","page","type-page","status-publish","hentry"],"yoast_head":"<!-- This site is optimized with the Yoast SEO plugin v26.3 - https:\/\/yoast.com\/wordpress\/plugins\/seo\/ -->\n<title>Confira a Rede Credenciada S\u00e3o Camilo<\/title>\n<meta name=\"description\" content=\"Encontre um plano de sa\u00fade da S\u00e3o Camilo acordo de acordo com seu or\u00e7amento, confira a rede credenciada, Garanta o seu desconto!\" \/>\n<meta name=\"robots\" content=\"index, follow, max-snippet:-1, max-image-preview:large, max-video-preview:-1\" \/>\n<link rel=\"canonical\" href=\"https:\/\/compareplanodesaude.com.br\/cemeru-saude\/rede-credenciada\/\" \/>\n<meta property=\"og:locale\" content=\"pt_BR\" \/>\n<meta property=\"og:type\" content=\"article\" \/>\n<meta property=\"og:title\" content=\"Confira a Rede Credenciada S\u00e3o Camilo\" \/>\n<meta property=\"og:description\" content=\"Encontre um plano de sa\u00fade da S\u00e3o Camilo acordo de acordo com seu or\u00e7amento, confira a rede credenciada, Garanta o seu desconto!\" \/>\n<meta property=\"og:url\" content=\"https:\/\/compareplanodesaude.com.br\/cemeru-saude\/rede-credenciada\/\" \/>\n<meta property=\"og:site_name\" content=\"S\u00e3o Camilo - Planos de sa\u00fade com desconto\" \/>\n<meta property=\"article:modified_time\" content=\"2024-04-26T19:59:11+00:00\" \/>\n<meta property=\"og:image\" content=\"https:\/\/saocristovaoonline.com.br\/wp-content\/uploads\/2019\/03\/Agrupar-548.png\" \/>\n<meta name=\"twitter:card\" content=\"summary_large_image\" \/>\n<meta name=\"twitter:label1\" content=\"Est. tempo de leitura\" \/>\n\t<meta name=\"twitter:data1\" content=\"2 minutos\" \/>\n<script type=\"application\/ld+json\" class=\"yoast-schema-graph\">{\"@context\":\"https:\/\/schema.org\",\"@graph\":[{\"@type\":\"WebPage\",\"@id\":\"https:\/\/compareplanodesaude.com.br\/cemeru-saude\/rede-credenciada\/\",\"url\":\"https:\/\/compareplanodesaude.com.br\/cemeru-saude\/rede-credenciada\/\",\"name\":\"Confira a Rede Credenciada S\u00e3o Camilo\",\"isPartOf\":{\"@id\":\"https:\/\/compareplanodesaude.com.br\/cemeru-saude\/#website\"},\"primaryImageOfPage\":{\"@id\":\"https:\/\/compareplanodesaude.com.br\/cemeru-saude\/rede-credenciada\/#primaryimage\"},\"image\":{\"@id\":\"https:\/\/compareplanodesaude.com.br\/cemeru-saude\/rede-credenciada\/#primaryimage\"},\"thumbnailUrl\":\"https:\/\/saocristovaoonline.com.br\/wp-content\/uploads\/2019\/03\/Agrupar-548.png\",\"datePublished\":\"2021-06-23T18:38:47+00:00\",\"dateModified\":\"2024-04-26T19:59:11+00:00\",\"description\":\"Encontre um plano de sa\u00fade da S\u00e3o Camilo acordo de acordo com seu or\u00e7amento, confira a rede credenciada, Garanta o seu desconto!\",\"inLanguage\":\"pt-BR\",\"potentialAction\":[{\"@type\":\"ReadAction\",\"target\":[\"https:\/\/compareplanodesaude.com.br\/cemeru-saude\/rede-credenciada\/\"]}]},{\"@type\":\"ImageObject\",\"inLanguage\":\"pt-BR\",\"@id\":\"https:\/\/compareplanodesaude.com.br\/cemeru-saude\/rede-credenciada\/#primaryimage\",\"url\":\"https:\/\/saocristovaoonline.com.br\/wp-content\/uploads\/2019\/03\/Agrupar-548.png\",\"contentUrl\":\"https:\/\/saocristovaoonline.com.br\/wp-content\/uploads\/2019\/03\/Agrupar-548.png\"},{\"@type\":\"WebSite\",\"@id\":\"https:\/\/compareplanodesaude.com.br\/cemeru-saude\/#website\",\"url\":\"https:\/\/compareplanodesaude.com.br\/cemeru-saude\/\",\"name\":\"S\u00e3o Camilo - Planos de sa\u00fade com desconto\",\"description\":\"O melhor custo benef\u00edcio do mercado, com toda a excel\u00eancia ao cuidar de voc\u00ea!\",\"potentialAction\":[{\"@type\":\"SearchAction\",\"target\":{\"@type\":\"EntryPoint\",\"urlTemplate\":\"https:\/\/compareplanodesaude.com.br\/cemeru-saude\/?s={search_term_string}\"},\"query-input\":{\"@type\":\"PropertyValueSpecification\",\"valueRequired\":true,\"valueName\":\"search_term_string\"}}],\"inLanguage\":\"pt-BR\"}]}<\/script>\n<!-- \/ Yoast SEO plugin. -->","yoast_head_json":{"title":"Confira a Rede Credenciada S\u00e3o Camilo","description":"Encontre um plano de sa\u00fade da S\u00e3o Camilo acordo de acordo com seu or\u00e7amento, confira a rede credenciada, Garanta o seu desconto!","robots":{"index":"index","follow":"follow","max-snippet":"max-snippet:-1","max-image-preview":"max-image-preview:large","max-video-preview":"max-video-preview:-1"},"canonical":"https:\/\/compareplanodesaude.com.br\/cemeru-saude\/rede-credenciada\/","og_locale":"pt_BR","og_type":"article","og_title":"Confira a Rede Credenciada S\u00e3o Camilo","og_description":"Encontre um plano de sa\u00fade da S\u00e3o Camilo acordo de acordo com seu or\u00e7amento, confira a rede credenciada, Garanta o seu desconto!","og_url":"https:\/\/compareplanodesaude.com.br\/cemeru-saude\/rede-credenciada\/","og_site_name":"S\u00e3o Camilo - Planos de sa\u00fade com desconto","article_modified_time":"2024-04-26T19:59:11+00:00","og_image":[{"url":"https:\/\/saocristovaoonline.com.br\/wp-content\/uploads\/2019\/03\/Agrupar-548.png","type":"","width":"","height":""}],"twitter_card":"summary_large_image","twitter_misc":{"Est. tempo de leitura":"2 minutos"},"schema":{"@context":"https:\/\/schema.org","@graph":[{"@type":"WebPage","@id":"https:\/\/compareplanodesaude.com.br\/cemeru-saude\/rede-credenciada\/","url":"https:\/\/compareplanodesaude.com.br\/cemeru-saude\/rede-credenciada\/","name":"Confira a Rede Credenciada S\u00e3o Camilo","isPartOf":{"@id":"https:\/\/compareplanodesaude.com.br\/cemeru-saude\/#website"},"primaryImageOfPage":{"@id":"https:\/\/compareplanodesaude.com.br\/cemeru-saude\/rede-credenciada\/#primaryimage"},"image":{"@id":"https:\/\/compareplanodesaude.com.br\/cemeru-saude\/rede-credenciada\/#primaryimage"},"thumbnailUrl":"https:\/\/saocristovaoonline.com.br\/wp-content\/uploads\/2019\/03\/Agrupar-548.png","datePublished":"2021-06-23T18:38:47+00:00","dateModified":"2024-04-26T19:59:11+00:00","description":"Encontre um plano de sa\u00fade da S\u00e3o Camilo acordo de acordo com seu or\u00e7amento, confira a rede credenciada, Garanta o seu desconto!","inLanguage":"pt-BR","potentialAction":[{"@type":"ReadAction","target":["https:\/\/compareplanodesaude.com.br\/cemeru-saude\/rede-credenciada\/"]}]},{"@type":"ImageObject","inLanguage":"pt-BR","@id":"https:\/\/compareplanodesaude.com.br\/cemeru-saude\/rede-credenciada\/#primaryimage","url":"https:\/\/saocristovaoonline.com.br\/wp-content\/uploads\/2019\/03\/Agrupar-548.png","contentUrl":"https:\/\/saocristovaoonline.com.br\/wp-content\/uploads\/2019\/03\/Agrupar-548.png"},{"@type":"WebSite","@id":"https:\/\/compareplanodesaude.com.br\/cemeru-saude\/#website","url":"https:\/\/compareplanodesaude.com.br\/cemeru-saude\/","name":"S\u00e3o Camilo - Planos de sa\u00fade com desconto","description":"O melhor custo benef\u00edcio do mercado, com toda a excel\u00eancia ao cuidar de voc\u00ea!","potentialAction":[{"@type":"SearchAction","target":{"@type":"EntryPoint","urlTemplate":"https:\/\/compareplanodesaude.com.br\/cemeru-saude\/?s={search_term_string}"},"query-input":{"@type":"PropertyValueSpecification","valueRequired":true,"valueName":"search_term_string"}}],"inLanguage":"pt-BR"}]}},"_links":{"self":[{"href":"https:\/\/compareplanodesaude.com.br\/cemeru-saude\/wp-json\/wp\/v2\/pages\/71552","targetHints":{"allow":["GET"]}}],"collection":[{"href":"https:\/\/compareplanodesaude.com.br\/cemeru-saude\/wp-json\/wp\/v2\/pages"}],"about":[{"href":"https:\/\/compareplanodesaude.com.br\/cemeru-saude\/wp-json\/wp\/v2\/types\/page"}],"author":[{"embeddable":true,"href":"https:\/\/compareplanodesaude.com.br\/cemeru-saude\/wp-json\/wp\/v2\/users\/1"}],"replies":[{"embeddable":true,"href":"https:\/\/compareplanodesaude.com.br\/cemeru-saude\/wp-json\/wp\/v2\/comments?post=71552"}],"version-history":[{"count":8,"href":"https:\/\/compareplanodesaude.com.br\/cemeru-saude\/wp-json\/wp\/v2\/pages\/71552\/revisions"}],"predecessor-version":[{"id":72363,"href":"https:\/\/compareplanodesaude.com.br\/cemeru-saude\/wp-json\/wp\/v2\/pages\/71552\/revisions\/72363"}],"wp:attachment":[{"href":"https:\/\/compareplanodesaude.com.br\/cemeru-saude\/wp-json\/wp\/v2\/media?parent=71552"}],"wp:term":[{"taxonomy":"post_tag","embeddable":true,"href":"https:\/\/compareplanodesaude.com.br\/cemeru-saude\/wp-json\/wp\/v2\/tags?post=71552"}],"curies":[{"name":"wp","href":"https:\/\/api.w.org\/{rel}","templated":true}]}}