{"id":29563,"date":"2019-03-25T21:28:21","date_gmt":"2019-03-25T21:28:21","guid":{"rendered":"http:\/\/compareplanodesaude.com.br\/cemeru-saude\/?page_id=29563"},"modified":"2024-04-26T19:52:40","modified_gmt":"2024-04-26T19:52:40","slug":"contato","status":"publish","type":"page","link":"https:\/\/compareplanodesaude.com.br\/cemeru-saude\/contato\/","title":{"rendered":"Contato"},"content":{"rendered":"\t\t<div data-elementor-type=\"wp-page\" data-elementor-id=\"29563\" class=\"elementor elementor-29563\" data-elementor-post-type=\"page\">\n\t\t\t\t\t\t<section class=\"elementor-section elementor-top-section elementor-element elementor-element-1e598056 elementor-section-boxed elementor-section-height-default elementor-section-height-default\" data-id=\"1e598056\" data-element_type=\"section\" data-settings=\"{&quot;background_background&quot;:&quot;classic&quot;}\">\n\t\t\t\t\t\t\t<div class=\"elementor-background-overlay\"><\/div>\n\t\t\t\t\t\t\t<div class=\"elementor-container elementor-column-gap-default\">\n\t\t\t\t\t<div class=\"elementor-column elementor-col-50 elementor-top-column elementor-element elementor-element-3e97126b\" data-id=\"3e97126b\" data-element_type=\"column\">\n\t\t\t<div class=\"elementor-widget-wrap elementor-element-populated\">\n\t\t\t\t\t\t<div class=\"elementor-element elementor-element-701674da elementor-widget elementor-widget-heading\" data-id=\"701674da\" data-element_type=\"widget\" data-widget_type=\"heading.default\">\n\t\t\t\t<div class=\"elementor-widget-container\">\n\t\t\t\t\t<h1 class=\"elementor-heading-title elementor-size-default\">Contato<\/h1>\t\t\t\t<\/div>\n\t\t\t\t<\/div>\n\t\t\t\t<div class=\"elementor-element elementor-element-a5016a1 elementor-widget elementor-widget-text-editor\" data-id=\"a5016a1\" data-element_type=\"widget\" data-widget_type=\"text-editor.default\">\n\t\t\t\t<div class=\"elementor-widget-container\">\n\t\t\t\t\t\t\t\t\t<p>Entre em contato com um de nossos consultores e<br \/>fale suas d\u00favidas em rela\u00e7\u00e3o ao plano S\u00e3o Camilo.<\/p>\t\t\t\t\t\t\t\t<\/div>\n\t\t\t\t<\/div>\n\t\t\t\t<div class=\"elementor-element elementor-element-43a55465 elementor-widget-divider--view-line elementor-widget elementor-widget-divider\" data-id=\"43a55465\" data-element_type=\"widget\" data-widget_type=\"divider.default\">\n\t\t\t\t<div class=\"elementor-widget-container\">\n\t\t\t\t\t\t\t<div class=\"elementor-divider\">\n\t\t\t<span class=\"elementor-divider-separator\">\n\t\t\t\t\t\t<\/span>\n\t\t<\/div>\n\t\t\t\t\t\t<\/div>\n\t\t\t\t<\/div>\n\t\t\t\t<div class=\"elementor-element elementor-element-254788de elementor-widget elementor-widget-text-editor\" data-id=\"254788de\" data-element_type=\"widget\" data-widget_type=\"text-editor.default\">\n\t\t\t\t<div class=\"elementor-widget-container\">\n\t\t\t\t\t\t\t\t\t<p>Fale com um dos nossos especialistas<\/p><p style=\"color: #fff;\">(11) 91359-3086<\/p><p>Consultoria Especializada<\/p><p style=\"color: #fff;\">(11) 3863-7900<\/p><p>Atendimento 24 horas<\/p>\t\t\t\t\t\t\t\t<\/div>\n\t\t\t\t<\/div>\n\t\t\t\t\t<\/div>\n\t\t<\/div>\n\t\t\t\t<div class=\"elementor-column elementor-col-50 elementor-top-column elementor-element elementor-element-2b8a2ea1\" data-id=\"2b8a2ea1\" data-element_type=\"column\">\n\t\t\t<div class=\"elementor-widget-wrap elementor-element-populated\">\n\t\t\t\t\t\t<div class=\"elementor-element elementor-element-2e4ceef4 desconto-form elementor-widget elementor-widget-wpforms\" data-id=\"2e4ceef4\" data-element_type=\"widget\" data-widget_type=\"wpforms.default\">\n\t\t\t\t<div class=\"elementor-widget-container\">\n\t\t\t\t\t<div class=\"wpforms-container wpforms-container-full wpforms-form-abandonment\" id=\"wpforms-30191\"><form id=\"wpforms-form-30191\" class=\"wpforms-validate wpforms-form\" data-formid=\"30191\" method=\"post\" enctype=\"multipart\/form-data\" action=\"\/cemeru-saude\/wp-json\/wp\/v2\/pages\/29563\" data-token=\"75d52a9f77beb3811f95b55a4ce684da\" data-token-time=\"1775267429\"><noscript class=\"wpforms-error-noscript\">Ative o JavaScript no seu navegador para preencher este formul\u00e1rio.<\/noscript><div class=\"wpforms-field-container\"><div id=\"wpforms-30191-field_15-container\" class=\"wpforms-field wpforms-field-name placeholder-black\" data-field-id=\"15\"><label class=\"wpforms-field-label wpforms-label-hide\" for=\"wpforms-30191-field_15\">nome <span class=\"wpforms-required-label\">*<\/span><\/label><input type=\"text\" id=\"wpforms-30191-field_15\" class=\"wpforms-field-large wpforms-field-required\" name=\"wpforms[fields][15]\" placeholder=\"Nome\" required><\/div><div id=\"wpforms-30191-field_19-container\" class=\"wpforms-field wpforms-field-email\" data-field-id=\"19\"><label class=\"wpforms-field-label wpforms-label-hide\" for=\"wpforms-30191-field_19\">email <span class=\"wpforms-required-label\">*<\/span><\/label><input type=\"email\" id=\"wpforms-30191-field_19\" class=\"wpforms-field-large wpforms-field-required\" name=\"wpforms[fields][19]\" placeholder=\"E-mail\" spellcheck=\"false\" required><\/div><div id=\"wpforms-30191-field_25-container\" class=\"wpforms-field wpforms-field-text\" data-field-id=\"25\"><label class=\"wpforms-field-label wpforms-label-hide\" for=\"wpforms-30191-field_25\">Celular <span class=\"wpforms-required-label\">*<\/span><\/label><input type=\"text\" id=\"wpforms-30191-field_25\" class=\"wpforms-field-large wpforms-field-required wpforms-masked-input\" data-rule-inputmask-incomplete=\"1\" data-inputmask-mask=\"(99) 99999-9999\" name=\"wpforms[fields][25]\" placeholder=\"Celular\" required><\/div><div id=\"wpforms-30191-field_21-container\" class=\"wpforms-field wpforms-field-radio formsemcor wpforms-list-inline wpforms-conditional-trigger\" data-field-id=\"21\"><label class=\"wpforms-field-label wpforms-label-hide\">Tipo de cliente<\/label><ul id=\"wpforms-30191-field_21\" class=\"wpforms-image-choices wpforms-image-choices-modern\"><li class=\"choice-1 depth-1 wpforms-image-choices-item\"><label class=\"wpforms-field-label-inline\" for=\"wpforms-30191-field_21_1\" tabindex=\"0\"><span class=\"wpforms-image-choices-image\"><\/span><input type=\"radio\" id=\"wpforms-30191-field_21_1\" class=\"wpforms-screen-reader-element\" name=\"wpforms[fields][21]\" value=\"J\u00e1 sou cliente\" tabindex=\"-1\"  ><span class=\"wpforms-image-choices-label\">J\u00e1 sou cliente<\/span><\/label><\/li><li class=\"choice-2 depth-1 wpforms-image-choices-item\"><label class=\"wpforms-field-label-inline\" for=\"wpforms-30191-field_21_2\" tabindex=\"0\"><span class=\"wpforms-image-choices-image\"><\/span><input type=\"radio\" id=\"wpforms-30191-field_21_2\" class=\"wpforms-screen-reader-element\" name=\"wpforms[fields][21]\" value=\"N\u00e3o sou cliente\" tabindex=\"-1\"  ><span class=\"wpforms-image-choices-label\">N\u00e3o sou cliente<\/span><\/label><\/li><\/ul><\/div><div id=\"wpforms-30191-field_22-container\" class=\"wpforms-field wpforms-field-html acordform wpforms-conditional-field wpforms-conditional-show\" data-field-id=\"22\" style=\"display:none;\"><div id=\"wpforms-30191-field_22\"><div class=\"et_pb_column et_pb_column_4_4 et_pb_column_2 et_pb_css_mix_blend_mode_passthrough et-last-child\">\r\n\t\t\t\t\t\t\t\r\n<div class=\"et_pb_module et_pb_accordion et_pb_accordion_0\">\r\n\t\t\t\t\t\t\t\r\n<div class=\"et_pb_toggle et_pb_module et_pb_accordion_item et_pb_accordion_item_0  et_pb_toggle_open\">\r\n\t\t\t\t\t\t\t\r\n<h5 class=\"et_pb_toggle_title\" style = \"color: #fff;\">Movimenta\u00e7\u00e3o Financeira<\/h5>\r\n<div class=\"et_pb_toggle_content clearfix\">\r\n<p>Inclus\u00e3o e exclus\u00e3o de dependentes, altera\u00e7\u00e3o de dados, entre outros servi\u00e7os, ligue para:<br \/>\r\n(11) 3003-6000 <\/p>\r\n<\/div> <!-- .et_pb_toggle_content -->\r\n<\/div> <!-- .et_pb_toggle --><div class=\"et_pb_toggle et_pb_module et_pb_accordion_item et_pb_accordion_item_1  et_pb_toggle_close\">\r\n\t\t\t\t\r\n<h5 class=\"et_pb_toggle_title\" style = \"color: #fff;\">Segunda Via de boleto<\/h5>\r\n<div class=\"et_pb_toggle_content clearfix\">\r\n<p>Para emiss\u00e3o de segunda via de boleto, ligue para:<br \/> \r\n(11) 3003-6000 <\/p>\r\n<\/div> <!-- .et_pb_toggle_content -->\r\n<\/div> <!-- .et_pb_toggle --><div class=\"et_pb_toggle et_pb_module et_pb_accordion_item et_pb_accordion_item_2  et_pb_toggle_close\">\r\n\t\t\t\t\r\n<h5 class=\"et_pb_toggle_title\" style = \"color: #fff;\">Agendamento<\/h5>\r\n<div class=\"et_pb_toggle_content clearfix\">\r\n<p>Para agendamento de consultas e exames, ligue para:<br \/> \r\n(11) 3003-6000 <\/p>\r\n<\/div> <!-- .et_pb_toggle_content -->\r\n<\/div> <!-- .et_pb_toggle --><div class=\"et_pb_toggle et_pb_module et_pb_accordion_item et_pb_accordion_item_3  et_pb_toggle_close\">\r\n\t\t\t\t\r\n\t\t\t\t\r\n<h5 class=\"et_pb_toggle_title\" style = \"color: #fff;\">Outros<\/h5>\r\n<div class=\"et_pb_toggle_content clearfix\">\r\n<p>Para outros servi\u00e7os entre em contato: <br \/>\r\n(11) 3003-6000 <\/p>\r\n<\/div> <!-- .et_pb_toggle_content -->\r\n<\/div> <!-- .et_pb_toggle -->\r\n<\/div> <!-- .et_pb_accordion -->\r\n<\/div><\/div><\/div><div id=\"wpforms-30191-field_23-container\" class=\"wpforms-field wpforms-field-html acordform wpforms-conditional-field wpforms-conditional-show\" data-field-id=\"23\" style=\"display:none;\"><div id=\"wpforms-30191-field_23\"><div class=\"et_pb_column et_pb_column_4_4 et_pb_column_2 et_pb_css_mix_blend_mode_passthrough et-last-child\">\r\n\t\t\t\t\t\t\t\r\n<div class=\"et_pb_module et_pb_accordion et_pb_accordion_0\">\r\n\t\t\t\t\t\t\t\r\n<div class=\"et_pb_toggle et_pb_module et_pb_accordion_item et_pb_accordion_item_0  et_pb_toggle_open\">\r\n\t\t\t\t\t\t\t\r\n<h5 class=\"et_pb_toggle_title\" style = \"color: #fff;\">Cota\u00e7\u00e3o<\/h5>\r\n<div class=\"et_pb_toggle_content clearfix\">\r\n<p>Solicite uma cota\u00e7\u00e3o online e um de nossos consultores entrar\u00e1 em contato.<\/p>\r\n<\/div> <!-- .et_pb_toggle_content -->\r\n<\/div> <!-- .et_pb_toggle --><div class=\"et_pb_toggle et_pb_module et_pb_accordion_item et_pb_accordion_item_1  et_pb_toggle_close\">\r\n\t\t\t\t\r\n<h5 class=\"et_pb_toggle_title\" style = \"color: #fff;\">Carta de Perman\u00eancia<\/h5>\r\n<div class=\"et_pb_toggle_content clearfix\">\r\n<p>Para solicitar sua carta de perman\u00eancia entre em contato atrav\u00e9s do n\u00famero:<br \/>\r\n0800 770 5454 <br \/>\r\n(11) 3863-7900 <\/p>\r\n<\/div> <!-- .et_pb_toggle_content -->\r\n<\/div> <!-- .et_pb_toggle --><div class=\"et_pb_toggle et_pb_module et_pb_accordion_item et_pb_accordion_item_3  et_pb_toggle_close\">\r\n\t\t\t\t\r\n<h5 class=\"et_pb_toggle_title\" style = \"color: #fff;\">Outros<\/h5>\r\n<div class=\"et_pb_toggle_content clearfix\">\r\n<p>Para outras solicita\u00e7\u00f5es entre em contato:<br \/> \r\n0800 770 5454 <br \/>\r\n(11) 3863-7900 <\/p><\/div> <!-- .et_pb_toggle_content -->\r\n<\/div> <!-- .et_pb_toggle --><div class=\"et_pb_toggle et_pb_module et_pb_accordion_item et_pb_accordion_item_4  et_pb_toggle_close\">\r\n\t\t\t\t\r\n<\/div> <!-- .et_pb_toggle -->\r\n<\/div> <!-- .et_pb_accordion -->\r\n<\/div><\/div><\/div><div id=\"wpforms-30191-field_20-container\" class=\"wpforms-field wpforms-field-textarea\" data-field-id=\"20\"><label class=\"wpforms-field-label wpforms-label-hide\" for=\"wpforms-30191-field_20\">mensagem<\/label><textarea id=\"wpforms-30191-field_20\" class=\"wpforms-field-medium\" name=\"wpforms[fields][20]\" placeholder=\"Digite aqui sua mensagem\" ><\/textarea><\/div><\/div><!-- .wpforms-field-container --><div class=\"wpforms-submit-container\" ><input type=\"hidden\" name=\"wpforms[id]\" value=\"30191\"><input type=\"hidden\" name=\"page_title\" value=\"\"><input type=\"hidden\" name=\"page_url\" value=\"https:\/\/compareplanodesaude.com.br\/cemeru-saude\/wp-json\/wp\/v2\/pages\/29563\"><input type=\"hidden\" name=\"url_referer\" value=\"\"><button type=\"submit\" name=\"wpforms[submit]\" id=\"wpforms-submit-30191\" class=\"wpforms-submit\" data-alt-text=\"ENVIANDO\" data-submit-text=\"ENVIAR\" aria-live=\"assertive\" value=\"wpforms-submit\">ENVIAR<\/button><\/div><\/form><\/div>  <!-- .wpforms-container -->\t\t\t\t<\/div>\n\t\t\t\t<\/div>\n\t\t\t\t\t<\/div>\n\t\t<\/div>\n\t\t\t\t\t<\/div>\n\t\t<\/section>\n\t\t\t\t<\/div>\n\t\t","protected":false},"excerpt":{"rendered":"<p>Contato Entre em contato com um de nossos consultores efale suas d\u00favidas em rela\u00e7\u00e3o ao plano S\u00e3o Camilo. Fale com um dos nossos especialistas (11) 91359-3086 Consultoria Especializada (11) 3863-7900 Atendimento 24 horas Ative o JavaScript no seu navegador para preencher este formul\u00e1rio.nome *email *Celular *Tipo de cliente J\u00e1 sou cliente N\u00e3o sou cliente Movimenta\u00e7\u00e3o [&hellip;]<\/p>\n","protected":false},"author":1,"featured_media":0,"parent":0,"menu_order":0,"comment_status":"closed","ping_status":"closed","template":"","meta":{"footnotes":""},"tags":[],"class_list":["post-29563","page","type-page","status-publish","hentry"],"yoast_head":"<!-- This site is optimized with the Yoast SEO plugin v26.3 - https:\/\/yoast.com\/wordpress\/plugins\/seo\/ -->\n<title>HBC Sa\u00fade - Confira o Canal Oficial de Contato<\/title>\n<meta name=\"description\" content=\"Acesse Est\u00e1 P\u00e1gina Para ter Contato ao Plano Individual e Familiar. Confira a P\u00e1gina de Contato HBC Sa\u00fade Para Mais Informa\u00e7\u00f5es.\" \/>\n<meta name=\"robots\" content=\"index, follow, max-snippet:-1, max-image-preview:large, max-video-preview:-1\" \/>\n<link rel=\"canonical\" href=\"https:\/\/compareplanodesaude.com.br\/cemeru-saude\/contato\/\" \/>\n<meta property=\"og:locale\" content=\"pt_BR\" \/>\n<meta property=\"og:type\" content=\"article\" \/>\n<meta property=\"og:title\" content=\"HBC Sa\u00fade - Confira o Canal Oficial de Contato\" \/>\n<meta property=\"og:description\" content=\"Acesse Est\u00e1 P\u00e1gina Para ter Contato ao Plano Individual e Familiar. Confira a P\u00e1gina de Contato HBC Sa\u00fade Para Mais Informa\u00e7\u00f5es.\" \/>\n<meta property=\"og:url\" content=\"https:\/\/compareplanodesaude.com.br\/cemeru-saude\/contato\/\" \/>\n<meta property=\"og:site_name\" content=\"S\u00e3o Camilo - Planos de sa\u00fade com desconto\" \/>\n<meta property=\"article:modified_time\" content=\"2024-04-26T19:52:40+00:00\" \/>\n<meta name=\"twitter:card\" content=\"summary_large_image\" \/>\n<meta name=\"twitter:label1\" content=\"Est. tempo de leitura\" \/>\n\t<meta name=\"twitter:data1\" content=\"1 minuto\" \/>\n<script type=\"application\/ld+json\" class=\"yoast-schema-graph\">{\"@context\":\"https:\/\/schema.org\",\"@graph\":[{\"@type\":\"WebPage\",\"@id\":\"https:\/\/compareplanodesaude.com.br\/cemeru-saude\/contato\/\",\"url\":\"https:\/\/compareplanodesaude.com.br\/cemeru-saude\/contato\/\",\"name\":\"HBC Sa\u00fade - Confira o Canal Oficial de Contato\",\"isPartOf\":{\"@id\":\"https:\/\/compareplanodesaude.com.br\/cemeru-saude\/#website\"},\"datePublished\":\"2019-03-25T21:28:21+00:00\",\"dateModified\":\"2024-04-26T19:52:40+00:00\",\"description\":\"Acesse Est\u00e1 P\u00e1gina Para ter Contato ao Plano Individual e Familiar. Confira a P\u00e1gina de Contato HBC Sa\u00fade Para Mais Informa\u00e7\u00f5es.\",\"inLanguage\":\"pt-BR\",\"potentialAction\":[{\"@type\":\"ReadAction\",\"target\":[\"https:\/\/compareplanodesaude.com.br\/cemeru-saude\/contato\/\"]}]},{\"@type\":\"WebSite\",\"@id\":\"https:\/\/compareplanodesaude.com.br\/cemeru-saude\/#website\",\"url\":\"https:\/\/compareplanodesaude.com.br\/cemeru-saude\/\",\"name\":\"S\u00e3o Camilo - Planos de sa\u00fade com desconto\",\"description\":\"O melhor custo benef\u00edcio do mercado, com toda a excel\u00eancia ao cuidar de voc\u00ea!\",\"potentialAction\":[{\"@type\":\"SearchAction\",\"target\":{\"@type\":\"EntryPoint\",\"urlTemplate\":\"https:\/\/compareplanodesaude.com.br\/cemeru-saude\/?s={search_term_string}\"},\"query-input\":{\"@type\":\"PropertyValueSpecification\",\"valueRequired\":true,\"valueName\":\"search_term_string\"}}],\"inLanguage\":\"pt-BR\"}]}<\/script>\n<!-- \/ Yoast SEO plugin. -->","yoast_head_json":{"title":"HBC Sa\u00fade - Confira o Canal Oficial de Contato","description":"Acesse Est\u00e1 P\u00e1gina Para ter Contato ao Plano Individual e Familiar. Confira a P\u00e1gina de Contato HBC Sa\u00fade Para Mais Informa\u00e7\u00f5es.","robots":{"index":"index","follow":"follow","max-snippet":"max-snippet:-1","max-image-preview":"max-image-preview:large","max-video-preview":"max-video-preview:-1"},"canonical":"https:\/\/compareplanodesaude.com.br\/cemeru-saude\/contato\/","og_locale":"pt_BR","og_type":"article","og_title":"HBC Sa\u00fade - Confira o Canal Oficial de Contato","og_description":"Acesse Est\u00e1 P\u00e1gina Para ter Contato ao Plano Individual e Familiar. Confira a P\u00e1gina de Contato HBC Sa\u00fade Para Mais Informa\u00e7\u00f5es.","og_url":"https:\/\/compareplanodesaude.com.br\/cemeru-saude\/contato\/","og_site_name":"S\u00e3o Camilo - Planos de sa\u00fade com desconto","article_modified_time":"2024-04-26T19:52:40+00:00","twitter_card":"summary_large_image","twitter_misc":{"Est. tempo de leitura":"1 minuto"},"schema":{"@context":"https:\/\/schema.org","@graph":[{"@type":"WebPage","@id":"https:\/\/compareplanodesaude.com.br\/cemeru-saude\/contato\/","url":"https:\/\/compareplanodesaude.com.br\/cemeru-saude\/contato\/","name":"HBC Sa\u00fade - Confira o Canal Oficial de Contato","isPartOf":{"@id":"https:\/\/compareplanodesaude.com.br\/cemeru-saude\/#website"},"datePublished":"2019-03-25T21:28:21+00:00","dateModified":"2024-04-26T19:52:40+00:00","description":"Acesse Est\u00e1 P\u00e1gina Para ter Contato ao Plano Individual e Familiar. Confira a P\u00e1gina de Contato HBC Sa\u00fade Para Mais Informa\u00e7\u00f5es.","inLanguage":"pt-BR","potentialAction":[{"@type":"ReadAction","target":["https:\/\/compareplanodesaude.com.br\/cemeru-saude\/contato\/"]}]},{"@type":"WebSite","@id":"https:\/\/compareplanodesaude.com.br\/cemeru-saude\/#website","url":"https:\/\/compareplanodesaude.com.br\/cemeru-saude\/","name":"S\u00e3o Camilo - Planos de sa\u00fade com desconto","description":"O melhor custo benef\u00edcio do mercado, com toda a excel\u00eancia ao cuidar de voc\u00ea!","potentialAction":[{"@type":"SearchAction","target":{"@type":"EntryPoint","urlTemplate":"https:\/\/compareplanodesaude.com.br\/cemeru-saude\/?s={search_term_string}"},"query-input":{"@type":"PropertyValueSpecification","valueRequired":true,"valueName":"search_term_string"}}],"inLanguage":"pt-BR"}]}},"_links":{"self":[{"href":"https:\/\/compareplanodesaude.com.br\/cemeru-saude\/wp-json\/wp\/v2\/pages\/29563","targetHints":{"allow":["GET"]}}],"collection":[{"href":"https:\/\/compareplanodesaude.com.br\/cemeru-saude\/wp-json\/wp\/v2\/pages"}],"about":[{"href":"https:\/\/compareplanodesaude.com.br\/cemeru-saude\/wp-json\/wp\/v2\/types\/page"}],"author":[{"embeddable":true,"href":"https:\/\/compareplanodesaude.com.br\/cemeru-saude\/wp-json\/wp\/v2\/users\/1"}],"replies":[{"embeddable":true,"href":"https:\/\/compareplanodesaude.com.br\/cemeru-saude\/wp-json\/wp\/v2\/comments?post=29563"}],"version-history":[{"count":7,"href":"https:\/\/compareplanodesaude.com.br\/cemeru-saude\/wp-json\/wp\/v2\/pages\/29563\/revisions"}],"predecessor-version":[{"id":72359,"href":"https:\/\/compareplanodesaude.com.br\/cemeru-saude\/wp-json\/wp\/v2\/pages\/29563\/revisions\/72359"}],"wp:attachment":[{"href":"https:\/\/compareplanodesaude.com.br\/cemeru-saude\/wp-json\/wp\/v2\/media?parent=29563"}],"wp:term":[{"taxonomy":"post_tag","embeddable":true,"href":"https:\/\/compareplanodesaude.com.br\/cemeru-saude\/wp-json\/wp\/v2\/tags?post=29563"}],"curies":[{"name":"wp","href":"https:\/\/api.w.org\/{rel}","templated":true}]}}