{"id":61312,"date":"2019-07-16T16:38:17","date_gmt":"2019-07-16T16:38:17","guid":{"rendered":"https:\/\/bradescosaude.planodesaudeempresarial24h.com.br\/?page_id=61312"},"modified":"2023-03-06T12:44:25","modified_gmt":"2023-03-06T12:44:25","slug":"torne-se-cliente","status":"publish","type":"page","link":"https:\/\/compareplanodesaude.com.br\/bradesco-saude\/torne-se-cliente\/","title":{"rendered":"Torne-se Cliente"},"content":{"rendered":"\t\t<div data-elementor-type=\"wp-page\" data-elementor-id=\"61312\" class=\"elementor elementor-61312\" data-elementor-post-type=\"page\">\n\t\t\t\t\t\t<section class=\"elementor-section elementor-top-section elementor-element elementor-element-db8d5c9 elementor-section-boxed elementor-section-height-default elementor-section-height-default\" data-id=\"db8d5c9\" data-element_type=\"section\" data-settings=\"{&quot;background_background&quot;:&quot;classic&quot;}\">\n\t\t\t\t\t\t\t<div class=\"elementor-background-overlay\"><\/div>\n\t\t\t\t\t\t\t<div class=\"elementor-container elementor-column-gap-default\">\n\t\t\t\t\t<div class=\"elementor-column elementor-col-50 elementor-top-column elementor-element elementor-element-ad58faa\" data-id=\"ad58faa\" data-element_type=\"column\">\n\t\t\t<div class=\"elementor-widget-wrap elementor-element-populated\">\n\t\t\t\t\t\t<div class=\"elementor-element elementor-element-0128a7f elementor-widget elementor-widget-heading\" data-id=\"0128a7f\" data-element_type=\"widget\" data-widget_type=\"heading.default\">\n\t\t\t\t<div class=\"elementor-widget-container\">\n\t\t\t\t\t<h1 class=\"elementor-heading-title elementor-size-default\">Torne-se cliente!<\/h1>\t\t\t\t<\/div>\n\t\t\t\t<\/div>\n\t\t\t\t<div class=\"elementor-element elementor-element-f5bb6dd elementor-widget-divider--view-line elementor-widget elementor-widget-divider\" data-id=\"f5bb6dd\" data-element_type=\"widget\" data-widget_type=\"divider.default\">\n\t\t\t\t<div class=\"elementor-widget-container\">\n\t\t\t\t\t\t\t<div class=\"elementor-divider\">\n\t\t\t<span class=\"elementor-divider-separator\">\n\t\t\t\t\t\t<\/span>\n\t\t<\/div>\n\t\t\t\t\t\t<\/div>\n\t\t\t\t<\/div>\n\t\t\t\t<div class=\"elementor-element elementor-element-7003d30 elementor-widget elementor-widget-text-editor\" data-id=\"7003d30\" data-element_type=\"widget\" data-widget_type=\"text-editor.default\">\n\t\t\t\t<div class=\"elementor-widget-container\">\n\t\t\t\t\t\t\t\t\t<p>Preencha o formul\u00e1rio e torne-se um benefici\u00e1rio do Plano<br \/>de Sa\u00fade Bradesco Sa\u00fade.<\/p>\t\t\t\t\t\t\t\t<\/div>\n\t\t\t\t<\/div>\n\t\t\t\t\t<\/div>\n\t\t<\/div>\n\t\t\t\t<div class=\"elementor-column elementor-col-50 elementor-top-column elementor-element elementor-element-58bb8a5\" data-id=\"58bb8a5\" data-element_type=\"column\">\n\t\t\t<div class=\"elementor-widget-wrap elementor-element-populated\">\n\t\t\t\t\t\t<div class=\"elementor-element elementor-element-321792c desconto-form elementor-widget elementor-widget-wpforms\" data-id=\"321792c\" data-element_type=\"widget\" data-widget_type=\"wpforms.default\">\n\t\t\t\t<div class=\"elementor-widget-container\">\n\t\t\t\t\t<div class=\"wpforms-container wpforms-container-full wpforms-form-abandonment desconto-form\" id=\"wpforms-61311\"><form id=\"wpforms-form-61311\" class=\"wpforms-validate wpforms-form\" data-formid=\"61311\" method=\"post\" enctype=\"multipart\/form-data\" action=\"\/bradesco-saude\/wp-json\/wp\/v2\/pages\/61312\" data-token=\"1dd7962ff144f50af1620c9dad6eeab4\" data-token-time=\"1777744604\"><div class=\"wpforms-head-container\"><div class=\"wpforms-title\">Torne-se Cliente<\/div><\/div><noscript class=\"wpforms-error-noscript\">Ative o JavaScript no seu navegador para preencher este formul\u00e1rio.<\/noscript><div class=\"wpforms-field-container\"><div id=\"wpforms-61311-field_1-container\" class=\"wpforms-field wpforms-field-name label-full\" data-field-id=\"1\"><label class=\"wpforms-field-label wpforms-label-hide\" for=\"wpforms-61311-field_1\">Nome <span class=\"wpforms-required-label\">*<\/span><\/label><input type=\"text\" id=\"wpforms-61311-field_1\" class=\"wpforms-field-large wpforms-field-required\" name=\"wpforms[fields][1]\" placeholder=\"Nome\" required><\/div><div id=\"wpforms-61311-field_2-container\" class=\"wpforms-field wpforms-field-email label-full\" data-field-id=\"2\"><label class=\"wpforms-field-label wpforms-label-hide\" for=\"wpforms-61311-field_2\">Email <span class=\"wpforms-required-label\">*<\/span><\/label><input type=\"email\" id=\"wpforms-61311-field_2\" class=\"wpforms-field-large wpforms-field-required\" name=\"wpforms[fields][2]\" placeholder=\"E-mail\" spellcheck=\"false\" required><\/div><div id=\"wpforms-61311-field_21-container\" class=\"wpforms-field wpforms-field-text label-full\" data-field-id=\"21\"><label class=\"wpforms-field-label wpforms-label-hide\" for=\"wpforms-61311-field_21\">Telefone <span class=\"wpforms-required-label\">*<\/span><\/label><input type=\"text\" id=\"wpforms-61311-field_21\" class=\"wpforms-field-large wpforms-field-required wpforms-masked-input\" data-rule-inputmask-incomplete=\"1\" data-inputmask-mask=\"((99) 9999-9999[9][9][9]|+99 999999-999[9][9][9])\" name=\"wpforms[fields][21]\" placeholder=\"Telefone\" required><\/div><div id=\"wpforms-61311-field_3-container\" class=\"wpforms-field wpforms-field-text label-full\" data-field-id=\"3\"><label class=\"wpforms-field-label wpforms-label-hide\" for=\"wpforms-61311-field_3\">Celular <span class=\"wpforms-required-label\">*<\/span><\/label><input type=\"text\" id=\"wpforms-61311-field_3\" class=\"wpforms-field-large wpforms-field-required wpforms-masked-input\" data-rule-inputmask-incomplete=\"1\" data-inputmask-mask=\"((99) 9999-9999[9][9][9]|+99 999999-999[9][9][9])\" name=\"wpforms[fields][3]\" placeholder=\"Celular\" required><\/div><div id=\"wpforms-61311-field_22-container\" class=\"wpforms-field wpforms-field-html textformpadleft\" data-field-id=\"22\"><div id=\"wpforms-61311-field_22\">Escolha o tipo do plano<\/div><\/div><div id=\"wpforms-61311-field_4-container\" class=\"wpforms-field wpforms-field-radio formsemcor wpforms-list-inline wpforms-conditional-trigger\" data-field-id=\"4\"><label class=\"wpforms-field-label wpforms-label-hide\">Escolha o tipo do plano<\/label><ul id=\"wpforms-61311-field_4\" class=\"wpforms-image-choices wpforms-image-choices-modern\"><li class=\"choice-4 depth-1 wpforms-image-choices-item\"><label class=\"wpforms-field-label-inline\" for=\"wpforms-61311-field_4_4\" tabindex=\"0\"><span class=\"wpforms-image-choices-image\"><\/span><input type=\"radio\" id=\"wpforms-61311-field_4_4\" class=\"wpforms-screen-reader-element\" name=\"wpforms[fields][4]\" value=\"Empresarial\" tabindex=\"-1\"  ><span class=\"wpforms-image-choices-label\">Empresarial<\/span><\/label><\/li><li class=\"choice-2 depth-1 wpforms-image-choices-item\"><label class=\"wpforms-field-label-inline\" for=\"wpforms-61311-field_4_2\" tabindex=\"0\"><span class=\"wpforms-image-choices-image\"><\/span><input type=\"radio\" id=\"wpforms-61311-field_4_2\" class=\"wpforms-screen-reader-element\" name=\"wpforms[fields][4]\" value=\"Individual e Familiar\" tabindex=\"-1\"  ><span class=\"wpforms-image-choices-label\">Individual e Familiar<\/span><\/label><\/li><\/ul><\/div><div id=\"wpforms-61311-field_5-container\" class=\"wpforms-field wpforms-field-radio desconto-form-lifes wpforms-list-inline wpforms-conditional-field wpforms-conditional-show wpforms-conditional-trigger\" data-field-id=\"5\" style=\"display:none;\"><label class=\"wpforms-field-label\">N\u00famero de vidas<\/label><ul id=\"wpforms-61311-field_5\"><li class=\"choice-1 depth-1\"><input type=\"radio\" id=\"wpforms-61311-field_5_1\" name=\"wpforms[fields][5]\" value=\"1 a 10\"  ><label class=\"wpforms-field-label-inline\" for=\"wpforms-61311-field_5_1\">1 a 10<\/label><\/li><li class=\"choice-2 depth-1\"><input type=\"radio\" id=\"wpforms-61311-field_5_2\" name=\"wpforms[fields][5]\" value=\"11 a 29\"  ><label class=\"wpforms-field-label-inline\" for=\"wpforms-61311-field_5_2\">11 a 29<\/label><\/li><li class=\"choice-5 depth-1\"><input type=\"radio\" id=\"wpforms-61311-field_5_5\" name=\"wpforms[fields][5]\" value=\"30 a 99\"  ><label class=\"wpforms-field-label-inline\" for=\"wpforms-61311-field_5_5\">30 a 99<\/label><\/li><li class=\"choice-6 depth-1\"><input type=\"radio\" id=\"wpforms-61311-field_5_6\" name=\"wpforms[fields][5]\" value=\"100 +\"  ><label class=\"wpforms-field-label-inline\" for=\"wpforms-61311-field_5_6\">100 +<\/label><\/li><\/ul><\/div><div id=\"wpforms-61311-field_6-container\" class=\"wpforms-field wpforms-field-text wpforms-conditional-field wpforms-conditional-show\" data-field-id=\"6\" style=\"display:none;\"><label class=\"wpforms-field-label wpforms-label-hide\" for=\"wpforms-61311-field_6\">Idade das vidas<\/label><input type=\"text\" id=\"wpforms-61311-field_6\" class=\"wpforms-field-large\" name=\"wpforms[fields][6]\" placeholder=\"Idade das vidas\" ><\/div><div id=\"wpforms-61311-field_12-container\" class=\"wpforms-field wpforms-field-radio wpforms-list-2-columns wpforms-conditional-field wpforms-conditional-show wpforms-conditional-trigger\" data-field-id=\"12\" style=\"display:none;\"><label class=\"wpforms-field-label\">Prefer\u00eancia de atendimento em algum hospital ou regi\u00e3o espec\u00edfica?<\/label><ul id=\"wpforms-61311-field_12\"><li class=\"choice-1 depth-1\"><input type=\"radio\" id=\"wpforms-61311-field_12_1\" name=\"wpforms[fields][12]\" value=\"Sim\"  ><label class=\"wpforms-field-label-inline\" for=\"wpforms-61311-field_12_1\">Sim<\/label><\/li><li class=\"choice-2 depth-1\"><input type=\"radio\" id=\"wpforms-61311-field_12_2\" name=\"wpforms[fields][12]\" value=\"N\u00e3o\"  ><label class=\"wpforms-field-label-inline\" for=\"wpforms-61311-field_12_2\">N\u00e3o<\/label><\/li><\/ul><\/div><div id=\"wpforms-61311-field_18-container\" class=\"wpforms-field wpforms-field-text wpforms-conditional-field wpforms-conditional-show\" data-field-id=\"18\" style=\"display:none;\"><label class=\"wpforms-field-label wpforms-label-hide\" for=\"wpforms-61311-field_18\">Especifique o hospital \/ regi\u00e3o<\/label><input type=\"text\" id=\"wpforms-61311-field_18\" class=\"wpforms-field-large\" name=\"wpforms[fields][18]\" placeholder=\"Especifique o hospital \/ regi\u00e3o\" ><\/div><div id=\"wpforms-61311-field_14-container\" class=\"wpforms-field wpforms-field-radio wpforms-list-2-columns wpforms-conditional-field wpforms-conditional-show wpforms-conditional-trigger\" data-field-id=\"14\" style=\"display:none;\"><label class=\"wpforms-field-label\">Possui plano de sa\u00fade atualmente?<\/label><ul id=\"wpforms-61311-field_14\"><li class=\"choice-1 depth-1\"><input type=\"radio\" id=\"wpforms-61311-field_14_1\" name=\"wpforms[fields][14]\" value=\"Sim\"  ><label class=\"wpforms-field-label-inline\" for=\"wpforms-61311-field_14_1\">Sim<\/label><\/li><li class=\"choice-2 depth-1\"><input type=\"radio\" id=\"wpforms-61311-field_14_2\" name=\"wpforms[fields][14]\" value=\"N\u00e3o\"  ><label class=\"wpforms-field-label-inline\" for=\"wpforms-61311-field_14_2\">N\u00e3o<\/label><\/li><\/ul><\/div><div id=\"wpforms-61311-field_19-container\" class=\"wpforms-field wpforms-field-text wpforms-conditional-field wpforms-conditional-show\" data-field-id=\"19\" style=\"display:none;\"><label class=\"wpforms-field-label wpforms-label-hide\" for=\"wpforms-61311-field_19\">Especifique o plano de sa\u00fade<\/label><input type=\"text\" id=\"wpforms-61311-field_19\" class=\"wpforms-field-large\" name=\"wpforms[fields][19]\" placeholder=\"Especifique o plano de sa\u00fade\" ><\/div><\/div><!-- .wpforms-field-container --><div class=\"wpforms-field wpforms-field-hp\"><label for=\"wpforms-61311-field-hp\" class=\"wpforms-field-label\">Email<\/label><input type=\"text\" name=\"wpforms[hp]\" id=\"wpforms-61311-field-hp\" class=\"wpforms-field-medium\"><\/div><div class=\"wpforms-submit-container\" ><input type=\"hidden\" name=\"wpforms[id]\" value=\"61311\"><input type=\"hidden\" name=\"page_title\" value=\"\"><input type=\"hidden\" name=\"page_url\" value=\"https:\/\/compareplanodesaude.com.br\/bradesco-saude\/wp-json\/wp\/v2\/pages\/61312\"><input type=\"hidden\" name=\"url_referer\" value=\"\"><button type=\"submit\" name=\"wpforms[submit]\" id=\"wpforms-submit-61311\" class=\"wpforms-submit btn btn-secondary\" data-alt-text=\"Enviando...\" data-submit-text=\"Enviar\" aria-live=\"assertive\" value=\"wpforms-submit\">Enviar<\/button><\/div><\/form><\/div>  <!-- .wpforms-container -->\t\t\t\t<\/div>\n\t\t\t\t<\/div>\n\t\t\t\t\t<\/div>\n\t\t<\/div>\n\t\t\t\t\t<\/div>\n\t\t<\/section>\n\t\t\t\t<\/div>\n\t\t","protected":false},"excerpt":{"rendered":"<p>Torne-se cliente! Preencha o formul\u00e1rio e torne-se um benefici\u00e1rio do Plano de Sa\u00fade Bradesco Sa\u00fade.<\/p>\n","protected":false},"author":2,"featured_media":0,"parent":0,"menu_order":0,"comment_status":"closed","ping_status":"closed","template":"","meta":{"footnotes":""},"tags":[],"class_list":["post-61312","page","type-page","status-publish","hentry"],"yoast_head":"<!-- This site is optimized with the Yoast SEO plugin v26.3 - https:\/\/yoast.com\/wordpress\/plugins\/seo\/ -->\n<title>Torne-se Cliente Bradesco Sa\u00fade<\/title>\n<meta name=\"description\" content=\"Receba At\u00e9 30% de Desconto Fazendo uma Cota\u00e7\u00e3o Online. Confira Todos os Planos, Pre\u00e7os e Benef\u00edcios e se torne cliente!\" \/>\n<meta name=\"robots\" content=\"index, follow, max-snippet:-1, max-image-preview:large, max-video-preview:-1\" \/>\n<link rel=\"canonical\" href=\"https:\/\/compareplanodesaude.com.br\/bradesco-saude\/torne-se-cliente\/\" \/>\n<meta property=\"og:locale\" content=\"pt_BR\" \/>\n<meta property=\"og:type\" content=\"article\" \/>\n<meta property=\"og:title\" content=\"Torne-se Cliente Bradesco Sa\u00fade\" \/>\n<meta property=\"og:description\" content=\"Receba At\u00e9 30% de Desconto Fazendo uma Cota\u00e7\u00e3o Online. Confira Todos os Planos, Pre\u00e7os e Benef\u00edcios e se torne cliente!\" \/>\n<meta property=\"og:url\" content=\"https:\/\/compareplanodesaude.com.br\/bradesco-saude\/torne-se-cliente\/\" \/>\n<meta property=\"og:site_name\" content=\"Bradesco Sa\u00fade | Planos de Sa\u00fade com at\u00e9 15% de Desconto\" \/>\n<meta property=\"article:modified_time\" content=\"2023-03-06T12:44:25+00:00\" \/>\n<meta name=\"twitter:card\" content=\"summary_large_image\" \/>\n<meta name=\"twitter:label1\" content=\"Est. tempo de leitura\" \/>\n\t<meta name=\"twitter:data1\" content=\"1 minuto\" \/>\n<script type=\"application\/ld+json\" class=\"yoast-schema-graph\">{\"@context\":\"https:\/\/schema.org\",\"@graph\":[{\"@type\":\"WebPage\",\"@id\":\"https:\/\/compareplanodesaude.com.br\/bradesco-saude\/torne-se-cliente\/\",\"url\":\"https:\/\/compareplanodesaude.com.br\/bradesco-saude\/torne-se-cliente\/\",\"name\":\"Torne-se Cliente Bradesco Sa\u00fade\",\"isPartOf\":{\"@id\":\"https:\/\/compareplanodesaude.com.br\/bradesco-saude\/#website\"},\"datePublished\":\"2019-07-16T16:38:17+00:00\",\"dateModified\":\"2023-03-06T12:44:25+00:00\",\"description\":\"Receba At\u00e9 30% de Desconto Fazendo uma Cota\u00e7\u00e3o Online. Confira Todos os Planos, Pre\u00e7os e Benef\u00edcios e se torne cliente!\",\"inLanguage\":\"pt-BR\",\"potentialAction\":[{\"@type\":\"ReadAction\",\"target\":[\"https:\/\/compareplanodesaude.com.br\/bradesco-saude\/torne-se-cliente\/\"]}]},{\"@type\":\"WebSite\",\"@id\":\"https:\/\/compareplanodesaude.com.br\/bradesco-saude\/#website\",\"url\":\"https:\/\/compareplanodesaude.com.br\/bradesco-saude\/\",\"name\":\"Bradesco Sa\u00fade | Planos de Sa\u00fade com at\u00e9 15% de Desconto\",\"description\":\"Bradesco\",\"potentialAction\":[{\"@type\":\"SearchAction\",\"target\":{\"@type\":\"EntryPoint\",\"urlTemplate\":\"https:\/\/compareplanodesaude.com.br\/bradesco-saude\/?s={search_term_string}\"},\"query-input\":{\"@type\":\"PropertyValueSpecification\",\"valueRequired\":true,\"valueName\":\"search_term_string\"}}],\"inLanguage\":\"pt-BR\"}]}<\/script>\n<!-- \/ Yoast SEO plugin. -->","yoast_head_json":{"title":"Torne-se Cliente Bradesco Sa\u00fade","description":"Receba At\u00e9 30% de Desconto Fazendo uma Cota\u00e7\u00e3o Online. Confira Todos os Planos, Pre\u00e7os e Benef\u00edcios e se torne cliente!","robots":{"index":"index","follow":"follow","max-snippet":"max-snippet:-1","max-image-preview":"max-image-preview:large","max-video-preview":"max-video-preview:-1"},"canonical":"https:\/\/compareplanodesaude.com.br\/bradesco-saude\/torne-se-cliente\/","og_locale":"pt_BR","og_type":"article","og_title":"Torne-se Cliente Bradesco Sa\u00fade","og_description":"Receba At\u00e9 30% de Desconto Fazendo uma Cota\u00e7\u00e3o Online. Confira Todos os Planos, Pre\u00e7os e Benef\u00edcios e se torne cliente!","og_url":"https:\/\/compareplanodesaude.com.br\/bradesco-saude\/torne-se-cliente\/","og_site_name":"Bradesco Sa\u00fade | Planos de Sa\u00fade com at\u00e9 15% de Desconto","article_modified_time":"2023-03-06T12:44:25+00:00","twitter_card":"summary_large_image","twitter_misc":{"Est. tempo de leitura":"1 minuto"},"schema":{"@context":"https:\/\/schema.org","@graph":[{"@type":"WebPage","@id":"https:\/\/compareplanodesaude.com.br\/bradesco-saude\/torne-se-cliente\/","url":"https:\/\/compareplanodesaude.com.br\/bradesco-saude\/torne-se-cliente\/","name":"Torne-se Cliente Bradesco Sa\u00fade","isPartOf":{"@id":"https:\/\/compareplanodesaude.com.br\/bradesco-saude\/#website"},"datePublished":"2019-07-16T16:38:17+00:00","dateModified":"2023-03-06T12:44:25+00:00","description":"Receba At\u00e9 30% de Desconto Fazendo uma Cota\u00e7\u00e3o Online. Confira Todos os Planos, Pre\u00e7os e Benef\u00edcios e se torne cliente!","inLanguage":"pt-BR","potentialAction":[{"@type":"ReadAction","target":["https:\/\/compareplanodesaude.com.br\/bradesco-saude\/torne-se-cliente\/"]}]},{"@type":"WebSite","@id":"https:\/\/compareplanodesaude.com.br\/bradesco-saude\/#website","url":"https:\/\/compareplanodesaude.com.br\/bradesco-saude\/","name":"Bradesco Sa\u00fade | Planos de Sa\u00fade com at\u00e9 15% de Desconto","description":"Bradesco","potentialAction":[{"@type":"SearchAction","target":{"@type":"EntryPoint","urlTemplate":"https:\/\/compareplanodesaude.com.br\/bradesco-saude\/?s={search_term_string}"},"query-input":{"@type":"PropertyValueSpecification","valueRequired":true,"valueName":"search_term_string"}}],"inLanguage":"pt-BR"}]}},"_links":{"self":[{"href":"https:\/\/compareplanodesaude.com.br\/bradesco-saude\/wp-json\/wp\/v2\/pages\/61312","targetHints":{"allow":["GET"]}}],"collection":[{"href":"https:\/\/compareplanodesaude.com.br\/bradesco-saude\/wp-json\/wp\/v2\/pages"}],"about":[{"href":"https:\/\/compareplanodesaude.com.br\/bradesco-saude\/wp-json\/wp\/v2\/types\/page"}],"author":[{"embeddable":true,"href":"https:\/\/compareplanodesaude.com.br\/bradesco-saude\/wp-json\/wp\/v2\/users\/2"}],"replies":[{"embeddable":true,"href":"https:\/\/compareplanodesaude.com.br\/bradesco-saude\/wp-json\/wp\/v2\/comments?post=61312"}],"version-history":[{"count":1,"href":"https:\/\/compareplanodesaude.com.br\/bradesco-saude\/wp-json\/wp\/v2\/pages\/61312\/revisions"}],"predecessor-version":[{"id":240095,"href":"https:\/\/compareplanodesaude.com.br\/bradesco-saude\/wp-json\/wp\/v2\/pages\/61312\/revisions\/240095"}],"wp:attachment":[{"href":"https:\/\/compareplanodesaude.com.br\/bradesco-saude\/wp-json\/wp\/v2\/media?parent=61312"}],"wp:term":[{"taxonomy":"post_tag","embeddable":true,"href":"https:\/\/compareplanodesaude.com.br\/bradesco-saude\/wp-json\/wp\/v2\/tags?post=61312"}],"curies":[{"name":"wp","href":"https:\/\/api.w.org\/{rel}","templated":true}]}}