{"id":272403,"date":"2024-05-15T15:05:09","date_gmt":"2024-05-15T15:05:09","guid":{"rendered":"https:\/\/compareplanodesaude.com.br\/bradesco-saude\/?page_id=272403"},"modified":"2024-05-15T15:07:02","modified_gmt":"2024-05-15T15:07:02","slug":"corretor-parceiro","status":"publish","type":"page","link":"https:\/\/compareplanodesaude.com.br\/bradesco-saude\/corretor-parceiro\/","title":{"rendered":"Corretor Parceiro"},"content":{"rendered":"\t\t<div data-elementor-type=\"wp-page\" data-elementor-id=\"272403\" class=\"elementor elementor-272403\" data-elementor-post-type=\"page\">\n\t\t\t\t<div class=\"elementor-element elementor-element-55333503 e-flex e-con-boxed e-con e-parent\" data-id=\"55333503\" data-element_type=\"container\" data-settings=\"{&quot;background_background&quot;:&quot;classic&quot;}\">\n\t\t\t\t\t<div class=\"e-con-inner\">\n\t\t\t\t<div class=\"elementor-element elementor-element-5dd00f85 elementor-widget elementor-widget-heading\" data-id=\"5dd00f85\" data-element_type=\"widget\" data-widget_type=\"heading.default\">\n\t\t\t\t<div class=\"elementor-widget-container\">\n\t\t\t\t\t<h1 class=\"elementor-heading-title elementor-size-default\">Seja um corretor parceiro da maior corretora digital do Brasil!<\/h1>\t\t\t\t<\/div>\n\t\t\t\t<\/div>\n\t\t\t\t<div class=\"elementor-element elementor-element-4aefa337 elementor-widget elementor-widget-heading\" data-id=\"4aefa337\" data-element_type=\"widget\" data-widget_type=\"heading.default\">\n\t\t\t\t<div class=\"elementor-widget-container\">\n\t\t\t\t\t<p class=\"elementor-heading-title elementor-size-default\">Temos as maiores comiss\u00f5es do mercado!<\/p>\t\t\t\t<\/div>\n\t\t\t\t<\/div>\n\t\t\t\t<div class=\"elementor-element elementor-element-30c7831e formCorretor elementor-widget elementor-widget-wpforms\" data-id=\"30c7831e\" data-element_type=\"widget\" data-widget_type=\"wpforms.default\">\n\t\t\t\t<div class=\"elementor-widget-container\">\n\t\t\t\t\t<div class=\"wpforms-container wpforms-container-full\" id=\"wpforms-272397\"><form id=\"wpforms-form-272397\" class=\"wpforms-validate wpforms-form wpforms-ajax-form\" data-formid=\"272397\" method=\"post\" enctype=\"multipart\/form-data\" action=\"\/bradesco-saude\/wp-json\/wp\/v2\/pages\/272403\" data-token=\"bd5b293c06c7c6d91eaf2af7628e8dec\" data-token-time=\"1778303644\"><noscript class=\"wpforms-error-noscript\">Ative o JavaScript no seu navegador para preencher este formul\u00e1rio.<\/noscript><div class=\"wpforms-field-container\"><div id=\"wpforms-272397-field_1-container\" class=\"wpforms-field wpforms-field-text\" data-field-id=\"1\"><label class=\"wpforms-field-label wpforms-label-hide\" for=\"wpforms-272397-field_1\">Nome <span class=\"wpforms-required-label\">*<\/span><\/label><input type=\"text\" id=\"wpforms-272397-field_1\" class=\"wpforms-field-large wpforms-field-required wpforms-masked-input\" data-rule-inputmask-incomplete=\"1\" data-inputmask-mask=\"a{1,99}[( |a)]{1,99}[( |a)]{1,99}[( |a)]{1,99}[( |a)]{1,99}[( |a)]{1,99}[( |a)]\" name=\"wpforms[fields][1]\" placeholder=\"Insira seu nome\" required><\/div><div id=\"wpforms-272397-field_2-container\" class=\"wpforms-field wpforms-field-email\" data-field-id=\"2\"><label class=\"wpforms-field-label wpforms-label-hide\" for=\"wpforms-272397-field_2\">E-mail <span class=\"wpforms-required-label\">*<\/span><\/label><input type=\"email\" id=\"wpforms-272397-field_2\" class=\"wpforms-field-large wpforms-field-required\" name=\"wpforms[fields][2]\" placeholder=\"Insira seu e-mail\" spellcheck=\"false\" required><\/div><div id=\"wpforms-272397-field_3-container\" class=\"wpforms-field wpforms-field-text\" data-field-id=\"3\"><label class=\"wpforms-field-label wpforms-label-hide\" for=\"wpforms-272397-field_3\">WhatsApp <span class=\"wpforms-required-label\">*<\/span><\/label><input type=\"text\" id=\"wpforms-272397-field_3\" class=\"wpforms-field-large wpforms-field-required wpforms-masked-input\" data-rule-inputmask-incomplete=\"1\" data-inputmask-mask=\"((99) 9999-9999[9][9][9]|+99 999999-999[9][9][9])\" name=\"wpforms[fields][3]\" placeholder=\"Celular com (DDD)\" required><\/div><div id=\"wpforms-272397-field_4-container\" class=\"wpforms-field wpforms-field-text\" data-field-id=\"4\"><label class=\"wpforms-field-label wpforms-label-hide\" for=\"wpforms-272397-field_4\">CNPJ<\/label><input type=\"text\" id=\"wpforms-272397-field_4\" class=\"wpforms-field-large wpforms-masked-input\" data-rule-inputmask-incomplete=\"1\" data-inputmask-mask=\"99.999.999\/9999-99\" name=\"wpforms[fields][4]\" placeholder=\"Insira seu CNPJ\" ><\/div><div id=\"wpforms-272397-field_5-container\" class=\"wpforms-field wpforms-field-text\" data-field-id=\"5\"><label class=\"wpforms-field-label wpforms-label-hide\" for=\"wpforms-272397-field_5\">Raz\u00e3o Social<\/label><input type=\"text\" id=\"wpforms-272397-field_5\" class=\"wpforms-field-large wpforms-masked-input\" data-rule-inputmask-incomplete=\"1\" data-inputmask-mask=\"a{1,99}[( |a)]{1,99}[( |a)]{1,99}[( |a)]{1,99}[( |a)]{1,99}[( |a)]{1,99}[( |a)]\" name=\"wpforms[fields][5]\" placeholder=\"Insira sua raz\u00e3o social\" ><\/div><div id=\"wpforms-272397-field_6-container\" class=\"wpforms-field wpforms-field-checkbox\" data-field-id=\"6\"><label class=\"wpforms-field-label\">Quais s\u00e3o os produtos que voc\u00ea mais foca? <span class=\"wpforms-required-label\">*<\/span><\/label><ul id=\"wpforms-272397-field_6\" class=\"wpforms-field-required\"><li class=\"choice-1 depth-1\"><input type=\"checkbox\" id=\"wpforms-272397-field_6_1\" name=\"wpforms[fields][6][]\" value=\"PME\" required ><label class=\"wpforms-field-label-inline\" for=\"wpforms-272397-field_6_1\">PME<\/label><\/li><li class=\"choice-2 depth-1\"><input type=\"checkbox\" id=\"wpforms-272397-field_6_2\" name=\"wpforms[fields][6][]\" value=\"Ades\u00e3o\" required ><label class=\"wpforms-field-label-inline\" for=\"wpforms-272397-field_6_2\">Ades\u00e3o<\/label><\/li><li class=\"choice-3 depth-1\"><input type=\"checkbox\" id=\"wpforms-272397-field_6_3\" name=\"wpforms[fields][6][]\" value=\"Pessoa F\u00edsica\" required ><label class=\"wpforms-field-label-inline\" for=\"wpforms-272397-field_6_3\">Pessoa F\u00edsica<\/label><\/li><li class=\"choice-4 depth-1\"><input type=\"checkbox\" id=\"wpforms-272397-field_6_4\" name=\"wpforms[fields][6][]\" value=\"Odonto\" required ><label class=\"wpforms-field-label-inline\" for=\"wpforms-272397-field_6_4\">Odonto<\/label><\/li><\/ul><\/div><div id=\"wpforms-272397-field_7-container\" class=\"wpforms-field wpforms-field-textarea\" data-field-id=\"7\"><label class=\"wpforms-field-label\" for=\"wpforms-272397-field_7\">Quais s\u00e3o os principais produtos que voc\u00ea vende? <span class=\"wpforms-required-label\">*<\/span><\/label><textarea id=\"wpforms-272397-field_7\" class=\"wpforms-field-medium wpforms-field-required\" name=\"wpforms[fields][7]\" placeholder=\"Insira os principais produtos que voc\u00ea vende\" required><\/textarea><\/div><div id=\"wpforms-272397-field_8-container\" class=\"wpforms-field wpforms-field-textarea\" data-field-id=\"8\"><label class=\"wpforms-field-label\" for=\"wpforms-272397-field_8\">Qual foi sua m\u00e9dia de venda nos \u00faltimos 6 meses? (Assim conseguimos ver uma proposta agressiva para esses produtos!) <span class=\"wpforms-required-label\">*<\/span><\/label><textarea id=\"wpforms-272397-field_8\" class=\"wpforms-field-medium wpforms-field-required\" name=\"wpforms[fields][8]\" placeholder=\"Informe sua m\u00e9dia nos \u00faltimos 6 meses \" required><\/textarea><\/div><div id=\"wpforms-272397-field_9-container\" class=\"wpforms-field wpforms-field-textarea\" data-field-id=\"9\"><label class=\"wpforms-field-label\" for=\"wpforms-272397-field_9\">Observa\u00e7\u00f5es (Opcional)<\/label><textarea id=\"wpforms-272397-field_9\" class=\"wpforms-field-medium\" name=\"wpforms[fields][9]\" placeholder=\"Escreva todas observa\u00e7\u00f5es que achar\u00a0necess\u00e1ria\" ><\/textarea><\/div><\/div><!-- .wpforms-field-container --><div class=\"wpforms-submit-container\" ><input type=\"hidden\" name=\"wpforms[id]\" value=\"272397\"><input type=\"hidden\" name=\"page_title\" value=\"\"><input type=\"hidden\" name=\"page_url\" value=\"https:\/\/compareplanodesaude.com.br\/bradesco-saude\/wp-json\/wp\/v2\/pages\/272403\"><input type=\"hidden\" name=\"url_referer\" value=\"\"><button type=\"submit\" name=\"wpforms[submit]\" id=\"wpforms-submit-272397\" class=\"wpforms-submit\" data-alt-text=\"Enviando\u2026\" data-submit-text=\"Enviar\" aria-live=\"assertive\" value=\"wpforms-submit\">Enviar<\/button><img decoding=\"async\" src=\"https:\/\/compareplanodesaude.com.br\/bradesco-saude\/wp-content\/plugins\/wpforms\/assets\/images\/submit-spin.svg\" class=\"wpforms-submit-spinner\" style=\"display: none;\" width=\"26\" height=\"26\" alt=\"Carregando\"><\/div><\/form><\/div>  <!-- .wpforms-container -->\t\t\t\t<\/div>\n\t\t\t\t<\/div>\n\t\t\t\t\t<\/div>\n\t\t\t\t<\/div>\n\t\t\t\t<\/div>\n\t\t","protected":false},"excerpt":{"rendered":"<p>Seja um corretor parceiro da maior corretora digital do Brasil! Temos as maiores comiss\u00f5es do mercado! Ative o JavaScript no seu navegador para preencher este formul\u00e1rio.Nome *E-mail *WhatsApp *CNPJRaz\u00e3o SocialQuais s\u00e3o os produtos que voc\u00ea mais foca? * PME Ades\u00e3o Pessoa F\u00edsica Odonto Quais s\u00e3o os principais produtos que voc\u00ea vende? *Qual foi sua m\u00e9dia [&hellip;]<\/p>\n","protected":false},"author":1,"featured_media":0,"parent":0,"menu_order":0,"comment_status":"closed","ping_status":"closed","template":"","meta":{"footnotes":""},"tags":[],"class_list":["post-272403","page","type-page","status-publish","hentry"],"yoast_head":"<!-- This site is optimized with the Yoast SEO plugin v26.3 - https:\/\/yoast.com\/wordpress\/plugins\/seo\/ -->\n<title>Corretor Parceiro - Bradesco Sa\u00fade | Planos de Sa\u00fade com at\u00e9 15% de Desconto<\/title>\n<meta name=\"robots\" content=\"index, follow, max-snippet:-1, max-image-preview:large, max-video-preview:-1\" \/>\n<link rel=\"canonical\" href=\"https:\/\/compareplanodesaude.com.br\/bradesco-saude\/corretor-parceiro\/\" \/>\n<meta property=\"og:locale\" content=\"pt_BR\" \/>\n<meta property=\"og:type\" content=\"article\" \/>\n<meta property=\"og:title\" content=\"Corretor Parceiro - Bradesco Sa\u00fade | Planos de Sa\u00fade com at\u00e9 15% de Desconto\" \/>\n<meta property=\"og:description\" content=\"Seja um corretor parceiro da maior corretora digital do Brasil! Temos as maiores comiss\u00f5es do mercado! Ative o JavaScript no seu navegador para preencher este formul\u00e1rio.Nome *E-mail *WhatsApp *CNPJRaz\u00e3o SocialQuais s\u00e3o os produtos que voc\u00ea mais foca? * PME Ades\u00e3o Pessoa F\u00edsica Odonto Quais s\u00e3o os principais produtos que voc\u00ea vende? *Qual foi sua m\u00e9dia [&hellip;]\" \/>\n<meta property=\"og:url\" content=\"https:\/\/compareplanodesaude.com.br\/bradesco-saude\/corretor-parceiro\/\" \/>\n<meta property=\"og:site_name\" content=\"Bradesco Sa\u00fade | Planos de Sa\u00fade com at\u00e9 15% de Desconto\" \/>\n<meta property=\"article:modified_time\" content=\"2024-05-15T15:07:02+00:00\" \/>\n<meta property=\"og:image\" content=\"https:\/\/compareplanodesaude.com.br\/bradesco-saude\/wp-content\/plugins\/wpforms\/assets\/images\/submit-spin.svg\" \/>\n<meta name=\"twitter:card\" content=\"summary_large_image\" \/>\n<meta name=\"twitter:label1\" content=\"Est. tempo de leitura\" \/>\n\t<meta name=\"twitter:data1\" content=\"1 minuto\" \/>\n<script type=\"application\/ld+json\" class=\"yoast-schema-graph\">{\"@context\":\"https:\/\/schema.org\",\"@graph\":[{\"@type\":\"WebPage\",\"@id\":\"https:\/\/compareplanodesaude.com.br\/bradesco-saude\/corretor-parceiro\/\",\"url\":\"https:\/\/compareplanodesaude.com.br\/bradesco-saude\/corretor-parceiro\/\",\"name\":\"Corretor Parceiro - Bradesco Sa\u00fade | Planos de Sa\u00fade com at\u00e9 15% de Desconto\",\"isPartOf\":{\"@id\":\"https:\/\/compareplanodesaude.com.br\/bradesco-saude\/#website\"},\"primaryImageOfPage\":{\"@id\":\"https:\/\/compareplanodesaude.com.br\/bradesco-saude\/corretor-parceiro\/#primaryimage\"},\"image\":{\"@id\":\"https:\/\/compareplanodesaude.com.br\/bradesco-saude\/corretor-parceiro\/#primaryimage\"},\"thumbnailUrl\":\"https:\/\/compareplanodesaude.com.br\/bradesco-saude\/wp-content\/plugins\/wpforms\/assets\/images\/submit-spin.svg\",\"datePublished\":\"2024-05-15T15:05:09+00:00\",\"dateModified\":\"2024-05-15T15:07:02+00:00\",\"inLanguage\":\"pt-BR\",\"potentialAction\":[{\"@type\":\"ReadAction\",\"target\":[\"https:\/\/compareplanodesaude.com.br\/bradesco-saude\/corretor-parceiro\/\"]}]},{\"@type\":\"ImageObject\",\"inLanguage\":\"pt-BR\",\"@id\":\"https:\/\/compareplanodesaude.com.br\/bradesco-saude\/corretor-parceiro\/#primaryimage\",\"url\":\"https:\/\/compareplanodesaude.com.br\/bradesco-saude\/wp-content\/plugins\/wpforms\/assets\/images\/submit-spin.svg\",\"contentUrl\":\"https:\/\/compareplanodesaude.com.br\/bradesco-saude\/wp-content\/plugins\/wpforms\/assets\/images\/submit-spin.svg\"},{\"@type\":\"WebSite\",\"@id\":\"https:\/\/compareplanodesaude.com.br\/bradesco-saude\/#website\",\"url\":\"https:\/\/compareplanodesaude.com.br\/bradesco-saude\/\",\"name\":\"Bradesco Sa\u00fade | Planos de Sa\u00fade com at\u00e9 15% de Desconto\",\"description\":\"Bradesco\",\"potentialAction\":[{\"@type\":\"SearchAction\",\"target\":{\"@type\":\"EntryPoint\",\"urlTemplate\":\"https:\/\/compareplanodesaude.com.br\/bradesco-saude\/?s={search_term_string}\"},\"query-input\":{\"@type\":\"PropertyValueSpecification\",\"valueRequired\":true,\"valueName\":\"search_term_string\"}}],\"inLanguage\":\"pt-BR\"}]}<\/script>\n<!-- \/ Yoast SEO plugin. -->","yoast_head_json":{"title":"Corretor Parceiro - Bradesco Sa\u00fade | Planos de Sa\u00fade com at\u00e9 15% de Desconto","robots":{"index":"index","follow":"follow","max-snippet":"max-snippet:-1","max-image-preview":"max-image-preview:large","max-video-preview":"max-video-preview:-1"},"canonical":"https:\/\/compareplanodesaude.com.br\/bradesco-saude\/corretor-parceiro\/","og_locale":"pt_BR","og_type":"article","og_title":"Corretor Parceiro - Bradesco Sa\u00fade | Planos de Sa\u00fade com at\u00e9 15% de Desconto","og_description":"Seja um corretor parceiro da maior corretora digital do Brasil! Temos as maiores comiss\u00f5es do mercado! Ative o JavaScript no seu navegador para preencher este formul\u00e1rio.Nome *E-mail *WhatsApp *CNPJRaz\u00e3o SocialQuais s\u00e3o os produtos que voc\u00ea mais foca? * PME Ades\u00e3o Pessoa F\u00edsica Odonto Quais s\u00e3o os principais produtos que voc\u00ea vende? *Qual foi sua m\u00e9dia [&hellip;]","og_url":"https:\/\/compareplanodesaude.com.br\/bradesco-saude\/corretor-parceiro\/","og_site_name":"Bradesco Sa\u00fade | Planos de Sa\u00fade com at\u00e9 15% de Desconto","article_modified_time":"2024-05-15T15:07:02+00:00","og_image":[{"url":"https:\/\/compareplanodesaude.com.br\/bradesco-saude\/wp-content\/plugins\/wpforms\/assets\/images\/submit-spin.svg","type":"","width":"","height":""}],"twitter_card":"summary_large_image","twitter_misc":{"Est. tempo de leitura":"1 minuto"},"schema":{"@context":"https:\/\/schema.org","@graph":[{"@type":"WebPage","@id":"https:\/\/compareplanodesaude.com.br\/bradesco-saude\/corretor-parceiro\/","url":"https:\/\/compareplanodesaude.com.br\/bradesco-saude\/corretor-parceiro\/","name":"Corretor Parceiro - Bradesco Sa\u00fade | Planos de Sa\u00fade com at\u00e9 15% de Desconto","isPartOf":{"@id":"https:\/\/compareplanodesaude.com.br\/bradesco-saude\/#website"},"primaryImageOfPage":{"@id":"https:\/\/compareplanodesaude.com.br\/bradesco-saude\/corretor-parceiro\/#primaryimage"},"image":{"@id":"https:\/\/compareplanodesaude.com.br\/bradesco-saude\/corretor-parceiro\/#primaryimage"},"thumbnailUrl":"https:\/\/compareplanodesaude.com.br\/bradesco-saude\/wp-content\/plugins\/wpforms\/assets\/images\/submit-spin.svg","datePublished":"2024-05-15T15:05:09+00:00","dateModified":"2024-05-15T15:07:02+00:00","inLanguage":"pt-BR","potentialAction":[{"@type":"ReadAction","target":["https:\/\/compareplanodesaude.com.br\/bradesco-saude\/corretor-parceiro\/"]}]},{"@type":"ImageObject","inLanguage":"pt-BR","@id":"https:\/\/compareplanodesaude.com.br\/bradesco-saude\/corretor-parceiro\/#primaryimage","url":"https:\/\/compareplanodesaude.com.br\/bradesco-saude\/wp-content\/plugins\/wpforms\/assets\/images\/submit-spin.svg","contentUrl":"https:\/\/compareplanodesaude.com.br\/bradesco-saude\/wp-content\/plugins\/wpforms\/assets\/images\/submit-spin.svg"},{"@type":"WebSite","@id":"https:\/\/compareplanodesaude.com.br\/bradesco-saude\/#website","url":"https:\/\/compareplanodesaude.com.br\/bradesco-saude\/","name":"Bradesco Sa\u00fade | Planos de Sa\u00fade com at\u00e9 15% de Desconto","description":"Bradesco","potentialAction":[{"@type":"SearchAction","target":{"@type":"EntryPoint","urlTemplate":"https:\/\/compareplanodesaude.com.br\/bradesco-saude\/?s={search_term_string}"},"query-input":{"@type":"PropertyValueSpecification","valueRequired":true,"valueName":"search_term_string"}}],"inLanguage":"pt-BR"}]}},"_links":{"self":[{"href":"https:\/\/compareplanodesaude.com.br\/bradesco-saude\/wp-json\/wp\/v2\/pages\/272403","targetHints":{"allow":["GET"]}}],"collection":[{"href":"https:\/\/compareplanodesaude.com.br\/bradesco-saude\/wp-json\/wp\/v2\/pages"}],"about":[{"href":"https:\/\/compareplanodesaude.com.br\/bradesco-saude\/wp-json\/wp\/v2\/types\/page"}],"author":[{"embeddable":true,"href":"https:\/\/compareplanodesaude.com.br\/bradesco-saude\/wp-json\/wp\/v2\/users\/1"}],"replies":[{"embeddable":true,"href":"https:\/\/compareplanodesaude.com.br\/bradesco-saude\/wp-json\/wp\/v2\/comments?post=272403"}],"version-history":[{"count":4,"href":"https:\/\/compareplanodesaude.com.br\/bradesco-saude\/wp-json\/wp\/v2\/pages\/272403\/revisions"}],"predecessor-version":[{"id":272414,"href":"https:\/\/compareplanodesaude.com.br\/bradesco-saude\/wp-json\/wp\/v2\/pages\/272403\/revisions\/272414"}],"wp:attachment":[{"href":"https:\/\/compareplanodesaude.com.br\/bradesco-saude\/wp-json\/wp\/v2\/media?parent=272403"}],"wp:term":[{"taxonomy":"post_tag","embeddable":true,"href":"https:\/\/compareplanodesaude.com.br\/bradesco-saude\/wp-json\/wp\/v2\/tags?post=272403"}],"curies":[{"name":"wp","href":"https:\/\/api.w.org\/{rel}","templated":true}]}}