{"id":79997,"date":"2024-05-20T16:57:29","date_gmt":"2024-05-20T16:57:29","guid":{"rendered":"https:\/\/compareplanodesaude.com.br\/blue-med\/?page_id=79997"},"modified":"2024-05-20T16:58:47","modified_gmt":"2024-05-20T16:58:47","slug":"reclame-aqui","status":"publish","type":"page","link":"https:\/\/compareplanodesaude.com.br\/blue-med\/reclame-aqui\/","title":{"rendered":"Reclame Aqui"},"content":{"rendered":"\t\t<div data-elementor-type=\"wp-page\" data-elementor-id=\"79997\" class=\"elementor elementor-79997\" data-elementor-post-type=\"page\">\n\t\t\t\t\t\t<section class=\"elementor-section elementor-top-section elementor-element elementor-element-696027da elementor-section-boxed elementor-section-height-default elementor-section-height-default\" data-id=\"696027da\" data-element_type=\"section\" data-settings=\"{&quot;background_background&quot;:&quot;classic&quot;}\">\n\t\t\t\t\t\t\t<div class=\"elementor-background-overlay\"><\/div>\n\t\t\t\t\t\t\t<div class=\"elementor-container elementor-column-gap-default\">\n\t\t\t\t\t<div class=\"elementor-column elementor-col-100 elementor-top-column elementor-element elementor-element-28fd665e\" data-id=\"28fd665e\" data-element_type=\"column\">\n\t\t\t<div class=\"elementor-widget-wrap elementor-element-populated\">\n\t\t\t\t\t\t<div class=\"elementor-element elementor-element-1e1774cf elementor-widget elementor-widget-heading\" data-id=\"1e1774cf\" data-element_type=\"widget\" data-widget_type=\"heading.default\">\n\t\t\t\t<div class=\"elementor-widget-container\">\n\t\t\t\t\t<h1 class=\"elementor-heading-title elementor-size-default\">Compare Seguros <br>Reclame Aqui<\/h1>\t\t\t\t<\/div>\n\t\t\t\t<\/div>\n\t\t\t\t<div class=\"elementor-element elementor-element-585253e9 elementor-widget elementor-widget-heading\" data-id=\"585253e9\" data-element_type=\"widget\" data-widget_type=\"heading.default\">\n\t\t\t\t<div class=\"elementor-widget-container\">\n\t\t\t\t\t<p class=\"elementor-heading-title elementor-size-default\">Encaminhe-nos a sua solicita\u00e7\u00e3o. Asseguramos um <br>atendimento \u00e1gil e imediato durante o hor\u00e1rio comercial.<\/p>\t\t\t\t<\/div>\n\t\t\t\t<\/div>\n\t\t\t\t\t<\/div>\n\t\t<\/div>\n\t\t\t\t\t<\/div>\n\t\t<\/section>\n\t\t\t\t<section class=\"elementor-section elementor-top-section elementor-element elementor-element-38c7811a elementor-section-boxed elementor-section-height-default elementor-section-height-default\" data-id=\"38c7811a\" data-element_type=\"section\">\n\t\t\t\t\t\t<div class=\"elementor-container elementor-column-gap-default\">\n\t\t\t\t\t<div class=\"elementor-column elementor-col-50 elementor-top-column elementor-element elementor-element-63c1b7c\" data-id=\"63c1b7c\" data-element_type=\"column\">\n\t\t\t<div class=\"elementor-widget-wrap elementor-element-populated\">\n\t\t\t\t\t\t<div class=\"elementor-element elementor-element-74503438 elementor-widget elementor-widget-heading\" data-id=\"74503438\" data-element_type=\"widget\" data-widget_type=\"heading.default\">\n\t\t\t\t<div class=\"elementor-widget-container\">\n\t\t\t\t\t<h2 class=\"elementor-heading-title elementor-size-default\">Fale conosco<\/h2>\t\t\t\t<\/div>\n\t\t\t\t<\/div>\n\t\t\t\t<div class=\"elementor-element elementor-element-70cf724a elementor-widget elementor-widget-heading\" data-id=\"70cf724a\" data-element_type=\"widget\" data-widget_type=\"heading.default\">\n\t\t\t\t<div class=\"elementor-widget-container\">\n\t\t\t\t\t<p class=\"elementor-heading-title elementor-size-default\">Fique tranquilo, somos a corretora mais bem avaliada do Google e iremos resolver a sua solicita\u00e7\u00e3o.<\/p>\t\t\t\t<\/div>\n\t\t\t\t<\/div>\n\t\t\t\t<div class=\"elementor-element elementor-element-64071e10 elementor-widget elementor-widget-heading\" data-id=\"64071e10\" data-element_type=\"widget\" data-widget_type=\"heading.default\">\n\t\t\t\t<div class=\"elementor-widget-container\">\n\t\t\t\t\t<p class=\"elementor-heading-title elementor-size-default\">Se preferir voc\u00ea pode falar diretamente com o CEO, Raphael Yamamoto via <a href=\"https:\/\/api.whatsapp.com\/send?phone=5511993548221&amp;text=Ol%C3%A1,%20venho%20do%20Reclame%20Aqui%20com%20uma%20quest%C3%A3o%20urgente%20para%20a%20vossa%20Ouvidoria.%20Gostaria%20de%20relatar%20o%20ocorrido%20e%20solicitar%20uma%20resolu%C3%A7%C3%A3o%20o%20mais%20r%C3%A1pido%20poss%C3%ADvel.\" target=\"_blank\" style=\"font-weight: 700\">WhatsApp: (11) 99354-8221.<\/a><\/p>\t\t\t\t<\/div>\n\t\t\t\t<\/div>\n\t\t\t\t<div class=\"elementor-element elementor-element-40a81be9 elementor-view-stacked elementor-position-left elementor-shape-circle elementor-mobile-position-top elementor-widget elementor-widget-icon-box\" data-id=\"40a81be9\" data-element_type=\"widget\" data-widget_type=\"icon-box.default\">\n\t\t\t\t<div class=\"elementor-widget-container\">\n\t\t\t\t\t\t\t<div class=\"elementor-icon-box-wrapper\">\n\n\t\t\t\t\t\t<div class=\"elementor-icon-box-icon\">\n\t\t\t\t<a href=\"https:\/\/api.whatsapp.com\/send?phone=5511993548221&#038;text=Ol%C3%A1,%20venho%20do%20Reclame%20Aqui%20com%20uma%20quest%C3%A3o%20urgente%20para%20a%20vossa%20Ouvidoria.%20Gostaria%20de%20relatar%20o%20ocorrido%20e%20solicitar%20uma%20resolu%C3%A7%C3%A3o%20o%20mais%20r%C3%A1pido%20poss%C3%ADvel.\" class=\"elementor-icon\" tabindex=\"-1\" aria-label=\"WhatsApp\">\n\t\t\t\t<i aria-hidden=\"true\" class=\"fab fa-whatsapp\"><\/i>\t\t\t\t<\/a>\n\t\t\t<\/div>\n\t\t\t\n\t\t\t\t\t\t<div class=\"elementor-icon-box-content\">\n\n\t\t\t\t\t\t\t\t\t<p class=\"elementor-icon-box-title\">\n\t\t\t\t\t\t<a href=\"https:\/\/api.whatsapp.com\/send?phone=5511993548221&#038;text=Ol%C3%A1,%20venho%20do%20Reclame%20Aqui%20com%20uma%20quest%C3%A3o%20urgente%20para%20a%20vossa%20Ouvidoria.%20Gostaria%20de%20relatar%20o%20ocorrido%20e%20solicitar%20uma%20resolu%C3%A7%C3%A3o%20o%20mais%20r%C3%A1pido%20poss%C3%ADvel.\" >\n\t\t\t\t\t\t\tWhatsApp\t\t\t\t\t\t<\/a>\n\t\t\t\t\t<\/p>\n\t\t\t\t\n\t\t\t\t\t\t\t\t\t<p class=\"elementor-icon-box-description\">\n\t\t\t\t\t\t(11) 99354-8821\t\t\t\t\t<\/p>\n\t\t\t\t\n\t\t\t<\/div>\n\t\t\t\n\t\t<\/div>\n\t\t\t\t\t\t<\/div>\n\t\t\t\t<\/div>\n\t\t\t\t<div class=\"elementor-element elementor-element-7cd134b7 elementor-view-stacked elementor-position-left elementor-shape-circle elementor-mobile-position-top elementor-widget elementor-widget-icon-box\" data-id=\"7cd134b7\" data-element_type=\"widget\" data-widget_type=\"icon-box.default\">\n\t\t\t\t<div class=\"elementor-widget-container\">\n\t\t\t\t\t\t\t<div class=\"elementor-icon-box-wrapper\">\n\n\t\t\t\t\t\t<div class=\"elementor-icon-box-icon\">\n\t\t\t\t<a href=\"tel:+5511955913910\" class=\"elementor-icon\" tabindex=\"-1\" aria-label=\"Telefone\">\n\t\t\t\t<i aria-hidden=\"true\" class=\"fas fa-phone-alt\"><\/i>\t\t\t\t<\/a>\n\t\t\t<\/div>\n\t\t\t\n\t\t\t\t\t\t<div class=\"elementor-icon-box-content\">\n\n\t\t\t\t\t\t\t\t\t<p class=\"elementor-icon-box-title\">\n\t\t\t\t\t\t<a href=\"tel:+5511955913910\" >\n\t\t\t\t\t\t\tTelefone\t\t\t\t\t\t<\/a>\n\t\t\t\t\t<\/p>\n\t\t\t\t\n\t\t\t\t\t\t\t\t\t<p class=\"elementor-icon-box-description\">\n\t\t\t\t\t\t(11) 3863-7900\t\t\t\t\t<\/p>\n\t\t\t\t\n\t\t\t<\/div>\n\t\t\t\n\t\t<\/div>\n\t\t\t\t\t\t<\/div>\n\t\t\t\t<\/div>\n\t\t\t\t<div class=\"elementor-element elementor-element-3b78f069 elementor-view-stacked elementor-position-left elementor-shape-circle elementor-mobile-position-top elementor-widget elementor-widget-icon-box\" data-id=\"3b78f069\" data-element_type=\"widget\" data-widget_type=\"icon-box.default\">\n\t\t\t\t<div class=\"elementor-widget-container\">\n\t\t\t\t\t\t\t<div class=\"elementor-icon-box-wrapper\">\n\n\t\t\t\t\t\t<div class=\"elementor-icon-box-icon\">\n\t\t\t\t<span  class=\"elementor-icon\">\n\t\t\t\t<i aria-hidden=\"true\" class=\"fas fa-comment-dots\"><\/i>\t\t\t\t<\/span>\n\t\t\t<\/div>\n\t\t\t\n\t\t\t\t\t\t<div class=\"elementor-icon-box-content\">\n\n\t\t\t\t\t\t\t\t\t<p class=\"elementor-icon-box-title\">\n\t\t\t\t\t\t<span  >\n\t\t\t\t\t\t\t<a href=\"void(0)\">Agente Virtual<\/a>\t\t\t\t\t\t<\/span>\n\t\t\t\t\t<\/p>\n\t\t\t\t\n\t\t\t\t\t\t\t\t\t<p class=\"elementor-icon-box-description\">\n\t\t\t\t\t\t<a href=\"void(0)\" style=\"color: #7A7A7A\">Venha conversar conosco<\/a>\t\t\t\t\t<\/p>\n\t\t\t\t\n\t\t\t<\/div>\n\t\t\t\n\t\t<\/div>\n\t\t\t\t\t\t<\/div>\n\t\t\t\t<\/div>\n\t\t\t\t<div class=\"elementor-element elementor-element-1b7fc904 elementor-view-stacked elementor-position-left elementor-shape-circle elementor-mobile-position-top elementor-widget elementor-widget-icon-box\" data-id=\"1b7fc904\" data-element_type=\"widget\" data-widget_type=\"icon-box.default\">\n\t\t\t\t<div class=\"elementor-widget-container\">\n\t\t\t\t\t\t\t<div class=\"elementor-icon-box-wrapper\">\n\n\t\t\t\t\t\t<div class=\"elementor-icon-box-icon\">\n\t\t\t\t<a href=\"mailto:atendimento@compareplanodesaude.com.br\" class=\"elementor-icon\" tabindex=\"-1\" aria-label=\"E-mail\">\n\t\t\t\t<i aria-hidden=\"true\" class=\"fas fa-globe\"><\/i>\t\t\t\t<\/a>\n\t\t\t<\/div>\n\t\t\t\n\t\t\t\t\t\t<div class=\"elementor-icon-box-content\">\n\n\t\t\t\t\t\t\t\t\t<p class=\"elementor-icon-box-title\">\n\t\t\t\t\t\t<a href=\"mailto:atendimento@compareplanodesaude.com.br\" >\n\t\t\t\t\t\t\tE-mail\t\t\t\t\t\t<\/a>\n\t\t\t\t\t<\/p>\n\t\t\t\t\n\t\t\t\t\t\t\t\t\t<p class=\"elementor-icon-box-description\">\n\t\t\t\t\t\tatendimento@compareplanode saude.com.br\t\t\t\t\t<\/p>\n\t\t\t\t\n\t\t\t<\/div>\n\t\t\t\n\t\t<\/div>\n\t\t\t\t\t\t<\/div>\n\t\t\t\t<\/div>\n\t\t\t\t<div class=\"elementor-element elementor-element-157525e elementor-view-stacked elementor-position-left elementor-shape-circle elementor-mobile-position-top elementor-widget elementor-widget-icon-box\" data-id=\"157525e\" data-element_type=\"widget\" data-widget_type=\"icon-box.default\">\n\t\t\t\t<div class=\"elementor-widget-container\">\n\t\t\t\t\t\t\t<div class=\"elementor-icon-box-wrapper\">\n\n\t\t\t\t\t\t<div class=\"elementor-icon-box-icon\">\n\t\t\t\t<a href=\"https:\/\/compareplanodesaude.com.br\/promocoes\/\" class=\"elementor-icon\" tabindex=\"-1\" aria-label=\"Promo\u00e7\u00f5es\">\n\t\t\t\t<i aria-hidden=\"true\" class=\"fas fa-percentage\"><\/i>\t\t\t\t<\/a>\n\t\t\t<\/div>\n\t\t\t\n\t\t\t\t\t\t<div class=\"elementor-icon-box-content\">\n\n\t\t\t\t\t\t\t\t\t<p class=\"elementor-icon-box-title\">\n\t\t\t\t\t\t<a href=\"https:\/\/compareplanodesaude.com.br\/promocoes\/\" >\n\t\t\t\t\t\t\tPromo\u00e7\u00f5es\t\t\t\t\t\t<\/a>\n\t\t\t\t\t<\/p>\n\t\t\t\t\n\t\t\t\t\t\t\t\t\t<p class=\"elementor-icon-box-description\">\n\t\t\t\t\t\tConfira as promo\u00e7\u00f5es que s\u00f3 a compare tem\t\t\t\t\t<\/p>\n\t\t\t\t\n\t\t\t<\/div>\n\t\t\t\n\t\t<\/div>\n\t\t\t\t\t\t<\/div>\n\t\t\t\t<\/div>\n\t\t\t\t\t<\/div>\n\t\t<\/div>\n\t\t\t\t<div class=\"elementor-column elementor-col-50 elementor-top-column elementor-element elementor-element-58bf8c6\" data-id=\"58bf8c6\" data-element_type=\"column\" data-settings=\"{&quot;background_background&quot;:&quot;classic&quot;}\">\n\t\t\t<div class=\"elementor-widget-wrap elementor-element-populated\">\n\t\t\t\t\t\t<div class=\"elementor-element elementor-element-49a56c40 elementor-widget elementor-widget-heading\" data-id=\"49a56c40\" data-element_type=\"widget\" data-widget_type=\"heading.default\">\n\t\t\t\t<div class=\"elementor-widget-container\">\n\t\t\t\t\t<h3 class=\"elementor-heading-title elementor-size-default\">Envie uma mensagem<\/h3>\t\t\t\t<\/div>\n\t\t\t\t<\/div>\n\t\t\t\t<div class=\"elementor-element elementor-element-6f4f5613 elementor-widget elementor-widget-heading\" data-id=\"6f4f5613\" data-element_type=\"widget\" data-widget_type=\"heading.default\">\n\t\t\t\t<div class=\"elementor-widget-container\">\n\t\t\t\t\t<p class=\"elementor-heading-title elementor-size-default\">Preencha o formul\u00e1rio e nossa equipe entrar\u00e1 em contato com voc\u00ea o mais r\u00e1pido poss\u00edvel.<\/p>\t\t\t\t<\/div>\n\t\t\t\t<\/div>\n\t\t\t\t<div class=\"elementor-element elementor-element-4480786a formOuvidoria elementor-widget elementor-widget-wpforms\" data-id=\"4480786a\" data-element_type=\"widget\" data-widget_type=\"wpforms.default\">\n\t\t\t\t<div class=\"elementor-widget-container\">\n\t\t\t\t\t<div class=\"wpforms-container wpforms-container-full\" id=\"wpforms-79990\"><form id=\"wpforms-form-79990\" class=\"wpforms-validate wpforms-form wpforms-ajax-form\" data-formid=\"79990\" method=\"post\" enctype=\"multipart\/form-data\" action=\"\/blue-med\/wp-json\/wp\/v2\/pages\/79997\" data-token=\"96ec5206adce9c8426ade7b22acf4526\" data-token-time=\"1775539271\"><noscript class=\"wpforms-error-noscript\">Ative o JavaScript no seu navegador para preencher este formul\u00e1rio.<\/noscript><div class=\"wpforms-field-container\"><div id=\"wpforms-79990-field_1-container\" class=\"wpforms-field wpforms-field-text\" data-field-id=\"1\"><label class=\"wpforms-field-label wpforms-label-hide\" for=\"wpforms-79990-field_1\">Nome <span class=\"wpforms-required-label\">*<\/span><\/label><input type=\"text\" id=\"wpforms-79990-field_1\" class=\"wpforms-field-large wpforms-field-required wpforms-masked-input\" data-rule-inputmask-incomplete=\"1\" data-inputmask-mask=\"a{1,99}[( |a)]{1,99}[( |a)]{1,99}[( |a)]{1,99}[( |a)]{1,99}[( |a)]{1,99}[( |a)]\" name=\"wpforms[fields][1]\" placeholder=\"Insira seu nome\" required><\/div><div id=\"wpforms-79990-field_2-container\" class=\"wpforms-field wpforms-field-text\" data-field-id=\"2\"><label class=\"wpforms-field-label wpforms-label-hide\" for=\"wpforms-79990-field_2\">WhatsApp <span class=\"wpforms-required-label\">*<\/span><\/label><input type=\"text\" id=\"wpforms-79990-field_2\" class=\"wpforms-field-large wpforms-field-required wpforms-masked-input\" data-rule-inputmask-incomplete=\"1\" data-inputmask-mask=\"((99) 9999-9999[9][9][9]|+99 999999-999[9][9][9])\" name=\"wpforms[fields][2]\" placeholder=\"Celular com (DDD)\" required><\/div><div id=\"wpforms-79990-field_4-container\" class=\"wpforms-field wpforms-field-email\" data-field-id=\"4\"><label class=\"wpforms-field-label wpforms-label-hide\" for=\"wpforms-79990-field_4\">E-mail <span class=\"wpforms-required-label\">*<\/span><\/label><input type=\"email\" id=\"wpforms-79990-field_4\" class=\"wpforms-field-large wpforms-field-required\" name=\"wpforms[fields][4]\" placeholder=\"Insira seu e-mail\" spellcheck=\"false\" required><\/div><div id=\"wpforms-79990-field_5-container\" class=\"wpforms-field wpforms-field-textarea\" data-field-id=\"5\"><label class=\"wpforms-field-label wpforms-label-hide\" for=\"wpforms-79990-field_5\">Solicita\u00e7ao <span class=\"wpforms-required-label\">*<\/span><\/label><textarea id=\"wpforms-79990-field_5\" class=\"wpforms-field-large wpforms-field-required\" name=\"wpforms[fields][5]\" placeholder=\"Observa\u00e7\u00e3o (Opcional)\" required><\/textarea><\/div><\/div><!-- .wpforms-field-container --><div class=\"wpforms-submit-container\" ><input type=\"hidden\" name=\"wpforms[id]\" value=\"79990\"><input type=\"hidden\" name=\"page_title\" value=\"\"><input type=\"hidden\" name=\"page_url\" value=\"https:\/\/compareplanodesaude.com.br\/blue-med\/wp-json\/wp\/v2\/pages\/79997\"><input type=\"hidden\" name=\"url_referer\" value=\"\"><button type=\"submit\" name=\"wpforms[submit]\" id=\"wpforms-submit-79990\" class=\"wpforms-submit\" data-alt-text=\"Enviando\u2026\" data-submit-text=\"Enviar\" aria-live=\"assertive\" value=\"wpforms-submit\">Enviar<\/button><img decoding=\"async\" src=\"https:\/\/compareplanodesaude.com.br\/blue-med\/wp-content\/plugins\/wpforms\/assets\/images\/submit-spin.svg\" class=\"wpforms-submit-spinner\" style=\"display: none;\" width=\"26\" height=\"26\" alt=\"Carregando\"><\/div><\/form><\/div>  <!-- .wpforms-container -->\t\t\t\t<\/div>\n\t\t\t\t<\/div>\n\t\t\t\t\t<\/div>\n\t\t<\/div>\n\t\t\t\t\t<\/div>\n\t\t<\/section>\n\t\t\t\t<\/div>\n\t\t","protected":false},"excerpt":{"rendered":"<p>Compare Seguros Reclame Aqui Encaminhe-nos a sua solicita\u00e7\u00e3o. Asseguramos um atendimento \u00e1gil e imediato durante o hor\u00e1rio comercial. Fale conosco Fique tranquilo, somos a corretora mais bem avaliada do Google e iremos resolver a sua solicita\u00e7\u00e3o. Se preferir voc\u00ea pode falar diretamente com o CEO, Raphael Yamamoto via WhatsApp: (11) 99354-8221. WhatsApp (11) 99354-8821 Telefone [&hellip;]<\/p>\n","protected":false},"author":1,"featured_media":0,"parent":0,"menu_order":0,"comment_status":"closed","ping_status":"closed","template":"","meta":{"footnotes":""},"tags":[],"class_list":["post-79997","page","type-page","status-publish","hentry"],"yoast_head":"<!-- This site is optimized with the Yoast SEO plugin v26.3 - https:\/\/yoast.com\/wordpress\/plugins\/seo\/ -->\n<title>Reclame Aqui - Blue Med<\/title>\n<meta name=\"robots\" content=\"index, follow, max-snippet:-1, max-image-preview:large, max-video-preview:-1\" \/>\n<link rel=\"canonical\" href=\"https:\/\/compareplanodesaude.com.br\/blue-med\/reclame-aqui\/\" \/>\n<meta property=\"og:locale\" content=\"pt_BR\" \/>\n<meta property=\"og:type\" content=\"article\" \/>\n<meta property=\"og:title\" content=\"Reclame Aqui - Blue Med\" \/>\n<meta property=\"og:description\" content=\"Compare Seguros Reclame Aqui Encaminhe-nos a sua solicita\u00e7\u00e3o. Asseguramos um atendimento \u00e1gil e imediato durante o hor\u00e1rio comercial. Fale conosco Fique tranquilo, somos a corretora mais bem avaliada do Google e iremos resolver a sua solicita\u00e7\u00e3o. Se preferir voc\u00ea pode falar diretamente com o CEO, Raphael Yamamoto via WhatsApp: (11) 99354-8221. WhatsApp (11) 99354-8821 Telefone [&hellip;]\" \/>\n<meta property=\"og:url\" content=\"https:\/\/compareplanodesaude.com.br\/blue-med\/reclame-aqui\/\" \/>\n<meta property=\"og:site_name\" content=\"Blue Med\" \/>\n<meta property=\"article:modified_time\" content=\"2024-05-20T16:58:47+00:00\" \/>\n<meta property=\"og:image\" content=\"https:\/\/compareplanodesaude.com.br\/blue-med\/wp-content\/plugins\/wpforms\/assets\/images\/submit-spin.svg\" \/>\n<meta name=\"twitter:card\" content=\"summary_large_image\" \/>\n<meta name=\"twitter:label1\" content=\"Est. tempo de leitura\" \/>\n\t<meta name=\"twitter:data1\" content=\"1 minuto\" \/>\n<script type=\"application\/ld+json\" class=\"yoast-schema-graph\">{\"@context\":\"https:\/\/schema.org\",\"@graph\":[{\"@type\":\"WebPage\",\"@id\":\"https:\/\/compareplanodesaude.com.br\/blue-med\/reclame-aqui\/\",\"url\":\"https:\/\/compareplanodesaude.com.br\/blue-med\/reclame-aqui\/\",\"name\":\"Reclame Aqui - Blue Med\",\"isPartOf\":{\"@id\":\"https:\/\/compareplanodesaude.com.br\/blue-med\/#website\"},\"primaryImageOfPage\":{\"@id\":\"https:\/\/compareplanodesaude.com.br\/blue-med\/reclame-aqui\/#primaryimage\"},\"image\":{\"@id\":\"https:\/\/compareplanodesaude.com.br\/blue-med\/reclame-aqui\/#primaryimage\"},\"thumbnailUrl\":\"https:\/\/compareplanodesaude.com.br\/blue-med\/wp-content\/plugins\/wpforms\/assets\/images\/submit-spin.svg\",\"datePublished\":\"2024-05-20T16:57:29+00:00\",\"dateModified\":\"2024-05-20T16:58:47+00:00\",\"inLanguage\":\"pt-BR\",\"potentialAction\":[{\"@type\":\"ReadAction\",\"target\":[\"https:\/\/compareplanodesaude.com.br\/blue-med\/reclame-aqui\/\"]}]},{\"@type\":\"ImageObject\",\"inLanguage\":\"pt-BR\",\"@id\":\"https:\/\/compareplanodesaude.com.br\/blue-med\/reclame-aqui\/#primaryimage\",\"url\":\"https:\/\/compareplanodesaude.com.br\/blue-med\/wp-content\/plugins\/wpforms\/assets\/images\/submit-spin.svg\",\"contentUrl\":\"https:\/\/compareplanodesaude.com.br\/blue-med\/wp-content\/plugins\/wpforms\/assets\/images\/submit-spin.svg\"},{\"@type\":\"WebSite\",\"@id\":\"https:\/\/compareplanodesaude.com.br\/blue-med\/#website\",\"url\":\"https:\/\/compareplanodesaude.com.br\/blue-med\/\",\"name\":\"Blue Med\",\"description\":\"\",\"potentialAction\":[{\"@type\":\"SearchAction\",\"target\":{\"@type\":\"EntryPoint\",\"urlTemplate\":\"https:\/\/compareplanodesaude.com.br\/blue-med\/?s={search_term_string}\"},\"query-input\":{\"@type\":\"PropertyValueSpecification\",\"valueRequired\":true,\"valueName\":\"search_term_string\"}}],\"inLanguage\":\"pt-BR\"}]}<\/script>\n<!-- \/ Yoast SEO plugin. -->","yoast_head_json":{"title":"Reclame Aqui - Blue Med","robots":{"index":"index","follow":"follow","max-snippet":"max-snippet:-1","max-image-preview":"max-image-preview:large","max-video-preview":"max-video-preview:-1"},"canonical":"https:\/\/compareplanodesaude.com.br\/blue-med\/reclame-aqui\/","og_locale":"pt_BR","og_type":"article","og_title":"Reclame Aqui - Blue Med","og_description":"Compare Seguros Reclame Aqui Encaminhe-nos a sua solicita\u00e7\u00e3o. Asseguramos um atendimento \u00e1gil e imediato durante o hor\u00e1rio comercial. Fale conosco Fique tranquilo, somos a corretora mais bem avaliada do Google e iremos resolver a sua solicita\u00e7\u00e3o. Se preferir voc\u00ea pode falar diretamente com o CEO, Raphael Yamamoto via WhatsApp: (11) 99354-8221. WhatsApp (11) 99354-8821 Telefone [&hellip;]","og_url":"https:\/\/compareplanodesaude.com.br\/blue-med\/reclame-aqui\/","og_site_name":"Blue Med","article_modified_time":"2024-05-20T16:58:47+00:00","og_image":[{"url":"https:\/\/compareplanodesaude.com.br\/blue-med\/wp-content\/plugins\/wpforms\/assets\/images\/submit-spin.svg","type":"","width":"","height":""}],"twitter_card":"summary_large_image","twitter_misc":{"Est. tempo de leitura":"1 minuto"},"schema":{"@context":"https:\/\/schema.org","@graph":[{"@type":"WebPage","@id":"https:\/\/compareplanodesaude.com.br\/blue-med\/reclame-aqui\/","url":"https:\/\/compareplanodesaude.com.br\/blue-med\/reclame-aqui\/","name":"Reclame Aqui - Blue Med","isPartOf":{"@id":"https:\/\/compareplanodesaude.com.br\/blue-med\/#website"},"primaryImageOfPage":{"@id":"https:\/\/compareplanodesaude.com.br\/blue-med\/reclame-aqui\/#primaryimage"},"image":{"@id":"https:\/\/compareplanodesaude.com.br\/blue-med\/reclame-aqui\/#primaryimage"},"thumbnailUrl":"https:\/\/compareplanodesaude.com.br\/blue-med\/wp-content\/plugins\/wpforms\/assets\/images\/submit-spin.svg","datePublished":"2024-05-20T16:57:29+00:00","dateModified":"2024-05-20T16:58:47+00:00","inLanguage":"pt-BR","potentialAction":[{"@type":"ReadAction","target":["https:\/\/compareplanodesaude.com.br\/blue-med\/reclame-aqui\/"]}]},{"@type":"ImageObject","inLanguage":"pt-BR","@id":"https:\/\/compareplanodesaude.com.br\/blue-med\/reclame-aqui\/#primaryimage","url":"https:\/\/compareplanodesaude.com.br\/blue-med\/wp-content\/plugins\/wpforms\/assets\/images\/submit-spin.svg","contentUrl":"https:\/\/compareplanodesaude.com.br\/blue-med\/wp-content\/plugins\/wpforms\/assets\/images\/submit-spin.svg"},{"@type":"WebSite","@id":"https:\/\/compareplanodesaude.com.br\/blue-med\/#website","url":"https:\/\/compareplanodesaude.com.br\/blue-med\/","name":"Blue Med","description":"","potentialAction":[{"@type":"SearchAction","target":{"@type":"EntryPoint","urlTemplate":"https:\/\/compareplanodesaude.com.br\/blue-med\/?s={search_term_string}"},"query-input":{"@type":"PropertyValueSpecification","valueRequired":true,"valueName":"search_term_string"}}],"inLanguage":"pt-BR"}]}},"_links":{"self":[{"href":"https:\/\/compareplanodesaude.com.br\/blue-med\/wp-json\/wp\/v2\/pages\/79997","targetHints":{"allow":["GET"]}}],"collection":[{"href":"https:\/\/compareplanodesaude.com.br\/blue-med\/wp-json\/wp\/v2\/pages"}],"about":[{"href":"https:\/\/compareplanodesaude.com.br\/blue-med\/wp-json\/wp\/v2\/types\/page"}],"author":[{"embeddable":true,"href":"https:\/\/compareplanodesaude.com.br\/blue-med\/wp-json\/wp\/v2\/users\/1"}],"replies":[{"embeddable":true,"href":"https:\/\/compareplanodesaude.com.br\/blue-med\/wp-json\/wp\/v2\/comments?post=79997"}],"version-history":[{"count":4,"href":"https:\/\/compareplanodesaude.com.br\/blue-med\/wp-json\/wp\/v2\/pages\/79997\/revisions"}],"predecessor-version":[{"id":80001,"href":"https:\/\/compareplanodesaude.com.br\/blue-med\/wp-json\/wp\/v2\/pages\/79997\/revisions\/80001"}],"wp:attachment":[{"href":"https:\/\/compareplanodesaude.com.br\/blue-med\/wp-json\/wp\/v2\/media?parent=79997"}],"wp:term":[{"taxonomy":"post_tag","embeddable":true,"href":"https:\/\/compareplanodesaude.com.br\/blue-med\/wp-json\/wp\/v2\/tags?post=79997"}],"curies":[{"name":"wp","href":"https:\/\/api.w.org\/{rel}","templated":true}]}}