{"id":79834,"date":"2024-05-20T15:05:21","date_gmt":"2024-05-20T15:05:21","guid":{"rendered":"https:\/\/compareplanodesaude.com.br\/biovida\/?page_id=79834"},"modified":"2024-05-20T15:07:31","modified_gmt":"2024-05-20T15:07:31","slug":"reclame-aqui","status":"publish","type":"page","link":"https:\/\/compareplanodesaude.com.br\/biovida\/reclame-aqui\/","title":{"rendered":"Reclame Aqui"},"content":{"rendered":"\t\t<div data-elementor-type=\"wp-page\" data-elementor-id=\"79834\" class=\"elementor elementor-79834\" data-elementor-post-type=\"page\">\n\t\t\t\t\t\t<section class=\"elementor-section elementor-top-section elementor-element elementor-element-5615d48c elementor-section-boxed elementor-section-height-default elementor-section-height-default\" data-id=\"5615d48c\" data-element_type=\"section\" data-settings=\"{&quot;background_background&quot;:&quot;classic&quot;}\">\n\t\t\t\t\t\t\t<div class=\"elementor-background-overlay\"><\/div>\n\t\t\t\t\t\t\t<div class=\"elementor-container elementor-column-gap-default\">\n\t\t\t\t\t<div class=\"elementor-column elementor-col-100 elementor-top-column elementor-element elementor-element-1eb647a6\" data-id=\"1eb647a6\" data-element_type=\"column\">\n\t\t\t<div class=\"elementor-widget-wrap elementor-element-populated\">\n\t\t\t\t\t\t<div class=\"elementor-element elementor-element-2fdc926c elementor-widget elementor-widget-heading\" data-id=\"2fdc926c\" data-element_type=\"widget\" data-widget_type=\"heading.default\">\n\t\t\t\t<div class=\"elementor-widget-container\">\n\t\t\t\t\t<h1 class=\"elementor-heading-title elementor-size-default\">Compare Seguros <br>Reclame Aqui<\/h1>\t\t\t\t<\/div>\n\t\t\t\t<\/div>\n\t\t\t\t<div class=\"elementor-element elementor-element-2d8be35e elementor-widget elementor-widget-heading\" data-id=\"2d8be35e\" data-element_type=\"widget\" data-widget_type=\"heading.default\">\n\t\t\t\t<div class=\"elementor-widget-container\">\n\t\t\t\t\t<p class=\"elementor-heading-title elementor-size-default\">Encaminhe-nos a sua solicita\u00e7\u00e3o. Asseguramos um <br>atendimento \u00e1gil e imediato durante o hor\u00e1rio comercial.<\/p>\t\t\t\t<\/div>\n\t\t\t\t<\/div>\n\t\t\t\t\t<\/div>\n\t\t<\/div>\n\t\t\t\t\t<\/div>\n\t\t<\/section>\n\t\t\t\t<section class=\"elementor-section elementor-top-section elementor-element elementor-element-51b9dda elementor-section-boxed elementor-section-height-default elementor-section-height-default\" data-id=\"51b9dda\" data-element_type=\"section\">\n\t\t\t\t\t\t<div class=\"elementor-container elementor-column-gap-default\">\n\t\t\t\t\t<div class=\"elementor-column elementor-col-50 elementor-top-column elementor-element elementor-element-148a70e4\" data-id=\"148a70e4\" data-element_type=\"column\">\n\t\t\t<div class=\"elementor-widget-wrap elementor-element-populated\">\n\t\t\t\t\t\t<div class=\"elementor-element elementor-element-44387d24 elementor-widget elementor-widget-heading\" data-id=\"44387d24\" data-element_type=\"widget\" data-widget_type=\"heading.default\">\n\t\t\t\t<div class=\"elementor-widget-container\">\n\t\t\t\t\t<h2 class=\"elementor-heading-title elementor-size-default\">Fale conosco<\/h2>\t\t\t\t<\/div>\n\t\t\t\t<\/div>\n\t\t\t\t<div class=\"elementor-element elementor-element-417e82f7 elementor-widget elementor-widget-heading\" data-id=\"417e82f7\" data-element_type=\"widget\" data-widget_type=\"heading.default\">\n\t\t\t\t<div class=\"elementor-widget-container\">\n\t\t\t\t\t<p class=\"elementor-heading-title elementor-size-default\">Fique tranquilo, somos a corretora mais bem avaliada do Google e iremos resolver a sua solicita\u00e7\u00e3o.<\/p>\t\t\t\t<\/div>\n\t\t\t\t<\/div>\n\t\t\t\t<div class=\"elementor-element elementor-element-2a6344fb elementor-widget elementor-widget-heading\" data-id=\"2a6344fb\" data-element_type=\"widget\" data-widget_type=\"heading.default\">\n\t\t\t\t<div class=\"elementor-widget-container\">\n\t\t\t\t\t<p class=\"elementor-heading-title elementor-size-default\">Se preferir voc\u00ea pode falar diretamente com o CEO, Raphael Yamamoto via <a href=\"https:\/\/api.whatsapp.com\/send?phone=5511993548221&amp;text=Ol%C3%A1,%20venho%20do%20Reclame%20Aqui%20com%20uma%20quest%C3%A3o%20urgente%20para%20a%20vossa%20Ouvidoria.%20Gostaria%20de%20relatar%20o%20ocorrido%20e%20solicitar%20uma%20resolu%C3%A7%C3%A3o%20o%20mais%20r%C3%A1pido%20poss%C3%ADvel.\" target=\"_blank\" style=\"font-weight: 700\">WhatsApp: (11) 99354-8221.<\/a><\/p>\t\t\t\t<\/div>\n\t\t\t\t<\/div>\n\t\t\t\t<div class=\"elementor-element elementor-element-13a8bb80 elementor-view-stacked elementor-position-left elementor-shape-circle elementor-mobile-position-top elementor-widget elementor-widget-icon-box\" data-id=\"13a8bb80\" data-element_type=\"widget\" data-widget_type=\"icon-box.default\">\n\t\t\t\t<div class=\"elementor-widget-container\">\n\t\t\t\t\t\t\t<div class=\"elementor-icon-box-wrapper\">\n\n\t\t\t\t\t\t<div class=\"elementor-icon-box-icon\">\n\t\t\t\t<a href=\"https:\/\/api.whatsapp.com\/send?phone=5511993548221&#038;text=Ol%C3%A1,%20venho%20do%20Reclame%20Aqui%20com%20uma%20quest%C3%A3o%20urgente%20para%20a%20vossa%20Ouvidoria.%20Gostaria%20de%20relatar%20o%20ocorrido%20e%20solicitar%20uma%20resolu%C3%A7%C3%A3o%20o%20mais%20r%C3%A1pido%20poss%C3%ADvel.\" class=\"elementor-icon\" tabindex=\"-1\" aria-label=\"WhatsApp\">\n\t\t\t\t<i aria-hidden=\"true\" class=\"fab fa-whatsapp\"><\/i>\t\t\t\t<\/a>\n\t\t\t<\/div>\n\t\t\t\n\t\t\t\t\t\t<div class=\"elementor-icon-box-content\">\n\n\t\t\t\t\t\t\t\t\t<p class=\"elementor-icon-box-title\">\n\t\t\t\t\t\t<a href=\"https:\/\/api.whatsapp.com\/send?phone=5511993548221&#038;text=Ol%C3%A1,%20venho%20do%20Reclame%20Aqui%20com%20uma%20quest%C3%A3o%20urgente%20para%20a%20vossa%20Ouvidoria.%20Gostaria%20de%20relatar%20o%20ocorrido%20e%20solicitar%20uma%20resolu%C3%A7%C3%A3o%20o%20mais%20r%C3%A1pido%20poss%C3%ADvel.\" >\n\t\t\t\t\t\t\tWhatsApp\t\t\t\t\t\t<\/a>\n\t\t\t\t\t<\/p>\n\t\t\t\t\n\t\t\t\t\t\t\t\t\t<p class=\"elementor-icon-box-description\">\n\t\t\t\t\t\t(11) 99354-8821\t\t\t\t\t<\/p>\n\t\t\t\t\n\t\t\t<\/div>\n\t\t\t\n\t\t<\/div>\n\t\t\t\t\t\t<\/div>\n\t\t\t\t<\/div>\n\t\t\t\t<div class=\"elementor-element elementor-element-51eb116c elementor-view-stacked elementor-position-left elementor-shape-circle elementor-mobile-position-top elementor-widget elementor-widget-icon-box\" data-id=\"51eb116c\" data-element_type=\"widget\" data-widget_type=\"icon-box.default\">\n\t\t\t\t<div class=\"elementor-widget-container\">\n\t\t\t\t\t\t\t<div class=\"elementor-icon-box-wrapper\">\n\n\t\t\t\t\t\t<div class=\"elementor-icon-box-icon\">\n\t\t\t\t<a href=\"tel:+5511955913910\" class=\"elementor-icon\" tabindex=\"-1\" aria-label=\"Telefone\">\n\t\t\t\t<i aria-hidden=\"true\" class=\"fas fa-phone-alt\"><\/i>\t\t\t\t<\/a>\n\t\t\t<\/div>\n\t\t\t\n\t\t\t\t\t\t<div class=\"elementor-icon-box-content\">\n\n\t\t\t\t\t\t\t\t\t<p class=\"elementor-icon-box-title\">\n\t\t\t\t\t\t<a href=\"tel:+5511955913910\" >\n\t\t\t\t\t\t\tTelefone\t\t\t\t\t\t<\/a>\n\t\t\t\t\t<\/p>\n\t\t\t\t\n\t\t\t\t\t\t\t\t\t<p class=\"elementor-icon-box-description\">\n\t\t\t\t\t\t(11) 3863-7900\t\t\t\t\t<\/p>\n\t\t\t\t\n\t\t\t<\/div>\n\t\t\t\n\t\t<\/div>\n\t\t\t\t\t\t<\/div>\n\t\t\t\t<\/div>\n\t\t\t\t<div class=\"elementor-element elementor-element-72c41c4f elementor-view-stacked elementor-position-left elementor-shape-circle elementor-mobile-position-top elementor-widget elementor-widget-icon-box\" data-id=\"72c41c4f\" data-element_type=\"widget\" data-widget_type=\"icon-box.default\">\n\t\t\t\t<div class=\"elementor-widget-container\">\n\t\t\t\t\t\t\t<div class=\"elementor-icon-box-wrapper\">\n\n\t\t\t\t\t\t<div class=\"elementor-icon-box-icon\">\n\t\t\t\t<a href=\"mailto:atendimento@compareplanodesaude.com.br\" class=\"elementor-icon\" tabindex=\"-1\" aria-label=\"E-mail\">\n\t\t\t\t<i aria-hidden=\"true\" class=\"fas fa-globe\"><\/i>\t\t\t\t<\/a>\n\t\t\t<\/div>\n\t\t\t\n\t\t\t\t\t\t<div class=\"elementor-icon-box-content\">\n\n\t\t\t\t\t\t\t\t\t<p class=\"elementor-icon-box-title\">\n\t\t\t\t\t\t<a href=\"mailto:atendimento@compareplanodesaude.com.br\" >\n\t\t\t\t\t\t\tE-mail\t\t\t\t\t\t<\/a>\n\t\t\t\t\t<\/p>\n\t\t\t\t\n\t\t\t\t\t\t\t\t\t<p class=\"elementor-icon-box-description\">\n\t\t\t\t\t\tatendimento@compareplanode saude.com.br\t\t\t\t\t<\/p>\n\t\t\t\t\n\t\t\t<\/div>\n\t\t\t\n\t\t<\/div>\n\t\t\t\t\t\t<\/div>\n\t\t\t\t<\/div>\n\t\t\t\t<div class=\"elementor-element elementor-element-2dece99c elementor-view-stacked elementor-position-left elementor-shape-circle elementor-mobile-position-top elementor-widget elementor-widget-icon-box\" data-id=\"2dece99c\" data-element_type=\"widget\" data-widget_type=\"icon-box.default\">\n\t\t\t\t<div class=\"elementor-widget-container\">\n\t\t\t\t\t\t\t<div class=\"elementor-icon-box-wrapper\">\n\n\t\t\t\t\t\t<div class=\"elementor-icon-box-icon\">\n\t\t\t\t<span  class=\"elementor-icon\">\n\t\t\t\t<i aria-hidden=\"true\" class=\"fas fa-comment-dots\"><\/i>\t\t\t\t<\/span>\n\t\t\t<\/div>\n\t\t\t\n\t\t\t\t\t\t<div class=\"elementor-icon-box-content\">\n\n\t\t\t\t\t\t\t\t\t<p class=\"elementor-icon-box-title\">\n\t\t\t\t\t\t<span  >\n\t\t\t\t\t\t\t<a href=\"void(0)\">Agente Virtual<\/a>\t\t\t\t\t\t<\/span>\n\t\t\t\t\t<\/p>\n\t\t\t\t\n\t\t\t\t\t\t\t\t\t<p class=\"elementor-icon-box-description\">\n\t\t\t\t\t\t<a href=\"void(0)\" style=\"color: #7A7A7A\">Venha conversar conosco<\/a>\t\t\t\t\t<\/p>\n\t\t\t\t\n\t\t\t<\/div>\n\t\t\t\n\t\t<\/div>\n\t\t\t\t\t\t<\/div>\n\t\t\t\t<\/div>\n\t\t\t\t<div class=\"elementor-element elementor-element-71707b4e elementor-view-stacked elementor-position-left elementor-shape-circle elementor-mobile-position-top elementor-widget elementor-widget-icon-box\" data-id=\"71707b4e\" data-element_type=\"widget\" data-widget_type=\"icon-box.default\">\n\t\t\t\t<div class=\"elementor-widget-container\">\n\t\t\t\t\t\t\t<div class=\"elementor-icon-box-wrapper\">\n\n\t\t\t\t\t\t<div class=\"elementor-icon-box-icon\">\n\t\t\t\t<a href=\"https:\/\/compareplanodesaude.com.br\/promocoes\/\" class=\"elementor-icon\" tabindex=\"-1\" aria-label=\"Promo\u00e7\u00f5es\">\n\t\t\t\t<i aria-hidden=\"true\" class=\"fas fa-percentage\"><\/i>\t\t\t\t<\/a>\n\t\t\t<\/div>\n\t\t\t\n\t\t\t\t\t\t<div class=\"elementor-icon-box-content\">\n\n\t\t\t\t\t\t\t\t\t<p class=\"elementor-icon-box-title\">\n\t\t\t\t\t\t<a href=\"https:\/\/compareplanodesaude.com.br\/promocoes\/\" >\n\t\t\t\t\t\t\tPromo\u00e7\u00f5es\t\t\t\t\t\t<\/a>\n\t\t\t\t\t<\/p>\n\t\t\t\t\n\t\t\t\t\t\t\t\t\t<p class=\"elementor-icon-box-description\">\n\t\t\t\t\t\tConfira as promo\u00e7\u00f5es que s\u00f3 a compare tem\t\t\t\t\t<\/p>\n\t\t\t\t\n\t\t\t<\/div>\n\t\t\t\n\t\t<\/div>\n\t\t\t\t\t\t<\/div>\n\t\t\t\t<\/div>\n\t\t\t\t\t<\/div>\n\t\t<\/div>\n\t\t\t\t<div class=\"elementor-column elementor-col-50 elementor-top-column elementor-element elementor-element-3479765c\" data-id=\"3479765c\" data-element_type=\"column\" data-settings=\"{&quot;background_background&quot;:&quot;classic&quot;}\">\n\t\t\t<div class=\"elementor-widget-wrap elementor-element-populated\">\n\t\t\t\t\t\t<div class=\"elementor-element elementor-element-1f2bd795 elementor-widget elementor-widget-heading\" data-id=\"1f2bd795\" data-element_type=\"widget\" data-widget_type=\"heading.default\">\n\t\t\t\t<div class=\"elementor-widget-container\">\n\t\t\t\t\t<h3 class=\"elementor-heading-title elementor-size-default\">Envie uma mensagem<\/h3>\t\t\t\t<\/div>\n\t\t\t\t<\/div>\n\t\t\t\t<div class=\"elementor-element elementor-element-7da58817 elementor-widget elementor-widget-heading\" data-id=\"7da58817\" data-element_type=\"widget\" data-widget_type=\"heading.default\">\n\t\t\t\t<div class=\"elementor-widget-container\">\n\t\t\t\t\t<p class=\"elementor-heading-title elementor-size-default\">Preencha o formul\u00e1rio e nossa equipe entrar\u00e1 em contato com voc\u00ea o mais r\u00e1pido poss\u00edvel.<\/p>\t\t\t\t<\/div>\n\t\t\t\t<\/div>\n\t\t\t\t<div class=\"elementor-element elementor-element-379eb6b3 formOuvidoria elementor-widget elementor-widget-wpforms\" data-id=\"379eb6b3\" data-element_type=\"widget\" data-widget_type=\"wpforms.default\">\n\t\t\t\t<div class=\"elementor-widget-container\">\n\t\t\t\t\t<div class=\"wpforms-container wpforms-container-full\" id=\"wpforms-79826\"><form id=\"wpforms-form-79826\" class=\"wpforms-validate wpforms-form wpforms-ajax-form\" data-formid=\"79826\" method=\"post\" enctype=\"multipart\/form-data\" action=\"\/biovida\/wp-json\/wp\/v2\/pages\/79834\" data-token=\"53a4544f7df2d9d604d271b98569d425\" data-token-time=\"1778843910\"><noscript class=\"wpforms-error-noscript\">Ative o JavaScript no seu navegador para preencher este formul\u00e1rio.<\/noscript><div class=\"wpforms-field-container\"><div id=\"wpforms-79826-field_1-container\" class=\"wpforms-field wpforms-field-text\" data-field-id=\"1\"><label class=\"wpforms-field-label wpforms-label-hide\" for=\"wpforms-79826-field_1\">Nome <span class=\"wpforms-required-label\">*<\/span><\/label><input type=\"text\" id=\"wpforms-79826-field_1\" class=\"wpforms-field-large wpforms-field-required wpforms-masked-input\" data-rule-inputmask-incomplete=\"1\" data-inputmask-mask=\"a{1,99}[( |a)]{1,99}[( |a)]{1,99}[( |a)]{1,99}[( |a)]{1,99}[( |a)]{1,99}[( |a)]\" name=\"wpforms[fields][1]\" placeholder=\"Insira seu nome\" required><\/div><div id=\"wpforms-79826-field_2-container\" class=\"wpforms-field wpforms-field-text\" data-field-id=\"2\"><label class=\"wpforms-field-label wpforms-label-hide\" for=\"wpforms-79826-field_2\">WhatsApp <span class=\"wpforms-required-label\">*<\/span><\/label><input type=\"text\" id=\"wpforms-79826-field_2\" class=\"wpforms-field-large wpforms-field-required wpforms-masked-input\" data-rule-inputmask-incomplete=\"1\" data-inputmask-mask=\"((99) 9999-9999[9][9][9]|+99 999999-999[9][9][9])\" name=\"wpforms[fields][2]\" placeholder=\"Celular com (DDD)\" required><\/div><div id=\"wpforms-79826-field_4-container\" class=\"wpforms-field wpforms-field-email\" data-field-id=\"4\"><label class=\"wpforms-field-label wpforms-label-hide\" for=\"wpforms-79826-field_4\">E-mail <span class=\"wpforms-required-label\">*<\/span><\/label><input type=\"email\" id=\"wpforms-79826-field_4\" class=\"wpforms-field-large wpforms-field-required\" name=\"wpforms[fields][4]\" placeholder=\"Insira seu e-mail\" spellcheck=\"false\" required><\/div><div id=\"wpforms-79826-field_5-container\" class=\"wpforms-field wpforms-field-textarea\" data-field-id=\"5\"><label class=\"wpforms-field-label wpforms-label-hide\" for=\"wpforms-79826-field_5\">Solicita\u00e7ao <span class=\"wpforms-required-label\">*<\/span><\/label><textarea id=\"wpforms-79826-field_5\" class=\"wpforms-field-large wpforms-field-required\" name=\"wpforms[fields][5]\" placeholder=\"Observa\u00e7\u00e3o (Opcional)\" required><\/textarea><\/div><\/div><!-- .wpforms-field-container --><div class=\"wpforms-submit-container\" ><input type=\"hidden\" name=\"wpforms[id]\" value=\"79826\"><input type=\"hidden\" name=\"page_title\" value=\"\"><input type=\"hidden\" name=\"page_url\" value=\"https:\/\/compareplanodesaude.com.br\/biovida\/wp-json\/wp\/v2\/pages\/79834\"><input type=\"hidden\" name=\"url_referer\" value=\"\"><button type=\"submit\" name=\"wpforms[submit]\" id=\"wpforms-submit-79826\" class=\"wpforms-submit\" data-alt-text=\"Enviando\u2026\" data-submit-text=\"Enviar\" aria-live=\"assertive\" value=\"wpforms-submit\">Enviar<\/button><img decoding=\"async\" src=\"https:\/\/compareplanodesaude.com.br\/biovida\/wp-content\/plugins\/wpforms\/assets\/images\/submit-spin.svg\" class=\"wpforms-submit-spinner\" style=\"display: none;\" width=\"26\" height=\"26\" alt=\"Carregando\"><\/div><\/form><\/div>  <!-- .wpforms-container -->\t\t\t\t<\/div>\n\t\t\t\t<\/div>\n\t\t\t\t\t<\/div>\n\t\t<\/div>\n\t\t\t\t\t<\/div>\n\t\t<\/section>\n\t\t\t\t<\/div>\n\t\t","protected":false},"excerpt":{"rendered":"<p>Compare Seguros Reclame Aqui Encaminhe-nos a sua solicita\u00e7\u00e3o. Asseguramos um atendimento \u00e1gil e imediato durante o hor\u00e1rio comercial. Fale conosco Fique tranquilo, somos a corretora mais bem avaliada do Google e iremos resolver a sua solicita\u00e7\u00e3o. Se preferir voc\u00ea pode falar diretamente com o CEO, Raphael Yamamoto via WhatsApp: (11) 99354-8221. WhatsApp (11) 99354-8821 Telefone [&hellip;]<\/p>\n","protected":false},"author":1,"featured_media":0,"parent":0,"menu_order":0,"comment_status":"closed","ping_status":"closed","template":"","meta":{"footnotes":""},"tags":[],"class_list":["post-79834","page","type-page","status-publish","hentry"],"yoast_head":"<!-- This site is optimized with the Yoast SEO plugin v26.3 - https:\/\/yoast.com\/wordpress\/plugins\/seo\/ -->\n<title>Reclame Aqui - Biovida Sa\u00fade | Descontos de at\u00e9 30%<\/title>\n<meta name=\"robots\" content=\"index, follow, max-snippet:-1, max-image-preview:large, max-video-preview:-1\" \/>\n<link rel=\"canonical\" href=\"https:\/\/compareplanodesaude.com.br\/biovida\/reclame-aqui\/\" \/>\n<meta property=\"og:locale\" content=\"pt_BR\" \/>\n<meta property=\"og:type\" content=\"article\" \/>\n<meta property=\"og:title\" content=\"Reclame Aqui - Biovida Sa\u00fade | Descontos de at\u00e9 30%\" \/>\n<meta property=\"og:description\" content=\"Compare Seguros Reclame Aqui Encaminhe-nos a sua solicita\u00e7\u00e3o. Asseguramos um atendimento \u00e1gil e imediato durante o hor\u00e1rio comercial. Fale conosco Fique tranquilo, somos a corretora mais bem avaliada do Google e iremos resolver a sua solicita\u00e7\u00e3o. Se preferir voc\u00ea pode falar diretamente com o CEO, Raphael Yamamoto via WhatsApp: (11) 99354-8221. WhatsApp (11) 99354-8821 Telefone [&hellip;]\" \/>\n<meta property=\"og:url\" content=\"https:\/\/compareplanodesaude.com.br\/biovida\/reclame-aqui\/\" \/>\n<meta property=\"og:site_name\" content=\"Biovida Sa\u00fade | Descontos de at\u00e9 30%\" \/>\n<meta property=\"article:modified_time\" content=\"2024-05-20T15:07:31+00:00\" \/>\n<meta property=\"og:image\" content=\"https:\/\/compareplanodesaude.com.br\/biovida\/wp-content\/plugins\/wpforms\/assets\/images\/submit-spin.svg\" \/>\n<meta name=\"twitter:card\" content=\"summary_large_image\" \/>\n<meta name=\"twitter:label1\" content=\"Est. tempo de leitura\" \/>\n\t<meta name=\"twitter:data1\" content=\"1 minuto\" \/>\n<script type=\"application\/ld+json\" class=\"yoast-schema-graph\">{\"@context\":\"https:\/\/schema.org\",\"@graph\":[{\"@type\":\"WebPage\",\"@id\":\"https:\/\/compareplanodesaude.com.br\/biovida\/reclame-aqui\/\",\"url\":\"https:\/\/compareplanodesaude.com.br\/biovida\/reclame-aqui\/\",\"name\":\"Reclame Aqui - Biovida Sa\u00fade | Descontos de at\u00e9 30%\",\"isPartOf\":{\"@id\":\"https:\/\/compareplanodesaude.com.br\/biovida\/#website\"},\"primaryImageOfPage\":{\"@id\":\"https:\/\/compareplanodesaude.com.br\/biovida\/reclame-aqui\/#primaryimage\"},\"image\":{\"@id\":\"https:\/\/compareplanodesaude.com.br\/biovida\/reclame-aqui\/#primaryimage\"},\"thumbnailUrl\":\"https:\/\/compareplanodesaude.com.br\/biovida\/wp-content\/plugins\/wpforms\/assets\/images\/submit-spin.svg\",\"datePublished\":\"2024-05-20T15:05:21+00:00\",\"dateModified\":\"2024-05-20T15:07:31+00:00\",\"inLanguage\":\"pt-BR\",\"potentialAction\":[{\"@type\":\"ReadAction\",\"target\":[\"https:\/\/compareplanodesaude.com.br\/biovida\/reclame-aqui\/\"]}]},{\"@type\":\"ImageObject\",\"inLanguage\":\"pt-BR\",\"@id\":\"https:\/\/compareplanodesaude.com.br\/biovida\/reclame-aqui\/#primaryimage\",\"url\":\"https:\/\/compareplanodesaude.com.br\/biovida\/wp-content\/plugins\/wpforms\/assets\/images\/submit-spin.svg\",\"contentUrl\":\"https:\/\/compareplanodesaude.com.br\/biovida\/wp-content\/plugins\/wpforms\/assets\/images\/submit-spin.svg\"},{\"@type\":\"WebSite\",\"@id\":\"https:\/\/compareplanodesaude.com.br\/biovida\/#website\",\"url\":\"https:\/\/compareplanodesaude.com.br\/biovida\/\",\"name\":\"Biovida Sa\u00fade | Descontos de at\u00e9 30%\",\"description\":\"\",\"potentialAction\":[{\"@type\":\"SearchAction\",\"target\":{\"@type\":\"EntryPoint\",\"urlTemplate\":\"https:\/\/compareplanodesaude.com.br\/biovida\/?s={search_term_string}\"},\"query-input\":{\"@type\":\"PropertyValueSpecification\",\"valueRequired\":true,\"valueName\":\"search_term_string\"}}],\"inLanguage\":\"pt-BR\"}]}<\/script>\n<!-- \/ Yoast SEO plugin. -->","yoast_head_json":{"title":"Reclame Aqui - Biovida Sa\u00fade | Descontos de at\u00e9 30%","robots":{"index":"index","follow":"follow","max-snippet":"max-snippet:-1","max-image-preview":"max-image-preview:large","max-video-preview":"max-video-preview:-1"},"canonical":"https:\/\/compareplanodesaude.com.br\/biovida\/reclame-aqui\/","og_locale":"pt_BR","og_type":"article","og_title":"Reclame Aqui - Biovida Sa\u00fade | Descontos de at\u00e9 30%","og_description":"Compare Seguros Reclame Aqui Encaminhe-nos a sua solicita\u00e7\u00e3o. Asseguramos um atendimento \u00e1gil e imediato durante o hor\u00e1rio comercial. Fale conosco Fique tranquilo, somos a corretora mais bem avaliada do Google e iremos resolver a sua solicita\u00e7\u00e3o. Se preferir voc\u00ea pode falar diretamente com o CEO, Raphael Yamamoto via WhatsApp: (11) 99354-8221. WhatsApp (11) 99354-8821 Telefone [&hellip;]","og_url":"https:\/\/compareplanodesaude.com.br\/biovida\/reclame-aqui\/","og_site_name":"Biovida Sa\u00fade | Descontos de at\u00e9 30%","article_modified_time":"2024-05-20T15:07:31+00:00","og_image":[{"url":"https:\/\/compareplanodesaude.com.br\/biovida\/wp-content\/plugins\/wpforms\/assets\/images\/submit-spin.svg","type":"","width":"","height":""}],"twitter_card":"summary_large_image","twitter_misc":{"Est. tempo de leitura":"1 minuto"},"schema":{"@context":"https:\/\/schema.org","@graph":[{"@type":"WebPage","@id":"https:\/\/compareplanodesaude.com.br\/biovida\/reclame-aqui\/","url":"https:\/\/compareplanodesaude.com.br\/biovida\/reclame-aqui\/","name":"Reclame Aqui - Biovida Sa\u00fade | Descontos de at\u00e9 30%","isPartOf":{"@id":"https:\/\/compareplanodesaude.com.br\/biovida\/#website"},"primaryImageOfPage":{"@id":"https:\/\/compareplanodesaude.com.br\/biovida\/reclame-aqui\/#primaryimage"},"image":{"@id":"https:\/\/compareplanodesaude.com.br\/biovida\/reclame-aqui\/#primaryimage"},"thumbnailUrl":"https:\/\/compareplanodesaude.com.br\/biovida\/wp-content\/plugins\/wpforms\/assets\/images\/submit-spin.svg","datePublished":"2024-05-20T15:05:21+00:00","dateModified":"2024-05-20T15:07:31+00:00","inLanguage":"pt-BR","potentialAction":[{"@type":"ReadAction","target":["https:\/\/compareplanodesaude.com.br\/biovida\/reclame-aqui\/"]}]},{"@type":"ImageObject","inLanguage":"pt-BR","@id":"https:\/\/compareplanodesaude.com.br\/biovida\/reclame-aqui\/#primaryimage","url":"https:\/\/compareplanodesaude.com.br\/biovida\/wp-content\/plugins\/wpforms\/assets\/images\/submit-spin.svg","contentUrl":"https:\/\/compareplanodesaude.com.br\/biovida\/wp-content\/plugins\/wpforms\/assets\/images\/submit-spin.svg"},{"@type":"WebSite","@id":"https:\/\/compareplanodesaude.com.br\/biovida\/#website","url":"https:\/\/compareplanodesaude.com.br\/biovida\/","name":"Biovida Sa\u00fade | Descontos de at\u00e9 30%","description":"","potentialAction":[{"@type":"SearchAction","target":{"@type":"EntryPoint","urlTemplate":"https:\/\/compareplanodesaude.com.br\/biovida\/?s={search_term_string}"},"query-input":{"@type":"PropertyValueSpecification","valueRequired":true,"valueName":"search_term_string"}}],"inLanguage":"pt-BR"}]}},"_links":{"self":[{"href":"https:\/\/compareplanodesaude.com.br\/biovida\/wp-json\/wp\/v2\/pages\/79834","targetHints":{"allow":["GET"]}}],"collection":[{"href":"https:\/\/compareplanodesaude.com.br\/biovida\/wp-json\/wp\/v2\/pages"}],"about":[{"href":"https:\/\/compareplanodesaude.com.br\/biovida\/wp-json\/wp\/v2\/types\/page"}],"author":[{"embeddable":true,"href":"https:\/\/compareplanodesaude.com.br\/biovida\/wp-json\/wp\/v2\/users\/1"}],"replies":[{"embeddable":true,"href":"https:\/\/compareplanodesaude.com.br\/biovida\/wp-json\/wp\/v2\/comments?post=79834"}],"version-history":[{"count":4,"href":"https:\/\/compareplanodesaude.com.br\/biovida\/wp-json\/wp\/v2\/pages\/79834\/revisions"}],"predecessor-version":[{"id":79838,"href":"https:\/\/compareplanodesaude.com.br\/biovida\/wp-json\/wp\/v2\/pages\/79834\/revisions\/79838"}],"wp:attachment":[{"href":"https:\/\/compareplanodesaude.com.br\/biovida\/wp-json\/wp\/v2\/media?parent=79834"}],"wp:term":[{"taxonomy":"post_tag","embeddable":true,"href":"https:\/\/compareplanodesaude.com.br\/biovida\/wp-json\/wp\/v2\/tags?post=79834"}],"curies":[{"name":"wp","href":"https:\/\/api.w.org\/{rel}","templated":true}]}}