{"id":77155,"date":"2021-10-07T12:16:08","date_gmt":"2021-10-07T12:16:08","guid":{"rendered":"https:\/\/compareplanodesaude.com.br\/ampla-saude\/?page_id=77155"},"modified":"2025-11-01T19:26:25","modified_gmt":"2025-11-01T19:26:25","slug":"contato","status":"publish","type":"page","link":"https:\/\/compareplanodesaude.com.br\/ampla-saude\/contato\/","title":{"rendered":"Contato"},"content":{"rendered":"\t\t<div data-elementor-type=\"wp-page\" data-elementor-id=\"77155\" class=\"elementor elementor-77155\" data-elementor-post-type=\"page\">\n\t\t\t\t\t\t<section class=\"elementor-section elementor-top-section elementor-element elementor-element-971abb4 elementor-section-content-middle elementor-section-boxed elementor-section-height-default elementor-section-height-default\" data-id=\"971abb4\" data-element_type=\"section\">\n\t\t\t\t\t\t<div class=\"elementor-container elementor-column-gap-wider\">\n\t\t\t\t\t<div class=\"elementor-column elementor-col-100 elementor-top-column elementor-element elementor-element-6a142e45\" data-id=\"6a142e45\" data-element_type=\"column\">\n\t\t\t<div class=\"elementor-widget-wrap elementor-element-populated\">\n\t\t\t\t\t\t<section class=\"elementor-section elementor-inner-section elementor-element elementor-element-4dc8922e elementor-section-content-middle elementor-section-boxed elementor-section-height-default elementor-section-height-default\" data-id=\"4dc8922e\" data-element_type=\"section\">\n\t\t\t\t\t\t<div class=\"elementor-container elementor-column-gap-narrow\">\n\t\t\t\t\t<div class=\"elementor-column elementor-col-33 elementor-inner-column elementor-element elementor-element-7f3c4c27\" data-id=\"7f3c4c27\" data-element_type=\"column\">\n\t\t\t<div class=\"elementor-widget-wrap elementor-element-populated\">\n\t\t\t\t\t\t<div class=\"elementor-element elementor-element-c777a13 elementor-widget elementor-widget-heading\" data-id=\"c777a13\" data-element_type=\"widget\" data-widget_type=\"heading.default\">\n\t\t\t\t<div class=\"elementor-widget-container\">\n\t\t\t\t\t<h1 class=\"elementor-heading-title elementor-size-default\">Fale conosco<\/h1>\t\t\t\t<\/div>\n\t\t\t\t<\/div>\n\t\t\t\t<div class=\"elementor-element elementor-element-d40559e elementor-widget elementor-widget-text-editor\" data-id=\"d40559e\" data-element_type=\"widget\" data-widget_type=\"text-editor.default\">\n\t\t\t\t<div class=\"elementor-widget-container\">\n\t\t\t\t\t\t\t\t\t<p>Entre em contato com um de nossos consultores e<br \/>fale suas d\u00favidas em rela\u00e7\u00e3o ao plano de Sa\u00fade.<\/p>\t\t\t\t\t\t\t\t<\/div>\n\t\t\t\t<\/div>\n\t\t\t\t<div class=\"elementor-element elementor-element-2ebbc97 elementor-widget elementor-widget-heading\" data-id=\"2ebbc97\" data-element_type=\"widget\" data-widget_type=\"heading.default\">\n\t\t\t\t<div class=\"elementor-widget-container\">\n\t\t\t\t\t<h6 class=\"elementor-heading-title elementor-size-default\">Fale com um dos nossos especialistas<\/h6>\t\t\t\t<\/div>\n\t\t\t\t<\/div>\n\t\t\t\t<div class=\"elementor-element elementor-element-706d01b elementor-icon-list--layout-traditional elementor-list-item-link-full_width elementor-widget elementor-widget-icon-list\" data-id=\"706d01b\" data-element_type=\"widget\" data-widget_type=\"icon-list.default\">\n\t\t\t\t<div class=\"elementor-widget-container\">\n\t\t\t\t\t\t\t<ul class=\"elementor-icon-list-items\">\n\t\t\t\t\t\t\t<li class=\"elementor-icon-list-item\">\n\t\t\t\t\t\t\t\t\t\t\t<a href=\"tel:1138637908\">\n\n\t\t\t\t\t\t\t\t\t\t\t\t<span class=\"elementor-icon-list-icon\">\n\t\t\t\t\t\t\t<i aria-hidden=\"true\" class=\"fas fa-phone-alt\"><\/i>\t\t\t\t\t\t<\/span>\n\t\t\t\t\t\t\t\t\t\t<span class=\"elementor-icon-list-text\">(11) 3863-7900<\/span>\n\t\t\t\t\t\t\t\t\t\t\t<\/a>\n\t\t\t\t\t\t\t\t\t<\/li>\n\t\t\t\t\t\t<\/ul>\n\t\t\t\t\t\t<\/div>\n\t\t\t\t<\/div>\n\t\t\t\t<div class=\"elementor-element elementor-element-7068f17e elementor-widget elementor-widget-heading\" data-id=\"7068f17e\" data-element_type=\"widget\" data-widget_type=\"heading.default\">\n\t\t\t\t<div class=\"elementor-widget-container\">\n\t\t\t\t\t<h6 class=\"elementor-heading-title elementor-size-default\">Consultoria Especializada<\/h6>\t\t\t\t<\/div>\n\t\t\t\t<\/div>\n\t\t\t\t<div class=\"elementor-element elementor-element-e82598e elementor-icon-list--layout-traditional elementor-list-item-link-full_width elementor-widget elementor-widget-icon-list\" data-id=\"e82598e\" data-element_type=\"widget\" data-widget_type=\"icon-list.default\">\n\t\t\t\t<div class=\"elementor-widget-container\">\n\t\t\t\t\t\t\t<ul class=\"elementor-icon-list-items\">\n\t\t\t\t\t\t\t<li class=\"elementor-icon-list-item\">\n\t\t\t\t\t\t\t\t\t\t\t<a href=\"https:\/\/api.whatsapp.com\/send?phone=5511955913910&#038;text=Ol%C3%A1%2C%20gostaria%20de%20iniciar%20o%20atendimento%20para%20uma%20cota%C3%A7%C3%A3o%20de%20planos%20de%20sa%C3%BAde!%20Desejo%20iniciar%20o%20atendimento%20via%20WhatsApp.\">\n\n\t\t\t\t\t\t\t\t\t\t\t\t<span class=\"elementor-icon-list-icon\">\n\t\t\t\t\t\t\t<i aria-hidden=\"true\" class=\"fab fa-whatsapp\"><\/i>\t\t\t\t\t\t<\/span>\n\t\t\t\t\t\t\t\t\t\t<span class=\"elementor-icon-list-text\">(11) 3863-7900<\/span>\n\t\t\t\t\t\t\t\t\t\t\t<\/a>\n\t\t\t\t\t\t\t\t\t<\/li>\n\t\t\t\t\t\t<\/ul>\n\t\t\t\t\t\t<\/div>\n\t\t\t\t<\/div>\n\t\t\t\t<div class=\"elementor-element elementor-element-8887140 elementor-widget elementor-widget-heading\" data-id=\"8887140\" data-element_type=\"widget\" data-widget_type=\"heading.default\">\n\t\t\t\t<div class=\"elementor-widget-container\">\n\t\t\t\t\t<h6 class=\"elementor-heading-title elementor-size-default\">\nAtendimento <span style=\"color: #111157\">24 horas<\/span><\/h6>\t\t\t\t<\/div>\n\t\t\t\t<\/div>\n\t\t\t\t\t<\/div>\n\t\t<\/div>\n\t\t\t\t<div class=\"elementor-column elementor-col-33 elementor-inner-column elementor-element elementor-element-4a2285a elementor-hidden-tablet elementor-hidden-phone\" data-id=\"4a2285a\" data-element_type=\"column\">\n\t\t\t<div class=\"elementor-widget-wrap elementor-element-populated\">\n\t\t\t\t\t\t<div class=\"elementor-element elementor-element-6bf32b8 elementor-widget elementor-widget-heading\" data-id=\"6bf32b8\" data-element_type=\"widget\" data-widget_type=\"heading.default\">\n\t\t\t\t<div class=\"elementor-widget-container\">\n\t\t\t\t\t<h6 class=\"elementor-heading-title elementor-size-default\">OU<\/h6>\t\t\t\t<\/div>\n\t\t\t\t<\/div>\n\t\t\t\t\t<\/div>\n\t\t<\/div>\n\t\t\t\t<div class=\"elementor-column elementor-col-33 elementor-inner-column elementor-element elementor-element-5f542e48\" data-id=\"5f542e48\" data-element_type=\"column\">\n\t\t\t<div class=\"elementor-widget-wrap elementor-element-populated\">\n\t\t\t\t\t\t<div class=\"elementor-element elementor-element-79e17e6 elementor-widget elementor-widget-heading\" data-id=\"79e17e6\" data-element_type=\"widget\" data-widget_type=\"heading.default\">\n\t\t\t\t<div class=\"elementor-widget-container\">\n\t\t\t\t\t<h4 class=\"elementor-heading-title elementor-size-default\">Tire suas duvidas<\/h4>\t\t\t\t<\/div>\n\t\t\t\t<\/div>\n\t\t\t\t<div class=\"elementor-element elementor-element-b79e304 formteste elementor-widget elementor-widget-wpforms\" data-id=\"b79e304\" data-element_type=\"widget\" data-widget_type=\"wpforms.default\">\n\t\t\t\t<div class=\"elementor-widget-container\">\n\t\t\t\t\t<div class=\"wpforms-container wpforms-container-full\" id=\"wpforms-77161\"><form id=\"wpforms-form-77161\" class=\"wpforms-validate wpforms-form\" data-formid=\"77161\" method=\"post\" enctype=\"multipart\/form-data\" action=\"\/ampla-saude\/wp-json\/wp\/v2\/pages\/77155\" data-token=\"41ae174c4908278efcfab9aab32b6970\" data-token-time=\"1778272881\"><noscript class=\"wpforms-error-noscript\">Ative o JavaScript no seu navegador para preencher este formul\u00e1rio.<\/noscript><div class=\"wpforms-field-container\"><div id=\"wpforms-77161-field_6-container\" class=\"wpforms-field wpforms-field-hidden campo_gclid_js\" data-field-id=\"6\"><input type=\"hidden\" id=\"wpforms-77161-field_6\" name=\"wpforms[fields][6]\"><\/div><div id=\"wpforms-77161-field_1-container\" class=\"wpforms-field wpforms-field-text\" data-field-id=\"1\"><label class=\"wpforms-field-label wpforms-label-hide\" for=\"wpforms-77161-field_1\">Nome<\/label><input type=\"text\" id=\"wpforms-77161-field_1\" class=\"wpforms-field-large\" name=\"wpforms[fields][1]\" placeholder=\"Nome\" ><\/div><div id=\"wpforms-77161-field_2-container\" class=\"wpforms-field wpforms-field-text\" data-field-id=\"2\"><label class=\"wpforms-field-label wpforms-label-hide\" for=\"wpforms-77161-field_2\">Celular<\/label><input type=\"text\" id=\"wpforms-77161-field_2\" class=\"wpforms-field-large\" name=\"wpforms[fields][2]\" placeholder=\"Celular\" ><\/div><div id=\"wpforms-77161-field_3-container\" class=\"wpforms-field wpforms-field-text\" data-field-id=\"3\"><label class=\"wpforms-field-label wpforms-label-hide\" for=\"wpforms-77161-field_3\">E-mail<\/label><input type=\"text\" id=\"wpforms-77161-field_3\" class=\"wpforms-field-large\" name=\"wpforms[fields][3]\" placeholder=\"E-mail\" ><\/div><div id=\"wpforms-77161-field_4-container\" class=\"wpforms-field wpforms-field-radio wpforms-list-2-columns\" data-field-id=\"4\"><label class=\"wpforms-field-label\">Eu:<\/label><ul id=\"wpforms-77161-field_4\"><li class=\"choice-1 depth-1\"><input type=\"radio\" id=\"wpforms-77161-field_4_1\" name=\"wpforms[fields][4]\" value=\"J\u00e1 sou cliente\"  ><label class=\"wpforms-field-label-inline\" for=\"wpforms-77161-field_4_1\">J\u00e1 sou cliente<\/label><\/li><li class=\"choice-2 depth-1\"><input type=\"radio\" id=\"wpforms-77161-field_4_2\" name=\"wpforms[fields][4]\" value=\"N\u00e3o sou cliente\"  ><label class=\"wpforms-field-label-inline\" for=\"wpforms-77161-field_4_2\">N\u00e3o sou cliente<\/label><\/li><\/ul><\/div><div id=\"wpforms-77161-field_5-container\" class=\"wpforms-field wpforms-field-textarea\" data-field-id=\"5\"><label class=\"wpforms-field-label wpforms-label-hide\" for=\"wpforms-77161-field_5\">\u00c1rea de texto<\/label><textarea id=\"wpforms-77161-field_5\" class=\"wpforms-field-medium\" name=\"wpforms[fields][5]\" placeholder=\"Escreva sua mensagem aqui\" ><\/textarea><\/div><\/div><!-- .wpforms-field-container --><div class=\"wpforms-submit-container\" ><input type=\"hidden\" name=\"wpforms[id]\" value=\"77161\"><input type=\"hidden\" name=\"page_title\" value=\"\"><input type=\"hidden\" name=\"page_url\" value=\"https:\/\/compareplanodesaude.com.br\/ampla-saude\/wp-json\/wp\/v2\/pages\/77155\"><input type=\"hidden\" name=\"url_referer\" value=\"\"><button type=\"submit\" name=\"wpforms[submit]\" id=\"wpforms-submit-77161\" class=\"wpforms-submit\" data-alt-text=\"Enviando...\" data-submit-text=\"Enviar\" aria-live=\"assertive\" value=\"wpforms-submit\">Enviar<\/button><\/div><\/form><\/div>  <!-- .wpforms-container -->\t\t\t\t<\/div>\n\t\t\t\t<\/div>\n\t\t\t\t\t<\/div>\n\t\t<\/div>\n\t\t\t\t\t<\/div>\n\t\t<\/section>\n\t\t\t\t\t<\/div>\n\t\t<\/div>\n\t\t\t\t\t<\/div>\n\t\t<\/section>\n\t\t\t\t<\/div>\n\t\t","protected":false},"excerpt":{"rendered":"<p>Fale conosco Entre em contato com um de nossos consultores efale suas d\u00favidas em rela\u00e7\u00e3o ao plano de Sa\u00fade. Fale com um dos nossos especialistas (11) 3863-7900 Consultoria Especializada (11) 3863-7900 Atendimento 24 horas OU Tire suas duvidas Ative o JavaScript no seu navegador para preencher este formul\u00e1rio.NomeCelularE-mailEu: J\u00e1 sou cliente N\u00e3o sou cliente \u00c1rea [&hellip;]<\/p>\n","protected":false},"author":1,"featured_media":0,"parent":0,"menu_order":0,"comment_status":"closed","ping_status":"closed","template":"","meta":{"footnotes":""},"tags":[],"class_list":["post-77155","page","type-page","status-publish","hentry"],"yoast_head":"<!-- This site is optimized with the Yoast SEO plugin v26.3 - https:\/\/yoast.com\/wordpress\/plugins\/seo\/ -->\n<title>Contato - Planos Ampla Sa\u00fade | Descontos de at\u00e9 30%<\/title>\n<meta name=\"description\" content=\"Fale agora com a equipe da Amplas Sa\u00fade e tenha acesso aos melhores servi\u00e7os de sa\u00fade do pa\u00eds. Consultas, exames, interna\u00e7\u00f5es e muito mais. Contate-nos j\u00e1\" \/>\n<meta name=\"robots\" content=\"index, follow, max-snippet:-1, max-image-preview:large, max-video-preview:-1\" \/>\n<link rel=\"canonical\" href=\"https:\/\/compareplanodesaude.com.br\/ampla-saude\/contato\/\" \/>\n<meta property=\"og:locale\" content=\"pt_BR\" \/>\n<meta property=\"og:type\" content=\"article\" \/>\n<meta property=\"og:title\" content=\"Contato - Planos Ampla Sa\u00fade | Descontos de at\u00e9 30%\" \/>\n<meta property=\"og:description\" content=\"Fale agora com a equipe da Amplas Sa\u00fade e tenha acesso aos melhores servi\u00e7os de sa\u00fade do pa\u00eds. Consultas, exames, interna\u00e7\u00f5es e muito mais. Contate-nos j\u00e1\" \/>\n<meta property=\"og:url\" content=\"https:\/\/compareplanodesaude.com.br\/ampla-saude\/contato\/\" \/>\n<meta property=\"og:site_name\" content=\"Planos Ampla Sa\u00fade | Descontos de at\u00e9 30%\" \/>\n<meta property=\"article:modified_time\" content=\"2025-11-01T19:26:25+00:00\" \/>\n<meta name=\"twitter:card\" content=\"summary_large_image\" \/>\n<meta name=\"twitter:label1\" content=\"Est. tempo de leitura\" \/>\n\t<meta name=\"twitter:data1\" content=\"1 minuto\" \/>\n<script type=\"application\/ld+json\" class=\"yoast-schema-graph\">{\"@context\":\"https:\/\/schema.org\",\"@graph\":[{\"@type\":\"WebPage\",\"@id\":\"https:\/\/compareplanodesaude.com.br\/ampla-saude\/contato\/\",\"url\":\"https:\/\/compareplanodesaude.com.br\/ampla-saude\/contato\/\",\"name\":\"Contato - Planos Ampla Sa\u00fade | Descontos de at\u00e9 30%\",\"isPartOf\":{\"@id\":\"https:\/\/compareplanodesaude.com.br\/ampla-saude\/#website\"},\"datePublished\":\"2021-10-07T12:16:08+00:00\",\"dateModified\":\"2025-11-01T19:26:25+00:00\",\"description\":\"Fale agora com a equipe da Amplas Sa\u00fade e tenha acesso aos melhores servi\u00e7os de sa\u00fade do pa\u00eds. Consultas, exames, interna\u00e7\u00f5es e muito mais. Contate-nos j\u00e1\",\"inLanguage\":\"pt-BR\",\"potentialAction\":[{\"@type\":\"ReadAction\",\"target\":[\"https:\/\/compareplanodesaude.com.br\/ampla-saude\/contato\/\"]}]},{\"@type\":\"WebSite\",\"@id\":\"https:\/\/compareplanodesaude.com.br\/ampla-saude\/#website\",\"url\":\"https:\/\/compareplanodesaude.com.br\/ampla-saude\/\",\"name\":\"Planos Ampla Sa\u00fade | Descontos de at\u00e9 30%\",\"description\":\"\",\"potentialAction\":[{\"@type\":\"SearchAction\",\"target\":{\"@type\":\"EntryPoint\",\"urlTemplate\":\"https:\/\/compareplanodesaude.com.br\/ampla-saude\/?s={search_term_string}\"},\"query-input\":{\"@type\":\"PropertyValueSpecification\",\"valueRequired\":true,\"valueName\":\"search_term_string\"}}],\"inLanguage\":\"pt-BR\"}]}<\/script>\n<!-- \/ Yoast SEO plugin. -->","yoast_head_json":{"title":"Contato - Planos Ampla Sa\u00fade | Descontos de at\u00e9 30%","description":"Fale agora com a equipe da Amplas Sa\u00fade e tenha acesso aos melhores servi\u00e7os de sa\u00fade do pa\u00eds. Consultas, exames, interna\u00e7\u00f5es e muito mais. Contate-nos j\u00e1","robots":{"index":"index","follow":"follow","max-snippet":"max-snippet:-1","max-image-preview":"max-image-preview:large","max-video-preview":"max-video-preview:-1"},"canonical":"https:\/\/compareplanodesaude.com.br\/ampla-saude\/contato\/","og_locale":"pt_BR","og_type":"article","og_title":"Contato - Planos Ampla Sa\u00fade | Descontos de at\u00e9 30%","og_description":"Fale agora com a equipe da Amplas Sa\u00fade e tenha acesso aos melhores servi\u00e7os de sa\u00fade do pa\u00eds. Consultas, exames, interna\u00e7\u00f5es e muito mais. Contate-nos j\u00e1","og_url":"https:\/\/compareplanodesaude.com.br\/ampla-saude\/contato\/","og_site_name":"Planos Ampla Sa\u00fade | Descontos de at\u00e9 30%","article_modified_time":"2025-11-01T19:26:25+00:00","twitter_card":"summary_large_image","twitter_misc":{"Est. tempo de leitura":"1 minuto"},"schema":{"@context":"https:\/\/schema.org","@graph":[{"@type":"WebPage","@id":"https:\/\/compareplanodesaude.com.br\/ampla-saude\/contato\/","url":"https:\/\/compareplanodesaude.com.br\/ampla-saude\/contato\/","name":"Contato - Planos Ampla Sa\u00fade | Descontos de at\u00e9 30%","isPartOf":{"@id":"https:\/\/compareplanodesaude.com.br\/ampla-saude\/#website"},"datePublished":"2021-10-07T12:16:08+00:00","dateModified":"2025-11-01T19:26:25+00:00","description":"Fale agora com a equipe da Amplas Sa\u00fade e tenha acesso aos melhores servi\u00e7os de sa\u00fade do pa\u00eds. Consultas, exames, interna\u00e7\u00f5es e muito mais. Contate-nos j\u00e1","inLanguage":"pt-BR","potentialAction":[{"@type":"ReadAction","target":["https:\/\/compareplanodesaude.com.br\/ampla-saude\/contato\/"]}]},{"@type":"WebSite","@id":"https:\/\/compareplanodesaude.com.br\/ampla-saude\/#website","url":"https:\/\/compareplanodesaude.com.br\/ampla-saude\/","name":"Planos Ampla Sa\u00fade | Descontos de at\u00e9 30%","description":"","potentialAction":[{"@type":"SearchAction","target":{"@type":"EntryPoint","urlTemplate":"https:\/\/compareplanodesaude.com.br\/ampla-saude\/?s={search_term_string}"},"query-input":{"@type":"PropertyValueSpecification","valueRequired":true,"valueName":"search_term_string"}}],"inLanguage":"pt-BR"}]}},"_links":{"self":[{"href":"https:\/\/compareplanodesaude.com.br\/ampla-saude\/wp-json\/wp\/v2\/pages\/77155","targetHints":{"allow":["GET"]}}],"collection":[{"href":"https:\/\/compareplanodesaude.com.br\/ampla-saude\/wp-json\/wp\/v2\/pages"}],"about":[{"href":"https:\/\/compareplanodesaude.com.br\/ampla-saude\/wp-json\/wp\/v2\/types\/page"}],"author":[{"embeddable":true,"href":"https:\/\/compareplanodesaude.com.br\/ampla-saude\/wp-json\/wp\/v2\/users\/1"}],"replies":[{"embeddable":true,"href":"https:\/\/compareplanodesaude.com.br\/ampla-saude\/wp-json\/wp\/v2\/comments?post=77155"}],"version-history":[{"count":16,"href":"https:\/\/compareplanodesaude.com.br\/ampla-saude\/wp-json\/wp\/v2\/pages\/77155\/revisions"}],"predecessor-version":[{"id":101910,"href":"https:\/\/compareplanodesaude.com.br\/ampla-saude\/wp-json\/wp\/v2\/pages\/77155\/revisions\/101910"}],"wp:attachment":[{"href":"https:\/\/compareplanodesaude.com.br\/ampla-saude\/wp-json\/wp\/v2\/media?parent=77155"}],"wp:term":[{"taxonomy":"post_tag","embeddable":true,"href":"https:\/\/compareplanodesaude.com.br\/ampla-saude\/wp-json\/wp\/v2\/tags?post=77155"}],"curies":[{"name":"wp","href":"https:\/\/api.w.org\/{rel}","templated":true}]}}