{"id":72747,"date":"2022-11-21T11:12:17","date_gmt":"2022-11-21T11:12:17","guid":{"rendered":"https:\/\/compareplanodesaude.com.br\/ameplan\/?page_id=72747"},"modified":"2022-12-15T17:00:17","modified_gmt":"2022-12-15T17:00:17","slug":"rede-credenciada","status":"publish","type":"page","link":"https:\/\/compareplanodesaude.com.br\/ameplan\/rede-credenciada\/","title":{"rendered":"Rede Credenciada"},"content":{"rendered":"\t\t<div data-elementor-type=\"wp-page\" data-elementor-id=\"72747\" class=\"elementor elementor-72747\" data-elementor-post-type=\"page\">\n\t\t\t\t\t\t<section class=\"elementor-section elementor-top-section elementor-element elementor-element-28079e3b outSum elementor-section-boxed elementor-section-height-default elementor-section-height-default\" data-id=\"28079e3b\" data-element_type=\"section\" data-settings=\"{&quot;background_background&quot;:&quot;gradient&quot;}\">\n\t\t\t\t\t\t<div class=\"elementor-container elementor-column-gap-default\">\n\t\t\t\t\t<div class=\"elementor-column elementor-col-66 elementor-top-column elementor-element elementor-element-4075b017\" data-id=\"4075b017\" data-element_type=\"column\">\n\t\t\t<div class=\"elementor-widget-wrap elementor-element-populated\">\n\t\t\t\t\t\t<div class=\"elementor-element elementor-element-2d660e2 elementor-widget elementor-widget-heading\" data-id=\"2d660e2\" data-element_type=\"widget\" data-widget_type=\"heading.default\">\n\t\t\t\t<div class=\"elementor-widget-container\">\n\t\t\t\t\t<h1 class=\"elementor-heading-title elementor-size-default\">Rede Credenciada Ameplan<\/h1>\t\t\t\t<\/div>\n\t\t\t\t<\/div>\n\t\t\t\t<div class=\"elementor-element elementor-element-11d4a432 elementor-widget elementor-widget-text-editor\" data-id=\"11d4a432\" data-element_type=\"widget\" data-widget_type=\"text-editor.default\">\n\t\t\t\t<div class=\"elementor-widget-container\">\n\t\t\t\t\t\t\t\t\t<p><span style=\"font-weight: 400;\">Conhe\u00e7a a rede completa da operadora e saiba quais s\u00e3o os locais mais pr\u00f3ximos da sua empresa.\u00a0<\/span><\/p><p><i><span style=\"font-weight: 400;\">*Os hospitais e laborat\u00f3rios podem ser descredenciados a qualquer momento. <\/span><\/i><\/p>\t\t\t\t\t\t\t\t<\/div>\n\t\t\t\t<\/div>\n\t\t\t\t<div class=\"elementor-element elementor-element-46c6dcfa btn elementor-align-justify elementor-widget elementor-widget-button\" data-id=\"46c6dcfa\" data-element_type=\"widget\" data-widget_type=\"button.default\">\n\t\t\t\t<div class=\"elementor-widget-container\">\n\t\t\t\t\t\t\t\t\t<div class=\"elementor-button-wrapper\">\n\t\t\t\t\t<a class=\"elementor-button elementor-button-link elementor-size-sm\" href=\"\/cotacao-online\/\">\n\t\t\t\t\t\t<span class=\"elementor-button-content-wrapper\">\n\t\t\t\t\t\t\t\t\t<span class=\"elementor-button-text\">Fa\u00e7a uma Cota\u00e7\u00e3o Online da Ameplan<\/span>\n\t\t\t\t\t<\/span>\n\t\t\t\t\t<\/a>\n\t\t\t\t<\/div>\n\t\t\t\t\t\t\t\t<\/div>\n\t\t\t\t<\/div>\n\t\t\t\t\t<\/div>\n\t\t<\/div>\n\t\t\t\t<div class=\"elementor-column elementor-col-33 elementor-top-column elementor-element elementor-element-4944a40e\" data-id=\"4944a40e\" data-element_type=\"column\">\n\t\t\t<div class=\"elementor-widget-wrap elementor-element-populated\">\n\t\t\t\t\t\t<div class=\"elementor-element elementor-element-165b29f3 desconto-form elementor-widget elementor-widget-wpforms\" data-id=\"165b29f3\" data-element_type=\"widget\" data-widget_type=\"wpforms.default\">\n\t\t\t\t<div class=\"elementor-widget-container\">\n\t\t\t\t\t<div class=\"wpforms-container wpforms-container-full wpforms-form-abandonment\" id=\"wpforms-63910\"><form id=\"wpforms-form-63910\" class=\"wpforms-validate wpforms-form\" data-formid=\"63910\" method=\"post\" enctype=\"multipart\/form-data\" action=\"\/ameplan\/wp-json\/wp\/v2\/pages\/72747\" data-token=\"9d21f5ab7a270c780fc08a2d0fae4880\" data-token-time=\"1778264794\"><div class=\"wpforms-head-container\"><div class=\"wpforms-title\">Garanta o seu Desconto de at\u00e9 40%<\/div><\/div><noscript class=\"wpforms-error-noscript\">Ative o JavaScript no seu navegador para preencher este formul\u00e1rio.<\/noscript><div class=\"wpforms-field-container\"><div id=\"wpforms-63910-field_16-container\" class=\"wpforms-field wpforms-field-text\" data-field-id=\"16\"><label class=\"wpforms-field-label wpforms-label-hide\" for=\"wpforms-63910-field_16\">Nome <span class=\"wpforms-required-label\">*<\/span><\/label><input type=\"text\" id=\"wpforms-63910-field_16\" class=\"wpforms-field-large wpforms-field-required\" name=\"wpforms[fields][16]\" placeholder=\"Insira seu nome\" required><\/div>\t\t<div id=\"wpforms-63910-field_1-container\"\n\t\t\tclass=\"wpforms-field wpforms-field-text\"\n\t\t\tdata-field-type=\"text\"\n\t\t\tdata-field-id=\"1\"\n\t\t\t>\n\t\t\t<label class=\"wpforms-field-label\" for=\"wpforms-63910-field_1\" >Possui Nome E-mail<\/label>\n\t\t\t<input type=\"text\" id=\"wpforms-63910-field_1\" class=\"wpforms-field-medium\" name=\"wpforms[fields][1]\" >\n\t\t<\/div>\n\t\t<div id=\"wpforms-63910-field_2-container\" class=\"wpforms-field wpforms-field-email\" data-field-id=\"2\"><label class=\"wpforms-field-label wpforms-label-hide\" for=\"wpforms-63910-field_2\">E-mail <span class=\"wpforms-required-label\">*<\/span><\/label><input type=\"email\" id=\"wpforms-63910-field_2\" class=\"wpforms-field-large wpforms-field-required\" name=\"wpforms[fields][2]\" placeholder=\"Insira seu E-mail\" spellcheck=\"false\" required><\/div><div id=\"wpforms-63910-field_6-container\" class=\"wpforms-field wpforms-field-text\" data-field-id=\"6\"><label class=\"wpforms-field-label wpforms-label-hide\" for=\"wpforms-63910-field_6\">Celular <span class=\"wpforms-required-label\">*<\/span><\/label><input type=\"text\" id=\"wpforms-63910-field_6\" class=\"wpforms-field-large wpforms-field-required wpforms-masked-input\" data-rule-inputmask-incomplete=\"1\" data-inputmask-mask=\"((99) 9999-9999[9][9][9]|+99 999999-999[9][9][9])\" name=\"wpforms[fields][6]\" placeholder=\"Celular com (DDD)\" required><\/div><div id=\"wpforms-63910-field_22-container\" class=\"wpforms-field wpforms-field-html textGarantaP\" data-field-id=\"22\"><div id=\"wpforms-63910-field_22\">Escolha o tipo do plano<\/div><\/div><div id=\"wpforms-63910-field_13-container\" class=\"wpforms-field wpforms-field-select wpforms-conditional-trigger wpforms-field-select-style-classic\" data-field-id=\"13\"><label class=\"wpforms-field-label wpforms-label-hide\" for=\"wpforms-63910-field_13\">Tipo do plano <span class=\"wpforms-required-label\">*<\/span><\/label><select id=\"wpforms-63910-field_13\" class=\"wpforms-field-large wpforms-field-required\" name=\"wpforms[fields][13]\" required=\"required\"><option value=\"\" class=\"placeholder\" disabled  selected='selected'>Tipo de Plano<\/option><option value=\"Individual\"  class=\"choice-1 depth-1\"  >Individual<\/option><option value=\"MEI\"  class=\"choice-5 depth-1\"  >MEI<\/option><option value=\"Empresarial\"  class=\"choice-4 depth-1\"  >Empresarial<\/option><option value=\"Familiar\"  class=\"choice-3 depth-1\"  >Familiar<\/option><option value=\"S\u00eanior\"  class=\"choice-2 depth-1\"  >S\u00eanior<\/option><\/select><\/div><div id=\"wpforms-63910-field_17-container\" class=\"wpforms-field wpforms-field-html textAvisoCNPJ wpforms-conditional-field wpforms-conditional-show\" data-field-id=\"17\" style=\"display:none;\"><div id=\"wpforms-63910-field_17\"><p>Possu\u00ed CNPJ? Economize at\u00e9 40% e acesse os melhores planos de sa\u00fade!<\/p><\/div><\/div><div id=\"wpforms-63910-field_18-container\" class=\"wpforms-field wpforms-field-radio wpforms-list-inline wpforms-conditional-field wpforms-conditional-show\" data-field-id=\"18\" style=\"display:none;\"><label class=\"wpforms-field-label wpforms-label-hide\">Possui CNPJ? <span class=\"wpforms-required-label\">*<\/span><\/label><ul id=\"wpforms-63910-field_18\" class=\"wpforms-field-required\"><li class=\"choice-1 depth-1\"><input type=\"radio\" id=\"wpforms-63910-field_18_1\" name=\"wpforms[fields][18]\" value=\"Sim\" required ><label class=\"wpforms-field-label-inline\" for=\"wpforms-63910-field_18_1\">Sim<\/label><\/li><li class=\"choice-2 depth-1\"><input type=\"radio\" id=\"wpforms-63910-field_18_2\" name=\"wpforms[fields][18]\" value=\"N\u00e3o\" required ><label class=\"wpforms-field-label-inline\" for=\"wpforms-63910-field_18_2\">N\u00e3o<\/label><\/li><\/ul><\/div><div id=\"wpforms-63910-field_20-container\" class=\"wpforms-field wpforms-field-html textGarantaP\" data-field-id=\"20\"><div id=\"wpforms-63910-field_20\">Quanto deseja investir por m\u00eas no seu conv\u00eanio?<\/div><\/div><div id=\"wpforms-63910-field_19-container\" class=\"wpforms-field wpforms-field-text\" data-field-id=\"19\"><label class=\"wpforms-field-label wpforms-label-hide\" for=\"wpforms-63910-field_19\">Valor mensal pretendido <span class=\"wpforms-required-label\">*<\/span><\/label><input type=\"text\" id=\"wpforms-63910-field_19\" class=\"wpforms-field-large wpforms-field-required wpforms-masked-input\" data-rule-inputmask-incomplete=\"1\" data-inputmask-mask=\"R$9[9][9][9][9][9][9],00\" name=\"wpforms[fields][19]\" placeholder=\"Insira o valor por m\u00eas\" required><\/div><div id=\"wpforms-63910-field_21-container\" class=\"wpforms-field wpforms-field-html textTermos\" data-field-id=\"21\"><div id=\"wpforms-63910-field_21\">Ao continuar, voc\u00ea aceita os <a href=\"https:\/\/compareplanodesaude.com.br\/politica-de-privacidade\" target=\"_blank\" style=\"color: #fff; text-decoration: underline;\">Termos e Condi\u00e7\u00f5es.<\/a><\/div><\/div><script>\n\t\t\t\t( function() {\n\t\t\t\t\tconst style = document.createElement( 'style' );\n\t\t\t\t\tstyle.appendChild( document.createTextNode( '#wpforms-63910-field_1-container { position: absolute !important; overflow: hidden !important; display: inline !important; height: 1px !important; width: 1px !important; z-index: -1000 !important; padding: 0 !important; } #wpforms-63910-field_1-container input { visibility: hidden; } #wpforms-conversational-form-page #wpforms-63910-field_1-container label { counter-increment: none; }' ) );\n\t\t\t\t\tdocument.head.appendChild( style );\n\t\t\t\t\tdocument.currentScript?.remove();\n\t\t\t\t} )();\n\t\t\t<\/script><\/div><!-- .wpforms-field-container --><div class=\"wpforms-submit-container\" ><input type=\"hidden\" name=\"wpforms[id]\" value=\"63910\"><input type=\"hidden\" name=\"page_title\" value=\"\"><input type=\"hidden\" name=\"page_url\" value=\"https:\/\/compareplanodesaude.com.br\/ameplan\/wp-json\/wp\/v2\/pages\/72747\"><input type=\"hidden\" name=\"url_referer\" value=\"\"><button type=\"submit\" name=\"wpforms[submit]\" id=\"wpforms-submit-63910\" class=\"wpforms-submit\" data-alt-text=\"Solicitando...\" data-submit-text=\"Garanta seu desconto\" aria-live=\"assertive\" value=\"wpforms-submit\">Garanta seu desconto<\/button><\/div><\/form><\/div>  <!-- .wpforms-container -->\t\t\t\t<\/div>\n\t\t\t\t<\/div>\n\t\t\t\t\t<\/div>\n\t\t<\/div>\n\t\t\t\t\t<\/div>\n\t\t<\/section>\n\t\t\t\t<section class=\"elementor-section elementor-top-section elementor-element elementor-element-bd938a7 elementor-section-boxed elementor-section-height-default elementor-section-height-default\" data-id=\"bd938a7\" data-element_type=\"section\">\n\t\t\t\t\t\t<div class=\"elementor-container elementor-column-gap-default\">\n\t\t\t\t\t<div class=\"elementor-column elementor-col-100 elementor-top-column elementor-element elementor-element-0c2799d\" data-id=\"0c2799d\" data-element_type=\"column\">\n\t\t\t<div class=\"elementor-widget-wrap elementor-element-populated\">\n\t\t\t\t\t\t<div class=\"elementor-element elementor-element-70c6c6d elementor-widget elementor-widget-heading\" data-id=\"70c6c6d\" data-element_type=\"widget\" data-widget_type=\"heading.default\">\n\t\t\t\t<div class=\"elementor-widget-container\">\n\t\t\t\t\t<h2 class=\"elementor-heading-title elementor-size-default\">Confira a Rede Credenciada Ameplan<\/h2>\t\t\t\t<\/div>\n\t\t\t\t<\/div>\n\t\t\t\t<section class=\"elementor-section elementor-inner-section elementor-element elementor-element-0a8ac66 elementor-section-boxed elementor-section-height-default elementor-section-height-default\" data-id=\"0a8ac66\" data-element_type=\"section\">\n\t\t\t\t\t\t<div class=\"elementor-container elementor-column-gap-default\">\n\t\t\t\t\t<div class=\"elementor-column elementor-col-50 elementor-inner-column elementor-element elementor-element-6fc8f0a\" data-id=\"6fc8f0a\" data-element_type=\"column\">\n\t\t\t<div class=\"elementor-widget-wrap elementor-element-populated\">\n\t\t\t\t\t\t<div class=\"elementor-element elementor-element-ab7247b elementor-widget elementor-widget-heading\" data-id=\"ab7247b\" data-element_type=\"widget\" data-widget_type=\"heading.default\">\n\t\t\t\t<div class=\"elementor-widget-container\">\n\t\t\t\t\t<h3 class=\"elementor-heading-title elementor-size-default\">Individual e Familiar<\/h3>\t\t\t\t<\/div>\n\t\t\t\t<\/div>\n\t\t\t\t<div class=\"elementor-element elementor-element-7b8fdd0 elementor-widget elementor-widget-text-editor\" data-id=\"7b8fdd0\" data-element_type=\"widget\" data-widget_type=\"text-editor.default\">\n\t\t\t\t<div class=\"elementor-widget-container\">\n\t\t\t\t\t\t\t\t\t<p>Confira a rede dos planos Individual e Familiar<\/p>\t\t\t\t\t\t\t\t<\/div>\n\t\t\t\t<\/div>\n\t\t\t\t<div class=\"elementor-element elementor-element-747f400 elementor-align-justify elementor-widget elementor-widget-button\" data-id=\"747f400\" data-element_type=\"widget\" data-widget_type=\"button.default\">\n\t\t\t\t<div class=\"elementor-widget-container\">\n\t\t\t\t\t\t\t\t\t<div class=\"elementor-button-wrapper\">\n\t\t\t\t\t<a class=\"elementor-button elementor-button-link elementor-size-sm\" href=\"\/ameplan\/rede-credenciada-individual-e-familiar\/\">\n\t\t\t\t\t\t<span class=\"elementor-button-content-wrapper\">\n\t\t\t\t\t\t\t\t\t<span class=\"elementor-button-text\">Saiba Mais<\/span>\n\t\t\t\t\t<\/span>\n\t\t\t\t\t<\/a>\n\t\t\t\t<\/div>\n\t\t\t\t\t\t\t\t<\/div>\n\t\t\t\t<\/div>\n\t\t\t\t\t<\/div>\n\t\t<\/div>\n\t\t\t\t<div class=\"elementor-column elementor-col-50 elementor-inner-column elementor-element elementor-element-023874c\" data-id=\"023874c\" data-element_type=\"column\">\n\t\t\t<div class=\"elementor-widget-wrap elementor-element-populated\">\n\t\t\t\t\t\t<div class=\"elementor-element elementor-element-f47c07a elementor-widget elementor-widget-heading\" data-id=\"f47c07a\" data-element_type=\"widget\" data-widget_type=\"heading.default\">\n\t\t\t\t<div class=\"elementor-widget-container\">\n\t\t\t\t\t<h3 class=\"elementor-heading-title elementor-size-default\">Empresarial<\/h3>\t\t\t\t<\/div>\n\t\t\t\t<\/div>\n\t\t\t\t<div class=\"elementor-element elementor-element-e8bc663 elementor-widget elementor-widget-text-editor\" data-id=\"e8bc663\" data-element_type=\"widget\" data-widget_type=\"text-editor.default\">\n\t\t\t\t<div class=\"elementor-widget-container\">\n\t\t\t\t\t\t\t\t\t<p>Confira a rede dos planos Empresarial<\/p>\t\t\t\t\t\t\t\t<\/div>\n\t\t\t\t<\/div>\n\t\t\t\t<div class=\"elementor-element elementor-element-035a723 elementor-align-justify elementor-widget elementor-widget-button\" data-id=\"035a723\" data-element_type=\"widget\" data-widget_type=\"button.default\">\n\t\t\t\t<div class=\"elementor-widget-container\">\n\t\t\t\t\t\t\t\t\t<div class=\"elementor-button-wrapper\">\n\t\t\t\t\t<a class=\"elementor-button elementor-button-link elementor-size-sm\" href=\"\/ameplan\/rede-credenciada-empresarial\/\">\n\t\t\t\t\t\t<span class=\"elementor-button-content-wrapper\">\n\t\t\t\t\t\t\t\t\t<span class=\"elementor-button-text\">Saiba Mais<\/span>\n\t\t\t\t\t<\/span>\n\t\t\t\t\t<\/a>\n\t\t\t\t<\/div>\n\t\t\t\t\t\t\t\t<\/div>\n\t\t\t\t<\/div>\n\t\t\t\t\t<\/div>\n\t\t<\/div>\n\t\t\t\t\t<\/div>\n\t\t<\/section>\n\t\t\t\t\t<\/div>\n\t\t<\/div>\n\t\t\t\t\t<\/div>\n\t\t<\/section>\n\t\t\t\t<section class=\"elementor-section elementor-top-section elementor-element elementor-element-3d53db48 outSum elementor-section-boxed elementor-section-height-default elementor-section-height-default\" data-id=\"3d53db48\" data-element_type=\"section\" data-settings=\"{&quot;background_background&quot;:&quot;gradient&quot;}\">\n\t\t\t\t\t\t<div class=\"elementor-container elementor-column-gap-default\">\n\t\t\t\t\t<div class=\"elementor-column elementor-col-100 elementor-top-column elementor-element elementor-element-5697f94e\" data-id=\"5697f94e\" data-element_type=\"column\">\n\t\t\t<div class=\"elementor-widget-wrap elementor-element-populated\">\n\t\t\t\t\t\t<div class=\"elementor-element elementor-element-7c9822cb elementor-widget elementor-widget-heading\" data-id=\"7c9822cb\" data-element_type=\"widget\" data-widget_type=\"heading.default\">\n\t\t\t\t<div class=\"elementor-widget-container\">\n\t\t\t\t\t<h3 class=\"elementor-heading-title elementor-size-default\">FALE COM UM CORRETOR<\/h3>\t\t\t\t<\/div>\n\t\t\t\t<\/div>\n\t\t\t\t<div class=\"elementor-element elementor-element-1425431b elementor-widget elementor-widget-text-editor\" data-id=\"1425431b\" data-element_type=\"widget\" data-widget_type=\"text-editor.default\">\n\t\t\t\t<div class=\"elementor-widget-container\">\n\t\t\t\t\t\t\t\t\t<p>A forma de contratar um plano de sa\u00fade \u00e9 entrando em contato com um de nossos corretores especialistas para sanas todas as suas d\u00favidas.<\/p><p>\u00a0<\/p><p>Telefone:\u00a0<strong>(11) 3863-7900\u00a0<\/strong>| Celular:\u00a0<strong>(11) 3863-7900<\/strong><\/p>\t\t\t\t\t\t\t\t<\/div>\n\t\t\t\t<\/div>\n\t\t\t\t\t<\/div>\n\t\t<\/div>\n\t\t\t\t\t<\/div>\n\t\t<\/section>\n\t\t\t\t<\/div>\n\t\t","protected":false},"excerpt":{"rendered":"<p>Rede Credenciada Ameplan Conhe\u00e7a a rede completa da operadora e saiba quais s\u00e3o os locais mais pr\u00f3ximos da sua empresa.&nbsp; *Os hospitais e laborat\u00f3rios podem ser descredenciados a qualquer momento. Fa\u00e7a uma Cota\u00e7\u00e3o Online da Ameplan Confira a Rede Credenciada Ameplan Individual e Familiar Confira a rede dos planos Individual e Familiar Saiba Mais Empresarial [&hellip;]<\/p>\n","protected":false},"author":1,"featured_media":0,"parent":0,"menu_order":0,"comment_status":"closed","ping_status":"closed","template":"","meta":{"footnotes":""},"tags":[],"class_list":["post-72747","page","type-page","status-publish","hentry"],"yoast_head":"<!-- This site is optimized with the Yoast SEO plugin v26.3 - https:\/\/yoast.com\/wordpress\/plugins\/seo\/ -->\n<title>Rede credenciada Ameplan Sa\u00fade | Compare Seguros<\/title>\n<meta name=\"description\" content=\"Rede credenciada Ameplan Sa\u00fade: Confira a lista de hospitais\/laborat\u00f3rios! Contrate um conv\u00eanio Ameplan Sa\u00fade com descontos de at\u00e9 50% no 1\u00ba m\u00eas.\" \/>\n<meta name=\"robots\" content=\"index, follow, max-snippet:-1, max-image-preview:large, max-video-preview:-1\" \/>\n<link rel=\"canonical\" href=\"https:\/\/compareplanodesaude.com.br\/ameplan\/rede-credenciada\/\" \/>\n<meta property=\"og:locale\" content=\"pt_BR\" \/>\n<meta property=\"og:type\" content=\"article\" \/>\n<meta property=\"og:title\" content=\"Rede credenciada Ameplan Sa\u00fade | Compare Seguros\" \/>\n<meta property=\"og:description\" content=\"Rede credenciada Ameplan Sa\u00fade: Confira a lista de hospitais\/laborat\u00f3rios! Contrate um conv\u00eanio Ameplan Sa\u00fade com descontos de at\u00e9 50% no 1\u00ba m\u00eas.\" \/>\n<meta property=\"og:url\" content=\"https:\/\/compareplanodesaude.com.br\/ameplan\/rede-credenciada\/\" \/>\n<meta property=\"og:site_name\" content=\"AMEPLAN\" \/>\n<meta property=\"article:modified_time\" content=\"2022-12-15T17:00:17+00:00\" \/>\n<meta name=\"twitter:card\" content=\"summary_large_image\" \/>\n<meta name=\"twitter:label1\" content=\"Est. tempo de leitura\" \/>\n\t<meta name=\"twitter:data1\" content=\"1 minuto\" \/>\n<script type=\"application\/ld+json\" class=\"yoast-schema-graph\">{\"@context\":\"https:\/\/schema.org\",\"@graph\":[{\"@type\":\"WebPage\",\"@id\":\"https:\/\/compareplanodesaude.com.br\/ameplan\/rede-credenciada\/\",\"url\":\"https:\/\/compareplanodesaude.com.br\/ameplan\/rede-credenciada\/\",\"name\":\"Rede credenciada Ameplan Sa\u00fade | Compare Seguros\",\"isPartOf\":{\"@id\":\"https:\/\/compareplanodesaude.com.br\/ameplan\/#website\"},\"datePublished\":\"2022-11-21T11:12:17+00:00\",\"dateModified\":\"2022-12-15T17:00:17+00:00\",\"description\":\"Rede credenciada Ameplan Sa\u00fade: Confira a lista de hospitais\/laborat\u00f3rios! Contrate um conv\u00eanio Ameplan Sa\u00fade com descontos de at\u00e9 50% no 1\u00ba m\u00eas.\",\"inLanguage\":\"pt-BR\",\"potentialAction\":[{\"@type\":\"ReadAction\",\"target\":[\"https:\/\/compareplanodesaude.com.br\/ameplan\/rede-credenciada\/\"]}]},{\"@type\":\"WebSite\",\"@id\":\"https:\/\/compareplanodesaude.com.br\/ameplan\/#website\",\"url\":\"https:\/\/compareplanodesaude.com.br\/ameplan\/\",\"name\":\"AMEPLAN\",\"description\":\"O melhor custo benef\u00edcio do mercado, com toda a excel\u00eancia ao cuidar de voc\u00ea!\",\"potentialAction\":[{\"@type\":\"SearchAction\",\"target\":{\"@type\":\"EntryPoint\",\"urlTemplate\":\"https:\/\/compareplanodesaude.com.br\/ameplan\/?s={search_term_string}\"},\"query-input\":{\"@type\":\"PropertyValueSpecification\",\"valueRequired\":true,\"valueName\":\"search_term_string\"}}],\"inLanguage\":\"pt-BR\"}]}<\/script>\n<!-- \/ Yoast SEO plugin. -->","yoast_head_json":{"title":"Rede credenciada Ameplan Sa\u00fade | Compare Seguros","description":"Rede credenciada Ameplan Sa\u00fade: Confira a lista de hospitais\/laborat\u00f3rios! Contrate um conv\u00eanio Ameplan Sa\u00fade com descontos de at\u00e9 50% no 1\u00ba m\u00eas.","robots":{"index":"index","follow":"follow","max-snippet":"max-snippet:-1","max-image-preview":"max-image-preview:large","max-video-preview":"max-video-preview:-1"},"canonical":"https:\/\/compareplanodesaude.com.br\/ameplan\/rede-credenciada\/","og_locale":"pt_BR","og_type":"article","og_title":"Rede credenciada Ameplan Sa\u00fade | Compare Seguros","og_description":"Rede credenciada Ameplan Sa\u00fade: Confira a lista de hospitais\/laborat\u00f3rios! Contrate um conv\u00eanio Ameplan Sa\u00fade com descontos de at\u00e9 50% no 1\u00ba m\u00eas.","og_url":"https:\/\/compareplanodesaude.com.br\/ameplan\/rede-credenciada\/","og_site_name":"AMEPLAN","article_modified_time":"2022-12-15T17:00:17+00:00","twitter_card":"summary_large_image","twitter_misc":{"Est. tempo de leitura":"1 minuto"},"schema":{"@context":"https:\/\/schema.org","@graph":[{"@type":"WebPage","@id":"https:\/\/compareplanodesaude.com.br\/ameplan\/rede-credenciada\/","url":"https:\/\/compareplanodesaude.com.br\/ameplan\/rede-credenciada\/","name":"Rede credenciada Ameplan Sa\u00fade | Compare Seguros","isPartOf":{"@id":"https:\/\/compareplanodesaude.com.br\/ameplan\/#website"},"datePublished":"2022-11-21T11:12:17+00:00","dateModified":"2022-12-15T17:00:17+00:00","description":"Rede credenciada Ameplan Sa\u00fade: Confira a lista de hospitais\/laborat\u00f3rios! Contrate um conv\u00eanio Ameplan Sa\u00fade com descontos de at\u00e9 50% no 1\u00ba m\u00eas.","inLanguage":"pt-BR","potentialAction":[{"@type":"ReadAction","target":["https:\/\/compareplanodesaude.com.br\/ameplan\/rede-credenciada\/"]}]},{"@type":"WebSite","@id":"https:\/\/compareplanodesaude.com.br\/ameplan\/#website","url":"https:\/\/compareplanodesaude.com.br\/ameplan\/","name":"AMEPLAN","description":"O melhor custo benef\u00edcio do mercado, com toda a excel\u00eancia ao cuidar de voc\u00ea!","potentialAction":[{"@type":"SearchAction","target":{"@type":"EntryPoint","urlTemplate":"https:\/\/compareplanodesaude.com.br\/ameplan\/?s={search_term_string}"},"query-input":{"@type":"PropertyValueSpecification","valueRequired":true,"valueName":"search_term_string"}}],"inLanguage":"pt-BR"}]}},"_links":{"self":[{"href":"https:\/\/compareplanodesaude.com.br\/ameplan\/wp-json\/wp\/v2\/pages\/72747","targetHints":{"allow":["GET"]}}],"collection":[{"href":"https:\/\/compareplanodesaude.com.br\/ameplan\/wp-json\/wp\/v2\/pages"}],"about":[{"href":"https:\/\/compareplanodesaude.com.br\/ameplan\/wp-json\/wp\/v2\/types\/page"}],"author":[{"embeddable":true,"href":"https:\/\/compareplanodesaude.com.br\/ameplan\/wp-json\/wp\/v2\/users\/1"}],"replies":[{"embeddable":true,"href":"https:\/\/compareplanodesaude.com.br\/ameplan\/wp-json\/wp\/v2\/comments?post=72747"}],"version-history":[{"count":0,"href":"https:\/\/compareplanodesaude.com.br\/ameplan\/wp-json\/wp\/v2\/pages\/72747\/revisions"}],"wp:attachment":[{"href":"https:\/\/compareplanodesaude.com.br\/ameplan\/wp-json\/wp\/v2\/media?parent=72747"}],"wp:term":[{"taxonomy":"post_tag","embeddable":true,"href":"https:\/\/compareplanodesaude.com.br\/ameplan\/wp-json\/wp\/v2\/tags?post=72747"}],"curies":[{"name":"wp","href":"https:\/\/api.w.org\/{rel}","templated":true}]}}